{"id":7392,"date":"2018-08-08T16:54:40","date_gmt":"2018-08-08T14:54:40","guid":{"rendered":"https:\/\/my-french-grocery.com\/product\/jus-de-fruit-bio-multifruits-pressade\/"},"modified":"2020-06-16T16:35:20","modified_gmt":"2020-06-16T14:35:20","slug":"jus-de-fruit-bio-multifruits-pressade","status":"publish","type":"product","link":"https:\/\/my-french-grocery.com\/fr\/produit\/jus-de-fruit-bio-multifruits-pressade\/","title":{"rendered":"Jus De Fruit Bio Multifruits Pressade"},"content":{"rendered":"<p>Jus De Fruit Bio Multifruits Pressade<\/p>\n<p>brique de 1,5 l<\/p>\n<p>Gr\u00e2ce \u00e0 des fruits s\u00e9lectionn\u00e9s avec rigueur et certifi\u00e9s biologiques, Pressade cr\u00e9e des jus au bon go\u00fbt de fruit, doux et sans pulpe.Un bon moyen de rassembler toute la famille pour d\u00e9guster autrement les fruits.<\/p>\n","protected":false},"excerpt":{"rendered":"<p>Jus De Fruit Bio Multifruits Pressade<\/p>\n<p>brique de 1,5 l<\/p>\n","protected":false},"featured_media":7393,"comment_status":"open","ping_status":"closed","template":"","meta":[],"pwb-brand":[880],"product_brand":[],"product_cat":[1015,1061],"product_tag":[1351],"class_list":{"0":"post-7392","1":"product","2":"type-product","3":"status-publish","4":"has-post-thumbnail","6":"pwb-brand-pressade-fr","7":"product_cat-eau-jus-de-fruits-sodas-sirops","8":"product_cat-jus-de-fruits-sodas-sirops-bio","9":"product_tag-jus-dorange","10":"product_shipping_class-expedition-dans-le-monde-entier","12":"first","13":"instock","14":"taxable","15":"shipping-taxable","16":"purchasable","17":"product-type-simple"},"brands":[{"id":880,"name":"Pressade","slug":"pressade-fr"}],"_links":{"self":[{"href":"https:\/\/my-french-grocery.com\/fr\/wp-json\/wp\/v2\/product\/7392","targetHints":{"allow":["GET"]}}],"collection":[{"href":"https:\/\/my-french-grocery.com\/fr\/wp-json\/wp\/v2\/product"}],"about":[{"href":"https:\/\/my-french-grocery.com\/fr\/wp-json\/wp\/v2\/types\/product"}],"replies":[{"embeddable":true,"href":"https:\/\/my-french-grocery.com\/fr\/wp-json\/wp\/v2\/comments?post=7392"}],"wp:featuredmedia":[{"embeddable":true,"href":"https:\/\/my-french-grocery.com\/fr\/wp-json\/wp\/v2\/media\/7393"}],"wp:attachment":[{"href":"https:\/\/my-french-grocery.com\/fr\/wp-json\/wp\/v2\/media?parent=7392"}],"wp:term":[{"taxonomy":"pwb-brand","embeddable":true,"href":"https:\/\/my-french-grocery.com\/fr\/wp-json\/wp\/v2\/pwb-brand?post=7392"},{"taxonomy":"product_brand","embeddable":true,"href":"https:\/\/my-french-grocery.com\/fr\/wp-json\/wp\/v2\/product_brand?post=7392"},{"taxonomy":"product_cat","embeddable":true,"href":"https:\/\/my-french-grocery.com\/fr\/wp-json\/wp\/v2\/product_cat?post=7392"},{"taxonomy":"product_tag","embeddable":true,"href":"https:\/\/my-french-grocery.com\/fr\/wp-json\/wp\/v2\/product_tag?post=7392"}],"curies":[{"name":"wp","href":"https:\/\/api.w.org\/{rel}","templated":true}]}}