{"id":7400,"date":"2018-08-08T17:06:45","date_gmt":"2018-08-08T15:06:45","guid":{"rendered":"https:\/\/my-french-grocery.com\/product\/jus-dorange-bio-pressade\/"},"modified":"2025-05-27T00:14:11","modified_gmt":"2025-05-26T22:14:11","slug":"jus-dorange-bio-pressade","status":"publish","type":"product","link":"https:\/\/my-french-grocery.com\/fr\/produit\/jus-dorange-bio-pressade\/","title":{"rendered":"Jus D&rsquo;Orange Bio Pressade"},"content":{"rendered":"<p>Jus D\u2019Orange Bio Pressade<\/p>\n<p>brique de 1L<\/p>\n<p>Gr\u00e2ce \u00e0 des fruits s\u00e9lectionn\u00e9s avec rigueur et certifi\u00e9s biologiques, Pressade cr\u00e9e des jus au bon go\u00fbt de fruit, doux et sans pulpe<\/p>\n<p>Un bon moyen de rassembler toute la famille pour d\u00e9guster autrement les fruits.<\/p>\n","protected":false},"excerpt":{"rendered":"<p>Jus D&rsquo;Orange Bio Pressade<\/p>\n<p>brique de 1L<\/p>\n","protected":false},"featured_media":7401,"comment_status":"open","ping_status":"closed","template":"","meta":[],"pwb-brand":[880],"product_brand":[],"product_cat":[1015,1061],"product_tag":[1351],"class_list":{"0":"post-7400","1":"product","2":"type-product","3":"status-publish","4":"has-post-thumbnail","6":"pwb-brand-pressade-fr","7":"product_cat-eau-jus-de-fruits-sodas-sirops","8":"product_cat-jus-de-fruits-sodas-sirops-bio","9":"product_tag-jus-dorange","10":"product_shipping_class-expedition-dans-le-monde-entier","12":"first","13":"instock","14":"taxable","15":"shipping-taxable","16":"purchasable","17":"product-type-simple"},"brands":[{"id":880,"name":"Pressade","slug":"pressade-fr"}],"_links":{"self":[{"href":"https:\/\/my-french-grocery.com\/fr\/wp-json\/wp\/v2\/product\/7400","targetHints":{"allow":["GET"]}}],"collection":[{"href":"https:\/\/my-french-grocery.com\/fr\/wp-json\/wp\/v2\/product"}],"about":[{"href":"https:\/\/my-french-grocery.com\/fr\/wp-json\/wp\/v2\/types\/product"}],"replies":[{"embeddable":true,"href":"https:\/\/my-french-grocery.com\/fr\/wp-json\/wp\/v2\/comments?post=7400"}],"wp:featuredmedia":[{"embeddable":true,"href":"https:\/\/my-french-grocery.com\/fr\/wp-json\/wp\/v2\/media\/7401"}],"wp:attachment":[{"href":"https:\/\/my-french-grocery.com\/fr\/wp-json\/wp\/v2\/media?parent=7400"}],"wp:term":[{"taxonomy":"pwb-brand","embeddable":true,"href":"https:\/\/my-french-grocery.com\/fr\/wp-json\/wp\/v2\/pwb-brand?post=7400"},{"taxonomy":"product_brand","embeddable":true,"href":"https:\/\/my-french-grocery.com\/fr\/wp-json\/wp\/v2\/product_brand?post=7400"},{"taxonomy":"product_cat","embeddable":true,"href":"https:\/\/my-french-grocery.com\/fr\/wp-json\/wp\/v2\/product_cat?post=7400"},{"taxonomy":"product_tag","embeddable":true,"href":"https:\/\/my-french-grocery.com\/fr\/wp-json\/wp\/v2\/product_tag?post=7400"}],"curies":[{"name":"wp","href":"https:\/\/api.w.org\/{rel}","templated":true}]}}