{"id":7551,"date":"2018-08-23T17:28:25","date_gmt":"2018-08-23T15:28:25","guid":{"rendered":"https:\/\/my-french-grocery.com\/product\/escargots-de-bourgogne-bontout-2\/"},"modified":"2025-10-18T09:01:51","modified_gmt":"2025-10-18T07:01:51","slug":"escargots-de-bourgogne-larzul","status":"publish","type":"product","link":"https:\/\/my-french-grocery.com\/fr\/produit\/escargots-de-bourgogne-larzul\/","title":{"rendered":"Escargots de Bourgogne Larzul"},"content":{"rendered":"<p>Escargots de Bourgogne Larzul<\/p>\n<div class=\"cd-ProductDescription\">boite de 170 g net \u00e9goutt\u00e9<\/div>\n<div><\/div>\n<div>\n<p>Des chairs d\u2019escargots de Bourgogne cuites au court-bouillon, \u00e0 pr\u00e9parer selon vos envies.<\/p>\n<p>Ramass\u00e9s \u00e0 l\u2019\u00e9tat sauvage, les escargots Fran\u00e7aise de Gastronomie b\u00e9n\u00e9ficient naturellement des contr\u00f4les qualit\u00e9 les plus draconiens.<\/p>\n<p>SUGGESTION GOURMANDE<br \/>\nEn coquille ou en caquelon au beurre, l\u2019escargot se pr\u00eate \u00e0 de nombreuses recettes : quiches, brochettes, cassolettes, vol-au-vent, fricass\u00e9es aux champignons&#8230;.<\/p>\n<\/div>\n","protected":false},"excerpt":{"rendered":"<p>Escargots de Bourgogne Larzul<\/p>\n<div class=\"cd-ProductDescription\">boite de 170 g net \u00e9goutt\u00e9<\/div>\n","protected":false},"featured_media":35410,"comment_status":"open","ping_status":"closed","template":"","meta":[],"pwb-brand":[],"product_brand":[],"product_cat":[1053],"product_tag":[1433],"class_list":{"0":"post-7551","1":"product","2":"type-product","3":"status-publish","4":"has-post-thumbnail","6":"product_cat-plats-prepares","7":"product_tag-escargots","8":"product_shipping_class-expedition-dans-le-monde-entier","10":"first","11":"instock","12":"taxable","13":"shipping-taxable","14":"purchasable","15":"product-type-simple"},"yoast_head":"<!-- This site is optimized with the Yoast SEO plugin v27.4 - https:\/\/yoast.com\/product\/yoast-seo-wordpress\/ -->\n<title>Escargots de Bourgogne Larzul | Acheter En Ligne | My French Grocery<\/title>\n<meta name=\"description\" content=\"Escargots de Bourgogne Larzul - boite de 170 g net \u00e9goutt\u00e9 - Des chairs d\u2019escargots de Bourgogne cuites au court-bouillon, \u00e0 pr\u00e9parer selon vos envies.\" \/>\n<meta name=\"robots\" content=\"index, follow, max-snippet:-1, max-image-preview:large, max-video-preview:-1\" \/>\n<link rel=\"canonical\" href=\"https:\/\/my-french-grocery.com\/fr\/produit\/escargots-de-bourgogne-larzul\/\" \/>\n<meta property=\"og:locale\" content=\"fr_FR\" \/>\n<meta property=\"og:type\" content=\"article\" \/>\n<meta property=\"og:title\" content=\"Escargots de Bourgogne Larzul | Acheter En Ligne | My French Grocery\" \/>\n<meta property=\"og:description\" content=\"Escargots de Bourgogne Larzul - boite de 170 g net \u00e9goutt\u00e9 - Des chairs d\u2019escargots de Bourgogne cuites au court-bouillon, \u00e0 pr\u00e9parer selon vos envies.\" \/>\n<meta property=\"og:url\" content=\"https:\/\/my-french-grocery.com\/fr\/produit\/escargots-de-bourgogne-larzul\/\" \/>\n<meta property=\"og:site_name\" content=\"My French Grocery\" \/>\n<meta property=\"article:publisher\" content=\"https:\/\/www.facebook.com\/myfrenchgrocery\/\" \/>\n<meta property=\"article:modified_time\" content=\"2025-10-18T07:01:51+00:00\" \/>\n<meta property=\"og:image\" content=\"https:\/\/my-french-grocery.com\/wp-content\/uploads\/2018\/08\/B1C00114F5689BA6E82CBEB2F752DE8D.jpg\" \/>\n\t<meta property=\"og:image:width\" content=\"256\" \/>\n\t<meta property=\"og:image:height\" content=\"256\" \/>\n\t<meta property=\"og:image:type\" content=\"image\/jpeg\" \/>\n<meta name=\"twitter:card\" content=\"summary_large_image\" \/>\n<script type=\"application\/ld+json\" class=\"yoast-schema-graph\">{\"@context\":\"https:\\\/\\\/schema.org\",\"@graph\":[{\"@type\":\"WebPage\",\"@id\":\"https:\\\/\\\/my-french-grocery.com\\\/fr\\\/produit\\\/escargots-de-bourgogne-larzul\\\/\",\"url\":\"https:\\\/\\\/my-french-grocery.com\\\/fr\\\/produit\\\/escargots-de-bourgogne-larzul\\\/\",\"name\":\"Escargots de Bourgogne Larzul | Acheter En Ligne | My French Grocery\",\"isPartOf\":{\"@id\":\"https:\\\/\\\/my-french-grocery.com\\\/fr\\\/#website\"},\"primaryImageOfPage\":{\"@id\":\"https:\\\/\\\/my-french-grocery.com\\\/fr\\\/produit\\\/escargots-de-bourgogne-larzul\\\/#primaryimage\"},\"image\":{\"@id\":\"https:\\\/\\\/my-french-grocery.com\\\/fr\\\/produit\\\/escargots-de-bourgogne-larzul\\\/#primaryimage\"},\"thumbnailUrl\":\"https:\\\/\\\/my-french-grocery.com\\\/wp-content\\\/uploads\\\/2018\\\/08\\\/B1C00114F5689BA6E82CBEB2F752DE8D.jpg\",\"datePublished\":\"2018-08-23T15:28:25+00:00\",\"dateModified\":\"2025-10-18T07:01:51+00:00\",\"description\":\"Escargots de Bourgogne Larzul - boite de 170 g net \u00e9goutt\u00e9 - Des chairs d\u2019escargots de Bourgogne cuites au court-bouillon, \u00e0 pr\u00e9parer selon vos envies.\",\"breadcrumb\":{\"@id\":\"https:\\\/\\\/my-french-grocery.com\\\/fr\\\/produit\\\/escargots-de-bourgogne-larzul\\\/#breadcrumb\"},\"inLanguage\":\"fr-FR\",\"potentialAction\":[{\"@type\":\"ReadAction\",\"target\":[\"https:\\\/\\\/my-french-grocery.com\\\/fr\\\/produit\\\/escargots-de-bourgogne-larzul\\\/\"]}]},{\"@type\":\"ImageObject\",\"inLanguage\":\"fr-FR\",\"@id\":\"https:\\\/\\\/my-french-grocery.com\\\/fr\\\/produit\\\/escargots-de-bourgogne-larzul\\\/#primaryimage\",\"url\":\"https:\\\/\\\/my-french-grocery.com\\\/wp-content\\\/uploads\\\/2018\\\/08\\\/B1C00114F5689BA6E82CBEB2F752DE8D.jpg\",\"contentUrl\":\"https:\\\/\\\/my-french-grocery.com\\\/wp-content\\\/uploads\\\/2018\\\/08\\\/B1C00114F5689BA6E82CBEB2F752DE8D.jpg\",\"width\":256,\"height\":256},{\"@type\":\"BreadcrumbList\",\"@id\":\"https:\\\/\\\/my-french-grocery.com\\\/fr\\\/produit\\\/escargots-de-bourgogne-larzul\\\/#breadcrumb\",\"itemListElement\":[{\"@type\":\"ListItem\",\"position\":1,\"name\":\"Home\",\"item\":\"https:\\\/\\\/my-french-grocery.com\\\/fr\\\/\"},{\"@type\":\"ListItem\",\"position\":2,\"name\":\"Shop\",\"item\":\"https:\\\/\\\/my-french-grocery.com\\\/shop\\\/\"},{\"@type\":\"ListItem\",\"position\":3,\"name\":\"Alimentation\",\"item\":\"https:\\\/\\\/my-french-grocery.com\\\/fr\\\/categorie-produit\\\/alimentation\\\/\"},{\"@type\":\"ListItem\",\"position\":4,\"name\":\"Conserves &amp; Plats Pr\u00e9par\u00e9s\",\"item\":\"https:\\\/\\\/my-french-grocery.com\\\/fr\\\/categorie-produit\\\/alimentation\\\/conserves-plats-prepares\\\/\"},{\"@type\":\"ListItem\",\"position\":5,\"name\":\"Plats Pr\u00e9par\u00e9s\",\"item\":\"https:\\\/\\\/my-french-grocery.com\\\/fr\\\/categorie-produit\\\/alimentation\\\/conserves-plats-prepares\\\/plats-prepares\\\/\"},{\"@type\":\"ListItem\",\"position\":6,\"name\":\"Escargots de Bourgogne Larzul\"}]},{\"@type\":\"WebSite\",\"@id\":\"https:\\\/\\\/my-french-grocery.com\\\/fr\\\/#website\",\"url\":\"https:\\\/\\\/my-french-grocery.com\\\/fr\\\/\",\"name\":\"My French Grocery\",\"description\":\"Your Online French Grocery  !\",\"publisher\":{\"@id\":\"https:\\\/\\\/my-french-grocery.com\\\/fr\\\/#organization\"},\"potentialAction\":[{\"@type\":\"SearchAction\",\"target\":{\"@type\":\"EntryPoint\",\"urlTemplate\":\"https:\\\/\\\/my-french-grocery.com\\\/fr\\\/?s={search_term_string}\"},\"query-input\":{\"@type\":\"PropertyValueSpecification\",\"valueRequired\":true,\"valueName\":\"search_term_string\"}}],\"inLanguage\":\"fr-FR\"},{\"@type\":\"Organization\",\"@id\":\"https:\\\/\\\/my-french-grocery.com\\\/fr\\\/#organization\",\"name\":\"MY FRENCH GROCERY\",\"url\":\"https:\\\/\\\/my-french-grocery.com\\\/fr\\\/\",\"logo\":{\"@type\":\"ImageObject\",\"inLanguage\":\"fr-FR\",\"@id\":\"https:\\\/\\\/my-french-grocery.com\\\/fr\\\/#\\\/schema\\\/logo\\\/image\\\/\",\"url\":\"https:\\\/\\\/my-french-grocery.com\\\/wp-content\\\/uploads\\\/2021\\\/11\\\/My-French-Grocery-Online-French-Grocery.png\",\"contentUrl\":\"https:\\\/\\\/my-french-grocery.com\\\/wp-content\\\/uploads\\\/2021\\\/11\\\/My-French-Grocery-Online-French-Grocery.png\",\"width\":100,\"height\":100,\"caption\":\"MY FRENCH GROCERY\"},\"image\":{\"@id\":\"https:\\\/\\\/my-french-grocery.com\\\/fr\\\/#\\\/schema\\\/logo\\\/image\\\/\"},\"sameAs\":[\"https:\\\/\\\/www.facebook.com\\\/myfrenchgrocery\\\/\"]}]}<\/script>\n<!-- \/ Yoast SEO plugin. -->","yoast_head_json":{"title":"Escargots de Bourgogne Larzul | Acheter En Ligne | My French Grocery","description":"Escargots de Bourgogne Larzul - boite de 170 g net \u00e9goutt\u00e9 - Des chairs d\u2019escargots de Bourgogne cuites au court-bouillon, \u00e0 pr\u00e9parer selon vos envies.","robots":{"index":"index","follow":"follow","max-snippet":"max-snippet:-1","max-image-preview":"max-image-preview:large","max-video-preview":"max-video-preview:-1"},"canonical":"https:\/\/my-french-grocery.com\/fr\/produit\/escargots-de-bourgogne-larzul\/","og_locale":"fr_FR","og_type":"article","og_title":"Escargots de Bourgogne Larzul | Acheter En Ligne | My French Grocery","og_description":"Escargots de Bourgogne Larzul - boite de 170 g net \u00e9goutt\u00e9 - Des chairs d\u2019escargots de Bourgogne cuites au court-bouillon, \u00e0 pr\u00e9parer selon vos envies.","og_url":"https:\/\/my-french-grocery.com\/fr\/produit\/escargots-de-bourgogne-larzul\/","og_site_name":"My French Grocery","article_publisher":"https:\/\/www.facebook.com\/myfrenchgrocery\/","article_modified_time":"2025-10-18T07:01:51+00:00","og_image":[{"width":256,"height":256,"url":"https:\/\/my-french-grocery.com\/wp-content\/uploads\/2018\/08\/B1C00114F5689BA6E82CBEB2F752DE8D.jpg","type":"image\/jpeg"}],"twitter_card":"summary_large_image","schema":{"@context":"https:\/\/schema.org","@graph":[{"@type":"WebPage","@id":"https:\/\/my-french-grocery.com\/fr\/produit\/escargots-de-bourgogne-larzul\/","url":"https:\/\/my-french-grocery.com\/fr\/produit\/escargots-de-bourgogne-larzul\/","name":"Escargots de Bourgogne Larzul | Acheter En Ligne | My French Grocery","isPartOf":{"@id":"https:\/\/my-french-grocery.com\/fr\/#website"},"primaryImageOfPage":{"@id":"https:\/\/my-french-grocery.com\/fr\/produit\/escargots-de-bourgogne-larzul\/#primaryimage"},"image":{"@id":"https:\/\/my-french-grocery.com\/fr\/produit\/escargots-de-bourgogne-larzul\/#primaryimage"},"thumbnailUrl":"https:\/\/my-french-grocery.com\/wp-content\/uploads\/2018\/08\/B1C00114F5689BA6E82CBEB2F752DE8D.jpg","datePublished":"2018-08-23T15:28:25+00:00","dateModified":"2025-10-18T07:01:51+00:00","description":"Escargots de Bourgogne Larzul - boite de 170 g net \u00e9goutt\u00e9 - Des chairs d\u2019escargots de Bourgogne cuites au court-bouillon, \u00e0 pr\u00e9parer selon vos envies.","breadcrumb":{"@id":"https:\/\/my-french-grocery.com\/fr\/produit\/escargots-de-bourgogne-larzul\/#breadcrumb"},"inLanguage":"fr-FR","potentialAction":[{"@type":"ReadAction","target":["https:\/\/my-french-grocery.com\/fr\/produit\/escargots-de-bourgogne-larzul\/"]}]},{"@type":"ImageObject","inLanguage":"fr-FR","@id":"https:\/\/my-french-grocery.com\/fr\/produit\/escargots-de-bourgogne-larzul\/#primaryimage","url":"https:\/\/my-french-grocery.com\/wp-content\/uploads\/2018\/08\/B1C00114F5689BA6E82CBEB2F752DE8D.jpg","contentUrl":"https:\/\/my-french-grocery.com\/wp-content\/uploads\/2018\/08\/B1C00114F5689BA6E82CBEB2F752DE8D.jpg","width":256,"height":256},{"@type":"BreadcrumbList","@id":"https:\/\/my-french-grocery.com\/fr\/produit\/escargots-de-bourgogne-larzul\/#breadcrumb","itemListElement":[{"@type":"ListItem","position":1,"name":"Home","item":"https:\/\/my-french-grocery.com\/fr\/"},{"@type":"ListItem","position":2,"name":"Shop","item":"https:\/\/my-french-grocery.com\/shop\/"},{"@type":"ListItem","position":3,"name":"Alimentation","item":"https:\/\/my-french-grocery.com\/fr\/categorie-produit\/alimentation\/"},{"@type":"ListItem","position":4,"name":"Conserves &amp; Plats Pr\u00e9par\u00e9s","item":"https:\/\/my-french-grocery.com\/fr\/categorie-produit\/alimentation\/conserves-plats-prepares\/"},{"@type":"ListItem","position":5,"name":"Plats Pr\u00e9par\u00e9s","item":"https:\/\/my-french-grocery.com\/fr\/categorie-produit\/alimentation\/conserves-plats-prepares\/plats-prepares\/"},{"@type":"ListItem","position":6,"name":"Escargots de Bourgogne Larzul"}]},{"@type":"WebSite","@id":"https:\/\/my-french-grocery.com\/fr\/#website","url":"https:\/\/my-french-grocery.com\/fr\/","name":"My French Grocery","description":"Your Online French Grocery  !","publisher":{"@id":"https:\/\/my-french-grocery.com\/fr\/#organization"},"potentialAction":[{"@type":"SearchAction","target":{"@type":"EntryPoint","urlTemplate":"https:\/\/my-french-grocery.com\/fr\/?s={search_term_string}"},"query-input":{"@type":"PropertyValueSpecification","valueRequired":true,"valueName":"search_term_string"}}],"inLanguage":"fr-FR"},{"@type":"Organization","@id":"https:\/\/my-french-grocery.com\/fr\/#organization","name":"MY FRENCH GROCERY","url":"https:\/\/my-french-grocery.com\/fr\/","logo":{"@type":"ImageObject","inLanguage":"fr-FR","@id":"https:\/\/my-french-grocery.com\/fr\/#\/schema\/logo\/image\/","url":"https:\/\/my-french-grocery.com\/wp-content\/uploads\/2021\/11\/My-French-Grocery-Online-French-Grocery.png","contentUrl":"https:\/\/my-french-grocery.com\/wp-content\/uploads\/2021\/11\/My-French-Grocery-Online-French-Grocery.png","width":100,"height":100,"caption":"MY FRENCH GROCERY"},"image":{"@id":"https:\/\/my-french-grocery.com\/fr\/#\/schema\/logo\/image\/"},"sameAs":["https:\/\/www.facebook.com\/myfrenchgrocery\/"]}]}},"brands":[],"_links":{"self":[{"href":"https:\/\/my-french-grocery.com\/fr\/wp-json\/wp\/v2\/product\/7551","targetHints":{"allow":["GET"]}}],"collection":[{"href":"https:\/\/my-french-grocery.com\/fr\/wp-json\/wp\/v2\/product"}],"about":[{"href":"https:\/\/my-french-grocery.com\/fr\/wp-json\/wp\/v2\/types\/product"}],"replies":[{"embeddable":true,"href":"https:\/\/my-french-grocery.com\/fr\/wp-json\/wp\/v2\/comments?post=7551"}],"wp:featuredmedia":[{"embeddable":true,"href":"https:\/\/my-french-grocery.com\/fr\/wp-json\/wp\/v2\/media\/35410"}],"wp:attachment":[{"href":"https:\/\/my-french-grocery.com\/fr\/wp-json\/wp\/v2\/media?parent=7551"}],"wp:term":[{"taxonomy":"pwb-brand","embeddable":true,"href":"https:\/\/my-french-grocery.com\/fr\/wp-json\/wp\/v2\/pwb-brand?post=7551"},{"taxonomy":"product_brand","embeddable":true,"href":"https:\/\/my-french-grocery.com\/fr\/wp-json\/wp\/v2\/product_brand?post=7551"},{"taxonomy":"product_cat","embeddable":true,"href":"https:\/\/my-french-grocery.com\/fr\/wp-json\/wp\/v2\/product_cat?post=7551"},{"taxonomy":"product_tag","embeddable":true,"href":"https:\/\/my-french-grocery.com\/fr\/wp-json\/wp\/v2\/product_tag?post=7551"}],"curies":[{"name":"wp","href":"https:\/\/api.w.org\/{rel}","templated":true}]}}