{"id":7558,"date":"2023-07-01T17:01:19","date_gmt":"2018-08-25T09:29:19","guid":{"rendered":"https:\/\/my-french-grocery.com\/product\/vinaigre-de-vin-rouge-amora-2\/"},"modified":"2018-08-25T11:29:19","modified_gmt":"2018-08-25T09:29:19","slug":"vinaigre-de-vin-rouge-amora-2","status":"publish","type":"product","link":"https:\/\/my-french-grocery.com\/fr\/produit\/vinaigre-de-vin-rouge-amora-2\/","title":{"rendered":"Vinaigre De Vin Rouge Amora"},"content":{"rendered":"<p>Vinaigre De Vin Rouge Amora<\/p>\n<p>Bouteille de 250 ml<\/p>\n<p>D\u00e9pos\u00e9e en 1919, la marque Amora n\u2019est exploit\u00e9e qu\u2019\u00e0 partir de 1934, trois ans apr\u00e8s que Raymond Sachot a repris l\u2019entreprise. D\u00e8s 1939, elle occupe la premi\u00e8re place du march\u00e9. Apr\u00e8s la guerre, se rappelant qu\u2019 \u00ab il n\u2019est pas de bonnes moutardes dans de vilains pots \u00bb, Amora lance son fameux verre r\u00e9utilisable. Ce lancement marquera le d\u00e9but de son v\u00e9ritable essor, accompagn\u00e9 du rachat d\u2019entreprises concurrentes dans la moutarde ou le vinaigre, de sa diversification dans les cornichons et de son tournant vers la publicit\u00e9.<\/p>\n","protected":false},"excerpt":{"rendered":"<p>Vinaigre De Vin Rouge Amora<\/p>\n<p>Bouteille de 250 ml<\/p>\n","protected":false},"featured_media":7559,"comment_status":"open","ping_status":"closed","template":"","meta":[],"pwb-brand":[466],"product_brand":[],"product_cat":[1033],"product_tag":[1635],"class_list":{"0":"post-7558","1":"product","2":"type-product","3":"status-publish","4":"has-post-thumbnail","6":"pwb-brand-amora-fr","7":"product_cat-condiments-fr","8":"product_tag-vinaigre","9":"product_shipping_class-expedition-dans-le-monde-entier","11":"first","12":"outofstock","13":"taxable","14":"shipping-taxable","15":"purchasable","16":"product-type-simple"},"yoast_head":"<!-- This site is optimized with the Yoast SEO plugin v27.3 - https:\/\/yoast.com\/product\/yoast-seo-wordpress\/ -->\n<title>Vinaigre De Vin Rouge Amora | Buy Online | My French Grocery<\/title>\n<meta name=\"robots\" content=\"index, follow, max-snippet:-1, max-image-preview:large, max-video-preview:-1\" \/>\n<link rel=\"canonical\" href=\"https:\/\/my-french-grocery.com\/fr\/produit\/vinaigre-de-vin-rouge-amora-2\/\" \/>\n<meta property=\"og:locale\" content=\"fr_FR\" \/>\n<meta property=\"og:type\" content=\"article\" \/>\n<meta property=\"og:title\" content=\"Vinaigre De Vin Rouge Amora | Buy Online | My French Grocery\" \/>\n<meta property=\"og:description\" content=\"Vinaigre De Vin Rouge Amora  Bouteille de 250 ml\" \/>\n<meta property=\"og:url\" content=\"https:\/\/my-french-grocery.com\/fr\/produit\/vinaigre-de-vin-rouge-amora-2\/\" \/>\n<meta property=\"og:site_name\" content=\"My French Grocery\" \/>\n<meta property=\"article:publisher\" content=\"https:\/\/www.facebook.com\/myfrenchgrocery\/\" \/>\n<meta property=\"og:image\" content=\"https:\/\/my-french-grocery.com\/wp-content\/uploads\/2018\/08\/Vinaigre-Vin-Rouge-Amora-small.jpg\" \/>\n\t<meta property=\"og:image:width\" content=\"1500\" \/>\n\t<meta property=\"og:image:height\" content=\"1500\" \/>\n\t<meta property=\"og:image:type\" content=\"image\/jpeg\" \/>\n<meta name=\"twitter:card\" content=\"summary_large_image\" \/>\n<meta name=\"twitter:label1\" content=\"Dur\u00e9e de lecture estim\u00e9e\" \/>\n\t<meta name=\"twitter:data1\" content=\"1 minute\" \/>\n<script type=\"application\/ld+json\" class=\"yoast-schema-graph\">{\"@context\":\"https:\\\/\\\/schema.org\",\"@graph\":[{\"@type\":\"WebPage\",\"@id\":\"https:\\\/\\\/my-french-grocery.com\\\/fr\\\/produit\\\/vinaigre-de-vin-rouge-amora-2\\\/\",\"url\":\"https:\\\/\\\/my-french-grocery.com\\\/fr\\\/produit\\\/vinaigre-de-vin-rouge-amora-2\\\/\",\"name\":\"Vinaigre De Vin Rouge Amora | Buy Online | My French Grocery\",\"isPartOf\":{\"@id\":\"https:\\\/\\\/my-french-grocery.com\\\/fr\\\/#website\"},\"primaryImageOfPage\":{\"@id\":\"https:\\\/\\\/my-french-grocery.com\\\/fr\\\/produit\\\/vinaigre-de-vin-rouge-amora-2\\\/#primaryimage\"},\"image\":{\"@id\":\"https:\\\/\\\/my-french-grocery.com\\\/fr\\\/produit\\\/vinaigre-de-vin-rouge-amora-2\\\/#primaryimage\"},\"thumbnailUrl\":\"https:\\\/\\\/my-french-grocery.com\\\/wp-content\\\/uploads\\\/2018\\\/08\\\/Vinaigre-Vin-Rouge-Amora-small.jpg\",\"datePublished\":\"2018-08-25T09:29:19+00:00\",\"breadcrumb\":{\"@id\":\"https:\\\/\\\/my-french-grocery.com\\\/fr\\\/produit\\\/vinaigre-de-vin-rouge-amora-2\\\/#breadcrumb\"},\"inLanguage\":\"fr-FR\",\"potentialAction\":[{\"@type\":\"ReadAction\",\"target\":[\"https:\\\/\\\/my-french-grocery.com\\\/fr\\\/produit\\\/vinaigre-de-vin-rouge-amora-2\\\/\"]}]},{\"@type\":\"ImageObject\",\"inLanguage\":\"fr-FR\",\"@id\":\"https:\\\/\\\/my-french-grocery.com\\\/fr\\\/produit\\\/vinaigre-de-vin-rouge-amora-2\\\/#primaryimage\",\"url\":\"https:\\\/\\\/my-french-grocery.com\\\/wp-content\\\/uploads\\\/2018\\\/08\\\/Vinaigre-Vin-Rouge-Amora-small.jpg\",\"contentUrl\":\"https:\\\/\\\/my-french-grocery.com\\\/wp-content\\\/uploads\\\/2018\\\/08\\\/Vinaigre-Vin-Rouge-Amora-small.jpg\",\"width\":1500,\"height\":1500,\"caption\":\"Vinaigre De Vin Rouge Amora - My French Grocery\"},{\"@type\":\"BreadcrumbList\",\"@id\":\"https:\\\/\\\/my-french-grocery.com\\\/fr\\\/produit\\\/vinaigre-de-vin-rouge-amora-2\\\/#breadcrumb\",\"itemListElement\":[{\"@type\":\"ListItem\",\"position\":1,\"name\":\"Home\",\"item\":\"https:\\\/\\\/my-french-grocery.com\\\/fr\\\/\"},{\"@type\":\"ListItem\",\"position\":2,\"name\":\"Shop\",\"item\":\"https:\\\/\\\/my-french-grocery.com\\\/shop\\\/\"},{\"@type\":\"ListItem\",\"position\":3,\"name\":\"Alimentation\",\"item\":\"https:\\\/\\\/my-french-grocery.com\\\/fr\\\/categorie-produit\\\/alimentation\\\/\"},{\"@type\":\"ListItem\",\"position\":4,\"name\":\"Condiments\",\"item\":\"https:\\\/\\\/my-french-grocery.com\\\/fr\\\/categorie-produit\\\/alimentation\\\/condiments-fr\\\/\"},{\"@type\":\"ListItem\",\"position\":5,\"name\":\"Vinaigre De Vin Rouge Amora\"}]},{\"@type\":\"WebSite\",\"@id\":\"https:\\\/\\\/my-french-grocery.com\\\/fr\\\/#website\",\"url\":\"https:\\\/\\\/my-french-grocery.com\\\/fr\\\/\",\"name\":\"My French Grocery\",\"description\":\"Your Online French Grocery  !\",\"publisher\":{\"@id\":\"https:\\\/\\\/my-french-grocery.com\\\/fr\\\/#organization\"},\"potentialAction\":[{\"@type\":\"SearchAction\",\"target\":{\"@type\":\"EntryPoint\",\"urlTemplate\":\"https:\\\/\\\/my-french-grocery.com\\\/fr\\\/?s={search_term_string}\"},\"query-input\":{\"@type\":\"PropertyValueSpecification\",\"valueRequired\":true,\"valueName\":\"search_term_string\"}}],\"inLanguage\":\"fr-FR\"},{\"@type\":\"Organization\",\"@id\":\"https:\\\/\\\/my-french-grocery.com\\\/fr\\\/#organization\",\"name\":\"MY FRENCH GROCERY\",\"url\":\"https:\\\/\\\/my-french-grocery.com\\\/fr\\\/\",\"logo\":{\"@type\":\"ImageObject\",\"inLanguage\":\"fr-FR\",\"@id\":\"https:\\\/\\\/my-french-grocery.com\\\/fr\\\/#\\\/schema\\\/logo\\\/image\\\/\",\"url\":\"https:\\\/\\\/my-french-grocery.com\\\/wp-content\\\/uploads\\\/2021\\\/11\\\/My-French-Grocery-Online-French-Grocery.png\",\"contentUrl\":\"https:\\\/\\\/my-french-grocery.com\\\/wp-content\\\/uploads\\\/2021\\\/11\\\/My-French-Grocery-Online-French-Grocery.png\",\"width\":100,\"height\":100,\"caption\":\"MY FRENCH GROCERY\"},\"image\":{\"@id\":\"https:\\\/\\\/my-french-grocery.com\\\/fr\\\/#\\\/schema\\\/logo\\\/image\\\/\"},\"sameAs\":[\"https:\\\/\\\/www.facebook.com\\\/myfrenchgrocery\\\/\"]}]}<\/script>\n<!-- \/ Yoast SEO plugin. -->","yoast_head_json":{"title":"Vinaigre De Vin Rouge Amora | Buy Online | My French Grocery","robots":{"index":"index","follow":"follow","max-snippet":"max-snippet:-1","max-image-preview":"max-image-preview:large","max-video-preview":"max-video-preview:-1"},"canonical":"https:\/\/my-french-grocery.com\/fr\/produit\/vinaigre-de-vin-rouge-amora-2\/","og_locale":"fr_FR","og_type":"article","og_title":"Vinaigre De Vin Rouge Amora | Buy Online | My French Grocery","og_description":"Vinaigre De Vin Rouge Amora  Bouteille de 250 ml","og_url":"https:\/\/my-french-grocery.com\/fr\/produit\/vinaigre-de-vin-rouge-amora-2\/","og_site_name":"My French Grocery","article_publisher":"https:\/\/www.facebook.com\/myfrenchgrocery\/","og_image":[{"width":1500,"height":1500,"url":"https:\/\/my-french-grocery.com\/wp-content\/uploads\/2018\/08\/Vinaigre-Vin-Rouge-Amora-small.jpg","type":"image\/jpeg"}],"twitter_card":"summary_large_image","twitter_misc":{"Dur\u00e9e de lecture estim\u00e9e":"1 minute"},"schema":{"@context":"https:\/\/schema.org","@graph":[{"@type":"WebPage","@id":"https:\/\/my-french-grocery.com\/fr\/produit\/vinaigre-de-vin-rouge-amora-2\/","url":"https:\/\/my-french-grocery.com\/fr\/produit\/vinaigre-de-vin-rouge-amora-2\/","name":"Vinaigre De Vin Rouge Amora | Buy Online | My French Grocery","isPartOf":{"@id":"https:\/\/my-french-grocery.com\/fr\/#website"},"primaryImageOfPage":{"@id":"https:\/\/my-french-grocery.com\/fr\/produit\/vinaigre-de-vin-rouge-amora-2\/#primaryimage"},"image":{"@id":"https:\/\/my-french-grocery.com\/fr\/produit\/vinaigre-de-vin-rouge-amora-2\/#primaryimage"},"thumbnailUrl":"https:\/\/my-french-grocery.com\/wp-content\/uploads\/2018\/08\/Vinaigre-Vin-Rouge-Amora-small.jpg","datePublished":"2018-08-25T09:29:19+00:00","breadcrumb":{"@id":"https:\/\/my-french-grocery.com\/fr\/produit\/vinaigre-de-vin-rouge-amora-2\/#breadcrumb"},"inLanguage":"fr-FR","potentialAction":[{"@type":"ReadAction","target":["https:\/\/my-french-grocery.com\/fr\/produit\/vinaigre-de-vin-rouge-amora-2\/"]}]},{"@type":"ImageObject","inLanguage":"fr-FR","@id":"https:\/\/my-french-grocery.com\/fr\/produit\/vinaigre-de-vin-rouge-amora-2\/#primaryimage","url":"https:\/\/my-french-grocery.com\/wp-content\/uploads\/2018\/08\/Vinaigre-Vin-Rouge-Amora-small.jpg","contentUrl":"https:\/\/my-french-grocery.com\/wp-content\/uploads\/2018\/08\/Vinaigre-Vin-Rouge-Amora-small.jpg","width":1500,"height":1500,"caption":"Vinaigre De Vin Rouge Amora - My French Grocery"},{"@type":"BreadcrumbList","@id":"https:\/\/my-french-grocery.com\/fr\/produit\/vinaigre-de-vin-rouge-amora-2\/#breadcrumb","itemListElement":[{"@type":"ListItem","position":1,"name":"Home","item":"https:\/\/my-french-grocery.com\/fr\/"},{"@type":"ListItem","position":2,"name":"Shop","item":"https:\/\/my-french-grocery.com\/shop\/"},{"@type":"ListItem","position":3,"name":"Alimentation","item":"https:\/\/my-french-grocery.com\/fr\/categorie-produit\/alimentation\/"},{"@type":"ListItem","position":4,"name":"Condiments","item":"https:\/\/my-french-grocery.com\/fr\/categorie-produit\/alimentation\/condiments-fr\/"},{"@type":"ListItem","position":5,"name":"Vinaigre De Vin Rouge Amora"}]},{"@type":"WebSite","@id":"https:\/\/my-french-grocery.com\/fr\/#website","url":"https:\/\/my-french-grocery.com\/fr\/","name":"My French Grocery","description":"Your Online French Grocery  !","publisher":{"@id":"https:\/\/my-french-grocery.com\/fr\/#organization"},"potentialAction":[{"@type":"SearchAction","target":{"@type":"EntryPoint","urlTemplate":"https:\/\/my-french-grocery.com\/fr\/?s={search_term_string}"},"query-input":{"@type":"PropertyValueSpecification","valueRequired":true,"valueName":"search_term_string"}}],"inLanguage":"fr-FR"},{"@type":"Organization","@id":"https:\/\/my-french-grocery.com\/fr\/#organization","name":"MY FRENCH GROCERY","url":"https:\/\/my-french-grocery.com\/fr\/","logo":{"@type":"ImageObject","inLanguage":"fr-FR","@id":"https:\/\/my-french-grocery.com\/fr\/#\/schema\/logo\/image\/","url":"https:\/\/my-french-grocery.com\/wp-content\/uploads\/2021\/11\/My-French-Grocery-Online-French-Grocery.png","contentUrl":"https:\/\/my-french-grocery.com\/wp-content\/uploads\/2021\/11\/My-French-Grocery-Online-French-Grocery.png","width":100,"height":100,"caption":"MY FRENCH GROCERY"},"image":{"@id":"https:\/\/my-french-grocery.com\/fr\/#\/schema\/logo\/image\/"},"sameAs":["https:\/\/www.facebook.com\/myfrenchgrocery\/"]}]}},"brands":[{"id":466,"name":"Amora","slug":"amora-fr"}],"_links":{"self":[{"href":"https:\/\/my-french-grocery.com\/fr\/wp-json\/wp\/v2\/product\/7558","targetHints":{"allow":["GET"]}}],"collection":[{"href":"https:\/\/my-french-grocery.com\/fr\/wp-json\/wp\/v2\/product"}],"about":[{"href":"https:\/\/my-french-grocery.com\/fr\/wp-json\/wp\/v2\/types\/product"}],"replies":[{"embeddable":true,"href":"https:\/\/my-french-grocery.com\/fr\/wp-json\/wp\/v2\/comments?post=7558"}],"wp:featuredmedia":[{"embeddable":true,"href":"https:\/\/my-french-grocery.com\/fr\/wp-json\/wp\/v2\/media\/7559"}],"wp:attachment":[{"href":"https:\/\/my-french-grocery.com\/fr\/wp-json\/wp\/v2\/media?parent=7558"}],"wp:term":[{"taxonomy":"pwb-brand","embeddable":true,"href":"https:\/\/my-french-grocery.com\/fr\/wp-json\/wp\/v2\/pwb-brand?post=7558"},{"taxonomy":"product_brand","embeddable":true,"href":"https:\/\/my-french-grocery.com\/fr\/wp-json\/wp\/v2\/product_brand?post=7558"},{"taxonomy":"product_cat","embeddable":true,"href":"https:\/\/my-french-grocery.com\/fr\/wp-json\/wp\/v2\/product_cat?post=7558"},{"taxonomy":"product_tag","embeddable":true,"href":"https:\/\/my-french-grocery.com\/fr\/wp-json\/wp\/v2\/product_tag?post=7558"}],"curies":[{"name":"wp","href":"https:\/\/api.w.org\/{rel}","templated":true}]}}