{"id":7584,"date":"2018-08-27T15:31:03","date_gmt":"2018-08-27T13:31:03","guid":{"rendered":"https:\/\/my-french-grocery.com\/product\/soupe-veloute-de-8-legumes-knorr\/"},"modified":"2020-11-15T18:16:48","modified_gmt":"2020-11-15T16:16:48","slug":"soupe-veloute-de-9-legumes-knorr","status":"publish","type":"product","link":"https:\/\/my-french-grocery.com\/fr\/produit\/soupe-veloute-de-9-legumes-knorr\/","title":{"rendered":"Soupe Velout\u00e9 De 9 L\u00e9gumes Knorr"},"content":{"rendered":"<p>Soupe Velout\u00e9 De 9 L\u00e9gumes Knorr Sachet de 84g D\u00e9couvrez l\u2019onctuosit\u00e9 et la saveur unique de cette soupe, cuisin\u00e9e avec de beaux l\u00e9gumes et des bouquets de brocoli. Un mariage parfait pour une exp\u00e9rience culinaire riche et gourmande !<\/p>\n","protected":false},"excerpt":{"rendered":"<p>Soupe Velout\u00e9 De 9 L\u00e9gumes Knorr Sachet de 84g<\/p>\n","protected":false},"featured_media":13860,"comment_status":"open","ping_status":"closed","template":"","meta":[],"pwb-brand":[679],"product_brand":[],"product_cat":[1047],"product_tag":[1434],"class_list":{"0":"post-7584","1":"product","2":"type-product","3":"status-publish","4":"has-post-thumbnail","6":"pwb-brand-knorr-fr","7":"product_cat-soupes-croutons","8":"product_tag-soupe","9":"product_shipping_class-expedition-dans-le-monde-entier","11":"first","12":"instock","13":"taxable","14":"shipping-taxable","15":"purchasable","16":"product-type-simple"},"brands":[{"id":679,"name":"Knorr","slug":"knorr-fr"}],"_links":{"self":[{"href":"https:\/\/my-french-grocery.com\/fr\/wp-json\/wp\/v2\/product\/7584","targetHints":{"allow":["GET"]}}],"collection":[{"href":"https:\/\/my-french-grocery.com\/fr\/wp-json\/wp\/v2\/product"}],"about":[{"href":"https:\/\/my-french-grocery.com\/fr\/wp-json\/wp\/v2\/types\/product"}],"replies":[{"embeddable":true,"href":"https:\/\/my-french-grocery.com\/fr\/wp-json\/wp\/v2\/comments?post=7584"}],"wp:featuredmedia":[{"embeddable":true,"href":"https:\/\/my-french-grocery.com\/fr\/wp-json\/wp\/v2\/media\/13860"}],"wp:attachment":[{"href":"https:\/\/my-french-grocery.com\/fr\/wp-json\/wp\/v2\/media?parent=7584"}],"wp:term":[{"taxonomy":"pwb-brand","embeddable":true,"href":"https:\/\/my-french-grocery.com\/fr\/wp-json\/wp\/v2\/pwb-brand?post=7584"},{"taxonomy":"product_brand","embeddable":true,"href":"https:\/\/my-french-grocery.com\/fr\/wp-json\/wp\/v2\/product_brand?post=7584"},{"taxonomy":"product_cat","embeddable":true,"href":"https:\/\/my-french-grocery.com\/fr\/wp-json\/wp\/v2\/product_cat?post=7584"},{"taxonomy":"product_tag","embeddable":true,"href":"https:\/\/my-french-grocery.com\/fr\/wp-json\/wp\/v2\/product_tag?post=7584"}],"curies":[{"name":"wp","href":"https:\/\/api.w.org\/{rel}","templated":true}]}}