{"id":7618,"date":"2018-08-27T16:25:28","date_gmt":"2018-08-27T14:25:28","guid":{"rendered":"https:\/\/my-french-grocery.com\/product\/croutons-a-lail-vico\/"},"modified":"2018-08-27T16:25:28","modified_gmt":"2018-08-27T14:25:28","slug":"croutons-a-lail-vico","status":"publish","type":"product","link":"https:\/\/my-french-grocery.com\/fr\/produit\/croutons-a-lail-vico\/","title":{"rendered":"Cro\u00fbtons A L&rsquo;Ail Vico"},"content":{"rendered":"<p>Cro\u00fbtons A L\u2019Ail Vico<\/p>\n<p>sachet de 110 g<\/p>\n<div class=\"secondary-details__description\">\n<p class=\"paragraph\">Vico vous invite \u00e0 partager un pur moment de plaisir avec sa gamme de d\u00e9licieux cro\u00fbtons fabriqu\u00e9s \u00e0 partir de bons ingr\u00e9dients soigneusement s\u00e9lectionn\u00e9s, pour des recettes g\u00e9n\u00e9reuses et savoureuses.<\/p>\n<\/div>\n","protected":false},"excerpt":{"rendered":"<p>Cro\u00fbtons A L&rsquo;Ail Vico<\/p>\n<p>sachet de 110 g<\/p>\n","protected":false},"featured_media":7619,"comment_status":"open","ping_status":"closed","template":"","meta":[],"pwb-brand":[968],"product_brand":[],"product_cat":[1047],"product_tag":[1167],"class_list":{"0":"post-7618","1":"product","2":"type-product","3":"status-publish","4":"has-post-thumbnail","6":"pwb-brand-vico-fr","7":"product_cat-soupes-croutons","8":"product_tag-croutons-fr","9":"product_shipping_class-expedition-dans-le-monde-entier","11":"first","12":"outofstock","13":"taxable","14":"shipping-taxable","15":"purchasable","16":"product-type-simple"},"brands":[{"id":968,"name":"Vico","slug":"vico-fr"}],"_links":{"self":[{"href":"https:\/\/my-french-grocery.com\/fr\/wp-json\/wp\/v2\/product\/7618","targetHints":{"allow":["GET"]}}],"collection":[{"href":"https:\/\/my-french-grocery.com\/fr\/wp-json\/wp\/v2\/product"}],"about":[{"href":"https:\/\/my-french-grocery.com\/fr\/wp-json\/wp\/v2\/types\/product"}],"replies":[{"embeddable":true,"href":"https:\/\/my-french-grocery.com\/fr\/wp-json\/wp\/v2\/comments?post=7618"}],"wp:featuredmedia":[{"embeddable":true,"href":"https:\/\/my-french-grocery.com\/fr\/wp-json\/wp\/v2\/media\/7619"}],"wp:attachment":[{"href":"https:\/\/my-french-grocery.com\/fr\/wp-json\/wp\/v2\/media?parent=7618"}],"wp:term":[{"taxonomy":"pwb-brand","embeddable":true,"href":"https:\/\/my-french-grocery.com\/fr\/wp-json\/wp\/v2\/pwb-brand?post=7618"},{"taxonomy":"product_brand","embeddable":true,"href":"https:\/\/my-french-grocery.com\/fr\/wp-json\/wp\/v2\/product_brand?post=7618"},{"taxonomy":"product_cat","embeddable":true,"href":"https:\/\/my-french-grocery.com\/fr\/wp-json\/wp\/v2\/product_cat?post=7618"},{"taxonomy":"product_tag","embeddable":true,"href":"https:\/\/my-french-grocery.com\/fr\/wp-json\/wp\/v2\/product_tag?post=7618"}],"curies":[{"name":"wp","href":"https:\/\/api.w.org\/{rel}","templated":true}]}}