{"id":7660,"date":"2018-08-30T14:31:12","date_gmt":"2018-08-30T12:31:12","guid":{"rendered":"https:\/\/my-french-grocery.com\/product\/b%e2%80%8brioche-tranchee-nature-pasquier\/"},"modified":"2018-08-30T14:31:12","modified_gmt":"2018-08-30T12:31:12","slug":"b%e2%80%8brioche-tranchee-nature-pasquier","status":"publish","type":"product","link":"https:\/\/my-french-grocery.com\/fr\/produit\/b%e2%80%8brioche-tranchee-nature-pasquier\/","title":{"rendered":"B\u200brioche Tranch\u00e9e Nature Pasquier"},"content":{"rendered":"<p>B\u200brioche Tranch\u00e9e Nature Pasquier<\/p>\n<p>paquet de 450 g<\/p>\n<p>De d\u00e9licieuses tranches de brioche, id\u00e9ales pour vos tartines du petit d\u00e9jeuner. Fabriqu\u00e9e \u00e0 base de farine, d\u2019oeufs frais et de bl\u00e9 100% fran\u00e7ais, la nouvelle tranch\u00e9e Brioche Pasquier est encore plus gourmande et fera de vos petits d\u00e9jeuners une grande histoire de douceur.<\/p>\n","protected":false},"excerpt":{"rendered":"<p>B\u200brioche Tranch\u00e9e Nature Pasquier<\/p>\n<p>paquet de 450 g<\/p>\n","protected":false},"featured_media":37926,"comment_status":"open","ping_status":"closed","template":"","meta":[],"pwb-brand":[851],"product_brand":[],"product_cat":[1031],"product_tag":[1106],"class_list":{"0":"post-7660","1":"product","2":"type-product","3":"status-publish","4":"has-post-thumbnail","6":"pwb-brand-pasquier-fr","7":"product_cat-cereales-brioches-viennoiseries","8":"product_tag-brioche-fr","9":"product_shipping_class-expedition-dans-le-monde-entier","11":"first","12":"instock","13":"taxable","14":"shipping-taxable","15":"purchasable","16":"product-type-simple"},"brands":[{"id":851,"name":"Pasquier","slug":"pasquier-fr"}],"_links":{"self":[{"href":"https:\/\/my-french-grocery.com\/fr\/wp-json\/wp\/v2\/product\/7660","targetHints":{"allow":["GET"]}}],"collection":[{"href":"https:\/\/my-french-grocery.com\/fr\/wp-json\/wp\/v2\/product"}],"about":[{"href":"https:\/\/my-french-grocery.com\/fr\/wp-json\/wp\/v2\/types\/product"}],"replies":[{"embeddable":true,"href":"https:\/\/my-french-grocery.com\/fr\/wp-json\/wp\/v2\/comments?post=7660"}],"wp:featuredmedia":[{"embeddable":true,"href":"https:\/\/my-french-grocery.com\/fr\/wp-json\/wp\/v2\/media\/37926"}],"wp:attachment":[{"href":"https:\/\/my-french-grocery.com\/fr\/wp-json\/wp\/v2\/media?parent=7660"}],"wp:term":[{"taxonomy":"pwb-brand","embeddable":true,"href":"https:\/\/my-french-grocery.com\/fr\/wp-json\/wp\/v2\/pwb-brand?post=7660"},{"taxonomy":"product_brand","embeddable":true,"href":"https:\/\/my-french-grocery.com\/fr\/wp-json\/wp\/v2\/product_brand?post=7660"},{"taxonomy":"product_cat","embeddable":true,"href":"https:\/\/my-french-grocery.com\/fr\/wp-json\/wp\/v2\/product_cat?post=7660"},{"taxonomy":"product_tag","embeddable":true,"href":"https:\/\/my-french-grocery.com\/fr\/wp-json\/wp\/v2\/product_tag?post=7660"}],"curies":[{"name":"wp","href":"https:\/\/api.w.org\/{rel}","templated":true}]}}