{"id":7749,"date":"2018-09-01T14:53:02","date_gmt":"2018-09-01T12:53:02","guid":{"rendered":"https:\/\/my-french-grocery.com\/product\/biere-blonde-la-goudale\/"},"modified":"2018-09-01T14:53:02","modified_gmt":"2018-09-01T12:53:02","slug":"biere-blonde-la-goudale","status":"publish","type":"product","link":"https:\/\/my-french-grocery.com\/fr\/produit\/biere-blonde-la-goudale\/","title":{"rendered":"Bi\u00e8re Blonde La Goudale"},"content":{"rendered":"<p>Bi\u00e8re Blonde La Goudale<\/p>\n<p>bouteille de 75cl<\/p>\n<p>Son l\u00e9ger go\u00fbt de malts sp\u00e9ciaux, aromatis\u00e9 aux houblons des Flandres ainsi que ses ar\u00f4mes de fermentation haute, donnent \u00e0 LA GOUDALE tout son caract\u00e8re et son \u00e9quilibre. Elle est dor\u00e9e, dense, go\u00fbteuse et longue en bouche<\/p>\n","protected":false},"excerpt":{"rendered":"<p>Bi\u00e8re Blonde La Goudale<\/p>\n<p>bouteille de 75cl<\/p>\n","protected":false},"featured_media":7750,"comment_status":"open","ping_status":"closed","template":"","meta":[],"pwb-brand":[],"product_brand":[],"product_cat":[1000],"product_tag":[1098],"class_list":{"0":"post-7749","1":"product","2":"type-product","3":"status-publish","4":"has-post-thumbnail","6":"product_cat-bieres-cidres","7":"product_tag-biere","8":"product_shipping_class-expedition-dans-le-monde-entier","10":"first","11":"instock","12":"taxable","13":"shipping-taxable","14":"purchasable","15":"product-type-simple"},"brands":[],"_links":{"self":[{"href":"https:\/\/my-french-grocery.com\/fr\/wp-json\/wp\/v2\/product\/7749","targetHints":{"allow":["GET"]}}],"collection":[{"href":"https:\/\/my-french-grocery.com\/fr\/wp-json\/wp\/v2\/product"}],"about":[{"href":"https:\/\/my-french-grocery.com\/fr\/wp-json\/wp\/v2\/types\/product"}],"replies":[{"embeddable":true,"href":"https:\/\/my-french-grocery.com\/fr\/wp-json\/wp\/v2\/comments?post=7749"}],"wp:featuredmedia":[{"embeddable":true,"href":"https:\/\/my-french-grocery.com\/fr\/wp-json\/wp\/v2\/media\/7750"}],"wp:attachment":[{"href":"https:\/\/my-french-grocery.com\/fr\/wp-json\/wp\/v2\/media?parent=7749"}],"wp:term":[{"taxonomy":"pwb-brand","embeddable":true,"href":"https:\/\/my-french-grocery.com\/fr\/wp-json\/wp\/v2\/pwb-brand?post=7749"},{"taxonomy":"product_brand","embeddable":true,"href":"https:\/\/my-french-grocery.com\/fr\/wp-json\/wp\/v2\/product_brand?post=7749"},{"taxonomy":"product_cat","embeddable":true,"href":"https:\/\/my-french-grocery.com\/fr\/wp-json\/wp\/v2\/product_cat?post=7749"},{"taxonomy":"product_tag","embeddable":true,"href":"https:\/\/my-french-grocery.com\/fr\/wp-json\/wp\/v2\/product_tag?post=7749"}],"curies":[{"name":"wp","href":"https:\/\/api.w.org\/{rel}","templated":true}]}}