{"id":7826,"date":"2018-09-04T11:31:25","date_gmt":"2018-09-04T09:31:25","guid":{"rendered":"https:\/\/my-french-grocery.com\/product\/chips-chevre-piment-despelette-brets\/"},"modified":"2024-02-28T17:34:10","modified_gmt":"2024-02-28T15:34:10","slug":"chips-chevre-piment-despelette-brets","status":"publish","type":"product","link":"https:\/\/my-french-grocery.com\/fr\/produit\/chips-chevre-piment-despelette-brets\/","title":{"rendered":"Chips Ch\u00e8vre &#038; Piment d&rsquo;Espelette Bret&rsquo;s"},"content":{"rendered":"<p>Chips Ch\u00e8vre &amp; Piment d&rsquo;Espelette Bret&rsquo;s<\/p>\n<p>paquet de 125g<\/p>\n<p>Partez \u00e0 la d\u00e9couverte du Pays Basque avec les chips Ch\u00e8vre et Piment d&rsquo;Espelette. Leur saveur vous emporte vers les collines douces et parsem\u00e9es de troupeaux de ch\u00e8vres puis vous invite \u00e0 d\u00e9couvrir les villages int\u00e9rieurs aux fa\u00e7ades rouges comme le piment, cette \u00e9pice au go\u00fbt \u00e0 la fois subtil et puissant. \/ Bret&rsquo;s : un engagement citoyen. Nous sommes une entreprise familiale impliqu\u00e9e dans le d\u00e9veloppement \u00e9conomique de notre r\u00e9gion. \/ Merci \u00e0 nos agriculteurs : 200 agriculteurs bretons s&rsquo;engagent avec Bret&rsquo;s pour la qualit\u00e9 de nos pommes de terre et la r\u00e9duction des traitements dans les champs. \/ Produit en Bretagne.<\/p>\n","protected":false},"excerpt":{"rendered":"<p>Chips Ch\u00e8vre &amp; Piment d&rsquo;Espelette Bret&rsquo;s<\/p>\n<p>paquet de 125g<\/p>\n<p><span style=\"color: #ffffff;\">Bret\u2019s, Brets, chips, crisps, Patatas Fritas, Patatine<\/span><\/p>\n","protected":false},"featured_media":7827,"comment_status":"open","ping_status":"closed","template":"","meta":[],"pwb-brand":[540],"product_brand":[],"product_cat":[1034],"product_tag":[1166],"class_list":{"0":"post-7826","1":"product","2":"type-product","3":"status-publish","4":"has-post-thumbnail","6":"pwb-brand-brets-fr","7":"product_cat-chips-biscuits-sales","8":"product_tag-chips","9":"product_shipping_class-expedition-dans-le-monde-entier","11":"first","12":"instock","13":"taxable","14":"shipping-taxable","15":"purchasable","16":"product-type-simple"},"yoast_head":"<!-- This site is optimized with the Yoast SEO plugin v27.4 - https:\/\/yoast.com\/product\/yoast-seo-wordpress\/ -->\n<title>Chips Ch\u00e8vre &amp; Piment d&#039;Espelette Bret&#039;s | Acheter En Ligne | My French Grocery<\/title>\n<meta name=\"description\" content=\"Chips Ch\u00e8vre &amp; Piment d&#039;Espelette Bret&#039;s paquet de 125g Partez \u00e0 la d\u00e9couverte du Pays Basque avec les chips Ch\u00e8vre et Piment d&#039;Espelette.\" \/>\n<meta name=\"robots\" content=\"index, follow, max-snippet:-1, max-image-preview:large, max-video-preview:-1\" \/>\n<link rel=\"canonical\" href=\"https:\/\/my-french-grocery.com\/fr\/produit\/chips-chevre-piment-despelette-brets\/\" \/>\n<meta property=\"og:locale\" content=\"fr_FR\" \/>\n<meta property=\"og:type\" content=\"article\" \/>\n<meta property=\"og:title\" content=\"Chips Ch\u00e8vre &amp; Piment d&#039;Espelette Bret&#039;s | Acheter En Ligne | My French Grocery\" \/>\n<meta property=\"og:description\" content=\"Chips Ch\u00e8vre &amp; Piment d&#039;Espelette Bret&#039;s paquet de 125g Partez \u00e0 la d\u00e9couverte du Pays Basque avec les chips Ch\u00e8vre et Piment d&#039;Espelette.\" \/>\n<meta property=\"og:url\" content=\"https:\/\/my-french-grocery.com\/fr\/produit\/chips-chevre-piment-despelette-brets\/\" \/>\n<meta property=\"og:site_name\" content=\"My French Grocery\" \/>\n<meta property=\"article:publisher\" content=\"https:\/\/www.facebook.com\/myfrenchgrocery\/\" \/>\n<meta property=\"article:modified_time\" content=\"2024-02-28T15:34:10+00:00\" \/>\n<meta property=\"og:image\" content=\"https:\/\/my-french-grocery.com\/wp-content\/uploads\/2018\/09\/Brets-Espelette.jpg\" \/>\n\t<meta property=\"og:image:width\" content=\"1500\" \/>\n\t<meta property=\"og:image:height\" content=\"1500\" \/>\n\t<meta property=\"og:image:type\" content=\"image\/jpeg\" \/>\n<meta name=\"twitter:card\" content=\"summary_large_image\" \/>\n<meta name=\"twitter:label1\" content=\"Dur\u00e9e de lecture estim\u00e9e\" \/>\n\t<meta name=\"twitter:data1\" content=\"1 minute\" \/>\n<script type=\"application\/ld+json\" class=\"yoast-schema-graph\">{\"@context\":\"https:\\\/\\\/schema.org\",\"@graph\":[{\"@type\":\"WebPage\",\"@id\":\"https:\\\/\\\/my-french-grocery.com\\\/fr\\\/produit\\\/chips-chevre-piment-despelette-brets\\\/\",\"url\":\"https:\\\/\\\/my-french-grocery.com\\\/fr\\\/produit\\\/chips-chevre-piment-despelette-brets\\\/\",\"name\":\"Chips Ch\u00e8vre & Piment d'Espelette Bret's | Acheter En Ligne | My French Grocery\",\"isPartOf\":{\"@id\":\"https:\\\/\\\/my-french-grocery.com\\\/fr\\\/#website\"},\"primaryImageOfPage\":{\"@id\":\"https:\\\/\\\/my-french-grocery.com\\\/fr\\\/produit\\\/chips-chevre-piment-despelette-brets\\\/#primaryimage\"},\"image\":{\"@id\":\"https:\\\/\\\/my-french-grocery.com\\\/fr\\\/produit\\\/chips-chevre-piment-despelette-brets\\\/#primaryimage\"},\"thumbnailUrl\":\"https:\\\/\\\/my-french-grocery.com\\\/wp-content\\\/uploads\\\/2018\\\/09\\\/Brets-Espelette.jpg\",\"datePublished\":\"2018-09-04T09:31:25+00:00\",\"dateModified\":\"2024-02-28T15:34:10+00:00\",\"description\":\"Chips Ch\u00e8vre & Piment d'Espelette Bret's paquet de 125g Partez \u00e0 la d\u00e9couverte du Pays Basque avec les chips Ch\u00e8vre et Piment d'Espelette.\",\"breadcrumb\":{\"@id\":\"https:\\\/\\\/my-french-grocery.com\\\/fr\\\/produit\\\/chips-chevre-piment-despelette-brets\\\/#breadcrumb\"},\"inLanguage\":\"fr-FR\",\"potentialAction\":[{\"@type\":\"ReadAction\",\"target\":[\"https:\\\/\\\/my-french-grocery.com\\\/fr\\\/produit\\\/chips-chevre-piment-despelette-brets\\\/\"]}]},{\"@type\":\"ImageObject\",\"inLanguage\":\"fr-FR\",\"@id\":\"https:\\\/\\\/my-french-grocery.com\\\/fr\\\/produit\\\/chips-chevre-piment-despelette-brets\\\/#primaryimage\",\"url\":\"https:\\\/\\\/my-french-grocery.com\\\/wp-content\\\/uploads\\\/2018\\\/09\\\/Brets-Espelette.jpg\",\"contentUrl\":\"https:\\\/\\\/my-french-grocery.com\\\/wp-content\\\/uploads\\\/2018\\\/09\\\/Brets-Espelette.jpg\",\"width\":1500,\"height\":1500,\"caption\":\"Chips Ch\u00e8vre & Piment d'Espelette Bret's - My French Grocery\"},{\"@type\":\"BreadcrumbList\",\"@id\":\"https:\\\/\\\/my-french-grocery.com\\\/fr\\\/produit\\\/chips-chevre-piment-despelette-brets\\\/#breadcrumb\",\"itemListElement\":[{\"@type\":\"ListItem\",\"position\":1,\"name\":\"Home\",\"item\":\"https:\\\/\\\/my-french-grocery.com\\\/fr\\\/\"},{\"@type\":\"ListItem\",\"position\":2,\"name\":\"Shop\",\"item\":\"https:\\\/\\\/my-french-grocery.com\\\/shop\\\/\"},{\"@type\":\"ListItem\",\"position\":3,\"name\":\"Alimentation\",\"item\":\"https:\\\/\\\/my-french-grocery.com\\\/fr\\\/categorie-produit\\\/alimentation\\\/\"},{\"@type\":\"ListItem\",\"position\":4,\"name\":\"Chips &amp; Biscuits Sal\u00e9s\",\"item\":\"https:\\\/\\\/my-french-grocery.com\\\/fr\\\/categorie-produit\\\/alimentation\\\/chips-biscuits-sales\\\/\"},{\"@type\":\"ListItem\",\"position\":5,\"name\":\"Chips Ch\u00e8vre &#038; Piment d&#8217;Espelette Bret&#8217;s\"}]},{\"@type\":\"WebSite\",\"@id\":\"https:\\\/\\\/my-french-grocery.com\\\/fr\\\/#website\",\"url\":\"https:\\\/\\\/my-french-grocery.com\\\/fr\\\/\",\"name\":\"My French Grocery\",\"description\":\"Your Online French Grocery  !\",\"publisher\":{\"@id\":\"https:\\\/\\\/my-french-grocery.com\\\/fr\\\/#organization\"},\"potentialAction\":[{\"@type\":\"SearchAction\",\"target\":{\"@type\":\"EntryPoint\",\"urlTemplate\":\"https:\\\/\\\/my-french-grocery.com\\\/fr\\\/?s={search_term_string}\"},\"query-input\":{\"@type\":\"PropertyValueSpecification\",\"valueRequired\":true,\"valueName\":\"search_term_string\"}}],\"inLanguage\":\"fr-FR\"},{\"@type\":\"Organization\",\"@id\":\"https:\\\/\\\/my-french-grocery.com\\\/fr\\\/#organization\",\"name\":\"MY FRENCH GROCERY\",\"url\":\"https:\\\/\\\/my-french-grocery.com\\\/fr\\\/\",\"logo\":{\"@type\":\"ImageObject\",\"inLanguage\":\"fr-FR\",\"@id\":\"https:\\\/\\\/my-french-grocery.com\\\/fr\\\/#\\\/schema\\\/logo\\\/image\\\/\",\"url\":\"https:\\\/\\\/my-french-grocery.com\\\/wp-content\\\/uploads\\\/2021\\\/11\\\/My-French-Grocery-Online-French-Grocery.png\",\"contentUrl\":\"https:\\\/\\\/my-french-grocery.com\\\/wp-content\\\/uploads\\\/2021\\\/11\\\/My-French-Grocery-Online-French-Grocery.png\",\"width\":100,\"height\":100,\"caption\":\"MY FRENCH GROCERY\"},\"image\":{\"@id\":\"https:\\\/\\\/my-french-grocery.com\\\/fr\\\/#\\\/schema\\\/logo\\\/image\\\/\"},\"sameAs\":[\"https:\\\/\\\/www.facebook.com\\\/myfrenchgrocery\\\/\"]}]}<\/script>\n<!-- \/ Yoast SEO plugin. -->","yoast_head_json":{"title":"Chips Ch\u00e8vre & Piment d'Espelette Bret's | Acheter En Ligne | My French Grocery","description":"Chips Ch\u00e8vre & Piment d'Espelette Bret's paquet de 125g Partez \u00e0 la d\u00e9couverte du Pays Basque avec les chips Ch\u00e8vre et Piment d'Espelette.","robots":{"index":"index","follow":"follow","max-snippet":"max-snippet:-1","max-image-preview":"max-image-preview:large","max-video-preview":"max-video-preview:-1"},"canonical":"https:\/\/my-french-grocery.com\/fr\/produit\/chips-chevre-piment-despelette-brets\/","og_locale":"fr_FR","og_type":"article","og_title":"Chips Ch\u00e8vre & Piment d'Espelette Bret's | Acheter En Ligne | My French Grocery","og_description":"Chips Ch\u00e8vre & Piment d'Espelette Bret's paquet de 125g Partez \u00e0 la d\u00e9couverte du Pays Basque avec les chips Ch\u00e8vre et Piment d'Espelette.","og_url":"https:\/\/my-french-grocery.com\/fr\/produit\/chips-chevre-piment-despelette-brets\/","og_site_name":"My French Grocery","article_publisher":"https:\/\/www.facebook.com\/myfrenchgrocery\/","article_modified_time":"2024-02-28T15:34:10+00:00","og_image":[{"width":1500,"height":1500,"url":"https:\/\/my-french-grocery.com\/wp-content\/uploads\/2018\/09\/Brets-Espelette.jpg","type":"image\/jpeg"}],"twitter_card":"summary_large_image","twitter_misc":{"Dur\u00e9e de lecture estim\u00e9e":"1 minute"},"schema":{"@context":"https:\/\/schema.org","@graph":[{"@type":"WebPage","@id":"https:\/\/my-french-grocery.com\/fr\/produit\/chips-chevre-piment-despelette-brets\/","url":"https:\/\/my-french-grocery.com\/fr\/produit\/chips-chevre-piment-despelette-brets\/","name":"Chips Ch\u00e8vre & Piment d'Espelette Bret's | Acheter En Ligne | My French Grocery","isPartOf":{"@id":"https:\/\/my-french-grocery.com\/fr\/#website"},"primaryImageOfPage":{"@id":"https:\/\/my-french-grocery.com\/fr\/produit\/chips-chevre-piment-despelette-brets\/#primaryimage"},"image":{"@id":"https:\/\/my-french-grocery.com\/fr\/produit\/chips-chevre-piment-despelette-brets\/#primaryimage"},"thumbnailUrl":"https:\/\/my-french-grocery.com\/wp-content\/uploads\/2018\/09\/Brets-Espelette.jpg","datePublished":"2018-09-04T09:31:25+00:00","dateModified":"2024-02-28T15:34:10+00:00","description":"Chips Ch\u00e8vre & Piment d'Espelette Bret's paquet de 125g Partez \u00e0 la d\u00e9couverte du Pays Basque avec les chips Ch\u00e8vre et Piment d'Espelette.","breadcrumb":{"@id":"https:\/\/my-french-grocery.com\/fr\/produit\/chips-chevre-piment-despelette-brets\/#breadcrumb"},"inLanguage":"fr-FR","potentialAction":[{"@type":"ReadAction","target":["https:\/\/my-french-grocery.com\/fr\/produit\/chips-chevre-piment-despelette-brets\/"]}]},{"@type":"ImageObject","inLanguage":"fr-FR","@id":"https:\/\/my-french-grocery.com\/fr\/produit\/chips-chevre-piment-despelette-brets\/#primaryimage","url":"https:\/\/my-french-grocery.com\/wp-content\/uploads\/2018\/09\/Brets-Espelette.jpg","contentUrl":"https:\/\/my-french-grocery.com\/wp-content\/uploads\/2018\/09\/Brets-Espelette.jpg","width":1500,"height":1500,"caption":"Chips Ch\u00e8vre & Piment d'Espelette Bret's - My French Grocery"},{"@type":"BreadcrumbList","@id":"https:\/\/my-french-grocery.com\/fr\/produit\/chips-chevre-piment-despelette-brets\/#breadcrumb","itemListElement":[{"@type":"ListItem","position":1,"name":"Home","item":"https:\/\/my-french-grocery.com\/fr\/"},{"@type":"ListItem","position":2,"name":"Shop","item":"https:\/\/my-french-grocery.com\/shop\/"},{"@type":"ListItem","position":3,"name":"Alimentation","item":"https:\/\/my-french-grocery.com\/fr\/categorie-produit\/alimentation\/"},{"@type":"ListItem","position":4,"name":"Chips &amp; Biscuits Sal\u00e9s","item":"https:\/\/my-french-grocery.com\/fr\/categorie-produit\/alimentation\/chips-biscuits-sales\/"},{"@type":"ListItem","position":5,"name":"Chips Ch\u00e8vre &#038; Piment d&#8217;Espelette Bret&#8217;s"}]},{"@type":"WebSite","@id":"https:\/\/my-french-grocery.com\/fr\/#website","url":"https:\/\/my-french-grocery.com\/fr\/","name":"My French Grocery","description":"Your Online French Grocery  !","publisher":{"@id":"https:\/\/my-french-grocery.com\/fr\/#organization"},"potentialAction":[{"@type":"SearchAction","target":{"@type":"EntryPoint","urlTemplate":"https:\/\/my-french-grocery.com\/fr\/?s={search_term_string}"},"query-input":{"@type":"PropertyValueSpecification","valueRequired":true,"valueName":"search_term_string"}}],"inLanguage":"fr-FR"},{"@type":"Organization","@id":"https:\/\/my-french-grocery.com\/fr\/#organization","name":"MY FRENCH GROCERY","url":"https:\/\/my-french-grocery.com\/fr\/","logo":{"@type":"ImageObject","inLanguage":"fr-FR","@id":"https:\/\/my-french-grocery.com\/fr\/#\/schema\/logo\/image\/","url":"https:\/\/my-french-grocery.com\/wp-content\/uploads\/2021\/11\/My-French-Grocery-Online-French-Grocery.png","contentUrl":"https:\/\/my-french-grocery.com\/wp-content\/uploads\/2021\/11\/My-French-Grocery-Online-French-Grocery.png","width":100,"height":100,"caption":"MY FRENCH GROCERY"},"image":{"@id":"https:\/\/my-french-grocery.com\/fr\/#\/schema\/logo\/image\/"},"sameAs":["https:\/\/www.facebook.com\/myfrenchgrocery\/"]}]}},"brands":[{"id":540,"name":"Bret's","slug":"brets-fr"}],"_links":{"self":[{"href":"https:\/\/my-french-grocery.com\/fr\/wp-json\/wp\/v2\/product\/7826","targetHints":{"allow":["GET"]}}],"collection":[{"href":"https:\/\/my-french-grocery.com\/fr\/wp-json\/wp\/v2\/product"}],"about":[{"href":"https:\/\/my-french-grocery.com\/fr\/wp-json\/wp\/v2\/types\/product"}],"replies":[{"embeddable":true,"href":"https:\/\/my-french-grocery.com\/fr\/wp-json\/wp\/v2\/comments?post=7826"}],"wp:featuredmedia":[{"embeddable":true,"href":"https:\/\/my-french-grocery.com\/fr\/wp-json\/wp\/v2\/media\/7827"}],"wp:attachment":[{"href":"https:\/\/my-french-grocery.com\/fr\/wp-json\/wp\/v2\/media?parent=7826"}],"wp:term":[{"taxonomy":"pwb-brand","embeddable":true,"href":"https:\/\/my-french-grocery.com\/fr\/wp-json\/wp\/v2\/pwb-brand?post=7826"},{"taxonomy":"product_brand","embeddable":true,"href":"https:\/\/my-french-grocery.com\/fr\/wp-json\/wp\/v2\/product_brand?post=7826"},{"taxonomy":"product_cat","embeddable":true,"href":"https:\/\/my-french-grocery.com\/fr\/wp-json\/wp\/v2\/product_cat?post=7826"},{"taxonomy":"product_tag","embeddable":true,"href":"https:\/\/my-french-grocery.com\/fr\/wp-json\/wp\/v2\/product_tag?post=7826"}],"curies":[{"name":"wp","href":"https:\/\/api.w.org\/{rel}","templated":true}]}}