{"id":7859,"date":"2018-09-07T15:14:29","date_gmt":"2018-09-07T13:14:29","guid":{"rendered":"https:\/\/my-french-grocery.com\/product\/benenuts-3d-fromage-de-chevre\/"},"modified":"2025-05-10T17:32:00","modified_gmt":"2025-05-10T15:32:00","slug":"benenuts-3d-fromage-de-chevre","status":"publish","type":"product","link":"https:\/\/my-french-grocery.com\/fr\/produit\/benenuts-3d-fromage-de-chevre\/","title":{"rendered":"Biscuits Ap\u00e9ritifs Go\u00fbt Nature 3D Lay\u2019s"},"content":{"rendered":"<p>Biscuits Ap\u00e9ritifs Go\u00fbt Nature 3D Lay\u2019s<\/p>\n<p>paquet de 85 g<\/p>\n<div class=\"sc-kaNhvL kPMwqi\">LAY\u2019S 3D BUGLES SAVEUR NATURE, UN SNACK GOURMAND : De d\u00e9licieux c\u00f4nes de ma\u00efs croustillants. Le biscuit souffl\u00e9 sal\u00e9 qui convient \u00e0 tous les go\u00fbts !<\/div>\n","protected":false},"excerpt":{"rendered":"<p>Biscuits Ap\u00e9ritifs Go\u00fbt Nature 3D Lay\u2019s<\/p>\n<p>paquet de 85 g<\/p>\n<div class=\"sc-kaNhvL kPMwqi\"><\/div>\n","protected":false},"featured_media":48555,"comment_status":"open","ping_status":"closed","template":"","meta":[],"pwb-brand":[4054],"product_brand":[],"product_cat":[1034],"product_tag":[1423,4053],"class_list":{"0":"post-7859","1":"product","2":"type-product","3":"status-publish","4":"has-post-thumbnail","6":"pwb-brand-lays-fr","7":"product_cat-chips-biscuits-sales","8":"product_tag-biscuits-sales","9":"product_tag-lays-fr","10":"product_shipping_class-expedition-dans-le-monde-entier","12":"first","13":"instock","14":"taxable","15":"shipping-taxable","16":"purchasable","17":"product-type-simple"},"brands":[{"id":4054,"name":"Lay's","slug":"lays-fr"}],"_links":{"self":[{"href":"https:\/\/my-french-grocery.com\/fr\/wp-json\/wp\/v2\/product\/7859","targetHints":{"allow":["GET"]}}],"collection":[{"href":"https:\/\/my-french-grocery.com\/fr\/wp-json\/wp\/v2\/product"}],"about":[{"href":"https:\/\/my-french-grocery.com\/fr\/wp-json\/wp\/v2\/types\/product"}],"replies":[{"embeddable":true,"href":"https:\/\/my-french-grocery.com\/fr\/wp-json\/wp\/v2\/comments?post=7859"}],"wp:featuredmedia":[{"embeddable":true,"href":"https:\/\/my-french-grocery.com\/fr\/wp-json\/wp\/v2\/media\/48555"}],"wp:attachment":[{"href":"https:\/\/my-french-grocery.com\/fr\/wp-json\/wp\/v2\/media?parent=7859"}],"wp:term":[{"taxonomy":"pwb-brand","embeddable":true,"href":"https:\/\/my-french-grocery.com\/fr\/wp-json\/wp\/v2\/pwb-brand?post=7859"},{"taxonomy":"product_brand","embeddable":true,"href":"https:\/\/my-french-grocery.com\/fr\/wp-json\/wp\/v2\/product_brand?post=7859"},{"taxonomy":"product_cat","embeddable":true,"href":"https:\/\/my-french-grocery.com\/fr\/wp-json\/wp\/v2\/product_cat?post=7859"},{"taxonomy":"product_tag","embeddable":true,"href":"https:\/\/my-french-grocery.com\/fr\/wp-json\/wp\/v2\/product_tag?post=7859"}],"curies":[{"name":"wp","href":"https:\/\/api.w.org\/{rel}","templated":true}]}}