{"id":7861,"date":"2018-09-07T15:18:25","date_gmt":"2018-09-07T13:18:25","guid":{"rendered":"https:\/\/my-french-grocery.com\/product\/benenuts-3d-paprika\/"},"modified":"2025-05-10T17:22:28","modified_gmt":"2025-05-10T15:22:28","slug":"benenuts-3d-paprika","status":"publish","type":"product","link":"https:\/\/my-french-grocery.com\/fr\/produit\/benenuts-3d-paprika\/","title":{"rendered":"Biscuits Ap\u00e9ritifs Go\u00fbt Paprika 3D Lay\u2019s"},"content":{"rendered":"<p>Biscuits Ap\u00e9ritifs Go\u00fbt Paprika 3D Lay\u2019s<\/p>\n<p>sachet de 85g<\/p>\n<p>Une recette de qualit\u00e9\u2026 Gr\u00e2ce \u00e0 son expertise, B\u00e9n\u00e9nuts vous propose des recettes produites \u00e0 base d\u2019huile de tournesol. \u2026pour encore plus de plaisir Ces petits c\u00f4nes de ma\u00efs uniques si croustillants et tellement bons donneront du relief \u00e0 vos ap\u00e9ritifs gr\u00e2ce \u00e0 leur forme originale en 3 dimensions !<\/p>\n","protected":false},"excerpt":{"rendered":"<p>Biscuits Ap\u00e9ritifs Go\u00fbt Paprika 3D Lay\u2019s<\/p>\n<p>sachet de 85g<\/p>\n<p>&nbsp;<\/p>\n","protected":false},"featured_media":48547,"comment_status":"open","ping_status":"closed","template":"","meta":[],"pwb-brand":[4054],"product_brand":[],"product_cat":[1034],"product_tag":[1423],"class_list":{"0":"post-7861","1":"product","2":"type-product","3":"status-publish","4":"has-post-thumbnail","6":"pwb-brand-lays-fr","7":"product_cat-chips-biscuits-sales","8":"product_tag-biscuits-sales","9":"product_shipping_class-expedition-dans-le-monde-entier","11":"first","12":"instock","13":"taxable","14":"shipping-taxable","15":"purchasable","16":"product-type-simple"},"brands":[{"id":4054,"name":"Lay's","slug":"lays-fr"}],"_links":{"self":[{"href":"https:\/\/my-french-grocery.com\/fr\/wp-json\/wp\/v2\/product\/7861","targetHints":{"allow":["GET"]}}],"collection":[{"href":"https:\/\/my-french-grocery.com\/fr\/wp-json\/wp\/v2\/product"}],"about":[{"href":"https:\/\/my-french-grocery.com\/fr\/wp-json\/wp\/v2\/types\/product"}],"replies":[{"embeddable":true,"href":"https:\/\/my-french-grocery.com\/fr\/wp-json\/wp\/v2\/comments?post=7861"}],"wp:featuredmedia":[{"embeddable":true,"href":"https:\/\/my-french-grocery.com\/fr\/wp-json\/wp\/v2\/media\/48547"}],"wp:attachment":[{"href":"https:\/\/my-french-grocery.com\/fr\/wp-json\/wp\/v2\/media?parent=7861"}],"wp:term":[{"taxonomy":"pwb-brand","embeddable":true,"href":"https:\/\/my-french-grocery.com\/fr\/wp-json\/wp\/v2\/pwb-brand?post=7861"},{"taxonomy":"product_brand","embeddable":true,"href":"https:\/\/my-french-grocery.com\/fr\/wp-json\/wp\/v2\/product_brand?post=7861"},{"taxonomy":"product_cat","embeddable":true,"href":"https:\/\/my-french-grocery.com\/fr\/wp-json\/wp\/v2\/product_cat?post=7861"},{"taxonomy":"product_tag","embeddable":true,"href":"https:\/\/my-french-grocery.com\/fr\/wp-json\/wp\/v2\/product_tag?post=7861"}],"curies":[{"name":"wp","href":"https:\/\/api.w.org\/{rel}","templated":true}]}}