{"id":7919,"date":"2018-09-13T10:57:35","date_gmt":"2018-09-13T08:57:35","guid":{"rendered":"https:\/\/my-french-grocery.com\/product\/pop-corn-caramel-baff\/"},"modified":"2018-09-13T10:57:35","modified_gmt":"2018-09-13T08:57:35","slug":"pop-corn-caramel-baff","status":"publish","type":"product","link":"https:\/\/my-french-grocery.com\/fr\/produit\/pop-corn-caramel-baff\/","title":{"rendered":"Pop Corn Caramel Baff"},"content":{"rendered":"<p>Pop Corn Caramel Baff<\/p>\n<div class=\"cd-ProductDescription\">sachet de 100 g<\/div>\n<div><\/div>\n<div>Baff, expert en pop-corn depuis plus de 30 ans, vous invite \u00e0 savourer son pop-corn l\u00e9gendaire. Un go\u00fbt unique de caramel et une croustillance incomparable qui s\u00e9duit toute la famille!<\/div>\n","protected":false},"excerpt":{"rendered":"<p>Pop Corn Caramel Baff<\/p>\n<div class=\"cd-ProductDescription\">sachet de 100 g<\/div>\n","protected":false},"featured_media":7920,"comment_status":"open","ping_status":"closed","template":"","meta":[],"pwb-brand":[],"product_brand":[],"product_cat":[1034],"product_tag":[1570],"class_list":{"0":"post-7919","1":"product","2":"type-product","3":"status-publish","4":"has-post-thumbnail","6":"product_cat-chips-biscuits-sales","7":"product_tag-pop-corn-fr","8":"product_shipping_class-expedition-dans-le-monde-entier","10":"first","11":"instock","12":"taxable","13":"shipping-taxable","14":"purchasable","15":"product-type-simple"},"brands":[],"_links":{"self":[{"href":"https:\/\/my-french-grocery.com\/fr\/wp-json\/wp\/v2\/product\/7919","targetHints":{"allow":["GET"]}}],"collection":[{"href":"https:\/\/my-french-grocery.com\/fr\/wp-json\/wp\/v2\/product"}],"about":[{"href":"https:\/\/my-french-grocery.com\/fr\/wp-json\/wp\/v2\/types\/product"}],"replies":[{"embeddable":true,"href":"https:\/\/my-french-grocery.com\/fr\/wp-json\/wp\/v2\/comments?post=7919"}],"wp:featuredmedia":[{"embeddable":true,"href":"https:\/\/my-french-grocery.com\/fr\/wp-json\/wp\/v2\/media\/7920"}],"wp:attachment":[{"href":"https:\/\/my-french-grocery.com\/fr\/wp-json\/wp\/v2\/media?parent=7919"}],"wp:term":[{"taxonomy":"pwb-brand","embeddable":true,"href":"https:\/\/my-french-grocery.com\/fr\/wp-json\/wp\/v2\/pwb-brand?post=7919"},{"taxonomy":"product_brand","embeddable":true,"href":"https:\/\/my-french-grocery.com\/fr\/wp-json\/wp\/v2\/product_brand?post=7919"},{"taxonomy":"product_cat","embeddable":true,"href":"https:\/\/my-french-grocery.com\/fr\/wp-json\/wp\/v2\/product_cat?post=7919"},{"taxonomy":"product_tag","embeddable":true,"href":"https:\/\/my-french-grocery.com\/fr\/wp-json\/wp\/v2\/product_tag?post=7919"}],"curies":[{"name":"wp","href":"https:\/\/api.w.org\/{rel}","templated":true}]}}