{"id":7941,"date":"2018-11-28T18:03:16","date_gmt":"2018-11-28T16:03:16","guid":{"rendered":"https:\/\/my-french-grocery.com\/product\/traditionnel-couteau-pliant-de-poche-opinel\/"},"modified":"2023-02-03T08:42:12","modified_gmt":"2023-02-03T06:42:12","slug":"traditionnel-couteau-pliant-de-poche-opinel","status":"publish","type":"product","link":"https:\/\/my-french-grocery.com\/fr\/produit\/traditionnel-couteau-pliant-de-poche-opinel\/","title":{"rendered":"Traditionnel Couteau Pliant de Poche Opinel"},"content":{"rendered":"<ul class=\"a-unordered-list a-vertical a-spacing-none\">\n<li><span class=\"a-list-item\">L\u2019EMBL\u00c9MATIQUE COUTEAU OPINEL \u2013 Objet du patrimoine fran\u00e7ais, le couteau OPINEL\u00a0 inox est aujourd\u2019hui mondialement reconnu comme une ic\u00f4ne design, expos\u00e9 au MoMa \u00e0 New-York, c\u00e9l\u00e9br\u00e9 comme un classique.<\/span><\/li>\n<li><span class=\"a-list-item\">LA LAME YATAGAN \u2013 La lame traditionnelle des couteaux pliants OPINEL est la lame Yatagan. Sa forme est inspir\u00e9e d\u2019un sabre turc, \u00e0 la pointe relev\u00e9e. Cette lame OPINEL est meul\u00e9e selon un profil bomb\u00e9 exclusif qui garantit la robustesse de la lame et permet des r\u00e9-aff\u00fbtages performants.<\/span><\/li>\n<li><span class=\"a-list-item\">LAME INOXYDABLE \u2013 L\u2019acier inoxydable 12C27 modifi\u00e9 de Sandvik mis au point pour les couteaux OPINEL est r\u00e9put\u00e9 pour sa facilit\u00e9 d\u2019entretien. Il permet d\u2019obtenir un tranchant de qualit\u00e9, sans que nos couteaux soient sensibles \u00e0 la corrosion.<\/span><\/li>\n<li><span class=\"a-list-item\">LE SAVOIR-FAIRE OPINEL \u2013 Invent\u00e9e en 1955 par Marcel Opinel, la bague de s\u00e9curit\u00e9 Virobloc \u00e9quipe nos couteaux de poche fermants du N\u00b006 au N\u00b012. Gr\u00e2ce \u00e0 cette virole tournante, en plus du blocage de la lame en position ouverte, il est d\u00e9sormais possible de verrouiller la lame en position ferm\u00e9e.<\/span><\/li>\n<li><span class=\"a-list-item\">UN COUTEAU BOIS DE H\u00caTRE \u2013 Le h\u00eatre est le bois le plus utilis\u00e9 pour la fabrication des manches OPINEL. Issu d\u2019exploitations fran\u00e7aises, il est dur, r\u00e9sistant et facile \u00e0 travailler. Le manche de ce couteau est verni pour \u00eatre mieux prot\u00e9g\u00e9 contre l\u2019humidit\u00e9 et les salissures.<\/span><\/li>\n<\/ul>\n","protected":false},"excerpt":{"rendered":"<p>Couteau Pliant de Poche Opinel<\/p>\n","protected":false},"featured_media":7942,"comment_status":"open","ping_status":"closed","template":"","meta":[],"pwb-brand":[838],"product_brand":[],"product_cat":[997],"product_tag":[1341],"class_list":{"0":"post-7941","1":"product","2":"type-product","3":"status-publish","4":"has-post-thumbnail","6":"pwb-brand-opinel-fr-2","7":"product_cat-couteaux-accessoires-de-cuisine","8":"product_tag-opinel-fr","9":"product_shipping_class-expedition-dans-le-monde-entier","11":"first","12":"instock","13":"taxable","14":"shipping-taxable","15":"purchasable","16":"product-type-variable"},"brands":[{"id":838,"name":"Opinel","slug":"opinel-fr-2"}],"_links":{"self":[{"href":"https:\/\/my-french-grocery.com\/fr\/wp-json\/wp\/v2\/product\/7941","targetHints":{"allow":["GET"]}}],"collection":[{"href":"https:\/\/my-french-grocery.com\/fr\/wp-json\/wp\/v2\/product"}],"about":[{"href":"https:\/\/my-french-grocery.com\/fr\/wp-json\/wp\/v2\/types\/product"}],"replies":[{"embeddable":true,"href":"https:\/\/my-french-grocery.com\/fr\/wp-json\/wp\/v2\/comments?post=7941"}],"wp:featuredmedia":[{"embeddable":true,"href":"https:\/\/my-french-grocery.com\/fr\/wp-json\/wp\/v2\/media\/7942"}],"wp:attachment":[{"href":"https:\/\/my-french-grocery.com\/fr\/wp-json\/wp\/v2\/media?parent=7941"}],"wp:term":[{"taxonomy":"pwb-brand","embeddable":true,"href":"https:\/\/my-french-grocery.com\/fr\/wp-json\/wp\/v2\/pwb-brand?post=7941"},{"taxonomy":"product_brand","embeddable":true,"href":"https:\/\/my-french-grocery.com\/fr\/wp-json\/wp\/v2\/product_brand?post=7941"},{"taxonomy":"product_cat","embeddable":true,"href":"https:\/\/my-french-grocery.com\/fr\/wp-json\/wp\/v2\/product_cat?post=7941"},{"taxonomy":"product_tag","embeddable":true,"href":"https:\/\/my-french-grocery.com\/fr\/wp-json\/wp\/v2\/product_tag?post=7941"}],"curies":[{"name":"wp","href":"https:\/\/api.w.org\/{rel}","templated":true}]}}