{"id":8039,"date":"2018-12-29T17:43:46","date_gmt":"2018-12-29T15:43:46","guid":{"rendered":"https:\/\/my-french-grocery.com\/product\/bouillon-fait-tout-100-vegetal-knorr\/"},"modified":"2018-12-29T17:43:46","modified_gmt":"2018-12-29T15:43:46","slug":"bouillon-fait-tout-100-vegetal-knorr","status":"publish","type":"product","link":"https:\/\/my-french-grocery.com\/fr\/produit\/bouillon-fait-tout-100-vegetal-knorr\/","title":{"rendered":"Bouillon Fait Tout 100% V\u00e9g\u00e9tal Knorr"},"content":{"rendered":"<p>Bouillon Fait Tout 100% V\u00e9g\u00e9tal Knorr<\/p>\n<p>15 cubes : 100g<\/p>\n<p>La meilleure qualit\u00e9, telle est notre philosophie en mati\u00e8re d\u2019alimentation. Une philosophie appliqu\u00e9e depuis bien des d\u00e9cennies. Notre histoire d\u00e9bute en 1838, lorsque Carl Heinrich Knorr ouvre une usine \u00e0 Heilbronn, en Allemagne, dont l\u2019activit\u00e9 consiste \u00e0 fournir de la chicor\u00e9e aux fabricants de caf\u00e9.<br \/>\nIl commence alors \u00e0 faire des exp\u00e9riences sur la d\u00e9shydratation des l\u00e9gumes et des assaisonnements afin de pr\u00e9server leur saveur. C\u2019est ainsi que furent lanc\u00e9es les premi\u00e8res soupes d\u00e9shydrat\u00e9es Knorr dans toute l\u2019Europe continentale, en 1873.<br \/>\nUne d\u00e9couverte qui a ouvert la voie du progr\u00e8s. En 1889 a \u00e9t\u00e9 lanc\u00e9e une soupe aux pois, et en 1908 notre m\u00e9lange pour sauces, une v\u00e9ritable prouesse \u00e0 l\u2019\u00e9poque, sur le march\u00e9 europ\u00e9en. La cr\u00e9ativit\u00e9 et l\u2019esprit d\u2019innovation ont toujours anim\u00e9 nos chefs.<\/p>\n","protected":false},"excerpt":{"rendered":"<p>Bouillon Fait Tout 100% V\u00e9g\u00e9tal Knorr<\/p>\n<p>15 cubes : 100g<\/p>\n","protected":false},"featured_media":8040,"comment_status":"open","ping_status":"closed","template":"","meta":[],"pwb-brand":[679],"product_brand":[],"product_cat":[1033],"product_tag":[],"class_list":{"0":"post-8039","1":"product","2":"type-product","3":"status-publish","4":"has-post-thumbnail","6":"pwb-brand-knorr-fr","7":"product_cat-condiments-fr","8":"product_shipping_class-expedition-dans-le-monde-entier","10":"first","11":"outofstock","12":"taxable","13":"shipping-taxable","14":"purchasable","15":"product-type-simple"},"yoast_head":"<!-- This site is optimized with the Yoast SEO plugin v27.4 - https:\/\/yoast.com\/product\/yoast-seo-wordpress\/ -->\n<title>Bouillon Fait Tout 100% V\u00e9g\u00e9tal Knorr | Buy Online | My French Grocery<\/title>\n<meta name=\"robots\" content=\"index, follow, max-snippet:-1, max-image-preview:large, max-video-preview:-1\" \/>\n<link rel=\"canonical\" href=\"https:\/\/my-french-grocery.com\/fr\/produit\/bouillon-fait-tout-100-vegetal-knorr\/\" \/>\n<meta property=\"og:locale\" content=\"fr_FR\" \/>\n<meta property=\"og:type\" content=\"article\" \/>\n<meta property=\"og:title\" content=\"Bouillon Fait Tout 100% V\u00e9g\u00e9tal Knorr | Buy Online | My French Grocery\" \/>\n<meta property=\"og:description\" content=\"Bouillon Fait Tout 100% V\u00e9g\u00e9tal Knorr  15 cubes : 100g\" \/>\n<meta property=\"og:url\" content=\"https:\/\/my-french-grocery.com\/fr\/produit\/bouillon-fait-tout-100-vegetal-knorr\/\" \/>\n<meta property=\"og:site_name\" content=\"My French Grocery\" \/>\n<meta property=\"article:publisher\" content=\"https:\/\/www.facebook.com\/myfrenchgrocery\/\" \/>\n<meta property=\"og:image\" content=\"https:\/\/my-french-grocery.com\/wp-content\/uploads\/2018\/12\/FAIT-TOUT.jpg\" \/>\n\t<meta property=\"og:image:width\" content=\"1500\" \/>\n\t<meta property=\"og:image:height\" content=\"1500\" \/>\n\t<meta property=\"og:image:type\" content=\"image\/jpeg\" \/>\n<meta name=\"twitter:card\" content=\"summary_large_image\" \/>\n<meta name=\"twitter:label1\" content=\"Dur\u00e9e de lecture estim\u00e9e\" \/>\n\t<meta name=\"twitter:data1\" content=\"1 minute\" \/>\n<script type=\"application\/ld+json\" class=\"yoast-schema-graph\">{\"@context\":\"https:\\\/\\\/schema.org\",\"@graph\":[{\"@type\":\"WebPage\",\"@id\":\"https:\\\/\\\/my-french-grocery.com\\\/fr\\\/produit\\\/bouillon-fait-tout-100-vegetal-knorr\\\/\",\"url\":\"https:\\\/\\\/my-french-grocery.com\\\/fr\\\/produit\\\/bouillon-fait-tout-100-vegetal-knorr\\\/\",\"name\":\"Bouillon Fait Tout 100% V\u00e9g\u00e9tal Knorr | Buy Online | My French Grocery\",\"isPartOf\":{\"@id\":\"https:\\\/\\\/my-french-grocery.com\\\/fr\\\/#website\"},\"primaryImageOfPage\":{\"@id\":\"https:\\\/\\\/my-french-grocery.com\\\/fr\\\/produit\\\/bouillon-fait-tout-100-vegetal-knorr\\\/#primaryimage\"},\"image\":{\"@id\":\"https:\\\/\\\/my-french-grocery.com\\\/fr\\\/produit\\\/bouillon-fait-tout-100-vegetal-knorr\\\/#primaryimage\"},\"thumbnailUrl\":\"https:\\\/\\\/my-french-grocery.com\\\/wp-content\\\/uploads\\\/2018\\\/12\\\/FAIT-TOUT.jpg\",\"datePublished\":\"2018-12-29T15:43:46+00:00\",\"breadcrumb\":{\"@id\":\"https:\\\/\\\/my-french-grocery.com\\\/fr\\\/produit\\\/bouillon-fait-tout-100-vegetal-knorr\\\/#breadcrumb\"},\"inLanguage\":\"fr-FR\",\"potentialAction\":[{\"@type\":\"ReadAction\",\"target\":[\"https:\\\/\\\/my-french-grocery.com\\\/fr\\\/produit\\\/bouillon-fait-tout-100-vegetal-knorr\\\/\"]}]},{\"@type\":\"ImageObject\",\"inLanguage\":\"fr-FR\",\"@id\":\"https:\\\/\\\/my-french-grocery.com\\\/fr\\\/produit\\\/bouillon-fait-tout-100-vegetal-knorr\\\/#primaryimage\",\"url\":\"https:\\\/\\\/my-french-grocery.com\\\/wp-content\\\/uploads\\\/2018\\\/12\\\/FAIT-TOUT.jpg\",\"contentUrl\":\"https:\\\/\\\/my-french-grocery.com\\\/wp-content\\\/uploads\\\/2018\\\/12\\\/FAIT-TOUT.jpg\",\"width\":1500,\"height\":1500,\"caption\":\"Bouillon Fait Tout 100% V\u00e9g\u00e9tal Knorr - My French Grocery\"},{\"@type\":\"BreadcrumbList\",\"@id\":\"https:\\\/\\\/my-french-grocery.com\\\/fr\\\/produit\\\/bouillon-fait-tout-100-vegetal-knorr\\\/#breadcrumb\",\"itemListElement\":[{\"@type\":\"ListItem\",\"position\":1,\"name\":\"Home\",\"item\":\"https:\\\/\\\/my-french-grocery.com\\\/fr\\\/\"},{\"@type\":\"ListItem\",\"position\":2,\"name\":\"Shop\",\"item\":\"https:\\\/\\\/my-french-grocery.com\\\/shop\\\/\"},{\"@type\":\"ListItem\",\"position\":3,\"name\":\"Alimentation\",\"item\":\"https:\\\/\\\/my-french-grocery.com\\\/fr\\\/categorie-produit\\\/alimentation\\\/\"},{\"@type\":\"ListItem\",\"position\":4,\"name\":\"Condiments\",\"item\":\"https:\\\/\\\/my-french-grocery.com\\\/fr\\\/categorie-produit\\\/alimentation\\\/condiments-fr\\\/\"},{\"@type\":\"ListItem\",\"position\":5,\"name\":\"Bouillon Fait Tout 100% V\u00e9g\u00e9tal Knorr\"}]},{\"@type\":\"WebSite\",\"@id\":\"https:\\\/\\\/my-french-grocery.com\\\/fr\\\/#website\",\"url\":\"https:\\\/\\\/my-french-grocery.com\\\/fr\\\/\",\"name\":\"My French Grocery\",\"description\":\"Your Online French Grocery  !\",\"publisher\":{\"@id\":\"https:\\\/\\\/my-french-grocery.com\\\/fr\\\/#organization\"},\"potentialAction\":[{\"@type\":\"SearchAction\",\"target\":{\"@type\":\"EntryPoint\",\"urlTemplate\":\"https:\\\/\\\/my-french-grocery.com\\\/fr\\\/?s={search_term_string}\"},\"query-input\":{\"@type\":\"PropertyValueSpecification\",\"valueRequired\":true,\"valueName\":\"search_term_string\"}}],\"inLanguage\":\"fr-FR\"},{\"@type\":\"Organization\",\"@id\":\"https:\\\/\\\/my-french-grocery.com\\\/fr\\\/#organization\",\"name\":\"MY FRENCH GROCERY\",\"url\":\"https:\\\/\\\/my-french-grocery.com\\\/fr\\\/\",\"logo\":{\"@type\":\"ImageObject\",\"inLanguage\":\"fr-FR\",\"@id\":\"https:\\\/\\\/my-french-grocery.com\\\/fr\\\/#\\\/schema\\\/logo\\\/image\\\/\",\"url\":\"https:\\\/\\\/my-french-grocery.com\\\/wp-content\\\/uploads\\\/2021\\\/11\\\/My-French-Grocery-Online-French-Grocery.png\",\"contentUrl\":\"https:\\\/\\\/my-french-grocery.com\\\/wp-content\\\/uploads\\\/2021\\\/11\\\/My-French-Grocery-Online-French-Grocery.png\",\"width\":100,\"height\":100,\"caption\":\"MY FRENCH GROCERY\"},\"image\":{\"@id\":\"https:\\\/\\\/my-french-grocery.com\\\/fr\\\/#\\\/schema\\\/logo\\\/image\\\/\"},\"sameAs\":[\"https:\\\/\\\/www.facebook.com\\\/myfrenchgrocery\\\/\"]}]}<\/script>\n<!-- \/ Yoast SEO plugin. -->","yoast_head_json":{"title":"Bouillon Fait Tout 100% V\u00e9g\u00e9tal Knorr | Buy Online | My French Grocery","robots":{"index":"index","follow":"follow","max-snippet":"max-snippet:-1","max-image-preview":"max-image-preview:large","max-video-preview":"max-video-preview:-1"},"canonical":"https:\/\/my-french-grocery.com\/fr\/produit\/bouillon-fait-tout-100-vegetal-knorr\/","og_locale":"fr_FR","og_type":"article","og_title":"Bouillon Fait Tout 100% V\u00e9g\u00e9tal Knorr | Buy Online | My French Grocery","og_description":"Bouillon Fait Tout 100% V\u00e9g\u00e9tal Knorr  15 cubes : 100g","og_url":"https:\/\/my-french-grocery.com\/fr\/produit\/bouillon-fait-tout-100-vegetal-knorr\/","og_site_name":"My French Grocery","article_publisher":"https:\/\/www.facebook.com\/myfrenchgrocery\/","og_image":[{"width":1500,"height":1500,"url":"https:\/\/my-french-grocery.com\/wp-content\/uploads\/2018\/12\/FAIT-TOUT.jpg","type":"image\/jpeg"}],"twitter_card":"summary_large_image","twitter_misc":{"Dur\u00e9e de lecture estim\u00e9e":"1 minute"},"schema":{"@context":"https:\/\/schema.org","@graph":[{"@type":"WebPage","@id":"https:\/\/my-french-grocery.com\/fr\/produit\/bouillon-fait-tout-100-vegetal-knorr\/","url":"https:\/\/my-french-grocery.com\/fr\/produit\/bouillon-fait-tout-100-vegetal-knorr\/","name":"Bouillon Fait Tout 100% V\u00e9g\u00e9tal Knorr | Buy Online | My French Grocery","isPartOf":{"@id":"https:\/\/my-french-grocery.com\/fr\/#website"},"primaryImageOfPage":{"@id":"https:\/\/my-french-grocery.com\/fr\/produit\/bouillon-fait-tout-100-vegetal-knorr\/#primaryimage"},"image":{"@id":"https:\/\/my-french-grocery.com\/fr\/produit\/bouillon-fait-tout-100-vegetal-knorr\/#primaryimage"},"thumbnailUrl":"https:\/\/my-french-grocery.com\/wp-content\/uploads\/2018\/12\/FAIT-TOUT.jpg","datePublished":"2018-12-29T15:43:46+00:00","breadcrumb":{"@id":"https:\/\/my-french-grocery.com\/fr\/produit\/bouillon-fait-tout-100-vegetal-knorr\/#breadcrumb"},"inLanguage":"fr-FR","potentialAction":[{"@type":"ReadAction","target":["https:\/\/my-french-grocery.com\/fr\/produit\/bouillon-fait-tout-100-vegetal-knorr\/"]}]},{"@type":"ImageObject","inLanguage":"fr-FR","@id":"https:\/\/my-french-grocery.com\/fr\/produit\/bouillon-fait-tout-100-vegetal-knorr\/#primaryimage","url":"https:\/\/my-french-grocery.com\/wp-content\/uploads\/2018\/12\/FAIT-TOUT.jpg","contentUrl":"https:\/\/my-french-grocery.com\/wp-content\/uploads\/2018\/12\/FAIT-TOUT.jpg","width":1500,"height":1500,"caption":"Bouillon Fait Tout 100% V\u00e9g\u00e9tal Knorr - My French Grocery"},{"@type":"BreadcrumbList","@id":"https:\/\/my-french-grocery.com\/fr\/produit\/bouillon-fait-tout-100-vegetal-knorr\/#breadcrumb","itemListElement":[{"@type":"ListItem","position":1,"name":"Home","item":"https:\/\/my-french-grocery.com\/fr\/"},{"@type":"ListItem","position":2,"name":"Shop","item":"https:\/\/my-french-grocery.com\/shop\/"},{"@type":"ListItem","position":3,"name":"Alimentation","item":"https:\/\/my-french-grocery.com\/fr\/categorie-produit\/alimentation\/"},{"@type":"ListItem","position":4,"name":"Condiments","item":"https:\/\/my-french-grocery.com\/fr\/categorie-produit\/alimentation\/condiments-fr\/"},{"@type":"ListItem","position":5,"name":"Bouillon Fait Tout 100% V\u00e9g\u00e9tal Knorr"}]},{"@type":"WebSite","@id":"https:\/\/my-french-grocery.com\/fr\/#website","url":"https:\/\/my-french-grocery.com\/fr\/","name":"My French Grocery","description":"Your Online French Grocery  !","publisher":{"@id":"https:\/\/my-french-grocery.com\/fr\/#organization"},"potentialAction":[{"@type":"SearchAction","target":{"@type":"EntryPoint","urlTemplate":"https:\/\/my-french-grocery.com\/fr\/?s={search_term_string}"},"query-input":{"@type":"PropertyValueSpecification","valueRequired":true,"valueName":"search_term_string"}}],"inLanguage":"fr-FR"},{"@type":"Organization","@id":"https:\/\/my-french-grocery.com\/fr\/#organization","name":"MY FRENCH GROCERY","url":"https:\/\/my-french-grocery.com\/fr\/","logo":{"@type":"ImageObject","inLanguage":"fr-FR","@id":"https:\/\/my-french-grocery.com\/fr\/#\/schema\/logo\/image\/","url":"https:\/\/my-french-grocery.com\/wp-content\/uploads\/2021\/11\/My-French-Grocery-Online-French-Grocery.png","contentUrl":"https:\/\/my-french-grocery.com\/wp-content\/uploads\/2021\/11\/My-French-Grocery-Online-French-Grocery.png","width":100,"height":100,"caption":"MY FRENCH GROCERY"},"image":{"@id":"https:\/\/my-french-grocery.com\/fr\/#\/schema\/logo\/image\/"},"sameAs":["https:\/\/www.facebook.com\/myfrenchgrocery\/"]}]}},"brands":[{"id":679,"name":"Knorr","slug":"knorr-fr"}],"_links":{"self":[{"href":"https:\/\/my-french-grocery.com\/fr\/wp-json\/wp\/v2\/product\/8039","targetHints":{"allow":["GET"]}}],"collection":[{"href":"https:\/\/my-french-grocery.com\/fr\/wp-json\/wp\/v2\/product"}],"about":[{"href":"https:\/\/my-french-grocery.com\/fr\/wp-json\/wp\/v2\/types\/product"}],"replies":[{"embeddable":true,"href":"https:\/\/my-french-grocery.com\/fr\/wp-json\/wp\/v2\/comments?post=8039"}],"wp:featuredmedia":[{"embeddable":true,"href":"https:\/\/my-french-grocery.com\/fr\/wp-json\/wp\/v2\/media\/8040"}],"wp:attachment":[{"href":"https:\/\/my-french-grocery.com\/fr\/wp-json\/wp\/v2\/media?parent=8039"}],"wp:term":[{"taxonomy":"pwb-brand","embeddable":true,"href":"https:\/\/my-french-grocery.com\/fr\/wp-json\/wp\/v2\/pwb-brand?post=8039"},{"taxonomy":"product_brand","embeddable":true,"href":"https:\/\/my-french-grocery.com\/fr\/wp-json\/wp\/v2\/product_brand?post=8039"},{"taxonomy":"product_cat","embeddable":true,"href":"https:\/\/my-french-grocery.com\/fr\/wp-json\/wp\/v2\/product_cat?post=8039"},{"taxonomy":"product_tag","embeddable":true,"href":"https:\/\/my-french-grocery.com\/fr\/wp-json\/wp\/v2\/product_tag?post=8039"}],"curies":[{"name":"wp","href":"https:\/\/api.w.org\/{rel}","templated":true}]}}