{"id":8064,"date":"2023-07-01T17:01:16","date_gmt":"2019-02-23T12:25:16","guid":{"rendered":"https:\/\/my-french-grocery.com\/product\/sauce-burger-amora\/"},"modified":"2019-02-23T14:25:16","modified_gmt":"2019-02-23T12:25:16","slug":"sauce-burger-amora","status":"publish","type":"product","link":"https:\/\/my-french-grocery.com\/fr\/produit\/sauce-burger-amora\/","title":{"rendered":"Sauce Burger Amora"},"content":{"rendered":"<p>Sauce Burger Amora<\/p>\n<p>flacon de 448 g<\/p>\n<p>La sauce Burger Amora est id\u00e9ale pour donner \u00e0 vos hamburgers leur go\u00fbt authentique. Cette sauce d\u00e9licieuse peut \u00e9galement accompagner vos frites ou vos grillades. Son bouchon, con\u00e7u pour rester toujours propre, en pr\u00e9servera toute la saveur. Existe en formats 260g et 448g.<\/p>\n<p>Avec les sauces de vari\u00e9t\u00e9s Amora, donnez du go\u00fbt \u00e0 vos plats du quotidien en toute simplicit\u00e9. Leurs textures onctueuses et leurs saveurs \u00e9quilibr\u00e9es sauront agr\u00e9menter chacun de vos repas pour le plaisir de toute la famille.<\/p>\n","protected":false},"excerpt":{"rendered":"<p>Sauce Burger Amora<\/p>\n<p>flacon de 448 g<\/p>\n","protected":false},"featured_media":8065,"comment_status":"open","ping_status":"closed","template":"","meta":[],"pwb-brand":[466],"product_brand":[],"product_cat":[1045],"product_tag":[1425],"class_list":{"0":"post-8064","1":"product","2":"type-product","3":"status-publish","4":"has-post-thumbnail","6":"pwb-brand-amora-fr","7":"product_cat-sauces-fr","8":"product_tag-sauce-fr-2","9":"product_shipping_class-expedition-dans-le-monde-entier","11":"first","12":"instock","13":"taxable","14":"shipping-taxable","15":"purchasable","16":"product-type-simple"},"brands":[{"id":466,"name":"Amora","slug":"amora-fr"}],"_links":{"self":[{"href":"https:\/\/my-french-grocery.com\/fr\/wp-json\/wp\/v2\/product\/8064","targetHints":{"allow":["GET"]}}],"collection":[{"href":"https:\/\/my-french-grocery.com\/fr\/wp-json\/wp\/v2\/product"}],"about":[{"href":"https:\/\/my-french-grocery.com\/fr\/wp-json\/wp\/v2\/types\/product"}],"replies":[{"embeddable":true,"href":"https:\/\/my-french-grocery.com\/fr\/wp-json\/wp\/v2\/comments?post=8064"}],"wp:featuredmedia":[{"embeddable":true,"href":"https:\/\/my-french-grocery.com\/fr\/wp-json\/wp\/v2\/media\/8065"}],"wp:attachment":[{"href":"https:\/\/my-french-grocery.com\/fr\/wp-json\/wp\/v2\/media?parent=8064"}],"wp:term":[{"taxonomy":"pwb-brand","embeddable":true,"href":"https:\/\/my-french-grocery.com\/fr\/wp-json\/wp\/v2\/pwb-brand?post=8064"},{"taxonomy":"product_brand","embeddable":true,"href":"https:\/\/my-french-grocery.com\/fr\/wp-json\/wp\/v2\/product_brand?post=8064"},{"taxonomy":"product_cat","embeddable":true,"href":"https:\/\/my-french-grocery.com\/fr\/wp-json\/wp\/v2\/product_cat?post=8064"},{"taxonomy":"product_tag","embeddable":true,"href":"https:\/\/my-french-grocery.com\/fr\/wp-json\/wp\/v2\/product_tag?post=8064"}],"curies":[{"name":"wp","href":"https:\/\/api.w.org\/{rel}","templated":true}]}}