{"id":8067,"date":"2023-07-01T17:01:42","date_gmt":"2019-02-23T12:29:42","guid":{"rendered":"https:\/\/my-french-grocery.com\/product\/sauce-barbecue-miel-amora\/"},"modified":"2023-02-21T18:44:04","modified_gmt":"2023-02-21T16:44:04","slug":"sauce-barbecue-miel-amora","status":"publish","type":"product","link":"https:\/\/my-french-grocery.com\/fr\/produit\/sauce-barbecue-miel-amora\/","title":{"rendered":"Sauce Barbecue Miel Amora"},"content":{"rendered":"<p>Sauce Barbecue Miel Amora<\/p>\n<p>flacon de 282 g<\/p>\n<p>D\u00e9couvrez la sauce Barbecue Miel, avec son go\u00fbt \u00e9tonnant et sa touche de douceur apport\u00e9e par le miel ! Une recette id\u00e9ale pour sublimer et red\u00e9couvrir vos viandes. Son bouchon, con\u00e7u pour rester toujours propre, en pr\u00e9servera toute la saveur.<\/p>\n<p>Avec les sauces de vari\u00e9t\u00e9s Amora, donnez du go\u00fbt \u00e0 vos plats du quotidien en toute simplicit\u00e9. Leurs textures onctueuses et leurs saveurs \u00e9quilibr\u00e9es sauront agr\u00e9menter chacun de vos repas pour le plaisir de toute la famille.<\/p>\n","protected":false},"excerpt":{"rendered":"<p>Sauce Barbecue Miel Amora<\/p>\n<p>flacon de 282 g<\/p>\n","protected":false},"featured_media":31901,"comment_status":"open","ping_status":"closed","template":"","meta":[],"pwb-brand":[466],"product_brand":[],"product_cat":[1045],"product_tag":[1425],"class_list":{"0":"post-8067","1":"product","2":"type-product","3":"status-publish","4":"has-post-thumbnail","6":"pwb-brand-amora-fr","7":"product_cat-sauces-fr","8":"product_tag-sauce-fr-2","9":"product_shipping_class-expedition-dans-le-monde-entier","11":"first","12":"instock","13":"taxable","14":"shipping-taxable","15":"purchasable","16":"product-type-simple"},"yoast_head":"<!-- This site is optimized with the Yoast SEO plugin v27.4 - https:\/\/yoast.com\/product\/yoast-seo-wordpress\/ -->\n<title>Sauce Barbecue Miel Amora | Acheter En Ligne | My French Grocery<\/title>\n<meta name=\"description\" content=\"Sauce Barbecue Miel Amora - flacon de 282 g - D\u00e9couvrez la sauce Barbecue Miel, avec son go\u00fbt \u00e9tonnant et sa touche de douceur apport\u00e9e par le miel\" \/>\n<meta name=\"robots\" content=\"index, follow, max-snippet:-1, max-image-preview:large, max-video-preview:-1\" \/>\n<link rel=\"canonical\" href=\"https:\/\/my-french-grocery.com\/fr\/produit\/sauce-barbecue-miel-amora\/\" \/>\n<meta property=\"og:locale\" content=\"fr_FR\" \/>\n<meta property=\"og:type\" content=\"article\" \/>\n<meta property=\"og:title\" content=\"Sauce Barbecue Miel Amora | Acheter En Ligne | My French Grocery\" \/>\n<meta property=\"og:description\" content=\"Sauce Barbecue Miel Amora - flacon de 282 g - D\u00e9couvrez la sauce Barbecue Miel, avec son go\u00fbt \u00e9tonnant et sa touche de douceur apport\u00e9e par le miel\" \/>\n<meta property=\"og:url\" content=\"https:\/\/my-french-grocery.com\/fr\/produit\/sauce-barbecue-miel-amora\/\" \/>\n<meta property=\"og:site_name\" content=\"My French Grocery\" \/>\n<meta property=\"article:publisher\" content=\"https:\/\/www.facebook.com\/myfrenchgrocery\/\" \/>\n<meta property=\"article:modified_time\" content=\"2023-02-21T16:44:04+00:00\" \/>\n<meta property=\"og:image\" content=\"https:\/\/my-french-grocery.com\/wp-content\/uploads\/2019\/02\/AMORA-BARBECUE-HONEY.png\" \/>\n\t<meta property=\"og:image:width\" content=\"1200\" \/>\n\t<meta property=\"og:image:height\" content=\"1200\" \/>\n\t<meta property=\"og:image:type\" content=\"image\/png\" \/>\n<meta name=\"twitter:card\" content=\"summary_large_image\" \/>\n<script type=\"application\/ld+json\" class=\"yoast-schema-graph\">{\"@context\":\"https:\\\/\\\/schema.org\",\"@graph\":[{\"@type\":\"WebPage\",\"@id\":\"https:\\\/\\\/my-french-grocery.com\\\/fr\\\/produit\\\/sauce-barbecue-miel-amora\\\/\",\"url\":\"https:\\\/\\\/my-french-grocery.com\\\/fr\\\/produit\\\/sauce-barbecue-miel-amora\\\/\",\"name\":\"Sauce Barbecue Miel Amora | Acheter En Ligne | My French Grocery\",\"isPartOf\":{\"@id\":\"https:\\\/\\\/my-french-grocery.com\\\/fr\\\/#website\"},\"primaryImageOfPage\":{\"@id\":\"https:\\\/\\\/my-french-grocery.com\\\/fr\\\/produit\\\/sauce-barbecue-miel-amora\\\/#primaryimage\"},\"image\":{\"@id\":\"https:\\\/\\\/my-french-grocery.com\\\/fr\\\/produit\\\/sauce-barbecue-miel-amora\\\/#primaryimage\"},\"thumbnailUrl\":\"https:\\\/\\\/my-french-grocery.com\\\/wp-content\\\/uploads\\\/2019\\\/02\\\/AMORA-BARBECUE-HONEY.png\",\"datePublished\":\"2019-02-23T12:29:42+00:00\",\"dateModified\":\"2023-02-21T16:44:04+00:00\",\"description\":\"Sauce Barbecue Miel Amora - flacon de 282 g - D\u00e9couvrez la sauce Barbecue Miel, avec son go\u00fbt \u00e9tonnant et sa touche de douceur apport\u00e9e par le miel\",\"breadcrumb\":{\"@id\":\"https:\\\/\\\/my-french-grocery.com\\\/fr\\\/produit\\\/sauce-barbecue-miel-amora\\\/#breadcrumb\"},\"inLanguage\":\"fr-FR\",\"potentialAction\":[{\"@type\":\"ReadAction\",\"target\":[\"https:\\\/\\\/my-french-grocery.com\\\/fr\\\/produit\\\/sauce-barbecue-miel-amora\\\/\"]}]},{\"@type\":\"ImageObject\",\"inLanguage\":\"fr-FR\",\"@id\":\"https:\\\/\\\/my-french-grocery.com\\\/fr\\\/produit\\\/sauce-barbecue-miel-amora\\\/#primaryimage\",\"url\":\"https:\\\/\\\/my-french-grocery.com\\\/wp-content\\\/uploads\\\/2019\\\/02\\\/AMORA-BARBECUE-HONEY.png\",\"contentUrl\":\"https:\\\/\\\/my-french-grocery.com\\\/wp-content\\\/uploads\\\/2019\\\/02\\\/AMORA-BARBECUE-HONEY.png\",\"width\":1200,\"height\":1200},{\"@type\":\"BreadcrumbList\",\"@id\":\"https:\\\/\\\/my-french-grocery.com\\\/fr\\\/produit\\\/sauce-barbecue-miel-amora\\\/#breadcrumb\",\"itemListElement\":[{\"@type\":\"ListItem\",\"position\":1,\"name\":\"Home\",\"item\":\"https:\\\/\\\/my-french-grocery.com\\\/fr\\\/\"},{\"@type\":\"ListItem\",\"position\":2,\"name\":\"Shop\",\"item\":\"https:\\\/\\\/my-french-grocery.com\\\/shop\\\/\"},{\"@type\":\"ListItem\",\"position\":3,\"name\":\"Alimentation\",\"item\":\"https:\\\/\\\/my-french-grocery.com\\\/fr\\\/categorie-produit\\\/alimentation\\\/\"},{\"@type\":\"ListItem\",\"position\":4,\"name\":\"Sauces\",\"item\":\"https:\\\/\\\/my-french-grocery.com\\\/fr\\\/categorie-produit\\\/alimentation\\\/sauces-fr\\\/\"},{\"@type\":\"ListItem\",\"position\":5,\"name\":\"Sauce Barbecue Miel Amora\"}]},{\"@type\":\"WebSite\",\"@id\":\"https:\\\/\\\/my-french-grocery.com\\\/fr\\\/#website\",\"url\":\"https:\\\/\\\/my-french-grocery.com\\\/fr\\\/\",\"name\":\"My French Grocery\",\"description\":\"Your Online French Grocery  !\",\"publisher\":{\"@id\":\"https:\\\/\\\/my-french-grocery.com\\\/fr\\\/#organization\"},\"potentialAction\":[{\"@type\":\"SearchAction\",\"target\":{\"@type\":\"EntryPoint\",\"urlTemplate\":\"https:\\\/\\\/my-french-grocery.com\\\/fr\\\/?s={search_term_string}\"},\"query-input\":{\"@type\":\"PropertyValueSpecification\",\"valueRequired\":true,\"valueName\":\"search_term_string\"}}],\"inLanguage\":\"fr-FR\"},{\"@type\":\"Organization\",\"@id\":\"https:\\\/\\\/my-french-grocery.com\\\/fr\\\/#organization\",\"name\":\"MY FRENCH GROCERY\",\"url\":\"https:\\\/\\\/my-french-grocery.com\\\/fr\\\/\",\"logo\":{\"@type\":\"ImageObject\",\"inLanguage\":\"fr-FR\",\"@id\":\"https:\\\/\\\/my-french-grocery.com\\\/fr\\\/#\\\/schema\\\/logo\\\/image\\\/\",\"url\":\"https:\\\/\\\/my-french-grocery.com\\\/wp-content\\\/uploads\\\/2021\\\/11\\\/My-French-Grocery-Online-French-Grocery.png\",\"contentUrl\":\"https:\\\/\\\/my-french-grocery.com\\\/wp-content\\\/uploads\\\/2021\\\/11\\\/My-French-Grocery-Online-French-Grocery.png\",\"width\":100,\"height\":100,\"caption\":\"MY FRENCH GROCERY\"},\"image\":{\"@id\":\"https:\\\/\\\/my-french-grocery.com\\\/fr\\\/#\\\/schema\\\/logo\\\/image\\\/\"},\"sameAs\":[\"https:\\\/\\\/www.facebook.com\\\/myfrenchgrocery\\\/\"]}]}<\/script>\n<!-- \/ Yoast SEO plugin. -->","yoast_head_json":{"title":"Sauce Barbecue Miel Amora | Acheter En Ligne | My French Grocery","description":"Sauce Barbecue Miel Amora - flacon de 282 g - D\u00e9couvrez la sauce Barbecue Miel, avec son go\u00fbt \u00e9tonnant et sa touche de douceur apport\u00e9e par le miel","robots":{"index":"index","follow":"follow","max-snippet":"max-snippet:-1","max-image-preview":"max-image-preview:large","max-video-preview":"max-video-preview:-1"},"canonical":"https:\/\/my-french-grocery.com\/fr\/produit\/sauce-barbecue-miel-amora\/","og_locale":"fr_FR","og_type":"article","og_title":"Sauce Barbecue Miel Amora | Acheter En Ligne | My French Grocery","og_description":"Sauce Barbecue Miel Amora - flacon de 282 g - D\u00e9couvrez la sauce Barbecue Miel, avec son go\u00fbt \u00e9tonnant et sa touche de douceur apport\u00e9e par le miel","og_url":"https:\/\/my-french-grocery.com\/fr\/produit\/sauce-barbecue-miel-amora\/","og_site_name":"My French Grocery","article_publisher":"https:\/\/www.facebook.com\/myfrenchgrocery\/","article_modified_time":"2023-02-21T16:44:04+00:00","og_image":[{"width":1200,"height":1200,"url":"https:\/\/my-french-grocery.com\/wp-content\/uploads\/2019\/02\/AMORA-BARBECUE-HONEY.png","type":"image\/png"}],"twitter_card":"summary_large_image","schema":{"@context":"https:\/\/schema.org","@graph":[{"@type":"WebPage","@id":"https:\/\/my-french-grocery.com\/fr\/produit\/sauce-barbecue-miel-amora\/","url":"https:\/\/my-french-grocery.com\/fr\/produit\/sauce-barbecue-miel-amora\/","name":"Sauce Barbecue Miel Amora | Acheter En Ligne | My French Grocery","isPartOf":{"@id":"https:\/\/my-french-grocery.com\/fr\/#website"},"primaryImageOfPage":{"@id":"https:\/\/my-french-grocery.com\/fr\/produit\/sauce-barbecue-miel-amora\/#primaryimage"},"image":{"@id":"https:\/\/my-french-grocery.com\/fr\/produit\/sauce-barbecue-miel-amora\/#primaryimage"},"thumbnailUrl":"https:\/\/my-french-grocery.com\/wp-content\/uploads\/2019\/02\/AMORA-BARBECUE-HONEY.png","datePublished":"2019-02-23T12:29:42+00:00","dateModified":"2023-02-21T16:44:04+00:00","description":"Sauce Barbecue Miel Amora - flacon de 282 g - D\u00e9couvrez la sauce Barbecue Miel, avec son go\u00fbt \u00e9tonnant et sa touche de douceur apport\u00e9e par le miel","breadcrumb":{"@id":"https:\/\/my-french-grocery.com\/fr\/produit\/sauce-barbecue-miel-amora\/#breadcrumb"},"inLanguage":"fr-FR","potentialAction":[{"@type":"ReadAction","target":["https:\/\/my-french-grocery.com\/fr\/produit\/sauce-barbecue-miel-amora\/"]}]},{"@type":"ImageObject","inLanguage":"fr-FR","@id":"https:\/\/my-french-grocery.com\/fr\/produit\/sauce-barbecue-miel-amora\/#primaryimage","url":"https:\/\/my-french-grocery.com\/wp-content\/uploads\/2019\/02\/AMORA-BARBECUE-HONEY.png","contentUrl":"https:\/\/my-french-grocery.com\/wp-content\/uploads\/2019\/02\/AMORA-BARBECUE-HONEY.png","width":1200,"height":1200},{"@type":"BreadcrumbList","@id":"https:\/\/my-french-grocery.com\/fr\/produit\/sauce-barbecue-miel-amora\/#breadcrumb","itemListElement":[{"@type":"ListItem","position":1,"name":"Home","item":"https:\/\/my-french-grocery.com\/fr\/"},{"@type":"ListItem","position":2,"name":"Shop","item":"https:\/\/my-french-grocery.com\/shop\/"},{"@type":"ListItem","position":3,"name":"Alimentation","item":"https:\/\/my-french-grocery.com\/fr\/categorie-produit\/alimentation\/"},{"@type":"ListItem","position":4,"name":"Sauces","item":"https:\/\/my-french-grocery.com\/fr\/categorie-produit\/alimentation\/sauces-fr\/"},{"@type":"ListItem","position":5,"name":"Sauce Barbecue Miel Amora"}]},{"@type":"WebSite","@id":"https:\/\/my-french-grocery.com\/fr\/#website","url":"https:\/\/my-french-grocery.com\/fr\/","name":"My French Grocery","description":"Your Online French Grocery  !","publisher":{"@id":"https:\/\/my-french-grocery.com\/fr\/#organization"},"potentialAction":[{"@type":"SearchAction","target":{"@type":"EntryPoint","urlTemplate":"https:\/\/my-french-grocery.com\/fr\/?s={search_term_string}"},"query-input":{"@type":"PropertyValueSpecification","valueRequired":true,"valueName":"search_term_string"}}],"inLanguage":"fr-FR"},{"@type":"Organization","@id":"https:\/\/my-french-grocery.com\/fr\/#organization","name":"MY FRENCH GROCERY","url":"https:\/\/my-french-grocery.com\/fr\/","logo":{"@type":"ImageObject","inLanguage":"fr-FR","@id":"https:\/\/my-french-grocery.com\/fr\/#\/schema\/logo\/image\/","url":"https:\/\/my-french-grocery.com\/wp-content\/uploads\/2021\/11\/My-French-Grocery-Online-French-Grocery.png","contentUrl":"https:\/\/my-french-grocery.com\/wp-content\/uploads\/2021\/11\/My-French-Grocery-Online-French-Grocery.png","width":100,"height":100,"caption":"MY FRENCH GROCERY"},"image":{"@id":"https:\/\/my-french-grocery.com\/fr\/#\/schema\/logo\/image\/"},"sameAs":["https:\/\/www.facebook.com\/myfrenchgrocery\/"]}]}},"brands":[{"id":466,"name":"Amora","slug":"amora-fr"}],"_links":{"self":[{"href":"https:\/\/my-french-grocery.com\/fr\/wp-json\/wp\/v2\/product\/8067","targetHints":{"allow":["GET"]}}],"collection":[{"href":"https:\/\/my-french-grocery.com\/fr\/wp-json\/wp\/v2\/product"}],"about":[{"href":"https:\/\/my-french-grocery.com\/fr\/wp-json\/wp\/v2\/types\/product"}],"replies":[{"embeddable":true,"href":"https:\/\/my-french-grocery.com\/fr\/wp-json\/wp\/v2\/comments?post=8067"}],"wp:featuredmedia":[{"embeddable":true,"href":"https:\/\/my-french-grocery.com\/fr\/wp-json\/wp\/v2\/media\/31901"}],"wp:attachment":[{"href":"https:\/\/my-french-grocery.com\/fr\/wp-json\/wp\/v2\/media?parent=8067"}],"wp:term":[{"taxonomy":"pwb-brand","embeddable":true,"href":"https:\/\/my-french-grocery.com\/fr\/wp-json\/wp\/v2\/pwb-brand?post=8067"},{"taxonomy":"product_brand","embeddable":true,"href":"https:\/\/my-french-grocery.com\/fr\/wp-json\/wp\/v2\/product_brand?post=8067"},{"taxonomy":"product_cat","embeddable":true,"href":"https:\/\/my-french-grocery.com\/fr\/wp-json\/wp\/v2\/product_cat?post=8067"},{"taxonomy":"product_tag","embeddable":true,"href":"https:\/\/my-french-grocery.com\/fr\/wp-json\/wp\/v2\/product_tag?post=8067"}],"curies":[{"name":"wp","href":"https:\/\/api.w.org\/{rel}","templated":true}]}}