{"id":8134,"date":"2019-02-25T12:55:34","date_gmt":"2019-02-25T10:55:34","guid":{"rendered":"https:\/\/my-french-grocery.com\/product\/sauce-bolognaise-epicee-panzani\/"},"modified":"2019-02-25T12:55:34","modified_gmt":"2019-02-25T10:55:34","slug":"sauce-bolognaise-epicee-panzani","status":"publish","type":"product","link":"https:\/\/my-french-grocery.com\/fr\/produit\/sauce-bolognaise-epicee-panzani\/","title":{"rendered":"Sauce Bolognaise \u00c9pic\u00e9e Panzani"},"content":{"rendered":"<p>Sauce Bolognaise \u00c9pic\u00e9e Panzani<\/p>\n<p>pot de 400 g<\/p>\n<p>Retrouvez la g\u00e9n\u00e9rosit\u00e9 de la sauce Bolognaise Panzani dans une recette \u00e9pic\u00e9e. Cuisin\u00e9e avec une viande sel\u00e9ctionn\u00e9e, des tomates savoureuses et une touche d\u2019\u00e9pices, cette sauce gourmande viendra relever vos p\u00e2tes pour un r\u00e9el moment de plaisir au quotidien.Une viande s\u00e9lectionn\u00e9e, des tomates de plein champ, une touche d\u2019\u00e9pices, sans colorant ni conservateur<\/p>\n","protected":false},"excerpt":{"rendered":"<p>Sauce Bolognaise \u00c9pic\u00e9e Panzani<\/p>\n<p>pot de 400 g<\/p>\n","protected":false},"featured_media":8135,"comment_status":"open","ping_status":"closed","template":"","meta":[],"pwb-brand":[847],"product_brand":[],"product_cat":[1045],"product_tag":[1424,1445],"class_list":{"0":"post-8134","1":"product","2":"type-product","3":"status-publish","4":"has-post-thumbnail","6":"pwb-brand-panzani-fr","7":"product_cat-sauces-fr","8":"product_tag-sauce-fr","9":"product_tag-sauce-tomate","10":"product_shipping_class-expedition-dans-le-monde-entier","12":"first","13":"outofstock","14":"taxable","15":"shipping-taxable","16":"purchasable","17":"product-type-simple"},"brands":[{"id":847,"name":"Panzani","slug":"panzani-fr"}],"_links":{"self":[{"href":"https:\/\/my-french-grocery.com\/fr\/wp-json\/wp\/v2\/product\/8134","targetHints":{"allow":["GET"]}}],"collection":[{"href":"https:\/\/my-french-grocery.com\/fr\/wp-json\/wp\/v2\/product"}],"about":[{"href":"https:\/\/my-french-grocery.com\/fr\/wp-json\/wp\/v2\/types\/product"}],"replies":[{"embeddable":true,"href":"https:\/\/my-french-grocery.com\/fr\/wp-json\/wp\/v2\/comments?post=8134"}],"wp:featuredmedia":[{"embeddable":true,"href":"https:\/\/my-french-grocery.com\/fr\/wp-json\/wp\/v2\/media\/8135"}],"wp:attachment":[{"href":"https:\/\/my-french-grocery.com\/fr\/wp-json\/wp\/v2\/media?parent=8134"}],"wp:term":[{"taxonomy":"pwb-brand","embeddable":true,"href":"https:\/\/my-french-grocery.com\/fr\/wp-json\/wp\/v2\/pwb-brand?post=8134"},{"taxonomy":"product_brand","embeddable":true,"href":"https:\/\/my-french-grocery.com\/fr\/wp-json\/wp\/v2\/product_brand?post=8134"},{"taxonomy":"product_cat","embeddable":true,"href":"https:\/\/my-french-grocery.com\/fr\/wp-json\/wp\/v2\/product_cat?post=8134"},{"taxonomy":"product_tag","embeddable":true,"href":"https:\/\/my-french-grocery.com\/fr\/wp-json\/wp\/v2\/product_tag?post=8134"}],"curies":[{"name":"wp","href":"https:\/\/api.w.org\/{rel}","templated":true}]}}