{"id":8182,"date":"2019-02-26T18:40:07","date_gmt":"2019-02-26T16:40:07","guid":{"rendered":"https:\/\/my-french-grocery.com\/product\/fromage-aperitif-4-saveurs-apericube-2\/"},"modified":"2019-02-26T18:40:07","modified_gmt":"2019-02-26T16:40:07","slug":"fromage-aperitif-4-saveurs-apericube-2","status":"publish","type":"product","link":"https:\/\/my-french-grocery.com\/fr\/produit\/fromage-aperitif-4-saveurs-apericube-2\/","title":{"rendered":"Fromage Ap\u00e9ritif 4 Saveurs Ap\u00e9ricube"},"content":{"rendered":"<p>Fromage Ap\u00e9ritif 4 Saveurs Ap\u00e9ricube<\/p>\n<p>48 Cubes \u2013 250g<\/p>\n<p>Des bouch\u00e9es Ap\u00e9ricube d\u2019une telle subtilit\u00e9 qu\u2019elles vous rendront carr\u00e9ment toqu\u00e9s ! Go\u00fbts: Foie gras, jambon cru, saumon aneth, figue noix<\/p>\n","protected":false},"excerpt":{"rendered":"<p>Fromage Ap\u00e9ritif 4 Saveurs Ap\u00e9ricube<\/p>\n<p>48 Cubes &#8211; 250g<\/p>\n","protected":false},"featured_media":8183,"comment_status":"open","ping_status":"closed","template":"","meta":[],"pwb-brand":[487],"product_brand":[],"product_cat":[1032],"product_tag":[1083],"class_list":{"0":"post-8182","1":"product","2":"type-product","3":"status-publish","4":"has-post-thumbnail","6":"pwb-brand-apericube-fr","7":"product_cat-fromages","8":"product_tag-apericubes-fr","9":"product_shipping_class-expedition-dans-le-monde-entier","11":"first","12":"outofstock","13":"taxable","14":"shipping-taxable","15":"purchasable","16":"product-type-simple"},"brands":[{"id":487,"name":"Ap\u00e9ricube","slug":"apericube-fr"}],"_links":{"self":[{"href":"https:\/\/my-french-grocery.com\/fr\/wp-json\/wp\/v2\/product\/8182","targetHints":{"allow":["GET"]}}],"collection":[{"href":"https:\/\/my-french-grocery.com\/fr\/wp-json\/wp\/v2\/product"}],"about":[{"href":"https:\/\/my-french-grocery.com\/fr\/wp-json\/wp\/v2\/types\/product"}],"replies":[{"embeddable":true,"href":"https:\/\/my-french-grocery.com\/fr\/wp-json\/wp\/v2\/comments?post=8182"}],"wp:featuredmedia":[{"embeddable":true,"href":"https:\/\/my-french-grocery.com\/fr\/wp-json\/wp\/v2\/media\/8183"}],"wp:attachment":[{"href":"https:\/\/my-french-grocery.com\/fr\/wp-json\/wp\/v2\/media?parent=8182"}],"wp:term":[{"taxonomy":"pwb-brand","embeddable":true,"href":"https:\/\/my-french-grocery.com\/fr\/wp-json\/wp\/v2\/pwb-brand?post=8182"},{"taxonomy":"product_brand","embeddable":true,"href":"https:\/\/my-french-grocery.com\/fr\/wp-json\/wp\/v2\/product_brand?post=8182"},{"taxonomy":"product_cat","embeddable":true,"href":"https:\/\/my-french-grocery.com\/fr\/wp-json\/wp\/v2\/product_cat?post=8182"},{"taxonomy":"product_tag","embeddable":true,"href":"https:\/\/my-french-grocery.com\/fr\/wp-json\/wp\/v2\/product_tag?post=8182"}],"curies":[{"name":"wp","href":"https:\/\/api.w.org\/{rel}","templated":true}]}}