{"id":8207,"date":"2019-02-28T15:31:26","date_gmt":"2019-02-28T13:31:26","guid":{"rendered":"https:\/\/my-french-grocery.com\/product\/boisson-lactee-au-chocolat-candyup\/"},"modified":"2019-02-28T15:31:26","modified_gmt":"2019-02-28T13:31:26","slug":"boisson-lactee-au-chocolat-candyup","status":"publish","type":"product","link":"https:\/\/my-french-grocery.com\/fr\/produit\/boisson-lactee-au-chocolat-candyup\/","title":{"rendered":"Boisson Lact\u00e9e Au Chocolat Candy\u2019Up"},"content":{"rendered":"<p>Boisson Lact\u00e9e Au Chocolat Candy\u2019Up<\/p>\n<p>6 X 20cl<\/p>\n<div class=\"regulated-name\">\n<p class=\"paragraph\">Boisson lact\u00e9e chocolat\u00e9e, st\u00e9rilis\u00e9e UHT, \u00e0 1% de Mat. Gr. et enrichie en vitamine D<\/p>\n<\/div>\n","protected":false},"excerpt":{"rendered":"<p>Boisson Lact\u00e9e Au Chocolat Candy\u2019Up<\/p>\n<p>6 X 20cl<\/p>\n","protected":false},"featured_media":8208,"comment_status":"open","ping_status":"closed","template":"","meta":[],"pwb-brand":[558],"product_brand":[],"product_cat":[1004],"product_tag":[1121],"class_list":{"0":"post-8207","1":"product","2":"type-product","3":"status-publish","4":"has-post-thumbnail","6":"pwb-brand-candyup-fr","7":"product_cat-lait-lait-aromatise","8":"product_tag-candia-fr","9":"product_shipping_class-expedition-dans-le-monde-entier","11":"first","12":"instock","13":"taxable","14":"shipping-taxable","15":"purchasable","16":"product-type-simple"},"brands":[{"id":558,"name":"Candy'Up","slug":"candyup-fr"}],"_links":{"self":[{"href":"https:\/\/my-french-grocery.com\/fr\/wp-json\/wp\/v2\/product\/8207","targetHints":{"allow":["GET"]}}],"collection":[{"href":"https:\/\/my-french-grocery.com\/fr\/wp-json\/wp\/v2\/product"}],"about":[{"href":"https:\/\/my-french-grocery.com\/fr\/wp-json\/wp\/v2\/types\/product"}],"replies":[{"embeddable":true,"href":"https:\/\/my-french-grocery.com\/fr\/wp-json\/wp\/v2\/comments?post=8207"}],"wp:featuredmedia":[{"embeddable":true,"href":"https:\/\/my-french-grocery.com\/fr\/wp-json\/wp\/v2\/media\/8208"}],"wp:attachment":[{"href":"https:\/\/my-french-grocery.com\/fr\/wp-json\/wp\/v2\/media?parent=8207"}],"wp:term":[{"taxonomy":"pwb-brand","embeddable":true,"href":"https:\/\/my-french-grocery.com\/fr\/wp-json\/wp\/v2\/pwb-brand?post=8207"},{"taxonomy":"product_brand","embeddable":true,"href":"https:\/\/my-french-grocery.com\/fr\/wp-json\/wp\/v2\/product_brand?post=8207"},{"taxonomy":"product_cat","embeddable":true,"href":"https:\/\/my-french-grocery.com\/fr\/wp-json\/wp\/v2\/product_cat?post=8207"},{"taxonomy":"product_tag","embeddable":true,"href":"https:\/\/my-french-grocery.com\/fr\/wp-json\/wp\/v2\/product_tag?post=8207"}],"curies":[{"name":"wp","href":"https:\/\/api.w.org\/{rel}","templated":true}]}}