{"id":8296,"date":"2019-03-02T15:23:59","date_gmt":"2019-03-02T13:23:59","guid":{"rendered":"https:\/\/my-french-grocery.com\/product\/pates-serpentini-panzani\/"},"modified":"2019-03-02T15:23:59","modified_gmt":"2019-03-02T13:23:59","slug":"pates-serpentini-panzani","status":"publish","type":"product","link":"https:\/\/my-french-grocery.com\/fr\/produit\/pates-serpentini-panzani\/","title":{"rendered":"P\u00e2tes Serpentini Panzani"},"content":{"rendered":"<p>P\u00e2tes Serpentini Panzani<\/p>\n<p>1 kg<\/p>\n<p>Avec son nom et les couleurs de son logo, Panzani \u00e9voque l\u2019Italie et sa cuisine m\u00e9diterran\u00e9enne. A la recherche de plaisir et de gourmandise, Panzani s\u00e9lectionne les meilleurs ingr\u00e9dients pour faire des repas quotidiens de vrais moments de plaisir et de convivialit\u00e9.<\/p>\n","protected":false},"excerpt":{"rendered":"<p>P\u00e2tes Serpentini Panzani<\/p>\n<p>1 kg<\/p>\n","protected":false},"featured_media":8297,"comment_status":"open","ping_status":"closed","template":"","meta":[],"pwb-brand":[847],"product_brand":[],"product_cat":[1044],"product_tag":[1363],"class_list":{"0":"post-8296","1":"product","2":"type-product","3":"status-publish","4":"has-post-thumbnail","6":"pwb-brand-panzani-fr","7":"product_cat-pates-riz","8":"product_tag-panzani-fr-2","9":"product_shipping_class-expedition-dans-le-monde-entier","11":"first","12":"instock","13":"taxable","14":"shipping-taxable","15":"purchasable","16":"product-type-simple"},"brands":[{"id":847,"name":"Panzani","slug":"panzani-fr"}],"_links":{"self":[{"href":"https:\/\/my-french-grocery.com\/fr\/wp-json\/wp\/v2\/product\/8296","targetHints":{"allow":["GET"]}}],"collection":[{"href":"https:\/\/my-french-grocery.com\/fr\/wp-json\/wp\/v2\/product"}],"about":[{"href":"https:\/\/my-french-grocery.com\/fr\/wp-json\/wp\/v2\/types\/product"}],"replies":[{"embeddable":true,"href":"https:\/\/my-french-grocery.com\/fr\/wp-json\/wp\/v2\/comments?post=8296"}],"wp:featuredmedia":[{"embeddable":true,"href":"https:\/\/my-french-grocery.com\/fr\/wp-json\/wp\/v2\/media\/8297"}],"wp:attachment":[{"href":"https:\/\/my-french-grocery.com\/fr\/wp-json\/wp\/v2\/media?parent=8296"}],"wp:term":[{"taxonomy":"pwb-brand","embeddable":true,"href":"https:\/\/my-french-grocery.com\/fr\/wp-json\/wp\/v2\/pwb-brand?post=8296"},{"taxonomy":"product_brand","embeddable":true,"href":"https:\/\/my-french-grocery.com\/fr\/wp-json\/wp\/v2\/product_brand?post=8296"},{"taxonomy":"product_cat","embeddable":true,"href":"https:\/\/my-french-grocery.com\/fr\/wp-json\/wp\/v2\/product_cat?post=8296"},{"taxonomy":"product_tag","embeddable":true,"href":"https:\/\/my-french-grocery.com\/fr\/wp-json\/wp\/v2\/product_tag?post=8296"}],"curies":[{"name":"wp","href":"https:\/\/api.w.org\/{rel}","templated":true}]}}