{"id":8363,"date":"2023-07-01T17:00:51","date_gmt":"2019-03-20T14:53:51","guid":{"rendered":"https:\/\/my-french-grocery.com\/product\/preparation-gateau-aux-pommes-alsa\/"},"modified":"2019-03-20T16:53:51","modified_gmt":"2019-03-20T14:53:51","slug":"preparation-gateau-aux-pommes-alsa","status":"publish","type":"product","link":"https:\/\/my-french-grocery.com\/fr\/produit\/preparation-gateau-aux-pommes-alsa\/","title":{"rendered":"Pr\u00e9paration G\u00e2teau Aux Pommes Alsa"},"content":{"rendered":"<div class=\"product-name-section\">\n<p class=\"product-name\" data-name-link=\"Muffins ALSA, bouteille de 415g\">Pr\u00e9paration Pour G\u00e2teau Aux Pommes Alsa<\/p>\n<p class=\"product-name\" data-name-link=\"Muffins ALSA, bouteille de 415g\"><span class=\"goog-text-highlight\">Boite de 300g\u00a0<\/span><\/p>\n<\/div>\n<div id=\"product-content\" class=\"product-content \">\n<div class=\"product-review\" data-pid=\"7616730\"><\/div>\n<\/div>\n<p>Chez Alsa\u00ae, nous voulons faire rimer la p\u00e2tisserie, le plaisir et la gourmandise et ne laisser que le meilleur \u00e0 nos consommateurs : la joie et la fiert\u00e9 de finaliser leurs desserts. Alsa\u00ae est le partenaire id\u00e9al de vos desserts au quotidien et de vos moments festifs. Avec notre large gamme d\u2019aides \u00e0 la p\u00e2tisserie et de desserts \u00e0 pr\u00e9parer, d\u00e9butants comme confirm\u00e9s peuvent cr\u00e9er un moment de partage et de plaisir gourmand en famille ou entre amis. Avec Alsa\u00ae, l\u2019amour \u00e7a se voit !<\/p>\n","protected":false},"excerpt":{"rendered":"<p class=\"product-name\" data-name-link=\"Muffins ALSA, bouteille de 415g\">Pr\u00e9paration Pour G\u00e2teau Aux Pommes Alsa<\/p>\n<p class=\"product-name\" data-name-link=\"Muffins ALSA, bouteille de 415g\"><span class=\"goog-text-highlight\">Boite de 300g\u00a0<\/span><\/p>\n","protected":false},"featured_media":8364,"comment_status":"open","ping_status":"closed","template":"","meta":[],"pwb-brand":[462],"product_brand":[],"product_cat":[1023],"product_tag":[1074],"class_list":{"0":"post-8363","1":"product","2":"type-product","3":"status-publish","4":"has-post-thumbnail","6":"pwb-brand-alsa-fr","7":"product_cat-patisserie","8":"product_tag-alsa-fr","9":"product_shipping_class-expedition-dans-le-monde-entier","11":"first","12":"outofstock","13":"taxable","14":"shipping-taxable","15":"purchasable","16":"product-type-simple"},"yoast_head":"<!-- This site is optimized with the Yoast SEO plugin v27.4 - https:\/\/yoast.com\/product\/yoast-seo-wordpress\/ -->\n<title>Pr\u00e9paration G\u00e2teau Aux Pommes Alsa | Buy Online | My French Grocery<\/title>\n<meta name=\"robots\" content=\"index, follow, max-snippet:-1, max-image-preview:large, max-video-preview:-1\" \/>\n<link rel=\"canonical\" href=\"https:\/\/my-french-grocery.com\/fr\/produit\/preparation-gateau-aux-pommes-alsa\/\" \/>\n<meta property=\"og:locale\" content=\"fr_FR\" \/>\n<meta property=\"og:type\" content=\"article\" \/>\n<meta property=\"og:title\" content=\"Pr\u00e9paration G\u00e2teau Aux Pommes Alsa | Buy Online | My French Grocery\" \/>\n<meta property=\"og:description\" content=\"Pr\u00e9paration Pour G\u00e2teau Aux Pommes Alsa Boite de 300g\u00a0\" \/>\n<meta property=\"og:url\" content=\"https:\/\/my-french-grocery.com\/fr\/produit\/preparation-gateau-aux-pommes-alsa\/\" \/>\n<meta property=\"og:site_name\" content=\"My French Grocery\" \/>\n<meta property=\"article:publisher\" content=\"https:\/\/www.facebook.com\/myfrenchgrocery\/\" \/>\n<meta property=\"og:image\" content=\"https:\/\/my-french-grocery.com\/wp-content\/uploads\/2019\/03\/ALSA-APPLE-CAKE.png\" \/>\n\t<meta property=\"og:image:width\" content=\"400\" \/>\n\t<meta property=\"og:image:height\" content=\"400\" \/>\n\t<meta property=\"og:image:type\" content=\"image\/png\" \/>\n<meta name=\"twitter:card\" content=\"summary_large_image\" \/>\n<meta name=\"twitter:label1\" content=\"Dur\u00e9e de lecture estim\u00e9e\" \/>\n\t<meta name=\"twitter:data1\" content=\"1 minute\" \/>\n<script type=\"application\/ld+json\" class=\"yoast-schema-graph\">{\"@context\":\"https:\\\/\\\/schema.org\",\"@graph\":[{\"@type\":\"WebPage\",\"@id\":\"https:\\\/\\\/my-french-grocery.com\\\/fr\\\/produit\\\/preparation-gateau-aux-pommes-alsa\\\/\",\"url\":\"https:\\\/\\\/my-french-grocery.com\\\/fr\\\/produit\\\/preparation-gateau-aux-pommes-alsa\\\/\",\"name\":\"Pr\u00e9paration G\u00e2teau Aux Pommes Alsa | Buy Online | My French Grocery\",\"isPartOf\":{\"@id\":\"https:\\\/\\\/my-french-grocery.com\\\/fr\\\/#website\"},\"primaryImageOfPage\":{\"@id\":\"https:\\\/\\\/my-french-grocery.com\\\/fr\\\/produit\\\/preparation-gateau-aux-pommes-alsa\\\/#primaryimage\"},\"image\":{\"@id\":\"https:\\\/\\\/my-french-grocery.com\\\/fr\\\/produit\\\/preparation-gateau-aux-pommes-alsa\\\/#primaryimage\"},\"thumbnailUrl\":\"https:\\\/\\\/my-french-grocery.com\\\/wp-content\\\/uploads\\\/2019\\\/03\\\/ALSA-APPLE-CAKE.png\",\"datePublished\":\"2019-03-20T14:53:51+00:00\",\"breadcrumb\":{\"@id\":\"https:\\\/\\\/my-french-grocery.com\\\/fr\\\/produit\\\/preparation-gateau-aux-pommes-alsa\\\/#breadcrumb\"},\"inLanguage\":\"fr-FR\",\"potentialAction\":[{\"@type\":\"ReadAction\",\"target\":[\"https:\\\/\\\/my-french-grocery.com\\\/fr\\\/produit\\\/preparation-gateau-aux-pommes-alsa\\\/\"]}]},{\"@type\":\"ImageObject\",\"inLanguage\":\"fr-FR\",\"@id\":\"https:\\\/\\\/my-french-grocery.com\\\/fr\\\/produit\\\/preparation-gateau-aux-pommes-alsa\\\/#primaryimage\",\"url\":\"https:\\\/\\\/my-french-grocery.com\\\/wp-content\\\/uploads\\\/2019\\\/03\\\/ALSA-APPLE-CAKE.png\",\"contentUrl\":\"https:\\\/\\\/my-french-grocery.com\\\/wp-content\\\/uploads\\\/2019\\\/03\\\/ALSA-APPLE-CAKE.png\",\"width\":400,\"height\":400,\"caption\":\"Pr\u00e9paration G\u00e2teau Aux Pommes Alsa - My French Grocery\"},{\"@type\":\"BreadcrumbList\",\"@id\":\"https:\\\/\\\/my-french-grocery.com\\\/fr\\\/produit\\\/preparation-gateau-aux-pommes-alsa\\\/#breadcrumb\",\"itemListElement\":[{\"@type\":\"ListItem\",\"position\":1,\"name\":\"Home\",\"item\":\"https:\\\/\\\/my-french-grocery.com\\\/fr\\\/\"},{\"@type\":\"ListItem\",\"position\":2,\"name\":\"Shop\",\"item\":\"https:\\\/\\\/my-french-grocery.com\\\/shop\\\/\"},{\"@type\":\"ListItem\",\"position\":3,\"name\":\"Alimentation\",\"item\":\"https:\\\/\\\/my-french-grocery.com\\\/fr\\\/categorie-produit\\\/alimentation\\\/\"},{\"@type\":\"ListItem\",\"position\":4,\"name\":\"Pain - P\u00e2tisserie\",\"item\":\"https:\\\/\\\/my-french-grocery.com\\\/fr\\\/categorie-produit\\\/alimentation\\\/pain-patisserie\\\/\"},{\"@type\":\"ListItem\",\"position\":5,\"name\":\"P\u00e2tisserie\",\"item\":\"https:\\\/\\\/my-french-grocery.com\\\/fr\\\/categorie-produit\\\/alimentation\\\/pain-patisserie\\\/patisserie\\\/\"},{\"@type\":\"ListItem\",\"position\":6,\"name\":\"Pr\u00e9paration G\u00e2teau Aux Pommes Alsa\"}]},{\"@type\":\"WebSite\",\"@id\":\"https:\\\/\\\/my-french-grocery.com\\\/fr\\\/#website\",\"url\":\"https:\\\/\\\/my-french-grocery.com\\\/fr\\\/\",\"name\":\"My French Grocery\",\"description\":\"Your Online French Grocery  !\",\"publisher\":{\"@id\":\"https:\\\/\\\/my-french-grocery.com\\\/fr\\\/#organization\"},\"potentialAction\":[{\"@type\":\"SearchAction\",\"target\":{\"@type\":\"EntryPoint\",\"urlTemplate\":\"https:\\\/\\\/my-french-grocery.com\\\/fr\\\/?s={search_term_string}\"},\"query-input\":{\"@type\":\"PropertyValueSpecification\",\"valueRequired\":true,\"valueName\":\"search_term_string\"}}],\"inLanguage\":\"fr-FR\"},{\"@type\":\"Organization\",\"@id\":\"https:\\\/\\\/my-french-grocery.com\\\/fr\\\/#organization\",\"name\":\"MY FRENCH GROCERY\",\"url\":\"https:\\\/\\\/my-french-grocery.com\\\/fr\\\/\",\"logo\":{\"@type\":\"ImageObject\",\"inLanguage\":\"fr-FR\",\"@id\":\"https:\\\/\\\/my-french-grocery.com\\\/fr\\\/#\\\/schema\\\/logo\\\/image\\\/\",\"url\":\"https:\\\/\\\/my-french-grocery.com\\\/wp-content\\\/uploads\\\/2021\\\/11\\\/My-French-Grocery-Online-French-Grocery.png\",\"contentUrl\":\"https:\\\/\\\/my-french-grocery.com\\\/wp-content\\\/uploads\\\/2021\\\/11\\\/My-French-Grocery-Online-French-Grocery.png\",\"width\":100,\"height\":100,\"caption\":\"MY FRENCH GROCERY\"},\"image\":{\"@id\":\"https:\\\/\\\/my-french-grocery.com\\\/fr\\\/#\\\/schema\\\/logo\\\/image\\\/\"},\"sameAs\":[\"https:\\\/\\\/www.facebook.com\\\/myfrenchgrocery\\\/\"]}]}<\/script>\n<!-- \/ Yoast SEO plugin. -->","yoast_head_json":{"title":"Pr\u00e9paration G\u00e2teau Aux Pommes Alsa | Buy Online | My French Grocery","robots":{"index":"index","follow":"follow","max-snippet":"max-snippet:-1","max-image-preview":"max-image-preview:large","max-video-preview":"max-video-preview:-1"},"canonical":"https:\/\/my-french-grocery.com\/fr\/produit\/preparation-gateau-aux-pommes-alsa\/","og_locale":"fr_FR","og_type":"article","og_title":"Pr\u00e9paration G\u00e2teau Aux Pommes Alsa | Buy Online | My French Grocery","og_description":"Pr\u00e9paration Pour G\u00e2teau Aux Pommes Alsa Boite de 300g\u00a0","og_url":"https:\/\/my-french-grocery.com\/fr\/produit\/preparation-gateau-aux-pommes-alsa\/","og_site_name":"My French Grocery","article_publisher":"https:\/\/www.facebook.com\/myfrenchgrocery\/","og_image":[{"width":400,"height":400,"url":"https:\/\/my-french-grocery.com\/wp-content\/uploads\/2019\/03\/ALSA-APPLE-CAKE.png","type":"image\/png"}],"twitter_card":"summary_large_image","twitter_misc":{"Dur\u00e9e de lecture estim\u00e9e":"1 minute"},"schema":{"@context":"https:\/\/schema.org","@graph":[{"@type":"WebPage","@id":"https:\/\/my-french-grocery.com\/fr\/produit\/preparation-gateau-aux-pommes-alsa\/","url":"https:\/\/my-french-grocery.com\/fr\/produit\/preparation-gateau-aux-pommes-alsa\/","name":"Pr\u00e9paration G\u00e2teau Aux Pommes Alsa | Buy Online | My French Grocery","isPartOf":{"@id":"https:\/\/my-french-grocery.com\/fr\/#website"},"primaryImageOfPage":{"@id":"https:\/\/my-french-grocery.com\/fr\/produit\/preparation-gateau-aux-pommes-alsa\/#primaryimage"},"image":{"@id":"https:\/\/my-french-grocery.com\/fr\/produit\/preparation-gateau-aux-pommes-alsa\/#primaryimage"},"thumbnailUrl":"https:\/\/my-french-grocery.com\/wp-content\/uploads\/2019\/03\/ALSA-APPLE-CAKE.png","datePublished":"2019-03-20T14:53:51+00:00","breadcrumb":{"@id":"https:\/\/my-french-grocery.com\/fr\/produit\/preparation-gateau-aux-pommes-alsa\/#breadcrumb"},"inLanguage":"fr-FR","potentialAction":[{"@type":"ReadAction","target":["https:\/\/my-french-grocery.com\/fr\/produit\/preparation-gateau-aux-pommes-alsa\/"]}]},{"@type":"ImageObject","inLanguage":"fr-FR","@id":"https:\/\/my-french-grocery.com\/fr\/produit\/preparation-gateau-aux-pommes-alsa\/#primaryimage","url":"https:\/\/my-french-grocery.com\/wp-content\/uploads\/2019\/03\/ALSA-APPLE-CAKE.png","contentUrl":"https:\/\/my-french-grocery.com\/wp-content\/uploads\/2019\/03\/ALSA-APPLE-CAKE.png","width":400,"height":400,"caption":"Pr\u00e9paration G\u00e2teau Aux Pommes Alsa - My French Grocery"},{"@type":"BreadcrumbList","@id":"https:\/\/my-french-grocery.com\/fr\/produit\/preparation-gateau-aux-pommes-alsa\/#breadcrumb","itemListElement":[{"@type":"ListItem","position":1,"name":"Home","item":"https:\/\/my-french-grocery.com\/fr\/"},{"@type":"ListItem","position":2,"name":"Shop","item":"https:\/\/my-french-grocery.com\/shop\/"},{"@type":"ListItem","position":3,"name":"Alimentation","item":"https:\/\/my-french-grocery.com\/fr\/categorie-produit\/alimentation\/"},{"@type":"ListItem","position":4,"name":"Pain - P\u00e2tisserie","item":"https:\/\/my-french-grocery.com\/fr\/categorie-produit\/alimentation\/pain-patisserie\/"},{"@type":"ListItem","position":5,"name":"P\u00e2tisserie","item":"https:\/\/my-french-grocery.com\/fr\/categorie-produit\/alimentation\/pain-patisserie\/patisserie\/"},{"@type":"ListItem","position":6,"name":"Pr\u00e9paration G\u00e2teau Aux Pommes Alsa"}]},{"@type":"WebSite","@id":"https:\/\/my-french-grocery.com\/fr\/#website","url":"https:\/\/my-french-grocery.com\/fr\/","name":"My French Grocery","description":"Your Online French Grocery  !","publisher":{"@id":"https:\/\/my-french-grocery.com\/fr\/#organization"},"potentialAction":[{"@type":"SearchAction","target":{"@type":"EntryPoint","urlTemplate":"https:\/\/my-french-grocery.com\/fr\/?s={search_term_string}"},"query-input":{"@type":"PropertyValueSpecification","valueRequired":true,"valueName":"search_term_string"}}],"inLanguage":"fr-FR"},{"@type":"Organization","@id":"https:\/\/my-french-grocery.com\/fr\/#organization","name":"MY FRENCH GROCERY","url":"https:\/\/my-french-grocery.com\/fr\/","logo":{"@type":"ImageObject","inLanguage":"fr-FR","@id":"https:\/\/my-french-grocery.com\/fr\/#\/schema\/logo\/image\/","url":"https:\/\/my-french-grocery.com\/wp-content\/uploads\/2021\/11\/My-French-Grocery-Online-French-Grocery.png","contentUrl":"https:\/\/my-french-grocery.com\/wp-content\/uploads\/2021\/11\/My-French-Grocery-Online-French-Grocery.png","width":100,"height":100,"caption":"MY FRENCH GROCERY"},"image":{"@id":"https:\/\/my-french-grocery.com\/fr\/#\/schema\/logo\/image\/"},"sameAs":["https:\/\/www.facebook.com\/myfrenchgrocery\/"]}]}},"brands":[{"id":462,"name":"Alsa","slug":"alsa-fr"}],"_links":{"self":[{"href":"https:\/\/my-french-grocery.com\/fr\/wp-json\/wp\/v2\/product\/8363","targetHints":{"allow":["GET"]}}],"collection":[{"href":"https:\/\/my-french-grocery.com\/fr\/wp-json\/wp\/v2\/product"}],"about":[{"href":"https:\/\/my-french-grocery.com\/fr\/wp-json\/wp\/v2\/types\/product"}],"replies":[{"embeddable":true,"href":"https:\/\/my-french-grocery.com\/fr\/wp-json\/wp\/v2\/comments?post=8363"}],"wp:featuredmedia":[{"embeddable":true,"href":"https:\/\/my-french-grocery.com\/fr\/wp-json\/wp\/v2\/media\/8364"}],"wp:attachment":[{"href":"https:\/\/my-french-grocery.com\/fr\/wp-json\/wp\/v2\/media?parent=8363"}],"wp:term":[{"taxonomy":"pwb-brand","embeddable":true,"href":"https:\/\/my-french-grocery.com\/fr\/wp-json\/wp\/v2\/pwb-brand?post=8363"},{"taxonomy":"product_brand","embeddable":true,"href":"https:\/\/my-french-grocery.com\/fr\/wp-json\/wp\/v2\/product_brand?post=8363"},{"taxonomy":"product_cat","embeddable":true,"href":"https:\/\/my-french-grocery.com\/fr\/wp-json\/wp\/v2\/product_cat?post=8363"},{"taxonomy":"product_tag","embeddable":true,"href":"https:\/\/my-french-grocery.com\/fr\/wp-json\/wp\/v2\/product_tag?post=8363"}],"curies":[{"name":"wp","href":"https:\/\/api.w.org\/{rel}","templated":true}]}}