{"id":8483,"date":"2019-03-26T16:46:15","date_gmt":"2019-03-26T14:46:15","guid":{"rendered":"https:\/\/my-french-grocery.com\/product\/preparation-pour-pain-maison-francine\/"},"modified":"2019-03-26T16:46:15","modified_gmt":"2019-03-26T14:46:15","slug":"preparation-pour-pain-maison-francine","status":"publish","type":"product","link":"https:\/\/my-french-grocery.com\/fr\/produit\/preparation-pour-pain-maison-francine\/","title":{"rendered":"Pr\u00e9paration Pour Pain Maison Francine"},"content":{"rendered":"<p class=\"title\">Pr\u00e9paration Pour Pain Maison Francine<\/p>\n<p>Paquet de 1,5 kg<\/p>\n<div id=\"1965\" class=\"cd-timeline-block\">\n<div class=\"cd-timeline-content bounce-in\">\n<p>Nous choisissons nos fournisseurs de bl\u00e9s en favorisant ceux \u00e0 proximit\u00e9 de nos moulins.<br \/>\nNous prenons le soin de s\u00e9lectionner les meilleurs vari\u00e9t\u00e9s et lots de bl\u00e9s. Nous les m\u00e9langeons ensuite en fonction de leurs caract\u00e9ristiques afin d\u2019obtenir des produits de qualit\u00e9 constante. Chez Francine, la qualit\u00e9 et la proximit\u00e9 sont notre priorit\u00e9 !<\/p>\n<\/div>\n<\/div>\n","protected":false},"excerpt":{"rendered":"<p class=\"title\">Pr\u00e9paration Pour Pain Maison Francine<\/p>\n<p>Paquet de 1,5 kg<\/p>\n","protected":false},"featured_media":8484,"comment_status":"open","ping_status":"closed","template":"","meta":[],"pwb-brand":[624],"product_brand":[],"product_cat":[1023],"product_tag":[1205],"class_list":{"0":"post-8483","1":"product","2":"type-product","3":"status-publish","4":"has-post-thumbnail","6":"pwb-brand-francine-fr","7":"product_cat-patisserie","8":"product_tag-francine-fr","9":"product_shipping_class-expedition-dans-le-monde-entier","11":"first","12":"instock","13":"taxable","14":"shipping-taxable","15":"purchasable","16":"product-type-simple"},"yoast_head":"<!-- This site is optimized with the Yoast SEO plugin v27.3 - https:\/\/yoast.com\/product\/yoast-seo-wordpress\/ -->\n<title>Pr\u00e9paration Pour Pain Maison Francine | Buy Online | My French Grocery<\/title>\n<meta name=\"robots\" content=\"index, follow, max-snippet:-1, max-image-preview:large, max-video-preview:-1\" \/>\n<link rel=\"canonical\" href=\"https:\/\/my-french-grocery.com\/fr\/produit\/preparation-pour-pain-maison-francine\/\" \/>\n<meta property=\"og:locale\" content=\"fr_FR\" \/>\n<meta property=\"og:type\" content=\"article\" \/>\n<meta property=\"og:title\" content=\"Pr\u00e9paration Pour Pain Maison Francine | Buy Online | My French Grocery\" \/>\n<meta property=\"og:description\" content=\"Pr\u00e9paration Pour Pain Maison Francine Paquet de 1,5 kg\" \/>\n<meta property=\"og:url\" content=\"https:\/\/my-french-grocery.com\/fr\/produit\/preparation-pour-pain-maison-francine\/\" \/>\n<meta property=\"og:site_name\" content=\"My French Grocery\" \/>\n<meta property=\"article:publisher\" content=\"https:\/\/www.facebook.com\/myfrenchgrocery\/\" \/>\n<meta property=\"og:image\" content=\"https:\/\/my-french-grocery.com\/wp-content\/uploads\/2019\/03\/FARINE-PAIN.jpg\" \/>\n\t<meta property=\"og:image:width\" content=\"1500\" \/>\n\t<meta property=\"og:image:height\" content=\"1500\" \/>\n\t<meta property=\"og:image:type\" content=\"image\/jpeg\" \/>\n<meta name=\"twitter:card\" content=\"summary_large_image\" \/>\n<script type=\"application\/ld+json\" class=\"yoast-schema-graph\">{\"@context\":\"https:\\\/\\\/schema.org\",\"@graph\":[{\"@type\":\"WebPage\",\"@id\":\"https:\\\/\\\/my-french-grocery.com\\\/fr\\\/produit\\\/preparation-pour-pain-maison-francine\\\/\",\"url\":\"https:\\\/\\\/my-french-grocery.com\\\/fr\\\/produit\\\/preparation-pour-pain-maison-francine\\\/\",\"name\":\"Pr\u00e9paration Pour Pain Maison Francine | Buy Online | My French Grocery\",\"isPartOf\":{\"@id\":\"https:\\\/\\\/my-french-grocery.com\\\/fr\\\/#website\"},\"primaryImageOfPage\":{\"@id\":\"https:\\\/\\\/my-french-grocery.com\\\/fr\\\/produit\\\/preparation-pour-pain-maison-francine\\\/#primaryimage\"},\"image\":{\"@id\":\"https:\\\/\\\/my-french-grocery.com\\\/fr\\\/produit\\\/preparation-pour-pain-maison-francine\\\/#primaryimage\"},\"thumbnailUrl\":\"https:\\\/\\\/my-french-grocery.com\\\/wp-content\\\/uploads\\\/2019\\\/03\\\/FARINE-PAIN.jpg\",\"datePublished\":\"2019-03-26T14:46:15+00:00\",\"breadcrumb\":{\"@id\":\"https:\\\/\\\/my-french-grocery.com\\\/fr\\\/produit\\\/preparation-pour-pain-maison-francine\\\/#breadcrumb\"},\"inLanguage\":\"fr-FR\",\"potentialAction\":[{\"@type\":\"ReadAction\",\"target\":[\"https:\\\/\\\/my-french-grocery.com\\\/fr\\\/produit\\\/preparation-pour-pain-maison-francine\\\/\"]}]},{\"@type\":\"ImageObject\",\"inLanguage\":\"fr-FR\",\"@id\":\"https:\\\/\\\/my-french-grocery.com\\\/fr\\\/produit\\\/preparation-pour-pain-maison-francine\\\/#primaryimage\",\"url\":\"https:\\\/\\\/my-french-grocery.com\\\/wp-content\\\/uploads\\\/2019\\\/03\\\/FARINE-PAIN.jpg\",\"contentUrl\":\"https:\\\/\\\/my-french-grocery.com\\\/wp-content\\\/uploads\\\/2019\\\/03\\\/FARINE-PAIN.jpg\",\"width\":1500,\"height\":1500,\"caption\":\"Pr\u00e9paration Pour Pain Maison Francine - My French Grocery\"},{\"@type\":\"BreadcrumbList\",\"@id\":\"https:\\\/\\\/my-french-grocery.com\\\/fr\\\/produit\\\/preparation-pour-pain-maison-francine\\\/#breadcrumb\",\"itemListElement\":[{\"@type\":\"ListItem\",\"position\":1,\"name\":\"Home\",\"item\":\"https:\\\/\\\/my-french-grocery.com\\\/fr\\\/\"},{\"@type\":\"ListItem\",\"position\":2,\"name\":\"Shop\",\"item\":\"https:\\\/\\\/my-french-grocery.com\\\/shop\\\/\"},{\"@type\":\"ListItem\",\"position\":3,\"name\":\"Alimentation\",\"item\":\"https:\\\/\\\/my-french-grocery.com\\\/fr\\\/categorie-produit\\\/alimentation\\\/\"},{\"@type\":\"ListItem\",\"position\":4,\"name\":\"Pain - P\u00e2tisserie\",\"item\":\"https:\\\/\\\/my-french-grocery.com\\\/fr\\\/categorie-produit\\\/alimentation\\\/pain-patisserie\\\/\"},{\"@type\":\"ListItem\",\"position\":5,\"name\":\"P\u00e2tisserie\",\"item\":\"https:\\\/\\\/my-french-grocery.com\\\/fr\\\/categorie-produit\\\/alimentation\\\/pain-patisserie\\\/patisserie\\\/\"},{\"@type\":\"ListItem\",\"position\":6,\"name\":\"Pr\u00e9paration Pour Pain Maison Francine\"}]},{\"@type\":\"WebSite\",\"@id\":\"https:\\\/\\\/my-french-grocery.com\\\/fr\\\/#website\",\"url\":\"https:\\\/\\\/my-french-grocery.com\\\/fr\\\/\",\"name\":\"My French Grocery\",\"description\":\"Your Online French Grocery  !\",\"publisher\":{\"@id\":\"https:\\\/\\\/my-french-grocery.com\\\/fr\\\/#organization\"},\"potentialAction\":[{\"@type\":\"SearchAction\",\"target\":{\"@type\":\"EntryPoint\",\"urlTemplate\":\"https:\\\/\\\/my-french-grocery.com\\\/fr\\\/?s={search_term_string}\"},\"query-input\":{\"@type\":\"PropertyValueSpecification\",\"valueRequired\":true,\"valueName\":\"search_term_string\"}}],\"inLanguage\":\"fr-FR\"},{\"@type\":\"Organization\",\"@id\":\"https:\\\/\\\/my-french-grocery.com\\\/fr\\\/#organization\",\"name\":\"MY FRENCH GROCERY\",\"url\":\"https:\\\/\\\/my-french-grocery.com\\\/fr\\\/\",\"logo\":{\"@type\":\"ImageObject\",\"inLanguage\":\"fr-FR\",\"@id\":\"https:\\\/\\\/my-french-grocery.com\\\/fr\\\/#\\\/schema\\\/logo\\\/image\\\/\",\"url\":\"https:\\\/\\\/my-french-grocery.com\\\/wp-content\\\/uploads\\\/2021\\\/11\\\/My-French-Grocery-Online-French-Grocery.png\",\"contentUrl\":\"https:\\\/\\\/my-french-grocery.com\\\/wp-content\\\/uploads\\\/2021\\\/11\\\/My-French-Grocery-Online-French-Grocery.png\",\"width\":100,\"height\":100,\"caption\":\"MY FRENCH GROCERY\"},\"image\":{\"@id\":\"https:\\\/\\\/my-french-grocery.com\\\/fr\\\/#\\\/schema\\\/logo\\\/image\\\/\"},\"sameAs\":[\"https:\\\/\\\/www.facebook.com\\\/myfrenchgrocery\\\/\"]}]}<\/script>\n<!-- \/ Yoast SEO plugin. -->","yoast_head_json":{"title":"Pr\u00e9paration Pour Pain Maison Francine | Buy Online | My French Grocery","robots":{"index":"index","follow":"follow","max-snippet":"max-snippet:-1","max-image-preview":"max-image-preview:large","max-video-preview":"max-video-preview:-1"},"canonical":"https:\/\/my-french-grocery.com\/fr\/produit\/preparation-pour-pain-maison-francine\/","og_locale":"fr_FR","og_type":"article","og_title":"Pr\u00e9paration Pour Pain Maison Francine | Buy Online | My French Grocery","og_description":"Pr\u00e9paration Pour Pain Maison Francine Paquet de 1,5 kg","og_url":"https:\/\/my-french-grocery.com\/fr\/produit\/preparation-pour-pain-maison-francine\/","og_site_name":"My French Grocery","article_publisher":"https:\/\/www.facebook.com\/myfrenchgrocery\/","og_image":[{"width":1500,"height":1500,"url":"https:\/\/my-french-grocery.com\/wp-content\/uploads\/2019\/03\/FARINE-PAIN.jpg","type":"image\/jpeg"}],"twitter_card":"summary_large_image","schema":{"@context":"https:\/\/schema.org","@graph":[{"@type":"WebPage","@id":"https:\/\/my-french-grocery.com\/fr\/produit\/preparation-pour-pain-maison-francine\/","url":"https:\/\/my-french-grocery.com\/fr\/produit\/preparation-pour-pain-maison-francine\/","name":"Pr\u00e9paration Pour Pain Maison Francine | Buy Online | My French Grocery","isPartOf":{"@id":"https:\/\/my-french-grocery.com\/fr\/#website"},"primaryImageOfPage":{"@id":"https:\/\/my-french-grocery.com\/fr\/produit\/preparation-pour-pain-maison-francine\/#primaryimage"},"image":{"@id":"https:\/\/my-french-grocery.com\/fr\/produit\/preparation-pour-pain-maison-francine\/#primaryimage"},"thumbnailUrl":"https:\/\/my-french-grocery.com\/wp-content\/uploads\/2019\/03\/FARINE-PAIN.jpg","datePublished":"2019-03-26T14:46:15+00:00","breadcrumb":{"@id":"https:\/\/my-french-grocery.com\/fr\/produit\/preparation-pour-pain-maison-francine\/#breadcrumb"},"inLanguage":"fr-FR","potentialAction":[{"@type":"ReadAction","target":["https:\/\/my-french-grocery.com\/fr\/produit\/preparation-pour-pain-maison-francine\/"]}]},{"@type":"ImageObject","inLanguage":"fr-FR","@id":"https:\/\/my-french-grocery.com\/fr\/produit\/preparation-pour-pain-maison-francine\/#primaryimage","url":"https:\/\/my-french-grocery.com\/wp-content\/uploads\/2019\/03\/FARINE-PAIN.jpg","contentUrl":"https:\/\/my-french-grocery.com\/wp-content\/uploads\/2019\/03\/FARINE-PAIN.jpg","width":1500,"height":1500,"caption":"Pr\u00e9paration Pour Pain Maison Francine - My French Grocery"},{"@type":"BreadcrumbList","@id":"https:\/\/my-french-grocery.com\/fr\/produit\/preparation-pour-pain-maison-francine\/#breadcrumb","itemListElement":[{"@type":"ListItem","position":1,"name":"Home","item":"https:\/\/my-french-grocery.com\/fr\/"},{"@type":"ListItem","position":2,"name":"Shop","item":"https:\/\/my-french-grocery.com\/shop\/"},{"@type":"ListItem","position":3,"name":"Alimentation","item":"https:\/\/my-french-grocery.com\/fr\/categorie-produit\/alimentation\/"},{"@type":"ListItem","position":4,"name":"Pain - P\u00e2tisserie","item":"https:\/\/my-french-grocery.com\/fr\/categorie-produit\/alimentation\/pain-patisserie\/"},{"@type":"ListItem","position":5,"name":"P\u00e2tisserie","item":"https:\/\/my-french-grocery.com\/fr\/categorie-produit\/alimentation\/pain-patisserie\/patisserie\/"},{"@type":"ListItem","position":6,"name":"Pr\u00e9paration Pour Pain Maison Francine"}]},{"@type":"WebSite","@id":"https:\/\/my-french-grocery.com\/fr\/#website","url":"https:\/\/my-french-grocery.com\/fr\/","name":"My French Grocery","description":"Your Online French Grocery  !","publisher":{"@id":"https:\/\/my-french-grocery.com\/fr\/#organization"},"potentialAction":[{"@type":"SearchAction","target":{"@type":"EntryPoint","urlTemplate":"https:\/\/my-french-grocery.com\/fr\/?s={search_term_string}"},"query-input":{"@type":"PropertyValueSpecification","valueRequired":true,"valueName":"search_term_string"}}],"inLanguage":"fr-FR"},{"@type":"Organization","@id":"https:\/\/my-french-grocery.com\/fr\/#organization","name":"MY FRENCH GROCERY","url":"https:\/\/my-french-grocery.com\/fr\/","logo":{"@type":"ImageObject","inLanguage":"fr-FR","@id":"https:\/\/my-french-grocery.com\/fr\/#\/schema\/logo\/image\/","url":"https:\/\/my-french-grocery.com\/wp-content\/uploads\/2021\/11\/My-French-Grocery-Online-French-Grocery.png","contentUrl":"https:\/\/my-french-grocery.com\/wp-content\/uploads\/2021\/11\/My-French-Grocery-Online-French-Grocery.png","width":100,"height":100,"caption":"MY FRENCH GROCERY"},"image":{"@id":"https:\/\/my-french-grocery.com\/fr\/#\/schema\/logo\/image\/"},"sameAs":["https:\/\/www.facebook.com\/myfrenchgrocery\/"]}]}},"brands":[{"id":624,"name":"Francine","slug":"francine-fr"}],"_links":{"self":[{"href":"https:\/\/my-french-grocery.com\/fr\/wp-json\/wp\/v2\/product\/8483","targetHints":{"allow":["GET"]}}],"collection":[{"href":"https:\/\/my-french-grocery.com\/fr\/wp-json\/wp\/v2\/product"}],"about":[{"href":"https:\/\/my-french-grocery.com\/fr\/wp-json\/wp\/v2\/types\/product"}],"replies":[{"embeddable":true,"href":"https:\/\/my-french-grocery.com\/fr\/wp-json\/wp\/v2\/comments?post=8483"}],"wp:featuredmedia":[{"embeddable":true,"href":"https:\/\/my-french-grocery.com\/fr\/wp-json\/wp\/v2\/media\/8484"}],"wp:attachment":[{"href":"https:\/\/my-french-grocery.com\/fr\/wp-json\/wp\/v2\/media?parent=8483"}],"wp:term":[{"taxonomy":"pwb-brand","embeddable":true,"href":"https:\/\/my-french-grocery.com\/fr\/wp-json\/wp\/v2\/pwb-brand?post=8483"},{"taxonomy":"product_brand","embeddable":true,"href":"https:\/\/my-french-grocery.com\/fr\/wp-json\/wp\/v2\/product_brand?post=8483"},{"taxonomy":"product_cat","embeddable":true,"href":"https:\/\/my-french-grocery.com\/fr\/wp-json\/wp\/v2\/product_cat?post=8483"},{"taxonomy":"product_tag","embeddable":true,"href":"https:\/\/my-french-grocery.com\/fr\/wp-json\/wp\/v2\/product_tag?post=8483"}],"curies":[{"name":"wp","href":"https:\/\/api.w.org\/{rel}","templated":true}]}}