{"id":8606,"date":"2019-04-10T15:14:03","date_gmt":"2019-04-10T13:14:03","guid":{"rendered":"https:\/\/my-french-grocery.com\/product\/fruits-au-sirop-bigarreaux-st-mamet\/"},"modified":"2019-04-10T15:14:03","modified_gmt":"2019-04-10T13:14:03","slug":"fruits-au-sirop-bigarreaux-st-mamet","status":"publish","type":"product","link":"https:\/\/my-french-grocery.com\/fr\/produit\/fruits-au-sirop-bigarreaux-st-mamet\/","title":{"rendered":"Fruits Au Sirop Bigarreaux St-Mamet"},"content":{"rendered":"<p>Fruits Au Sirop Bigarreaux St-Mamet<\/p>\n<p>boite de 240 g net \u00e9goutt\u00e9<\/p>\n<p>St Mamet est la marque fran\u00e7aise du fruit depuis plus de 60 ans maintenant. N\u00e9e de la passion d\u2019une poign\u00e9e d\u2019arboriculteurs.<\/p>\n<p>Le Sud est l\u2019ancrage naturel depuis toutes ces ann\u00e9es. C\u2019est \u00e0 N\u00eemes et Vauvert dans le Gard que vous trouverez, au plus pr\u00e8s des vergers des arboriculteurs de la coop\u00e9rative avec laquelle St Mamet est engag\u00e9e.<\/p>\n","protected":false},"excerpt":{"rendered":"<p>Fruits Au Sirop Bigarreaux St-Mamet<\/p>\n<p>boite de 240 g net \u00e9goutt\u00e9<\/p>\n","protected":false},"featured_media":8607,"comment_status":"open","ping_status":"closed","template":"","meta":[],"pwb-brand":[923],"product_brand":[],"product_cat":[1035],"product_tag":[1419],"class_list":{"0":"post-8606","1":"product","2":"type-product","3":"status-publish","4":"has-post-thumbnail","6":"pwb-brand-saint-mamet-fr","7":"product_cat-desserts","8":"product_tag-saint-mamet-fr","9":"product_shipping_class-expedition-dans-le-monde-entier","11":"first","12":"instock","13":"taxable","14":"shipping-taxable","15":"purchasable","16":"product-type-simple"},"brands":[{"id":923,"name":"Saint Mamet","slug":"saint-mamet-fr"}],"_links":{"self":[{"href":"https:\/\/my-french-grocery.com\/fr\/wp-json\/wp\/v2\/product\/8606","targetHints":{"allow":["GET"]}}],"collection":[{"href":"https:\/\/my-french-grocery.com\/fr\/wp-json\/wp\/v2\/product"}],"about":[{"href":"https:\/\/my-french-grocery.com\/fr\/wp-json\/wp\/v2\/types\/product"}],"replies":[{"embeddable":true,"href":"https:\/\/my-french-grocery.com\/fr\/wp-json\/wp\/v2\/comments?post=8606"}],"wp:featuredmedia":[{"embeddable":true,"href":"https:\/\/my-french-grocery.com\/fr\/wp-json\/wp\/v2\/media\/8607"}],"wp:attachment":[{"href":"https:\/\/my-french-grocery.com\/fr\/wp-json\/wp\/v2\/media?parent=8606"}],"wp:term":[{"taxonomy":"pwb-brand","embeddable":true,"href":"https:\/\/my-french-grocery.com\/fr\/wp-json\/wp\/v2\/pwb-brand?post=8606"},{"taxonomy":"product_brand","embeddable":true,"href":"https:\/\/my-french-grocery.com\/fr\/wp-json\/wp\/v2\/product_brand?post=8606"},{"taxonomy":"product_cat","embeddable":true,"href":"https:\/\/my-french-grocery.com\/fr\/wp-json\/wp\/v2\/product_cat?post=8606"},{"taxonomy":"product_tag","embeddable":true,"href":"https:\/\/my-french-grocery.com\/fr\/wp-json\/wp\/v2\/product_tag?post=8606"}],"curies":[{"name":"wp","href":"https:\/\/api.w.org\/{rel}","templated":true}]}}