{"id":8657,"date":"2019-04-11T17:26:58","date_gmt":"2019-04-11T15:26:58","guid":{"rendered":"https:\/\/my-french-grocery.com\/product\/foie-de-morue-gout-fume-connetable\/"},"modified":"2019-04-11T17:26:58","modified_gmt":"2019-04-11T15:26:58","slug":"foie-de-morue-gout-fume-connetable","status":"publish","type":"product","link":"https:\/\/my-french-grocery.com\/fr\/produit\/foie-de-morue-gout-fume-connetable\/","title":{"rendered":"Foie De Morue Go\u00fbt Fum\u00e9 Connetable"},"content":{"rendered":"<p>Foie De Morue Go\u00fbt Fum\u00e9 Connetable<\/p>\n<p>boite de 121 g<\/p>\n<p>Riche en om\u00e9ga 3 et en vitamines D, le foie de morue fum\u00e9 au bois de h\u00eatre vous apportera bienfaits nutritionnels et gourmandise. Pr\u00e9par\u00e9 \u00e0 partir de poissons sauvages, il est id\u00e9al sur des toasts de pain grill\u00e9. Servi frais, il sera encore meilleur! L\u2019huile pr\u00e9sente dans la bo\u00eete est l\u2019huile du foie naturellement lib\u00e9r\u00e9e lors de la st\u00e9rilisation.<\/p>\n","protected":false},"excerpt":{"rendered":"<p>Foie De Morue Go\u00fbt Fum\u00e9 Connetable<\/p>\n<p>boite de 121 g<\/p>\n","protected":false},"featured_media":8658,"comment_status":"open","ping_status":"closed","template":"","meta":[],"pwb-brand":[581],"product_brand":[],"product_cat":[1046],"product_tag":[1160],"class_list":{"0":"post-8657","1":"product","2":"type-product","3":"status-publish","4":"has-post-thumbnail","6":"pwb-brand-connetable-fr","7":"product_cat-produits-de-la-mer","8":"product_tag-connetable-fr","9":"product_shipping_class-expedition-dans-le-monde-entier","11":"first","12":"instock","13":"taxable","14":"shipping-taxable","15":"purchasable","16":"product-type-simple"},"brands":[{"id":581,"name":"Conn\u00e9table","slug":"connetable-fr"}],"_links":{"self":[{"href":"https:\/\/my-french-grocery.com\/fr\/wp-json\/wp\/v2\/product\/8657","targetHints":{"allow":["GET"]}}],"collection":[{"href":"https:\/\/my-french-grocery.com\/fr\/wp-json\/wp\/v2\/product"}],"about":[{"href":"https:\/\/my-french-grocery.com\/fr\/wp-json\/wp\/v2\/types\/product"}],"replies":[{"embeddable":true,"href":"https:\/\/my-french-grocery.com\/fr\/wp-json\/wp\/v2\/comments?post=8657"}],"wp:featuredmedia":[{"embeddable":true,"href":"https:\/\/my-french-grocery.com\/fr\/wp-json\/wp\/v2\/media\/8658"}],"wp:attachment":[{"href":"https:\/\/my-french-grocery.com\/fr\/wp-json\/wp\/v2\/media?parent=8657"}],"wp:term":[{"taxonomy":"pwb-brand","embeddable":true,"href":"https:\/\/my-french-grocery.com\/fr\/wp-json\/wp\/v2\/pwb-brand?post=8657"},{"taxonomy":"product_brand","embeddable":true,"href":"https:\/\/my-french-grocery.com\/fr\/wp-json\/wp\/v2\/product_brand?post=8657"},{"taxonomy":"product_cat","embeddable":true,"href":"https:\/\/my-french-grocery.com\/fr\/wp-json\/wp\/v2\/product_cat?post=8657"},{"taxonomy":"product_tag","embeddable":true,"href":"https:\/\/my-french-grocery.com\/fr\/wp-json\/wp\/v2\/product_tag?post=8657"}],"curies":[{"name":"wp","href":"https:\/\/api.w.org\/{rel}","templated":true}]}}