{"id":8713,"date":"2019-04-12T16:38:17","date_gmt":"2019-04-12T14:38:17","guid":{"rendered":"https:\/\/my-french-grocery.com\/product\/eau-de-toilette-senteurs-fraiches-eau-jeune\/"},"modified":"2019-04-12T16:38:17","modified_gmt":"2019-04-12T14:38:17","slug":"eau-de-toilette-senteurs-fraiches-eau-jeune","status":"publish","type":"product","link":"https:\/\/my-french-grocery.com\/fr\/produit\/eau-de-toilette-senteurs-fraiches-eau-jeune\/","title":{"rendered":"Eau de Toilette \u00ab\u00a0Senteurs Fra\u00eeches\u00a0\u00bb Eau Jeune"},"content":{"rendered":"<p id=\"tw-target-text\" class=\"tw-data-text tw-ta tw-text-medium\" dir=\"ltr\" data-placeholder=\"Traduction\">Eau de Toilette \u00ab\u00a0Senteurs Fra\u00eeches\u00a0\u00bb Eau Jeune<\/p>\n<p>vaporisateur 75mL<\/p>\n<p>Eau Jeune, le parfum des Jeunes Filles d&rsquo;aujourd&rsquo;hui ! Un parfum pour exprimer toutes les facettes de sa personnalit\u00e9.<br \/>\nD\u00e9couvrez l&rsquo;Eau de Toilette Senteurs Fra\u00eeches, la plus fra\u00eeche des Eau Jeune: Une cascade de senteurs naturelles. Explosion p\u00e9tillante de la Mandarine de Sicile et de la Menthe Verte, bouquet ensoleill\u00e9 de Fleur d\u2019Oranger et de Jasmin aux notes raffin\u00e9es du Bois de Rose.<\/p>\n","protected":false},"excerpt":{"rendered":"<p id=\"tw-target-text\" class=\"tw-data-text tw-ta tw-text-medium\" dir=\"ltr\" data-placeholder=\"Traduction\">Eau de Toilette \u00ab\u00a0Senteurs Fra\u00eeches\u00a0\u00bb Eau Jeune<\/p>\n<p>vaporisateur 75mL<\/p>\n","protected":false},"featured_media":8714,"comment_status":"open","ping_status":"closed","template":"","meta":[],"pwb-brand":[605],"product_brand":[],"product_cat":[453],"product_tag":[1202],"class_list":{"0":"post-8713","1":"product","2":"type-product","3":"status-publish","4":"has-post-thumbnail","6":"pwb-brand-eau-jeune-fr","7":"product_cat-parfums-eaux-de-toilette","8":"product_tag-eau-de-toilette","9":"product_shipping_class-expedition-dans-le-monde-entier","11":"first","12":"instock","13":"taxable","14":"shipping-taxable","15":"purchasable","16":"product-type-simple"},"yoast_head":"<!-- This site is optimized with the Yoast SEO plugin v27.3 - https:\/\/yoast.com\/product\/yoast-seo-wordpress\/ -->\n<title>Eau de Toilette &quot;Senteurs Fra\u00eeches&quot; Eau Jeune | Buy Online | My French Grocery<\/title>\n<meta name=\"robots\" content=\"index, follow, max-snippet:-1, max-image-preview:large, max-video-preview:-1\" \/>\n<link rel=\"canonical\" href=\"https:\/\/my-french-grocery.com\/fr\/produit\/eau-de-toilette-senteurs-fraiches-eau-jeune\/\" \/>\n<meta property=\"og:locale\" content=\"fr_FR\" \/>\n<meta property=\"og:type\" content=\"article\" \/>\n<meta property=\"og:title\" content=\"Eau de Toilette &quot;Senteurs Fra\u00eeches&quot; Eau Jeune | Buy Online | My French Grocery\" \/>\n<meta property=\"og:description\" content=\"Eau de Toilette &quot;Senteurs Fra\u00eeches&quot; Eau Jeune vaporisateur 75mL\" \/>\n<meta property=\"og:url\" content=\"https:\/\/my-french-grocery.com\/fr\/produit\/eau-de-toilette-senteurs-fraiches-eau-jeune\/\" \/>\n<meta property=\"og:site_name\" content=\"My French Grocery\" \/>\n<meta property=\"article:publisher\" content=\"https:\/\/www.facebook.com\/myfrenchgrocery\/\" \/>\n<meta property=\"og:image\" content=\"https:\/\/my-french-grocery.com\/wp-content\/uploads\/2019\/04\/SENTEURS-FRAICHES.jpg\" \/>\n\t<meta property=\"og:image:width\" content=\"1500\" \/>\n\t<meta property=\"og:image:height\" content=\"1500\" \/>\n\t<meta property=\"og:image:type\" content=\"image\/jpeg\" \/>\n<meta name=\"twitter:card\" content=\"summary_large_image\" \/>\n<script type=\"application\/ld+json\" class=\"yoast-schema-graph\">{\"@context\":\"https:\\\/\\\/schema.org\",\"@graph\":[{\"@type\":\"WebPage\",\"@id\":\"https:\\\/\\\/my-french-grocery.com\\\/fr\\\/produit\\\/eau-de-toilette-senteurs-fraiches-eau-jeune\\\/\",\"url\":\"https:\\\/\\\/my-french-grocery.com\\\/fr\\\/produit\\\/eau-de-toilette-senteurs-fraiches-eau-jeune\\\/\",\"name\":\"Eau de Toilette \\\"Senteurs Fra\u00eeches\\\" Eau Jeune | Buy Online | My French Grocery\",\"isPartOf\":{\"@id\":\"https:\\\/\\\/my-french-grocery.com\\\/fr\\\/#website\"},\"primaryImageOfPage\":{\"@id\":\"https:\\\/\\\/my-french-grocery.com\\\/fr\\\/produit\\\/eau-de-toilette-senteurs-fraiches-eau-jeune\\\/#primaryimage\"},\"image\":{\"@id\":\"https:\\\/\\\/my-french-grocery.com\\\/fr\\\/produit\\\/eau-de-toilette-senteurs-fraiches-eau-jeune\\\/#primaryimage\"},\"thumbnailUrl\":\"https:\\\/\\\/my-french-grocery.com\\\/wp-content\\\/uploads\\\/2019\\\/04\\\/SENTEURS-FRAICHES.jpg\",\"datePublished\":\"2019-04-12T14:38:17+00:00\",\"breadcrumb\":{\"@id\":\"https:\\\/\\\/my-french-grocery.com\\\/fr\\\/produit\\\/eau-de-toilette-senteurs-fraiches-eau-jeune\\\/#breadcrumb\"},\"inLanguage\":\"fr-FR\",\"potentialAction\":[{\"@type\":\"ReadAction\",\"target\":[\"https:\\\/\\\/my-french-grocery.com\\\/fr\\\/produit\\\/eau-de-toilette-senteurs-fraiches-eau-jeune\\\/\"]}]},{\"@type\":\"ImageObject\",\"inLanguage\":\"fr-FR\",\"@id\":\"https:\\\/\\\/my-french-grocery.com\\\/fr\\\/produit\\\/eau-de-toilette-senteurs-fraiches-eau-jeune\\\/#primaryimage\",\"url\":\"https:\\\/\\\/my-french-grocery.com\\\/wp-content\\\/uploads\\\/2019\\\/04\\\/SENTEURS-FRAICHES.jpg\",\"contentUrl\":\"https:\\\/\\\/my-french-grocery.com\\\/wp-content\\\/uploads\\\/2019\\\/04\\\/SENTEURS-FRAICHES.jpg\",\"width\":1500,\"height\":1500,\"caption\":\"Eau de Toilette \\\"Senteurs Fra\u00eeches\\\" Eau Jeune - My French Grocery\"},{\"@type\":\"BreadcrumbList\",\"@id\":\"https:\\\/\\\/my-french-grocery.com\\\/fr\\\/produit\\\/eau-de-toilette-senteurs-fraiches-eau-jeune\\\/#breadcrumb\",\"itemListElement\":[{\"@type\":\"ListItem\",\"position\":1,\"name\":\"Home\",\"item\":\"https:\\\/\\\/my-french-grocery.com\\\/fr\\\/\"},{\"@type\":\"ListItem\",\"position\":2,\"name\":\"Shop\",\"item\":\"https:\\\/\\\/my-french-grocery.com\\\/shop\\\/\"},{\"@type\":\"ListItem\",\"position\":3,\"name\":\"Cosm\u00e9tiques\",\"item\":\"https:\\\/\\\/my-french-grocery.com\\\/fr\\\/categorie-produit\\\/cosmetiques\\\/\"},{\"@type\":\"ListItem\",\"position\":4,\"name\":\"Parfums &amp; Eaux de Toilette\",\"item\":\"https:\\\/\\\/my-french-grocery.com\\\/fr\\\/categorie-produit\\\/cosmetiques\\\/parfums-eaux-de-toilette\\\/\"},{\"@type\":\"ListItem\",\"position\":5,\"name\":\"Eau de Toilette \u00ab\u00a0Senteurs Fra\u00eeches\u00a0\u00bb Eau Jeune\"}]},{\"@type\":\"WebSite\",\"@id\":\"https:\\\/\\\/my-french-grocery.com\\\/fr\\\/#website\",\"url\":\"https:\\\/\\\/my-french-grocery.com\\\/fr\\\/\",\"name\":\"My French Grocery\",\"description\":\"Your Online French Grocery  !\",\"publisher\":{\"@id\":\"https:\\\/\\\/my-french-grocery.com\\\/fr\\\/#organization\"},\"potentialAction\":[{\"@type\":\"SearchAction\",\"target\":{\"@type\":\"EntryPoint\",\"urlTemplate\":\"https:\\\/\\\/my-french-grocery.com\\\/fr\\\/?s={search_term_string}\"},\"query-input\":{\"@type\":\"PropertyValueSpecification\",\"valueRequired\":true,\"valueName\":\"search_term_string\"}}],\"inLanguage\":\"fr-FR\"},{\"@type\":\"Organization\",\"@id\":\"https:\\\/\\\/my-french-grocery.com\\\/fr\\\/#organization\",\"name\":\"MY FRENCH GROCERY\",\"url\":\"https:\\\/\\\/my-french-grocery.com\\\/fr\\\/\",\"logo\":{\"@type\":\"ImageObject\",\"inLanguage\":\"fr-FR\",\"@id\":\"https:\\\/\\\/my-french-grocery.com\\\/fr\\\/#\\\/schema\\\/logo\\\/image\\\/\",\"url\":\"https:\\\/\\\/my-french-grocery.com\\\/wp-content\\\/uploads\\\/2021\\\/11\\\/My-French-Grocery-Online-French-Grocery.png\",\"contentUrl\":\"https:\\\/\\\/my-french-grocery.com\\\/wp-content\\\/uploads\\\/2021\\\/11\\\/My-French-Grocery-Online-French-Grocery.png\",\"width\":100,\"height\":100,\"caption\":\"MY FRENCH GROCERY\"},\"image\":{\"@id\":\"https:\\\/\\\/my-french-grocery.com\\\/fr\\\/#\\\/schema\\\/logo\\\/image\\\/\"},\"sameAs\":[\"https:\\\/\\\/www.facebook.com\\\/myfrenchgrocery\\\/\"]}]}<\/script>\n<!-- \/ Yoast SEO plugin. -->","yoast_head_json":{"title":"Eau de Toilette \"Senteurs Fra\u00eeches\" Eau Jeune | Buy Online | My French Grocery","robots":{"index":"index","follow":"follow","max-snippet":"max-snippet:-1","max-image-preview":"max-image-preview:large","max-video-preview":"max-video-preview:-1"},"canonical":"https:\/\/my-french-grocery.com\/fr\/produit\/eau-de-toilette-senteurs-fraiches-eau-jeune\/","og_locale":"fr_FR","og_type":"article","og_title":"Eau de Toilette \"Senteurs Fra\u00eeches\" Eau Jeune | Buy Online | My French Grocery","og_description":"Eau de Toilette \"Senteurs Fra\u00eeches\" Eau Jeune vaporisateur 75mL","og_url":"https:\/\/my-french-grocery.com\/fr\/produit\/eau-de-toilette-senteurs-fraiches-eau-jeune\/","og_site_name":"My French Grocery","article_publisher":"https:\/\/www.facebook.com\/myfrenchgrocery\/","og_image":[{"width":1500,"height":1500,"url":"https:\/\/my-french-grocery.com\/wp-content\/uploads\/2019\/04\/SENTEURS-FRAICHES.jpg","type":"image\/jpeg"}],"twitter_card":"summary_large_image","schema":{"@context":"https:\/\/schema.org","@graph":[{"@type":"WebPage","@id":"https:\/\/my-french-grocery.com\/fr\/produit\/eau-de-toilette-senteurs-fraiches-eau-jeune\/","url":"https:\/\/my-french-grocery.com\/fr\/produit\/eau-de-toilette-senteurs-fraiches-eau-jeune\/","name":"Eau de Toilette \"Senteurs Fra\u00eeches\" Eau Jeune | Buy Online | My French Grocery","isPartOf":{"@id":"https:\/\/my-french-grocery.com\/fr\/#website"},"primaryImageOfPage":{"@id":"https:\/\/my-french-grocery.com\/fr\/produit\/eau-de-toilette-senteurs-fraiches-eau-jeune\/#primaryimage"},"image":{"@id":"https:\/\/my-french-grocery.com\/fr\/produit\/eau-de-toilette-senteurs-fraiches-eau-jeune\/#primaryimage"},"thumbnailUrl":"https:\/\/my-french-grocery.com\/wp-content\/uploads\/2019\/04\/SENTEURS-FRAICHES.jpg","datePublished":"2019-04-12T14:38:17+00:00","breadcrumb":{"@id":"https:\/\/my-french-grocery.com\/fr\/produit\/eau-de-toilette-senteurs-fraiches-eau-jeune\/#breadcrumb"},"inLanguage":"fr-FR","potentialAction":[{"@type":"ReadAction","target":["https:\/\/my-french-grocery.com\/fr\/produit\/eau-de-toilette-senteurs-fraiches-eau-jeune\/"]}]},{"@type":"ImageObject","inLanguage":"fr-FR","@id":"https:\/\/my-french-grocery.com\/fr\/produit\/eau-de-toilette-senteurs-fraiches-eau-jeune\/#primaryimage","url":"https:\/\/my-french-grocery.com\/wp-content\/uploads\/2019\/04\/SENTEURS-FRAICHES.jpg","contentUrl":"https:\/\/my-french-grocery.com\/wp-content\/uploads\/2019\/04\/SENTEURS-FRAICHES.jpg","width":1500,"height":1500,"caption":"Eau de Toilette \"Senteurs Fra\u00eeches\" Eau Jeune - My French Grocery"},{"@type":"BreadcrumbList","@id":"https:\/\/my-french-grocery.com\/fr\/produit\/eau-de-toilette-senteurs-fraiches-eau-jeune\/#breadcrumb","itemListElement":[{"@type":"ListItem","position":1,"name":"Home","item":"https:\/\/my-french-grocery.com\/fr\/"},{"@type":"ListItem","position":2,"name":"Shop","item":"https:\/\/my-french-grocery.com\/shop\/"},{"@type":"ListItem","position":3,"name":"Cosm\u00e9tiques","item":"https:\/\/my-french-grocery.com\/fr\/categorie-produit\/cosmetiques\/"},{"@type":"ListItem","position":4,"name":"Parfums &amp; Eaux de Toilette","item":"https:\/\/my-french-grocery.com\/fr\/categorie-produit\/cosmetiques\/parfums-eaux-de-toilette\/"},{"@type":"ListItem","position":5,"name":"Eau de Toilette \u00ab\u00a0Senteurs Fra\u00eeches\u00a0\u00bb Eau Jeune"}]},{"@type":"WebSite","@id":"https:\/\/my-french-grocery.com\/fr\/#website","url":"https:\/\/my-french-grocery.com\/fr\/","name":"My French Grocery","description":"Your Online French Grocery  !","publisher":{"@id":"https:\/\/my-french-grocery.com\/fr\/#organization"},"potentialAction":[{"@type":"SearchAction","target":{"@type":"EntryPoint","urlTemplate":"https:\/\/my-french-grocery.com\/fr\/?s={search_term_string}"},"query-input":{"@type":"PropertyValueSpecification","valueRequired":true,"valueName":"search_term_string"}}],"inLanguage":"fr-FR"},{"@type":"Organization","@id":"https:\/\/my-french-grocery.com\/fr\/#organization","name":"MY FRENCH GROCERY","url":"https:\/\/my-french-grocery.com\/fr\/","logo":{"@type":"ImageObject","inLanguage":"fr-FR","@id":"https:\/\/my-french-grocery.com\/fr\/#\/schema\/logo\/image\/","url":"https:\/\/my-french-grocery.com\/wp-content\/uploads\/2021\/11\/My-French-Grocery-Online-French-Grocery.png","contentUrl":"https:\/\/my-french-grocery.com\/wp-content\/uploads\/2021\/11\/My-French-Grocery-Online-French-Grocery.png","width":100,"height":100,"caption":"MY FRENCH GROCERY"},"image":{"@id":"https:\/\/my-french-grocery.com\/fr\/#\/schema\/logo\/image\/"},"sameAs":["https:\/\/www.facebook.com\/myfrenchgrocery\/"]}]}},"brands":[{"id":605,"name":"Eau Jeune","slug":"eau-jeune-fr"}],"_links":{"self":[{"href":"https:\/\/my-french-grocery.com\/fr\/wp-json\/wp\/v2\/product\/8713","targetHints":{"allow":["GET"]}}],"collection":[{"href":"https:\/\/my-french-grocery.com\/fr\/wp-json\/wp\/v2\/product"}],"about":[{"href":"https:\/\/my-french-grocery.com\/fr\/wp-json\/wp\/v2\/types\/product"}],"replies":[{"embeddable":true,"href":"https:\/\/my-french-grocery.com\/fr\/wp-json\/wp\/v2\/comments?post=8713"}],"wp:featuredmedia":[{"embeddable":true,"href":"https:\/\/my-french-grocery.com\/fr\/wp-json\/wp\/v2\/media\/8714"}],"wp:attachment":[{"href":"https:\/\/my-french-grocery.com\/fr\/wp-json\/wp\/v2\/media?parent=8713"}],"wp:term":[{"taxonomy":"pwb-brand","embeddable":true,"href":"https:\/\/my-french-grocery.com\/fr\/wp-json\/wp\/v2\/pwb-brand?post=8713"},{"taxonomy":"product_brand","embeddable":true,"href":"https:\/\/my-french-grocery.com\/fr\/wp-json\/wp\/v2\/product_brand?post=8713"},{"taxonomy":"product_cat","embeddable":true,"href":"https:\/\/my-french-grocery.com\/fr\/wp-json\/wp\/v2\/product_cat?post=8713"},{"taxonomy":"product_tag","embeddable":true,"href":"https:\/\/my-french-grocery.com\/fr\/wp-json\/wp\/v2\/product_tag?post=8713"}],"curies":[{"name":"wp","href":"https:\/\/api.w.org\/{rel}","templated":true}]}}