{"id":8715,"date":"2019-04-12T16:40:01","date_gmt":"2019-04-12T14:40:01","guid":{"rendered":"https:\/\/my-french-grocery.com\/product\/eau-de-toilette-possession-eau-jeune\/"},"modified":"2019-04-12T16:40:01","modified_gmt":"2019-04-12T14:40:01","slug":"eau-de-toilette-possession-eau-jeune","status":"publish","type":"product","link":"https:\/\/my-french-grocery.com\/fr\/produit\/eau-de-toilette-possession-eau-jeune\/","title":{"rendered":"Eau De Toilette \u00ab\u00a0Possession\u00a0\u00bb Eau Jeune"},"content":{"rendered":"<p id=\"tw-target-text\" class=\"tw-data-text tw-ta tw-text-medium\" dir=\"ltr\" data-placeholder=\"Traduction\">Eau De Toilette \u00ab\u00a0Possession\u00a0\u00bb Eau Jeune<\/p>\n<p>vaporisateur de 75mL<\/p>\n<p>Possession a captur\u00e9 l\u2019esprit de l\u2019Asie, entre ombre et lumi\u00e8re dans un parfum aux vibrations intenses.<br \/>\nAccord cristallin de Cyclamen et de Lotus, c\u0153ur sauve et vanill\u00e9, sillage envo\u00fbtant de Bois pr\u00e9cieux.<br \/>\nPossession, parfum sensuel, passionnel, obsessionnel\u2026<\/p>\n","protected":false},"excerpt":{"rendered":"<p id=\"tw-target-text\" class=\"tw-data-text tw-ta tw-text-medium\" dir=\"ltr\" data-placeholder=\"Traduction\">Eau De Toilette \u00ab\u00a0Possession\u00a0\u00bb Eau Jeune<\/p>\n<p>vaporisateur de 75mL<\/p>\n","protected":false},"featured_media":8716,"comment_status":"open","ping_status":"closed","template":"","meta":[],"pwb-brand":[605],"product_brand":[],"product_cat":[453],"product_tag":[1202],"class_list":{"0":"post-8715","1":"product","2":"type-product","3":"status-publish","4":"has-post-thumbnail","6":"pwb-brand-eau-jeune-fr","7":"product_cat-parfums-eaux-de-toilette","8":"product_tag-eau-de-toilette","9":"product_shipping_class-expedition-dans-le-monde-entier","11":"first","12":"instock","13":"taxable","14":"shipping-taxable","15":"purchasable","16":"product-type-simple"},"brands":[{"id":605,"name":"Eau Jeune","slug":"eau-jeune-fr"}],"_links":{"self":[{"href":"https:\/\/my-french-grocery.com\/fr\/wp-json\/wp\/v2\/product\/8715","targetHints":{"allow":["GET"]}}],"collection":[{"href":"https:\/\/my-french-grocery.com\/fr\/wp-json\/wp\/v2\/product"}],"about":[{"href":"https:\/\/my-french-grocery.com\/fr\/wp-json\/wp\/v2\/types\/product"}],"replies":[{"embeddable":true,"href":"https:\/\/my-french-grocery.com\/fr\/wp-json\/wp\/v2\/comments?post=8715"}],"wp:featuredmedia":[{"embeddable":true,"href":"https:\/\/my-french-grocery.com\/fr\/wp-json\/wp\/v2\/media\/8716"}],"wp:attachment":[{"href":"https:\/\/my-french-grocery.com\/fr\/wp-json\/wp\/v2\/media?parent=8715"}],"wp:term":[{"taxonomy":"pwb-brand","embeddable":true,"href":"https:\/\/my-french-grocery.com\/fr\/wp-json\/wp\/v2\/pwb-brand?post=8715"},{"taxonomy":"product_brand","embeddable":true,"href":"https:\/\/my-french-grocery.com\/fr\/wp-json\/wp\/v2\/product_brand?post=8715"},{"taxonomy":"product_cat","embeddable":true,"href":"https:\/\/my-french-grocery.com\/fr\/wp-json\/wp\/v2\/product_cat?post=8715"},{"taxonomy":"product_tag","embeddable":true,"href":"https:\/\/my-french-grocery.com\/fr\/wp-json\/wp\/v2\/product_tag?post=8715"}],"curies":[{"name":"wp","href":"https:\/\/api.w.org\/{rel}","templated":true}]}}