{"id":8739,"date":"2019-06-03T11:57:19","date_gmt":"2019-06-03T09:57:19","guid":{"rendered":"https:\/\/my-french-grocery.com\/product\/boisson-gazeuse-citron-goyave-perrier\/"},"modified":"2019-06-03T11:57:19","modified_gmt":"2019-06-03T09:57:19","slug":"boisson-gazeuse-citron-goyave-perrier","status":"publish","type":"product","link":"https:\/\/my-french-grocery.com\/fr\/produit\/boisson-gazeuse-citron-goyave-perrier\/","title":{"rendered":"Boisson Gazeuse Citron Goyave Perrier"},"content":{"rendered":"<p>Boisson Gazeuse Citron Goyave Perrier<\/p>\n<p>pack de 4 canettes de 25cL<\/p>\n<p>Bullez sans culpabiliser avec PERRIER &amp; JUICE\u00a0Citron Goyave, la force des bulles de PERRIER alli\u00e9e \u00e0 de d\u00e9licieux jus de fruits pour un rafra\u00eechissement riche en go\u00fbt et faible en calories. Osez\u00a0le peps acidul\u00e9 du citron combin\u00e9 \u00e0 la douceur de la goyave\u00a0pour une pause plaisir sans culpabilit\u00e9. Une boisson intens\u00e9ment rafra\u00eechissante \u00e0 d\u00e9guster d\u00e8s que l&rsquo;envie s&rsquo;en fait sentir ! PERRIER &amp; JUICE est une boisson aromatis\u00e9e \u00e0 base de\u00a03 jus de fruits \u00a0\u00e0 base de concentr\u00e9.<\/p>\n<p>&nbsp;<\/p>\n","protected":false},"excerpt":{"rendered":"<p>Boisson Gazeuse Citron Goyave Perrier<\/p>\n<p>pack de 4 canettes de 25cL<\/p>\n","protected":false},"featured_media":8740,"comment_status":"open","ping_status":"closed","template":"","meta":[],"pwb-brand":[867],"product_brand":[],"product_cat":[1015],"product_tag":[1381],"class_list":{"0":"post-8739","1":"product","2":"type-product","3":"status-publish","4":"has-post-thumbnail","6":"pwb-brand-perrier-fr","7":"product_cat-eau-jus-de-fruits-sodas-sirops","8":"product_tag-perrier-fr","9":"product_shipping_class-expedition-dans-le-monde-entier","11":"first","12":"outofstock","13":"taxable","14":"shipping-taxable","15":"purchasable","16":"product-type-simple"},"yoast_head":"<!-- This site is optimized with the Yoast SEO plugin v27.4 - https:\/\/yoast.com\/product\/yoast-seo-wordpress\/ -->\n<title>Boisson Gazeuse Citron Goyave Perrier | Buy Online | My French Grocery<\/title>\n<meta name=\"robots\" content=\"index, follow, max-snippet:-1, max-image-preview:large, max-video-preview:-1\" \/>\n<link rel=\"canonical\" href=\"https:\/\/my-french-grocery.com\/fr\/produit\/boisson-gazeuse-citron-goyave-perrier\/\" \/>\n<meta property=\"og:locale\" content=\"fr_FR\" \/>\n<meta property=\"og:type\" content=\"article\" \/>\n<meta property=\"og:title\" content=\"Boisson Gazeuse Citron Goyave Perrier | Buy Online | My French Grocery\" \/>\n<meta property=\"og:description\" content=\"Boisson Gazeuse Citron Goyave Perrier  pack de 4 canettes de 25cL\" \/>\n<meta property=\"og:url\" content=\"https:\/\/my-french-grocery.com\/fr\/produit\/boisson-gazeuse-citron-goyave-perrier\/\" \/>\n<meta property=\"og:site_name\" content=\"My French Grocery\" \/>\n<meta property=\"article:publisher\" content=\"https:\/\/www.facebook.com\/myfrenchgrocery\/\" \/>\n<meta property=\"og:image\" content=\"https:\/\/my-french-grocery.com\/wp-content\/uploads\/2019\/06\/PERRIER-JUICE-CITRON-GOYAVE.jpg\" \/>\n\t<meta property=\"og:image:width\" content=\"540\" \/>\n\t<meta property=\"og:image:height\" content=\"540\" \/>\n\t<meta property=\"og:image:type\" content=\"image\/jpeg\" \/>\n<meta name=\"twitter:card\" content=\"summary_large_image\" \/>\n<script type=\"application\/ld+json\" class=\"yoast-schema-graph\">{\"@context\":\"https:\\\/\\\/schema.org\",\"@graph\":[{\"@type\":\"WebPage\",\"@id\":\"https:\\\/\\\/my-french-grocery.com\\\/fr\\\/produit\\\/boisson-gazeuse-citron-goyave-perrier\\\/\",\"url\":\"https:\\\/\\\/my-french-grocery.com\\\/fr\\\/produit\\\/boisson-gazeuse-citron-goyave-perrier\\\/\",\"name\":\"Boisson Gazeuse Citron Goyave Perrier | Buy Online | My French Grocery\",\"isPartOf\":{\"@id\":\"https:\\\/\\\/my-french-grocery.com\\\/fr\\\/#website\"},\"primaryImageOfPage\":{\"@id\":\"https:\\\/\\\/my-french-grocery.com\\\/fr\\\/produit\\\/boisson-gazeuse-citron-goyave-perrier\\\/#primaryimage\"},\"image\":{\"@id\":\"https:\\\/\\\/my-french-grocery.com\\\/fr\\\/produit\\\/boisson-gazeuse-citron-goyave-perrier\\\/#primaryimage\"},\"thumbnailUrl\":\"https:\\\/\\\/my-french-grocery.com\\\/wp-content\\\/uploads\\\/2019\\\/06\\\/PERRIER-JUICE-CITRON-GOYAVE.jpg\",\"datePublished\":\"2019-06-03T09:57:19+00:00\",\"breadcrumb\":{\"@id\":\"https:\\\/\\\/my-french-grocery.com\\\/fr\\\/produit\\\/boisson-gazeuse-citron-goyave-perrier\\\/#breadcrumb\"},\"inLanguage\":\"fr-FR\",\"potentialAction\":[{\"@type\":\"ReadAction\",\"target\":[\"https:\\\/\\\/my-french-grocery.com\\\/fr\\\/produit\\\/boisson-gazeuse-citron-goyave-perrier\\\/\"]}]},{\"@type\":\"ImageObject\",\"inLanguage\":\"fr-FR\",\"@id\":\"https:\\\/\\\/my-french-grocery.com\\\/fr\\\/produit\\\/boisson-gazeuse-citron-goyave-perrier\\\/#primaryimage\",\"url\":\"https:\\\/\\\/my-french-grocery.com\\\/wp-content\\\/uploads\\\/2019\\\/06\\\/PERRIER-JUICE-CITRON-GOYAVE.jpg\",\"contentUrl\":\"https:\\\/\\\/my-french-grocery.com\\\/wp-content\\\/uploads\\\/2019\\\/06\\\/PERRIER-JUICE-CITRON-GOYAVE.jpg\",\"width\":540,\"height\":540,\"caption\":\"Boisson Gazeuse Citron Goyave Perrier - My French Grocery\"},{\"@type\":\"BreadcrumbList\",\"@id\":\"https:\\\/\\\/my-french-grocery.com\\\/fr\\\/produit\\\/boisson-gazeuse-citron-goyave-perrier\\\/#breadcrumb\",\"itemListElement\":[{\"@type\":\"ListItem\",\"position\":1,\"name\":\"Home\",\"item\":\"https:\\\/\\\/my-french-grocery.com\\\/fr\\\/\"},{\"@type\":\"ListItem\",\"position\":2,\"name\":\"Shop\",\"item\":\"https:\\\/\\\/my-french-grocery.com\\\/shop\\\/\"},{\"@type\":\"ListItem\",\"position\":3,\"name\":\"Boissons - Vins - Champagnes\",\"item\":\"https:\\\/\\\/my-french-grocery.com\\\/fr\\\/categorie-produit\\\/boissons-vins-champagnes\\\/\"},{\"@type\":\"ListItem\",\"position\":4,\"name\":\"Eau, Jus De fruits, Sodas, Sirops\",\"item\":\"https:\\\/\\\/my-french-grocery.com\\\/fr\\\/categorie-produit\\\/boissons-vins-champagnes\\\/eau-jus-de-fruits-sodas-sirops\\\/\"},{\"@type\":\"ListItem\",\"position\":5,\"name\":\"Boisson Gazeuse Citron Goyave Perrier\"}]},{\"@type\":\"WebSite\",\"@id\":\"https:\\\/\\\/my-french-grocery.com\\\/fr\\\/#website\",\"url\":\"https:\\\/\\\/my-french-grocery.com\\\/fr\\\/\",\"name\":\"My French Grocery\",\"description\":\"Your Online French Grocery  !\",\"publisher\":{\"@id\":\"https:\\\/\\\/my-french-grocery.com\\\/fr\\\/#organization\"},\"potentialAction\":[{\"@type\":\"SearchAction\",\"target\":{\"@type\":\"EntryPoint\",\"urlTemplate\":\"https:\\\/\\\/my-french-grocery.com\\\/fr\\\/?s={search_term_string}\"},\"query-input\":{\"@type\":\"PropertyValueSpecification\",\"valueRequired\":true,\"valueName\":\"search_term_string\"}}],\"inLanguage\":\"fr-FR\"},{\"@type\":\"Organization\",\"@id\":\"https:\\\/\\\/my-french-grocery.com\\\/fr\\\/#organization\",\"name\":\"MY FRENCH GROCERY\",\"url\":\"https:\\\/\\\/my-french-grocery.com\\\/fr\\\/\",\"logo\":{\"@type\":\"ImageObject\",\"inLanguage\":\"fr-FR\",\"@id\":\"https:\\\/\\\/my-french-grocery.com\\\/fr\\\/#\\\/schema\\\/logo\\\/image\\\/\",\"url\":\"https:\\\/\\\/my-french-grocery.com\\\/wp-content\\\/uploads\\\/2021\\\/11\\\/My-French-Grocery-Online-French-Grocery.png\",\"contentUrl\":\"https:\\\/\\\/my-french-grocery.com\\\/wp-content\\\/uploads\\\/2021\\\/11\\\/My-French-Grocery-Online-French-Grocery.png\",\"width\":100,\"height\":100,\"caption\":\"MY FRENCH GROCERY\"},\"image\":{\"@id\":\"https:\\\/\\\/my-french-grocery.com\\\/fr\\\/#\\\/schema\\\/logo\\\/image\\\/\"},\"sameAs\":[\"https:\\\/\\\/www.facebook.com\\\/myfrenchgrocery\\\/\"]}]}<\/script>\n<!-- \/ Yoast SEO plugin. -->","yoast_head_json":{"title":"Boisson Gazeuse Citron Goyave Perrier | Buy Online | My French Grocery","robots":{"index":"index","follow":"follow","max-snippet":"max-snippet:-1","max-image-preview":"max-image-preview:large","max-video-preview":"max-video-preview:-1"},"canonical":"https:\/\/my-french-grocery.com\/fr\/produit\/boisson-gazeuse-citron-goyave-perrier\/","og_locale":"fr_FR","og_type":"article","og_title":"Boisson Gazeuse Citron Goyave Perrier | Buy Online | My French Grocery","og_description":"Boisson Gazeuse Citron Goyave Perrier  pack de 4 canettes de 25cL","og_url":"https:\/\/my-french-grocery.com\/fr\/produit\/boisson-gazeuse-citron-goyave-perrier\/","og_site_name":"My French Grocery","article_publisher":"https:\/\/www.facebook.com\/myfrenchgrocery\/","og_image":[{"width":540,"height":540,"url":"https:\/\/my-french-grocery.com\/wp-content\/uploads\/2019\/06\/PERRIER-JUICE-CITRON-GOYAVE.jpg","type":"image\/jpeg"}],"twitter_card":"summary_large_image","schema":{"@context":"https:\/\/schema.org","@graph":[{"@type":"WebPage","@id":"https:\/\/my-french-grocery.com\/fr\/produit\/boisson-gazeuse-citron-goyave-perrier\/","url":"https:\/\/my-french-grocery.com\/fr\/produit\/boisson-gazeuse-citron-goyave-perrier\/","name":"Boisson Gazeuse Citron Goyave Perrier | Buy Online | My French Grocery","isPartOf":{"@id":"https:\/\/my-french-grocery.com\/fr\/#website"},"primaryImageOfPage":{"@id":"https:\/\/my-french-grocery.com\/fr\/produit\/boisson-gazeuse-citron-goyave-perrier\/#primaryimage"},"image":{"@id":"https:\/\/my-french-grocery.com\/fr\/produit\/boisson-gazeuse-citron-goyave-perrier\/#primaryimage"},"thumbnailUrl":"https:\/\/my-french-grocery.com\/wp-content\/uploads\/2019\/06\/PERRIER-JUICE-CITRON-GOYAVE.jpg","datePublished":"2019-06-03T09:57:19+00:00","breadcrumb":{"@id":"https:\/\/my-french-grocery.com\/fr\/produit\/boisson-gazeuse-citron-goyave-perrier\/#breadcrumb"},"inLanguage":"fr-FR","potentialAction":[{"@type":"ReadAction","target":["https:\/\/my-french-grocery.com\/fr\/produit\/boisson-gazeuse-citron-goyave-perrier\/"]}]},{"@type":"ImageObject","inLanguage":"fr-FR","@id":"https:\/\/my-french-grocery.com\/fr\/produit\/boisson-gazeuse-citron-goyave-perrier\/#primaryimage","url":"https:\/\/my-french-grocery.com\/wp-content\/uploads\/2019\/06\/PERRIER-JUICE-CITRON-GOYAVE.jpg","contentUrl":"https:\/\/my-french-grocery.com\/wp-content\/uploads\/2019\/06\/PERRIER-JUICE-CITRON-GOYAVE.jpg","width":540,"height":540,"caption":"Boisson Gazeuse Citron Goyave Perrier - My French Grocery"},{"@type":"BreadcrumbList","@id":"https:\/\/my-french-grocery.com\/fr\/produit\/boisson-gazeuse-citron-goyave-perrier\/#breadcrumb","itemListElement":[{"@type":"ListItem","position":1,"name":"Home","item":"https:\/\/my-french-grocery.com\/fr\/"},{"@type":"ListItem","position":2,"name":"Shop","item":"https:\/\/my-french-grocery.com\/shop\/"},{"@type":"ListItem","position":3,"name":"Boissons - Vins - Champagnes","item":"https:\/\/my-french-grocery.com\/fr\/categorie-produit\/boissons-vins-champagnes\/"},{"@type":"ListItem","position":4,"name":"Eau, Jus De fruits, Sodas, Sirops","item":"https:\/\/my-french-grocery.com\/fr\/categorie-produit\/boissons-vins-champagnes\/eau-jus-de-fruits-sodas-sirops\/"},{"@type":"ListItem","position":5,"name":"Boisson Gazeuse Citron Goyave Perrier"}]},{"@type":"WebSite","@id":"https:\/\/my-french-grocery.com\/fr\/#website","url":"https:\/\/my-french-grocery.com\/fr\/","name":"My French Grocery","description":"Your Online French Grocery  !","publisher":{"@id":"https:\/\/my-french-grocery.com\/fr\/#organization"},"potentialAction":[{"@type":"SearchAction","target":{"@type":"EntryPoint","urlTemplate":"https:\/\/my-french-grocery.com\/fr\/?s={search_term_string}"},"query-input":{"@type":"PropertyValueSpecification","valueRequired":true,"valueName":"search_term_string"}}],"inLanguage":"fr-FR"},{"@type":"Organization","@id":"https:\/\/my-french-grocery.com\/fr\/#organization","name":"MY FRENCH GROCERY","url":"https:\/\/my-french-grocery.com\/fr\/","logo":{"@type":"ImageObject","inLanguage":"fr-FR","@id":"https:\/\/my-french-grocery.com\/fr\/#\/schema\/logo\/image\/","url":"https:\/\/my-french-grocery.com\/wp-content\/uploads\/2021\/11\/My-French-Grocery-Online-French-Grocery.png","contentUrl":"https:\/\/my-french-grocery.com\/wp-content\/uploads\/2021\/11\/My-French-Grocery-Online-French-Grocery.png","width":100,"height":100,"caption":"MY FRENCH GROCERY"},"image":{"@id":"https:\/\/my-french-grocery.com\/fr\/#\/schema\/logo\/image\/"},"sameAs":["https:\/\/www.facebook.com\/myfrenchgrocery\/"]}]}},"brands":[{"id":867,"name":"Perrier","slug":"perrier-fr"}],"_links":{"self":[{"href":"https:\/\/my-french-grocery.com\/fr\/wp-json\/wp\/v2\/product\/8739","targetHints":{"allow":["GET"]}}],"collection":[{"href":"https:\/\/my-french-grocery.com\/fr\/wp-json\/wp\/v2\/product"}],"about":[{"href":"https:\/\/my-french-grocery.com\/fr\/wp-json\/wp\/v2\/types\/product"}],"replies":[{"embeddable":true,"href":"https:\/\/my-french-grocery.com\/fr\/wp-json\/wp\/v2\/comments?post=8739"}],"wp:featuredmedia":[{"embeddable":true,"href":"https:\/\/my-french-grocery.com\/fr\/wp-json\/wp\/v2\/media\/8740"}],"wp:attachment":[{"href":"https:\/\/my-french-grocery.com\/fr\/wp-json\/wp\/v2\/media?parent=8739"}],"wp:term":[{"taxonomy":"pwb-brand","embeddable":true,"href":"https:\/\/my-french-grocery.com\/fr\/wp-json\/wp\/v2\/pwb-brand?post=8739"},{"taxonomy":"product_brand","embeddable":true,"href":"https:\/\/my-french-grocery.com\/fr\/wp-json\/wp\/v2\/product_brand?post=8739"},{"taxonomy":"product_cat","embeddable":true,"href":"https:\/\/my-french-grocery.com\/fr\/wp-json\/wp\/v2\/product_cat?post=8739"},{"taxonomy":"product_tag","embeddable":true,"href":"https:\/\/my-french-grocery.com\/fr\/wp-json\/wp\/v2\/product_tag?post=8739"}],"curies":[{"name":"wp","href":"https:\/\/api.w.org\/{rel}","templated":true}]}}