{"id":8756,"date":"2019-06-03T15:48:08","date_gmt":"2019-06-03T13:48:08","guid":{"rendered":"https:\/\/my-french-grocery.com\/product\/eau-gazeuse-minerale-naturelle-badoit\/"},"modified":"2026-01-22T22:50:55","modified_gmt":"2026-01-22T20:50:55","slug":"eau-gazeuse-minerale-naturelle-badoit","status":"publish","type":"product","link":"https:\/\/my-french-grocery.com\/fr\/produit\/eau-gazeuse-minerale-naturelle-badoit\/","title":{"rendered":"Eau Gazeuse Min\u00e9rale Naturelle Badoit"},"content":{"rendered":"<p>Eau Gazeuse Min\u00e9rale Naturelle Badoit<\/p>\n<p>bouteille d&rsquo;1L<\/p>\n<p>Finement P\u00e9tillante, c\u2019est la Badoit incontournable, intemporelle. Elle se distingue par la subtilit\u00e9 de son go\u00fbt, un go\u00fbt signature, unique, tout en d\u00e9licatesse des ar\u00f4mes et en finesse des textures.\u00a0Ses fines bulles empreintes de l\u00e9g\u00e8ret\u00e9 et son go\u00fbt d\u00e9licat accompagnent au quotidien tous vos repas. Badoit est une eau min\u00e9rale naturelle avec adjonction de gaz carbonique, pour vous offrir une eau d&rsquo;une qualit\u00e9 gustative constante.<\/p>\n","protected":false},"excerpt":{"rendered":"<p>Eau Gazeuse Min\u00e9rale Naturelle Badoit<\/p>\n<p>bouteille d&rsquo;1L<\/p>\n","protected":false},"featured_media":31716,"comment_status":"open","ping_status":"closed","template":"","meta":[],"pwb-brand":[497],"product_brand":[],"product_cat":[1015],"product_tag":[1088],"class_list":{"0":"post-8756","1":"product","2":"type-product","3":"status-publish","4":"has-post-thumbnail","6":"pwb-brand-badoit-fr","7":"product_cat-eau-jus-de-fruits-sodas-sirops","8":"product_tag-badoit-fr","9":"product_shipping_class-expedition-dans-le-monde-entier","11":"first","12":"instock","13":"taxable","14":"shipping-taxable","15":"purchasable","16":"product-type-simple"},"yoast_head":"<!-- This site is optimized with the Yoast SEO plugin v27.4 - https:\/\/yoast.com\/product\/yoast-seo-wordpress\/ -->\n<title>Eau Gazeuse Min\u00e9rale Naturelle Badoit | Buy Online | My French Grocery<\/title>\n<meta name=\"robots\" content=\"index, follow, max-snippet:-1, max-image-preview:large, max-video-preview:-1\" \/>\n<link rel=\"canonical\" href=\"https:\/\/my-french-grocery.com\/fr\/produit\/eau-gazeuse-minerale-naturelle-badoit\/\" \/>\n<meta property=\"og:locale\" content=\"fr_FR\" \/>\n<meta property=\"og:type\" content=\"article\" \/>\n<meta property=\"og:title\" content=\"Eau Gazeuse Min\u00e9rale Naturelle Badoit | Buy Online | My French Grocery\" \/>\n<meta property=\"og:description\" content=\"Eau Gazeuse Min\u00e9rale Naturelle Badoit  bouteille d&#039;1L\" \/>\n<meta property=\"og:url\" content=\"https:\/\/my-french-grocery.com\/fr\/produit\/eau-gazeuse-minerale-naturelle-badoit\/\" \/>\n<meta property=\"og:site_name\" content=\"My French Grocery\" \/>\n<meta property=\"article:publisher\" content=\"https:\/\/www.facebook.com\/myfrenchgrocery\/\" \/>\n<meta property=\"article:modified_time\" content=\"2026-01-22T20:50:55+00:00\" \/>\n<meta property=\"og:image\" content=\"https:\/\/my-french-grocery.com\/wp-content\/uploads\/2019\/06\/BADOIT-1.jpg\" \/>\n\t<meta property=\"og:image:width\" content=\"540\" \/>\n\t<meta property=\"og:image:height\" content=\"540\" \/>\n\t<meta property=\"og:image:type\" content=\"image\/jpeg\" \/>\n<meta name=\"twitter:card\" content=\"summary_large_image\" \/>\n<script type=\"application\/ld+json\" class=\"yoast-schema-graph\">{\"@context\":\"https:\\\/\\\/schema.org\",\"@graph\":[{\"@type\":\"WebPage\",\"@id\":\"https:\\\/\\\/my-french-grocery.com\\\/fr\\\/produit\\\/eau-gazeuse-minerale-naturelle-badoit\\\/\",\"url\":\"https:\\\/\\\/my-french-grocery.com\\\/fr\\\/produit\\\/eau-gazeuse-minerale-naturelle-badoit\\\/\",\"name\":\"Eau Gazeuse Min\u00e9rale Naturelle Badoit | Buy Online | My French Grocery\",\"isPartOf\":{\"@id\":\"https:\\\/\\\/my-french-grocery.com\\\/fr\\\/#website\"},\"primaryImageOfPage\":{\"@id\":\"https:\\\/\\\/my-french-grocery.com\\\/fr\\\/produit\\\/eau-gazeuse-minerale-naturelle-badoit\\\/#primaryimage\"},\"image\":{\"@id\":\"https:\\\/\\\/my-french-grocery.com\\\/fr\\\/produit\\\/eau-gazeuse-minerale-naturelle-badoit\\\/#primaryimage\"},\"thumbnailUrl\":\"https:\\\/\\\/my-french-grocery.com\\\/wp-content\\\/uploads\\\/2019\\\/06\\\/BADOIT-1.jpg\",\"datePublished\":\"2019-06-03T13:48:08+00:00\",\"dateModified\":\"2026-01-22T20:50:55+00:00\",\"breadcrumb\":{\"@id\":\"https:\\\/\\\/my-french-grocery.com\\\/fr\\\/produit\\\/eau-gazeuse-minerale-naturelle-badoit\\\/#breadcrumb\"},\"inLanguage\":\"fr-FR\",\"potentialAction\":[{\"@type\":\"ReadAction\",\"target\":[\"https:\\\/\\\/my-french-grocery.com\\\/fr\\\/produit\\\/eau-gazeuse-minerale-naturelle-badoit\\\/\"]}]},{\"@type\":\"ImageObject\",\"inLanguage\":\"fr-FR\",\"@id\":\"https:\\\/\\\/my-french-grocery.com\\\/fr\\\/produit\\\/eau-gazeuse-minerale-naturelle-badoit\\\/#primaryimage\",\"url\":\"https:\\\/\\\/my-french-grocery.com\\\/wp-content\\\/uploads\\\/2019\\\/06\\\/BADOIT-1.jpg\",\"contentUrl\":\"https:\\\/\\\/my-french-grocery.com\\\/wp-content\\\/uploads\\\/2019\\\/06\\\/BADOIT-1.jpg\",\"width\":540,\"height\":540},{\"@type\":\"BreadcrumbList\",\"@id\":\"https:\\\/\\\/my-french-grocery.com\\\/fr\\\/produit\\\/eau-gazeuse-minerale-naturelle-badoit\\\/#breadcrumb\",\"itemListElement\":[{\"@type\":\"ListItem\",\"position\":1,\"name\":\"Home\",\"item\":\"https:\\\/\\\/my-french-grocery.com\\\/fr\\\/\"},{\"@type\":\"ListItem\",\"position\":2,\"name\":\"Shop\",\"item\":\"https:\\\/\\\/my-french-grocery.com\\\/shop\\\/\"},{\"@type\":\"ListItem\",\"position\":3,\"name\":\"Boissons - Vins - Champagnes\",\"item\":\"https:\\\/\\\/my-french-grocery.com\\\/fr\\\/categorie-produit\\\/boissons-vins-champagnes\\\/\"},{\"@type\":\"ListItem\",\"position\":4,\"name\":\"Eau, Jus De fruits, Sodas, Sirops\",\"item\":\"https:\\\/\\\/my-french-grocery.com\\\/fr\\\/categorie-produit\\\/boissons-vins-champagnes\\\/eau-jus-de-fruits-sodas-sirops\\\/\"},{\"@type\":\"ListItem\",\"position\":5,\"name\":\"Eau Gazeuse Min\u00e9rale Naturelle Badoit\"}]},{\"@type\":\"WebSite\",\"@id\":\"https:\\\/\\\/my-french-grocery.com\\\/fr\\\/#website\",\"url\":\"https:\\\/\\\/my-french-grocery.com\\\/fr\\\/\",\"name\":\"My French Grocery\",\"description\":\"Your Online French Grocery  !\",\"publisher\":{\"@id\":\"https:\\\/\\\/my-french-grocery.com\\\/fr\\\/#organization\"},\"potentialAction\":[{\"@type\":\"SearchAction\",\"target\":{\"@type\":\"EntryPoint\",\"urlTemplate\":\"https:\\\/\\\/my-french-grocery.com\\\/fr\\\/?s={search_term_string}\"},\"query-input\":{\"@type\":\"PropertyValueSpecification\",\"valueRequired\":true,\"valueName\":\"search_term_string\"}}],\"inLanguage\":\"fr-FR\"},{\"@type\":\"Organization\",\"@id\":\"https:\\\/\\\/my-french-grocery.com\\\/fr\\\/#organization\",\"name\":\"MY FRENCH GROCERY\",\"url\":\"https:\\\/\\\/my-french-grocery.com\\\/fr\\\/\",\"logo\":{\"@type\":\"ImageObject\",\"inLanguage\":\"fr-FR\",\"@id\":\"https:\\\/\\\/my-french-grocery.com\\\/fr\\\/#\\\/schema\\\/logo\\\/image\\\/\",\"url\":\"https:\\\/\\\/my-french-grocery.com\\\/wp-content\\\/uploads\\\/2021\\\/11\\\/My-French-Grocery-Online-French-Grocery.png\",\"contentUrl\":\"https:\\\/\\\/my-french-grocery.com\\\/wp-content\\\/uploads\\\/2021\\\/11\\\/My-French-Grocery-Online-French-Grocery.png\",\"width\":100,\"height\":100,\"caption\":\"MY FRENCH GROCERY\"},\"image\":{\"@id\":\"https:\\\/\\\/my-french-grocery.com\\\/fr\\\/#\\\/schema\\\/logo\\\/image\\\/\"},\"sameAs\":[\"https:\\\/\\\/www.facebook.com\\\/myfrenchgrocery\\\/\"]}]}<\/script>\n<!-- \/ Yoast SEO plugin. -->","yoast_head_json":{"title":"Eau Gazeuse Min\u00e9rale Naturelle Badoit | Buy Online | My French Grocery","robots":{"index":"index","follow":"follow","max-snippet":"max-snippet:-1","max-image-preview":"max-image-preview:large","max-video-preview":"max-video-preview:-1"},"canonical":"https:\/\/my-french-grocery.com\/fr\/produit\/eau-gazeuse-minerale-naturelle-badoit\/","og_locale":"fr_FR","og_type":"article","og_title":"Eau Gazeuse Min\u00e9rale Naturelle Badoit | Buy Online | My French Grocery","og_description":"Eau Gazeuse Min\u00e9rale Naturelle Badoit  bouteille d'1L","og_url":"https:\/\/my-french-grocery.com\/fr\/produit\/eau-gazeuse-minerale-naturelle-badoit\/","og_site_name":"My French Grocery","article_publisher":"https:\/\/www.facebook.com\/myfrenchgrocery\/","article_modified_time":"2026-01-22T20:50:55+00:00","og_image":[{"width":540,"height":540,"url":"https:\/\/my-french-grocery.com\/wp-content\/uploads\/2019\/06\/BADOIT-1.jpg","type":"image\/jpeg"}],"twitter_card":"summary_large_image","schema":{"@context":"https:\/\/schema.org","@graph":[{"@type":"WebPage","@id":"https:\/\/my-french-grocery.com\/fr\/produit\/eau-gazeuse-minerale-naturelle-badoit\/","url":"https:\/\/my-french-grocery.com\/fr\/produit\/eau-gazeuse-minerale-naturelle-badoit\/","name":"Eau Gazeuse Min\u00e9rale Naturelle Badoit | Buy Online | My French Grocery","isPartOf":{"@id":"https:\/\/my-french-grocery.com\/fr\/#website"},"primaryImageOfPage":{"@id":"https:\/\/my-french-grocery.com\/fr\/produit\/eau-gazeuse-minerale-naturelle-badoit\/#primaryimage"},"image":{"@id":"https:\/\/my-french-grocery.com\/fr\/produit\/eau-gazeuse-minerale-naturelle-badoit\/#primaryimage"},"thumbnailUrl":"https:\/\/my-french-grocery.com\/wp-content\/uploads\/2019\/06\/BADOIT-1.jpg","datePublished":"2019-06-03T13:48:08+00:00","dateModified":"2026-01-22T20:50:55+00:00","breadcrumb":{"@id":"https:\/\/my-french-grocery.com\/fr\/produit\/eau-gazeuse-minerale-naturelle-badoit\/#breadcrumb"},"inLanguage":"fr-FR","potentialAction":[{"@type":"ReadAction","target":["https:\/\/my-french-grocery.com\/fr\/produit\/eau-gazeuse-minerale-naturelle-badoit\/"]}]},{"@type":"ImageObject","inLanguage":"fr-FR","@id":"https:\/\/my-french-grocery.com\/fr\/produit\/eau-gazeuse-minerale-naturelle-badoit\/#primaryimage","url":"https:\/\/my-french-grocery.com\/wp-content\/uploads\/2019\/06\/BADOIT-1.jpg","contentUrl":"https:\/\/my-french-grocery.com\/wp-content\/uploads\/2019\/06\/BADOIT-1.jpg","width":540,"height":540},{"@type":"BreadcrumbList","@id":"https:\/\/my-french-grocery.com\/fr\/produit\/eau-gazeuse-minerale-naturelle-badoit\/#breadcrumb","itemListElement":[{"@type":"ListItem","position":1,"name":"Home","item":"https:\/\/my-french-grocery.com\/fr\/"},{"@type":"ListItem","position":2,"name":"Shop","item":"https:\/\/my-french-grocery.com\/shop\/"},{"@type":"ListItem","position":3,"name":"Boissons - Vins - Champagnes","item":"https:\/\/my-french-grocery.com\/fr\/categorie-produit\/boissons-vins-champagnes\/"},{"@type":"ListItem","position":4,"name":"Eau, Jus De fruits, Sodas, Sirops","item":"https:\/\/my-french-grocery.com\/fr\/categorie-produit\/boissons-vins-champagnes\/eau-jus-de-fruits-sodas-sirops\/"},{"@type":"ListItem","position":5,"name":"Eau Gazeuse Min\u00e9rale Naturelle Badoit"}]},{"@type":"WebSite","@id":"https:\/\/my-french-grocery.com\/fr\/#website","url":"https:\/\/my-french-grocery.com\/fr\/","name":"My French Grocery","description":"Your Online French Grocery  !","publisher":{"@id":"https:\/\/my-french-grocery.com\/fr\/#organization"},"potentialAction":[{"@type":"SearchAction","target":{"@type":"EntryPoint","urlTemplate":"https:\/\/my-french-grocery.com\/fr\/?s={search_term_string}"},"query-input":{"@type":"PropertyValueSpecification","valueRequired":true,"valueName":"search_term_string"}}],"inLanguage":"fr-FR"},{"@type":"Organization","@id":"https:\/\/my-french-grocery.com\/fr\/#organization","name":"MY FRENCH GROCERY","url":"https:\/\/my-french-grocery.com\/fr\/","logo":{"@type":"ImageObject","inLanguage":"fr-FR","@id":"https:\/\/my-french-grocery.com\/fr\/#\/schema\/logo\/image\/","url":"https:\/\/my-french-grocery.com\/wp-content\/uploads\/2021\/11\/My-French-Grocery-Online-French-Grocery.png","contentUrl":"https:\/\/my-french-grocery.com\/wp-content\/uploads\/2021\/11\/My-French-Grocery-Online-French-Grocery.png","width":100,"height":100,"caption":"MY FRENCH GROCERY"},"image":{"@id":"https:\/\/my-french-grocery.com\/fr\/#\/schema\/logo\/image\/"},"sameAs":["https:\/\/www.facebook.com\/myfrenchgrocery\/"]}]}},"brands":[{"id":497,"name":"Badoit","slug":"badoit-fr"}],"_links":{"self":[{"href":"https:\/\/my-french-grocery.com\/fr\/wp-json\/wp\/v2\/product\/8756","targetHints":{"allow":["GET"]}}],"collection":[{"href":"https:\/\/my-french-grocery.com\/fr\/wp-json\/wp\/v2\/product"}],"about":[{"href":"https:\/\/my-french-grocery.com\/fr\/wp-json\/wp\/v2\/types\/product"}],"replies":[{"embeddable":true,"href":"https:\/\/my-french-grocery.com\/fr\/wp-json\/wp\/v2\/comments?post=8756"}],"wp:featuredmedia":[{"embeddable":true,"href":"https:\/\/my-french-grocery.com\/fr\/wp-json\/wp\/v2\/media\/31716"}],"wp:attachment":[{"href":"https:\/\/my-french-grocery.com\/fr\/wp-json\/wp\/v2\/media?parent=8756"}],"wp:term":[{"taxonomy":"pwb-brand","embeddable":true,"href":"https:\/\/my-french-grocery.com\/fr\/wp-json\/wp\/v2\/pwb-brand?post=8756"},{"taxonomy":"product_brand","embeddable":true,"href":"https:\/\/my-french-grocery.com\/fr\/wp-json\/wp\/v2\/product_brand?post=8756"},{"taxonomy":"product_cat","embeddable":true,"href":"https:\/\/my-french-grocery.com\/fr\/wp-json\/wp\/v2\/product_cat?post=8756"},{"taxonomy":"product_tag","embeddable":true,"href":"https:\/\/my-french-grocery.com\/fr\/wp-json\/wp\/v2\/product_tag?post=8756"}],"curies":[{"name":"wp","href":"https:\/\/api.w.org\/{rel}","templated":true}]}}