{"id":8855,"date":"2019-06-06T15:33:32","date_gmt":"2019-06-06T13:33:32","guid":{"rendered":"https:\/\/my-french-grocery.com\/product\/compotes-pomme-vanille-pompotes-materne\/"},"modified":"2023-12-02T11:46:42","modified_gmt":"2023-12-02T09:46:42","slug":"compotes-pomme-vanille-pompotes-materne","status":"publish","type":"product","link":"https:\/\/my-french-grocery.com\/fr\/produit\/compotes-pomme-vanille-pompotes-materne\/","title":{"rendered":"Compotes Pomme Poire Vanille Pom&rsquo;Potes Materne"},"content":{"rendered":"<p>Compotes Pomme Poire Vanille Pom&rsquo;Potes Materne<\/p>\n<p>4 gourdes de 90g<\/p>\n<p>POM\u2019POTES : Des gourdes \u00e0 consommer \u00e0 tout moment de la journ\u00e9e !<br \/>\nPom\u2019Potes s\u2019engage pour une agriculture responsable tout en proposant des produits de qualit\u00e9, dans le respect des r\u00e8gles de nutrition, pour le bien-\u00eatre et le plaisir des enfants !<\/p>\n<p>\u2022 Une gourde Pom\u2019Potes correspond \u00e0 1 des 5 portions de fruits et l\u00e9gumes recommand\u00e9es quotidiennement<br \/>\n\u2022 Des recettes all\u00e9g\u00e9es en sucres*<br \/>\n\u2022 L\u2019origine fran\u00e7aise de nos pommes est garantie<br \/>\n\u2022 Nos fournisseurs de pommes s\u2019efforcent d\u2019appliquer le principe de la \u00ab lutte int\u00e9gr\u00e9e \u00bb, en r\u00e9duisant au strict n\u00e9cessaire le traitement des vergers<br \/>\n\u2022 Des recettes sans conservateurs : une simple pasteurisation permet de conserver les gourdes \u00e0 temp\u00e9rature ambiante sans ajout de conservateurs<br \/>\n\u2022 Une ouverture facile des gourdes par les enfants avec l\u2019H\u00e9li\u2019Bouchon plus pratique<\/p>\n","protected":false},"excerpt":{"rendered":"<p>Compotes Pomme Poire Vanille Pom&rsquo;Potes Materne<\/p>\n<p>4 gourdes de 90g<\/p>\n","protected":false},"featured_media":37176,"comment_status":"open","ping_status":"closed","template":"","meta":[],"pwb-brand":[803],"product_brand":[],"product_cat":[1035],"product_tag":[1288],"class_list":{"0":"post-8855","1":"product","2":"type-product","3":"status-publish","4":"has-post-thumbnail","6":"pwb-brand-materne-fr","7":"product_cat-desserts","8":"product_tag-materne-fr","9":"product_shipping_class-expedition-dans-le-monde-entier","11":"first","12":"instock","13":"taxable","14":"shipping-taxable","15":"purchasable","16":"product-type-simple"},"yoast_head":"<!-- This site is optimized with the Yoast SEO plugin v27.3 - https:\/\/yoast.com\/product\/yoast-seo-wordpress\/ -->\n<title>Compotes Pomme Poire Vanille Pom&#039;Potes Materne | Buy Online | My French Grocery<\/title>\n<meta name=\"robots\" content=\"index, follow, max-snippet:-1, max-image-preview:large, max-video-preview:-1\" \/>\n<link rel=\"canonical\" href=\"https:\/\/my-french-grocery.com\/fr\/produit\/compotes-pomme-vanille-pompotes-materne\/\" \/>\n<meta property=\"og:locale\" content=\"fr_FR\" \/>\n<meta property=\"og:type\" content=\"article\" \/>\n<meta property=\"og:title\" content=\"Compotes Pomme Poire Vanille Pom&#039;Potes Materne | Buy Online | My French Grocery\" \/>\n<meta property=\"og:description\" content=\"Compotes Pomme Poire Vanille Pom&#039;Potes Materne  4 gourdes de 90g\" \/>\n<meta property=\"og:url\" content=\"https:\/\/my-french-grocery.com\/fr\/produit\/compotes-pomme-vanille-pompotes-materne\/\" \/>\n<meta property=\"og:site_name\" content=\"My French Grocery\" \/>\n<meta property=\"article:publisher\" content=\"https:\/\/www.facebook.com\/myfrenchgrocery\/\" \/>\n<meta property=\"article:modified_time\" content=\"2023-12-02T09:46:42+00:00\" \/>\n<meta property=\"og:image\" content=\"https:\/\/my-french-grocery.com\/wp-content\/uploads\/2019\/06\/POMPOTES-APPLE-PEAR-VANILLA.jpg\" \/>\n\t<meta property=\"og:image:width\" content=\"500\" \/>\n\t<meta property=\"og:image:height\" content=\"500\" \/>\n\t<meta property=\"og:image:type\" content=\"image\/jpeg\" \/>\n<meta name=\"twitter:card\" content=\"summary_large_image\" \/>\n<meta name=\"twitter:label1\" content=\"Dur\u00e9e de lecture estim\u00e9e\" \/>\n\t<meta name=\"twitter:data1\" content=\"1 minute\" \/>\n<script type=\"application\/ld+json\" class=\"yoast-schema-graph\">{\"@context\":\"https:\\\/\\\/schema.org\",\"@graph\":[{\"@type\":\"WebPage\",\"@id\":\"https:\\\/\\\/my-french-grocery.com\\\/fr\\\/produit\\\/compotes-pomme-vanille-pompotes-materne\\\/\",\"url\":\"https:\\\/\\\/my-french-grocery.com\\\/fr\\\/produit\\\/compotes-pomme-vanille-pompotes-materne\\\/\",\"name\":\"Compotes Pomme Poire Vanille Pom'Potes Materne | Buy Online | My French Grocery\",\"isPartOf\":{\"@id\":\"https:\\\/\\\/my-french-grocery.com\\\/fr\\\/#website\"},\"primaryImageOfPage\":{\"@id\":\"https:\\\/\\\/my-french-grocery.com\\\/fr\\\/produit\\\/compotes-pomme-vanille-pompotes-materne\\\/#primaryimage\"},\"image\":{\"@id\":\"https:\\\/\\\/my-french-grocery.com\\\/fr\\\/produit\\\/compotes-pomme-vanille-pompotes-materne\\\/#primaryimage\"},\"thumbnailUrl\":\"https:\\\/\\\/my-french-grocery.com\\\/wp-content\\\/uploads\\\/2019\\\/06\\\/POMPOTES-APPLE-PEAR-VANILLA.jpg\",\"datePublished\":\"2019-06-06T13:33:32+00:00\",\"dateModified\":\"2023-12-02T09:46:42+00:00\",\"breadcrumb\":{\"@id\":\"https:\\\/\\\/my-french-grocery.com\\\/fr\\\/produit\\\/compotes-pomme-vanille-pompotes-materne\\\/#breadcrumb\"},\"inLanguage\":\"fr-FR\",\"potentialAction\":[{\"@type\":\"ReadAction\",\"target\":[\"https:\\\/\\\/my-french-grocery.com\\\/fr\\\/produit\\\/compotes-pomme-vanille-pompotes-materne\\\/\"]}]},{\"@type\":\"ImageObject\",\"inLanguage\":\"fr-FR\",\"@id\":\"https:\\\/\\\/my-french-grocery.com\\\/fr\\\/produit\\\/compotes-pomme-vanille-pompotes-materne\\\/#primaryimage\",\"url\":\"https:\\\/\\\/my-french-grocery.com\\\/wp-content\\\/uploads\\\/2019\\\/06\\\/POMPOTES-APPLE-PEAR-VANILLA.jpg\",\"contentUrl\":\"https:\\\/\\\/my-french-grocery.com\\\/wp-content\\\/uploads\\\/2019\\\/06\\\/POMPOTES-APPLE-PEAR-VANILLA.jpg\",\"width\":500,\"height\":500},{\"@type\":\"BreadcrumbList\",\"@id\":\"https:\\\/\\\/my-french-grocery.com\\\/fr\\\/produit\\\/compotes-pomme-vanille-pompotes-materne\\\/#breadcrumb\",\"itemListElement\":[{\"@type\":\"ListItem\",\"position\":1,\"name\":\"Home\",\"item\":\"https:\\\/\\\/my-french-grocery.com\\\/fr\\\/\"},{\"@type\":\"ListItem\",\"position\":2,\"name\":\"Shop\",\"item\":\"https:\\\/\\\/my-french-grocery.com\\\/shop\\\/\"},{\"@type\":\"ListItem\",\"position\":3,\"name\":\"Alimentation\",\"item\":\"https:\\\/\\\/my-french-grocery.com\\\/fr\\\/categorie-produit\\\/alimentation\\\/\"},{\"@type\":\"ListItem\",\"position\":4,\"name\":\"Desserts\",\"item\":\"https:\\\/\\\/my-french-grocery.com\\\/fr\\\/categorie-produit\\\/alimentation\\\/desserts\\\/\"},{\"@type\":\"ListItem\",\"position\":5,\"name\":\"Compotes Pomme Poire Vanille Pom&#8217;Potes Materne\"}]},{\"@type\":\"WebSite\",\"@id\":\"https:\\\/\\\/my-french-grocery.com\\\/fr\\\/#website\",\"url\":\"https:\\\/\\\/my-french-grocery.com\\\/fr\\\/\",\"name\":\"My French Grocery\",\"description\":\"Your Online French Grocery  !\",\"publisher\":{\"@id\":\"https:\\\/\\\/my-french-grocery.com\\\/fr\\\/#organization\"},\"potentialAction\":[{\"@type\":\"SearchAction\",\"target\":{\"@type\":\"EntryPoint\",\"urlTemplate\":\"https:\\\/\\\/my-french-grocery.com\\\/fr\\\/?s={search_term_string}\"},\"query-input\":{\"@type\":\"PropertyValueSpecification\",\"valueRequired\":true,\"valueName\":\"search_term_string\"}}],\"inLanguage\":\"fr-FR\"},{\"@type\":\"Organization\",\"@id\":\"https:\\\/\\\/my-french-grocery.com\\\/fr\\\/#organization\",\"name\":\"MY FRENCH GROCERY\",\"url\":\"https:\\\/\\\/my-french-grocery.com\\\/fr\\\/\",\"logo\":{\"@type\":\"ImageObject\",\"inLanguage\":\"fr-FR\",\"@id\":\"https:\\\/\\\/my-french-grocery.com\\\/fr\\\/#\\\/schema\\\/logo\\\/image\\\/\",\"url\":\"https:\\\/\\\/my-french-grocery.com\\\/wp-content\\\/uploads\\\/2021\\\/11\\\/My-French-Grocery-Online-French-Grocery.png\",\"contentUrl\":\"https:\\\/\\\/my-french-grocery.com\\\/wp-content\\\/uploads\\\/2021\\\/11\\\/My-French-Grocery-Online-French-Grocery.png\",\"width\":100,\"height\":100,\"caption\":\"MY FRENCH GROCERY\"},\"image\":{\"@id\":\"https:\\\/\\\/my-french-grocery.com\\\/fr\\\/#\\\/schema\\\/logo\\\/image\\\/\"},\"sameAs\":[\"https:\\\/\\\/www.facebook.com\\\/myfrenchgrocery\\\/\"]}]}<\/script>\n<!-- \/ Yoast SEO plugin. -->","yoast_head_json":{"title":"Compotes Pomme Poire Vanille Pom'Potes Materne | Buy Online | My French Grocery","robots":{"index":"index","follow":"follow","max-snippet":"max-snippet:-1","max-image-preview":"max-image-preview:large","max-video-preview":"max-video-preview:-1"},"canonical":"https:\/\/my-french-grocery.com\/fr\/produit\/compotes-pomme-vanille-pompotes-materne\/","og_locale":"fr_FR","og_type":"article","og_title":"Compotes Pomme Poire Vanille Pom'Potes Materne | Buy Online | My French Grocery","og_description":"Compotes Pomme Poire Vanille Pom'Potes Materne  4 gourdes de 90g","og_url":"https:\/\/my-french-grocery.com\/fr\/produit\/compotes-pomme-vanille-pompotes-materne\/","og_site_name":"My French Grocery","article_publisher":"https:\/\/www.facebook.com\/myfrenchgrocery\/","article_modified_time":"2023-12-02T09:46:42+00:00","og_image":[{"width":500,"height":500,"url":"https:\/\/my-french-grocery.com\/wp-content\/uploads\/2019\/06\/POMPOTES-APPLE-PEAR-VANILLA.jpg","type":"image\/jpeg"}],"twitter_card":"summary_large_image","twitter_misc":{"Dur\u00e9e de lecture estim\u00e9e":"1 minute"},"schema":{"@context":"https:\/\/schema.org","@graph":[{"@type":"WebPage","@id":"https:\/\/my-french-grocery.com\/fr\/produit\/compotes-pomme-vanille-pompotes-materne\/","url":"https:\/\/my-french-grocery.com\/fr\/produit\/compotes-pomme-vanille-pompotes-materne\/","name":"Compotes Pomme Poire Vanille Pom'Potes Materne | Buy Online | My French Grocery","isPartOf":{"@id":"https:\/\/my-french-grocery.com\/fr\/#website"},"primaryImageOfPage":{"@id":"https:\/\/my-french-grocery.com\/fr\/produit\/compotes-pomme-vanille-pompotes-materne\/#primaryimage"},"image":{"@id":"https:\/\/my-french-grocery.com\/fr\/produit\/compotes-pomme-vanille-pompotes-materne\/#primaryimage"},"thumbnailUrl":"https:\/\/my-french-grocery.com\/wp-content\/uploads\/2019\/06\/POMPOTES-APPLE-PEAR-VANILLA.jpg","datePublished":"2019-06-06T13:33:32+00:00","dateModified":"2023-12-02T09:46:42+00:00","breadcrumb":{"@id":"https:\/\/my-french-grocery.com\/fr\/produit\/compotes-pomme-vanille-pompotes-materne\/#breadcrumb"},"inLanguage":"fr-FR","potentialAction":[{"@type":"ReadAction","target":["https:\/\/my-french-grocery.com\/fr\/produit\/compotes-pomme-vanille-pompotes-materne\/"]}]},{"@type":"ImageObject","inLanguage":"fr-FR","@id":"https:\/\/my-french-grocery.com\/fr\/produit\/compotes-pomme-vanille-pompotes-materne\/#primaryimage","url":"https:\/\/my-french-grocery.com\/wp-content\/uploads\/2019\/06\/POMPOTES-APPLE-PEAR-VANILLA.jpg","contentUrl":"https:\/\/my-french-grocery.com\/wp-content\/uploads\/2019\/06\/POMPOTES-APPLE-PEAR-VANILLA.jpg","width":500,"height":500},{"@type":"BreadcrumbList","@id":"https:\/\/my-french-grocery.com\/fr\/produit\/compotes-pomme-vanille-pompotes-materne\/#breadcrumb","itemListElement":[{"@type":"ListItem","position":1,"name":"Home","item":"https:\/\/my-french-grocery.com\/fr\/"},{"@type":"ListItem","position":2,"name":"Shop","item":"https:\/\/my-french-grocery.com\/shop\/"},{"@type":"ListItem","position":3,"name":"Alimentation","item":"https:\/\/my-french-grocery.com\/fr\/categorie-produit\/alimentation\/"},{"@type":"ListItem","position":4,"name":"Desserts","item":"https:\/\/my-french-grocery.com\/fr\/categorie-produit\/alimentation\/desserts\/"},{"@type":"ListItem","position":5,"name":"Compotes Pomme Poire Vanille Pom&#8217;Potes Materne"}]},{"@type":"WebSite","@id":"https:\/\/my-french-grocery.com\/fr\/#website","url":"https:\/\/my-french-grocery.com\/fr\/","name":"My French Grocery","description":"Your Online French Grocery  !","publisher":{"@id":"https:\/\/my-french-grocery.com\/fr\/#organization"},"potentialAction":[{"@type":"SearchAction","target":{"@type":"EntryPoint","urlTemplate":"https:\/\/my-french-grocery.com\/fr\/?s={search_term_string}"},"query-input":{"@type":"PropertyValueSpecification","valueRequired":true,"valueName":"search_term_string"}}],"inLanguage":"fr-FR"},{"@type":"Organization","@id":"https:\/\/my-french-grocery.com\/fr\/#organization","name":"MY FRENCH GROCERY","url":"https:\/\/my-french-grocery.com\/fr\/","logo":{"@type":"ImageObject","inLanguage":"fr-FR","@id":"https:\/\/my-french-grocery.com\/fr\/#\/schema\/logo\/image\/","url":"https:\/\/my-french-grocery.com\/wp-content\/uploads\/2021\/11\/My-French-Grocery-Online-French-Grocery.png","contentUrl":"https:\/\/my-french-grocery.com\/wp-content\/uploads\/2021\/11\/My-French-Grocery-Online-French-Grocery.png","width":100,"height":100,"caption":"MY FRENCH GROCERY"},"image":{"@id":"https:\/\/my-french-grocery.com\/fr\/#\/schema\/logo\/image\/"},"sameAs":["https:\/\/www.facebook.com\/myfrenchgrocery\/"]}]}},"brands":[{"id":803,"name":"Materne","slug":"materne-fr"}],"_links":{"self":[{"href":"https:\/\/my-french-grocery.com\/fr\/wp-json\/wp\/v2\/product\/8855","targetHints":{"allow":["GET"]}}],"collection":[{"href":"https:\/\/my-french-grocery.com\/fr\/wp-json\/wp\/v2\/product"}],"about":[{"href":"https:\/\/my-french-grocery.com\/fr\/wp-json\/wp\/v2\/types\/product"}],"replies":[{"embeddable":true,"href":"https:\/\/my-french-grocery.com\/fr\/wp-json\/wp\/v2\/comments?post=8855"}],"wp:featuredmedia":[{"embeddable":true,"href":"https:\/\/my-french-grocery.com\/fr\/wp-json\/wp\/v2\/media\/37176"}],"wp:attachment":[{"href":"https:\/\/my-french-grocery.com\/fr\/wp-json\/wp\/v2\/media?parent=8855"}],"wp:term":[{"taxonomy":"pwb-brand","embeddable":true,"href":"https:\/\/my-french-grocery.com\/fr\/wp-json\/wp\/v2\/pwb-brand?post=8855"},{"taxonomy":"product_brand","embeddable":true,"href":"https:\/\/my-french-grocery.com\/fr\/wp-json\/wp\/v2\/product_brand?post=8855"},{"taxonomy":"product_cat","embeddable":true,"href":"https:\/\/my-french-grocery.com\/fr\/wp-json\/wp\/v2\/product_cat?post=8855"},{"taxonomy":"product_tag","embeddable":true,"href":"https:\/\/my-french-grocery.com\/fr\/wp-json\/wp\/v2\/product_tag?post=8855"}],"curies":[{"name":"wp","href":"https:\/\/api.w.org\/{rel}","templated":true}]}}