{"id":9015,"date":"2019-07-23T15:40:49","date_gmt":"2019-07-23T13:40:49","guid":{"rendered":"https:\/\/my-french-grocery.com\/product\/pate-au-foie-de-canard-reflets-de-france\/"},"modified":"2022-12-10T12:29:50","modified_gmt":"2022-12-10T10:29:50","slug":"pate-au-foie-de-volaille-mere-lalie","status":"publish","type":"product","link":"https:\/\/my-french-grocery.com\/fr\/produit\/pate-au-foie-de-volaille-mere-lalie\/","title":{"rendered":"P\u00e2t\u00e9 Au Foie De Volaille M\u00e8re Lalie"},"content":{"rendered":"<p>P\u00e2t\u00e9 Au Foie De Volaille M\u00e8re Lalie<\/p>\n<p>pot de 180g<\/p>\n<p>&nbsp;<\/p>\n","protected":false},"excerpt":{"rendered":"<p>P\u00e2t\u00e9 Au Foie De Volaille M\u00e8re Lalie<\/p>\n<p>pot de 180g<\/p>\n<p>&nbsp;<\/p>\n","protected":false},"featured_media":30917,"comment_status":"open","ping_status":"closed","template":"","meta":[],"pwb-brand":[],"product_brand":[],"product_cat":[1038],"product_tag":[1374],"class_list":{"0":"post-9015","1":"product","2":"type-product","3":"status-publish","4":"has-post-thumbnail","6":"product_cat-pates-terrines","7":"product_tag-pate-fr","8":"product_shipping_class-expedition-dans-le-monde-entier","10":"first","11":"outofstock","12":"taxable","13":"shipping-taxable","14":"purchasable","15":"product-type-simple"},"yoast_head":"<!-- This site is optimized with the Yoast SEO plugin v27.4 - https:\/\/yoast.com\/product\/yoast-seo-wordpress\/ -->\n<title>P\u00e2t\u00e9 Au Foie De Volaille M\u00e8re Lalie | Buy Online | My French Grocery<\/title>\n<meta name=\"robots\" content=\"index, follow, max-snippet:-1, max-image-preview:large, max-video-preview:-1\" \/>\n<link rel=\"canonical\" href=\"https:\/\/my-french-grocery.com\/fr\/produit\/pate-au-foie-de-volaille-mere-lalie\/\" \/>\n<meta property=\"og:locale\" content=\"fr_FR\" \/>\n<meta property=\"og:type\" content=\"article\" \/>\n<meta property=\"og:title\" content=\"P\u00e2t\u00e9 Au Foie De Volaille M\u00e8re Lalie | Buy Online | My French Grocery\" \/>\n<meta property=\"og:description\" content=\"P\u00e2t\u00e9 Au Foie De Volaille M\u00e8re Lalie  pot de 180g  &nbsp;\" \/>\n<meta property=\"og:url\" content=\"https:\/\/my-french-grocery.com\/fr\/produit\/pate-au-foie-de-volaille-mere-lalie\/\" \/>\n<meta property=\"og:site_name\" content=\"My French Grocery\" \/>\n<meta property=\"article:publisher\" content=\"https:\/\/www.facebook.com\/myfrenchgrocery\/\" \/>\n<meta property=\"article:modified_time\" content=\"2022-12-10T10:29:50+00:00\" \/>\n<meta property=\"og:image\" content=\"https:\/\/my-french-grocery.com\/wp-content\/uploads\/2019\/07\/front_fr.30.full_-scaled.jpg\" \/>\n\t<meta property=\"og:image:width\" content=\"2461\" \/>\n\t<meta property=\"og:image:height\" content=\"2560\" \/>\n\t<meta property=\"og:image:type\" content=\"image\/jpeg\" \/>\n<meta name=\"twitter:card\" content=\"summary_large_image\" \/>\n<script type=\"application\/ld+json\" class=\"yoast-schema-graph\">{\"@context\":\"https:\\\/\\\/schema.org\",\"@graph\":[{\"@type\":\"WebPage\",\"@id\":\"https:\\\/\\\/my-french-grocery.com\\\/fr\\\/produit\\\/pate-au-foie-de-volaille-mere-lalie\\\/\",\"url\":\"https:\\\/\\\/my-french-grocery.com\\\/fr\\\/produit\\\/pate-au-foie-de-volaille-mere-lalie\\\/\",\"name\":\"P\u00e2t\u00e9 Au Foie De Volaille M\u00e8re Lalie | Buy Online | My French Grocery\",\"isPartOf\":{\"@id\":\"https:\\\/\\\/my-french-grocery.com\\\/fr\\\/#website\"},\"primaryImageOfPage\":{\"@id\":\"https:\\\/\\\/my-french-grocery.com\\\/fr\\\/produit\\\/pate-au-foie-de-volaille-mere-lalie\\\/#primaryimage\"},\"image\":{\"@id\":\"https:\\\/\\\/my-french-grocery.com\\\/fr\\\/produit\\\/pate-au-foie-de-volaille-mere-lalie\\\/#primaryimage\"},\"thumbnailUrl\":\"https:\\\/\\\/my-french-grocery.com\\\/wp-content\\\/uploads\\\/2019\\\/07\\\/front_fr.30.full_-scaled.jpg\",\"datePublished\":\"2019-07-23T13:40:49+00:00\",\"dateModified\":\"2022-12-10T10:29:50+00:00\",\"breadcrumb\":{\"@id\":\"https:\\\/\\\/my-french-grocery.com\\\/fr\\\/produit\\\/pate-au-foie-de-volaille-mere-lalie\\\/#breadcrumb\"},\"inLanguage\":\"fr-FR\",\"potentialAction\":[{\"@type\":\"ReadAction\",\"target\":[\"https:\\\/\\\/my-french-grocery.com\\\/fr\\\/produit\\\/pate-au-foie-de-volaille-mere-lalie\\\/\"]}]},{\"@type\":\"ImageObject\",\"inLanguage\":\"fr-FR\",\"@id\":\"https:\\\/\\\/my-french-grocery.com\\\/fr\\\/produit\\\/pate-au-foie-de-volaille-mere-lalie\\\/#primaryimage\",\"url\":\"https:\\\/\\\/my-french-grocery.com\\\/wp-content\\\/uploads\\\/2019\\\/07\\\/front_fr.30.full_-scaled.jpg\",\"contentUrl\":\"https:\\\/\\\/my-french-grocery.com\\\/wp-content\\\/uploads\\\/2019\\\/07\\\/front_fr.30.full_-scaled.jpg\",\"width\":2461,\"height\":2560},{\"@type\":\"BreadcrumbList\",\"@id\":\"https:\\\/\\\/my-french-grocery.com\\\/fr\\\/produit\\\/pate-au-foie-de-volaille-mere-lalie\\\/#breadcrumb\",\"itemListElement\":[{\"@type\":\"ListItem\",\"position\":1,\"name\":\"Home\",\"item\":\"https:\\\/\\\/my-french-grocery.com\\\/fr\\\/\"},{\"@type\":\"ListItem\",\"position\":2,\"name\":\"Shop\",\"item\":\"https:\\\/\\\/my-french-grocery.com\\\/shop\\\/\"},{\"@type\":\"ListItem\",\"position\":3,\"name\":\"Alimentation\",\"item\":\"https:\\\/\\\/my-french-grocery.com\\\/fr\\\/categorie-produit\\\/alimentation\\\/\"},{\"@type\":\"ListItem\",\"position\":4,\"name\":\"Foie Gras - P\u00e2t\u00e9 - Saucissons\",\"item\":\"https:\\\/\\\/my-french-grocery.com\\\/fr\\\/categorie-produit\\\/alimentation\\\/foie-gras-pate-saucissons\\\/\"},{\"@type\":\"ListItem\",\"position\":5,\"name\":\"Pat\u00e9s &amp; Terrines\",\"item\":\"https:\\\/\\\/my-french-grocery.com\\\/fr\\\/categorie-produit\\\/alimentation\\\/foie-gras-pate-saucissons\\\/pates-terrines\\\/\"},{\"@type\":\"ListItem\",\"position\":6,\"name\":\"P\u00e2t\u00e9 Au Foie De Volaille M\u00e8re Lalie\"}]},{\"@type\":\"WebSite\",\"@id\":\"https:\\\/\\\/my-french-grocery.com\\\/fr\\\/#website\",\"url\":\"https:\\\/\\\/my-french-grocery.com\\\/fr\\\/\",\"name\":\"My French Grocery\",\"description\":\"Your Online French Grocery  !\",\"publisher\":{\"@id\":\"https:\\\/\\\/my-french-grocery.com\\\/fr\\\/#organization\"},\"potentialAction\":[{\"@type\":\"SearchAction\",\"target\":{\"@type\":\"EntryPoint\",\"urlTemplate\":\"https:\\\/\\\/my-french-grocery.com\\\/fr\\\/?s={search_term_string}\"},\"query-input\":{\"@type\":\"PropertyValueSpecification\",\"valueRequired\":true,\"valueName\":\"search_term_string\"}}],\"inLanguage\":\"fr-FR\"},{\"@type\":\"Organization\",\"@id\":\"https:\\\/\\\/my-french-grocery.com\\\/fr\\\/#organization\",\"name\":\"MY FRENCH GROCERY\",\"url\":\"https:\\\/\\\/my-french-grocery.com\\\/fr\\\/\",\"logo\":{\"@type\":\"ImageObject\",\"inLanguage\":\"fr-FR\",\"@id\":\"https:\\\/\\\/my-french-grocery.com\\\/fr\\\/#\\\/schema\\\/logo\\\/image\\\/\",\"url\":\"https:\\\/\\\/my-french-grocery.com\\\/wp-content\\\/uploads\\\/2021\\\/11\\\/My-French-Grocery-Online-French-Grocery.png\",\"contentUrl\":\"https:\\\/\\\/my-french-grocery.com\\\/wp-content\\\/uploads\\\/2021\\\/11\\\/My-French-Grocery-Online-French-Grocery.png\",\"width\":100,\"height\":100,\"caption\":\"MY FRENCH GROCERY\"},\"image\":{\"@id\":\"https:\\\/\\\/my-french-grocery.com\\\/fr\\\/#\\\/schema\\\/logo\\\/image\\\/\"},\"sameAs\":[\"https:\\\/\\\/www.facebook.com\\\/myfrenchgrocery\\\/\"]}]}<\/script>\n<!-- \/ Yoast SEO plugin. -->","yoast_head_json":{"title":"P\u00e2t\u00e9 Au Foie De Volaille M\u00e8re Lalie | Buy Online | My French Grocery","robots":{"index":"index","follow":"follow","max-snippet":"max-snippet:-1","max-image-preview":"max-image-preview:large","max-video-preview":"max-video-preview:-1"},"canonical":"https:\/\/my-french-grocery.com\/fr\/produit\/pate-au-foie-de-volaille-mere-lalie\/","og_locale":"fr_FR","og_type":"article","og_title":"P\u00e2t\u00e9 Au Foie De Volaille M\u00e8re Lalie | Buy Online | My French Grocery","og_description":"P\u00e2t\u00e9 Au Foie De Volaille M\u00e8re Lalie  pot de 180g  &nbsp;","og_url":"https:\/\/my-french-grocery.com\/fr\/produit\/pate-au-foie-de-volaille-mere-lalie\/","og_site_name":"My French Grocery","article_publisher":"https:\/\/www.facebook.com\/myfrenchgrocery\/","article_modified_time":"2022-12-10T10:29:50+00:00","og_image":[{"width":2461,"height":2560,"url":"https:\/\/my-french-grocery.com\/wp-content\/uploads\/2019\/07\/front_fr.30.full_-scaled.jpg","type":"image\/jpeg"}],"twitter_card":"summary_large_image","schema":{"@context":"https:\/\/schema.org","@graph":[{"@type":"WebPage","@id":"https:\/\/my-french-grocery.com\/fr\/produit\/pate-au-foie-de-volaille-mere-lalie\/","url":"https:\/\/my-french-grocery.com\/fr\/produit\/pate-au-foie-de-volaille-mere-lalie\/","name":"P\u00e2t\u00e9 Au Foie De Volaille M\u00e8re Lalie | Buy Online | My French Grocery","isPartOf":{"@id":"https:\/\/my-french-grocery.com\/fr\/#website"},"primaryImageOfPage":{"@id":"https:\/\/my-french-grocery.com\/fr\/produit\/pate-au-foie-de-volaille-mere-lalie\/#primaryimage"},"image":{"@id":"https:\/\/my-french-grocery.com\/fr\/produit\/pate-au-foie-de-volaille-mere-lalie\/#primaryimage"},"thumbnailUrl":"https:\/\/my-french-grocery.com\/wp-content\/uploads\/2019\/07\/front_fr.30.full_-scaled.jpg","datePublished":"2019-07-23T13:40:49+00:00","dateModified":"2022-12-10T10:29:50+00:00","breadcrumb":{"@id":"https:\/\/my-french-grocery.com\/fr\/produit\/pate-au-foie-de-volaille-mere-lalie\/#breadcrumb"},"inLanguage":"fr-FR","potentialAction":[{"@type":"ReadAction","target":["https:\/\/my-french-grocery.com\/fr\/produit\/pate-au-foie-de-volaille-mere-lalie\/"]}]},{"@type":"ImageObject","inLanguage":"fr-FR","@id":"https:\/\/my-french-grocery.com\/fr\/produit\/pate-au-foie-de-volaille-mere-lalie\/#primaryimage","url":"https:\/\/my-french-grocery.com\/wp-content\/uploads\/2019\/07\/front_fr.30.full_-scaled.jpg","contentUrl":"https:\/\/my-french-grocery.com\/wp-content\/uploads\/2019\/07\/front_fr.30.full_-scaled.jpg","width":2461,"height":2560},{"@type":"BreadcrumbList","@id":"https:\/\/my-french-grocery.com\/fr\/produit\/pate-au-foie-de-volaille-mere-lalie\/#breadcrumb","itemListElement":[{"@type":"ListItem","position":1,"name":"Home","item":"https:\/\/my-french-grocery.com\/fr\/"},{"@type":"ListItem","position":2,"name":"Shop","item":"https:\/\/my-french-grocery.com\/shop\/"},{"@type":"ListItem","position":3,"name":"Alimentation","item":"https:\/\/my-french-grocery.com\/fr\/categorie-produit\/alimentation\/"},{"@type":"ListItem","position":4,"name":"Foie Gras - P\u00e2t\u00e9 - Saucissons","item":"https:\/\/my-french-grocery.com\/fr\/categorie-produit\/alimentation\/foie-gras-pate-saucissons\/"},{"@type":"ListItem","position":5,"name":"Pat\u00e9s &amp; Terrines","item":"https:\/\/my-french-grocery.com\/fr\/categorie-produit\/alimentation\/foie-gras-pate-saucissons\/pates-terrines\/"},{"@type":"ListItem","position":6,"name":"P\u00e2t\u00e9 Au Foie De Volaille M\u00e8re Lalie"}]},{"@type":"WebSite","@id":"https:\/\/my-french-grocery.com\/fr\/#website","url":"https:\/\/my-french-grocery.com\/fr\/","name":"My French Grocery","description":"Your Online French Grocery  !","publisher":{"@id":"https:\/\/my-french-grocery.com\/fr\/#organization"},"potentialAction":[{"@type":"SearchAction","target":{"@type":"EntryPoint","urlTemplate":"https:\/\/my-french-grocery.com\/fr\/?s={search_term_string}"},"query-input":{"@type":"PropertyValueSpecification","valueRequired":true,"valueName":"search_term_string"}}],"inLanguage":"fr-FR"},{"@type":"Organization","@id":"https:\/\/my-french-grocery.com\/fr\/#organization","name":"MY FRENCH GROCERY","url":"https:\/\/my-french-grocery.com\/fr\/","logo":{"@type":"ImageObject","inLanguage":"fr-FR","@id":"https:\/\/my-french-grocery.com\/fr\/#\/schema\/logo\/image\/","url":"https:\/\/my-french-grocery.com\/wp-content\/uploads\/2021\/11\/My-French-Grocery-Online-French-Grocery.png","contentUrl":"https:\/\/my-french-grocery.com\/wp-content\/uploads\/2021\/11\/My-French-Grocery-Online-French-Grocery.png","width":100,"height":100,"caption":"MY FRENCH GROCERY"},"image":{"@id":"https:\/\/my-french-grocery.com\/fr\/#\/schema\/logo\/image\/"},"sameAs":["https:\/\/www.facebook.com\/myfrenchgrocery\/"]}]}},"brands":[],"_links":{"self":[{"href":"https:\/\/my-french-grocery.com\/fr\/wp-json\/wp\/v2\/product\/9015","targetHints":{"allow":["GET"]}}],"collection":[{"href":"https:\/\/my-french-grocery.com\/fr\/wp-json\/wp\/v2\/product"}],"about":[{"href":"https:\/\/my-french-grocery.com\/fr\/wp-json\/wp\/v2\/types\/product"}],"replies":[{"embeddable":true,"href":"https:\/\/my-french-grocery.com\/fr\/wp-json\/wp\/v2\/comments?post=9015"}],"wp:featuredmedia":[{"embeddable":true,"href":"https:\/\/my-french-grocery.com\/fr\/wp-json\/wp\/v2\/media\/30917"}],"wp:attachment":[{"href":"https:\/\/my-french-grocery.com\/fr\/wp-json\/wp\/v2\/media?parent=9015"}],"wp:term":[{"taxonomy":"pwb-brand","embeddable":true,"href":"https:\/\/my-french-grocery.com\/fr\/wp-json\/wp\/v2\/pwb-brand?post=9015"},{"taxonomy":"product_brand","embeddable":true,"href":"https:\/\/my-french-grocery.com\/fr\/wp-json\/wp\/v2\/product_brand?post=9015"},{"taxonomy":"product_cat","embeddable":true,"href":"https:\/\/my-french-grocery.com\/fr\/wp-json\/wp\/v2\/product_cat?post=9015"},{"taxonomy":"product_tag","embeddable":true,"href":"https:\/\/my-french-grocery.com\/fr\/wp-json\/wp\/v2\/product_tag?post=9015"}],"curies":[{"name":"wp","href":"https:\/\/api.w.org\/{rel}","templated":true}]}}