{"id":9150,"date":"2019-08-02T16:38:54","date_gmt":"2019-08-02T14:38:54","guid":{"rendered":"https:\/\/my-french-grocery.com\/product\/chocolat-noir-fondant-lindor-lindt\/"},"modified":"2019-08-02T16:38:54","modified_gmt":"2019-08-02T14:38:54","slug":"chocolat-noir-fondant-lindor-lindt","status":"publish","type":"product","link":"https:\/\/my-french-grocery.com\/fr\/produit\/chocolat-noir-fondant-lindor-lindt\/","title":{"rendered":"Chocolat Noir Fondant  Lindor Lindt"},"content":{"rendered":"<p>Chocolat Noir Fondant Lindt Lindor<\/p>\n<p>tablette de 150 g<\/p>\n<p>Fondez de bonheur avec notre tablette Lindor au chocolat noir, \u00e0 la coquille d\u00e9licate et au coeur passionn\u00e9ment fondant. Les Ma\u00eetres Chocolatiers de Lindt utilisent les meilleurs ingr\u00e9dients et le meilleur cacao pour vous emporter comme dans un r\u00eave.<\/p>\n","protected":false},"excerpt":{"rendered":"<p>Chocolat Noir Fondant Lindt Lindor<\/p>\n<p>tablette de 150 g<\/p>\n<p>&nbsp;<\/p>\n","protected":false},"featured_media":9151,"comment_status":"open","ping_status":"closed","template":"","meta":[],"pwb-brand":[457],"product_brand":[],"product_cat":[455,2476],"product_tag":[456,458],"class_list":{"0":"post-9150","1":"product","2":"type-product","3":"status-publish","4":"has-post-thumbnail","6":"pwb-brand-lindt-fr-2","7":"product_cat-chocolat","8":"product_cat-produits-de-noel","9":"product_tag-chocolat","10":"product_tag-lindt-fr","11":"product_shipping_class-expedition-dans-le-monde-entier","13":"first","14":"instock","15":"taxable","16":"shipping-taxable","17":"purchasable","18":"product-type-simple"},"yoast_head":"<!-- This site is optimized with the Yoast SEO plugin v27.3 - https:\/\/yoast.com\/product\/yoast-seo-wordpress\/ -->\n<title>Chocolat Noir Fondant Lindor Lindt | Buy Online | My French Grocery<\/title>\n<meta name=\"robots\" content=\"index, follow, max-snippet:-1, max-image-preview:large, max-video-preview:-1\" \/>\n<link rel=\"canonical\" href=\"https:\/\/my-french-grocery.com\/fr\/produit\/chocolat-noir-fondant-lindor-lindt\/\" \/>\n<meta property=\"og:locale\" content=\"fr_FR\" \/>\n<meta property=\"og:type\" content=\"article\" \/>\n<meta property=\"og:title\" content=\"Chocolat Noir Fondant Lindor Lindt | Buy Online | My French Grocery\" \/>\n<meta property=\"og:description\" content=\"Chocolat Noir Fondant Lindt Lindor  tablette de 150 g  &nbsp;\" \/>\n<meta property=\"og:url\" content=\"https:\/\/my-french-grocery.com\/fr\/produit\/chocolat-noir-fondant-lindor-lindt\/\" \/>\n<meta property=\"og:site_name\" content=\"My French Grocery\" \/>\n<meta property=\"article:publisher\" content=\"https:\/\/www.facebook.com\/myfrenchgrocery\/\" \/>\n<meta property=\"og:image\" content=\"https:\/\/my-french-grocery.com\/wp-content\/uploads\/2019\/08\/fondant-noir.jpg\" \/>\n\t<meta property=\"og:image:width\" content=\"540\" \/>\n\t<meta property=\"og:image:height\" content=\"540\" \/>\n\t<meta property=\"og:image:type\" content=\"image\/jpeg\" \/>\n<meta name=\"twitter:card\" content=\"summary_large_image\" \/>\n<script type=\"application\/ld+json\" class=\"yoast-schema-graph\">{\"@context\":\"https:\\\/\\\/schema.org\",\"@graph\":[{\"@type\":\"WebPage\",\"@id\":\"https:\\\/\\\/my-french-grocery.com\\\/fr\\\/produit\\\/chocolat-noir-fondant-lindor-lindt\\\/\",\"url\":\"https:\\\/\\\/my-french-grocery.com\\\/fr\\\/produit\\\/chocolat-noir-fondant-lindor-lindt\\\/\",\"name\":\"Chocolat Noir Fondant Lindor Lindt | Buy Online | My French Grocery\",\"isPartOf\":{\"@id\":\"https:\\\/\\\/my-french-grocery.com\\\/fr\\\/#website\"},\"primaryImageOfPage\":{\"@id\":\"https:\\\/\\\/my-french-grocery.com\\\/fr\\\/produit\\\/chocolat-noir-fondant-lindor-lindt\\\/#primaryimage\"},\"image\":{\"@id\":\"https:\\\/\\\/my-french-grocery.com\\\/fr\\\/produit\\\/chocolat-noir-fondant-lindor-lindt\\\/#primaryimage\"},\"thumbnailUrl\":\"https:\\\/\\\/my-french-grocery.com\\\/wp-content\\\/uploads\\\/2019\\\/08\\\/fondant-noir.jpg\",\"datePublished\":\"2019-08-02T14:38:54+00:00\",\"breadcrumb\":{\"@id\":\"https:\\\/\\\/my-french-grocery.com\\\/fr\\\/produit\\\/chocolat-noir-fondant-lindor-lindt\\\/#breadcrumb\"},\"inLanguage\":\"fr-FR\",\"potentialAction\":[{\"@type\":\"ReadAction\",\"target\":[\"https:\\\/\\\/my-french-grocery.com\\\/fr\\\/produit\\\/chocolat-noir-fondant-lindor-lindt\\\/\"]}]},{\"@type\":\"ImageObject\",\"inLanguage\":\"fr-FR\",\"@id\":\"https:\\\/\\\/my-french-grocery.com\\\/fr\\\/produit\\\/chocolat-noir-fondant-lindor-lindt\\\/#primaryimage\",\"url\":\"https:\\\/\\\/my-french-grocery.com\\\/wp-content\\\/uploads\\\/2019\\\/08\\\/fondant-noir.jpg\",\"contentUrl\":\"https:\\\/\\\/my-french-grocery.com\\\/wp-content\\\/uploads\\\/2019\\\/08\\\/fondant-noir.jpg\",\"width\":540,\"height\":540,\"caption\":\"Chocolat Noir Fondant Lindor Lindt - My French Grocery\"},{\"@type\":\"BreadcrumbList\",\"@id\":\"https:\\\/\\\/my-french-grocery.com\\\/fr\\\/produit\\\/chocolat-noir-fondant-lindor-lindt\\\/#breadcrumb\",\"itemListElement\":[{\"@type\":\"ListItem\",\"position\":1,\"name\":\"Home\",\"item\":\"https:\\\/\\\/my-french-grocery.com\\\/fr\\\/\"},{\"@type\":\"ListItem\",\"position\":2,\"name\":\"Shop\",\"item\":\"https:\\\/\\\/my-french-grocery.com\\\/shop\\\/\"},{\"@type\":\"ListItem\",\"position\":3,\"name\":\"Alimentation\",\"item\":\"https:\\\/\\\/my-french-grocery.com\\\/fr\\\/categorie-produit\\\/alimentation\\\/\"},{\"@type\":\"ListItem\",\"position\":4,\"name\":\"Bonbons &amp; Chocolats\",\"item\":\"https:\\\/\\\/my-french-grocery.com\\\/fr\\\/categorie-produit\\\/alimentation\\\/bonbons-chocolats\\\/\"},{\"@type\":\"ListItem\",\"position\":5,\"name\":\"Chocolat\",\"item\":\"https:\\\/\\\/my-french-grocery.com\\\/fr\\\/categorie-produit\\\/alimentation\\\/bonbons-chocolats\\\/chocolat\\\/\"},{\"@type\":\"ListItem\",\"position\":6,\"name\":\"Chocolat Noir Fondant Lindor Lindt\"}]},{\"@type\":\"WebSite\",\"@id\":\"https:\\\/\\\/my-french-grocery.com\\\/fr\\\/#website\",\"url\":\"https:\\\/\\\/my-french-grocery.com\\\/fr\\\/\",\"name\":\"My French Grocery\",\"description\":\"Your Online French Grocery  !\",\"publisher\":{\"@id\":\"https:\\\/\\\/my-french-grocery.com\\\/fr\\\/#organization\"},\"potentialAction\":[{\"@type\":\"SearchAction\",\"target\":{\"@type\":\"EntryPoint\",\"urlTemplate\":\"https:\\\/\\\/my-french-grocery.com\\\/fr\\\/?s={search_term_string}\"},\"query-input\":{\"@type\":\"PropertyValueSpecification\",\"valueRequired\":true,\"valueName\":\"search_term_string\"}}],\"inLanguage\":\"fr-FR\"},{\"@type\":\"Organization\",\"@id\":\"https:\\\/\\\/my-french-grocery.com\\\/fr\\\/#organization\",\"name\":\"MY FRENCH GROCERY\",\"url\":\"https:\\\/\\\/my-french-grocery.com\\\/fr\\\/\",\"logo\":{\"@type\":\"ImageObject\",\"inLanguage\":\"fr-FR\",\"@id\":\"https:\\\/\\\/my-french-grocery.com\\\/fr\\\/#\\\/schema\\\/logo\\\/image\\\/\",\"url\":\"https:\\\/\\\/my-french-grocery.com\\\/wp-content\\\/uploads\\\/2021\\\/11\\\/My-French-Grocery-Online-French-Grocery.png\",\"contentUrl\":\"https:\\\/\\\/my-french-grocery.com\\\/wp-content\\\/uploads\\\/2021\\\/11\\\/My-French-Grocery-Online-French-Grocery.png\",\"width\":100,\"height\":100,\"caption\":\"MY FRENCH GROCERY\"},\"image\":{\"@id\":\"https:\\\/\\\/my-french-grocery.com\\\/fr\\\/#\\\/schema\\\/logo\\\/image\\\/\"},\"sameAs\":[\"https:\\\/\\\/www.facebook.com\\\/myfrenchgrocery\\\/\"]}]}<\/script>\n<!-- \/ Yoast SEO plugin. -->","yoast_head_json":{"title":"Chocolat Noir Fondant Lindor Lindt | Buy Online | My French Grocery","robots":{"index":"index","follow":"follow","max-snippet":"max-snippet:-1","max-image-preview":"max-image-preview:large","max-video-preview":"max-video-preview:-1"},"canonical":"https:\/\/my-french-grocery.com\/fr\/produit\/chocolat-noir-fondant-lindor-lindt\/","og_locale":"fr_FR","og_type":"article","og_title":"Chocolat Noir Fondant Lindor Lindt | Buy Online | My French Grocery","og_description":"Chocolat Noir Fondant Lindt Lindor  tablette de 150 g  &nbsp;","og_url":"https:\/\/my-french-grocery.com\/fr\/produit\/chocolat-noir-fondant-lindor-lindt\/","og_site_name":"My French Grocery","article_publisher":"https:\/\/www.facebook.com\/myfrenchgrocery\/","og_image":[{"width":540,"height":540,"url":"https:\/\/my-french-grocery.com\/wp-content\/uploads\/2019\/08\/fondant-noir.jpg","type":"image\/jpeg"}],"twitter_card":"summary_large_image","schema":{"@context":"https:\/\/schema.org","@graph":[{"@type":"WebPage","@id":"https:\/\/my-french-grocery.com\/fr\/produit\/chocolat-noir-fondant-lindor-lindt\/","url":"https:\/\/my-french-grocery.com\/fr\/produit\/chocolat-noir-fondant-lindor-lindt\/","name":"Chocolat Noir Fondant Lindor Lindt | Buy Online | My French Grocery","isPartOf":{"@id":"https:\/\/my-french-grocery.com\/fr\/#website"},"primaryImageOfPage":{"@id":"https:\/\/my-french-grocery.com\/fr\/produit\/chocolat-noir-fondant-lindor-lindt\/#primaryimage"},"image":{"@id":"https:\/\/my-french-grocery.com\/fr\/produit\/chocolat-noir-fondant-lindor-lindt\/#primaryimage"},"thumbnailUrl":"https:\/\/my-french-grocery.com\/wp-content\/uploads\/2019\/08\/fondant-noir.jpg","datePublished":"2019-08-02T14:38:54+00:00","breadcrumb":{"@id":"https:\/\/my-french-grocery.com\/fr\/produit\/chocolat-noir-fondant-lindor-lindt\/#breadcrumb"},"inLanguage":"fr-FR","potentialAction":[{"@type":"ReadAction","target":["https:\/\/my-french-grocery.com\/fr\/produit\/chocolat-noir-fondant-lindor-lindt\/"]}]},{"@type":"ImageObject","inLanguage":"fr-FR","@id":"https:\/\/my-french-grocery.com\/fr\/produit\/chocolat-noir-fondant-lindor-lindt\/#primaryimage","url":"https:\/\/my-french-grocery.com\/wp-content\/uploads\/2019\/08\/fondant-noir.jpg","contentUrl":"https:\/\/my-french-grocery.com\/wp-content\/uploads\/2019\/08\/fondant-noir.jpg","width":540,"height":540,"caption":"Chocolat Noir Fondant Lindor Lindt - My French Grocery"},{"@type":"BreadcrumbList","@id":"https:\/\/my-french-grocery.com\/fr\/produit\/chocolat-noir-fondant-lindor-lindt\/#breadcrumb","itemListElement":[{"@type":"ListItem","position":1,"name":"Home","item":"https:\/\/my-french-grocery.com\/fr\/"},{"@type":"ListItem","position":2,"name":"Shop","item":"https:\/\/my-french-grocery.com\/shop\/"},{"@type":"ListItem","position":3,"name":"Alimentation","item":"https:\/\/my-french-grocery.com\/fr\/categorie-produit\/alimentation\/"},{"@type":"ListItem","position":4,"name":"Bonbons &amp; Chocolats","item":"https:\/\/my-french-grocery.com\/fr\/categorie-produit\/alimentation\/bonbons-chocolats\/"},{"@type":"ListItem","position":5,"name":"Chocolat","item":"https:\/\/my-french-grocery.com\/fr\/categorie-produit\/alimentation\/bonbons-chocolats\/chocolat\/"},{"@type":"ListItem","position":6,"name":"Chocolat Noir Fondant Lindor Lindt"}]},{"@type":"WebSite","@id":"https:\/\/my-french-grocery.com\/fr\/#website","url":"https:\/\/my-french-grocery.com\/fr\/","name":"My French Grocery","description":"Your Online French Grocery  !","publisher":{"@id":"https:\/\/my-french-grocery.com\/fr\/#organization"},"potentialAction":[{"@type":"SearchAction","target":{"@type":"EntryPoint","urlTemplate":"https:\/\/my-french-grocery.com\/fr\/?s={search_term_string}"},"query-input":{"@type":"PropertyValueSpecification","valueRequired":true,"valueName":"search_term_string"}}],"inLanguage":"fr-FR"},{"@type":"Organization","@id":"https:\/\/my-french-grocery.com\/fr\/#organization","name":"MY FRENCH GROCERY","url":"https:\/\/my-french-grocery.com\/fr\/","logo":{"@type":"ImageObject","inLanguage":"fr-FR","@id":"https:\/\/my-french-grocery.com\/fr\/#\/schema\/logo\/image\/","url":"https:\/\/my-french-grocery.com\/wp-content\/uploads\/2021\/11\/My-French-Grocery-Online-French-Grocery.png","contentUrl":"https:\/\/my-french-grocery.com\/wp-content\/uploads\/2021\/11\/My-French-Grocery-Online-French-Grocery.png","width":100,"height":100,"caption":"MY FRENCH GROCERY"},"image":{"@id":"https:\/\/my-french-grocery.com\/fr\/#\/schema\/logo\/image\/"},"sameAs":["https:\/\/www.facebook.com\/myfrenchgrocery\/"]}]}},"brands":[{"id":457,"name":"Lindt","slug":"lindt-fr-2"}],"_links":{"self":[{"href":"https:\/\/my-french-grocery.com\/fr\/wp-json\/wp\/v2\/product\/9150","targetHints":{"allow":["GET"]}}],"collection":[{"href":"https:\/\/my-french-grocery.com\/fr\/wp-json\/wp\/v2\/product"}],"about":[{"href":"https:\/\/my-french-grocery.com\/fr\/wp-json\/wp\/v2\/types\/product"}],"replies":[{"embeddable":true,"href":"https:\/\/my-french-grocery.com\/fr\/wp-json\/wp\/v2\/comments?post=9150"}],"wp:featuredmedia":[{"embeddable":true,"href":"https:\/\/my-french-grocery.com\/fr\/wp-json\/wp\/v2\/media\/9151"}],"wp:attachment":[{"href":"https:\/\/my-french-grocery.com\/fr\/wp-json\/wp\/v2\/media?parent=9150"}],"wp:term":[{"taxonomy":"pwb-brand","embeddable":true,"href":"https:\/\/my-french-grocery.com\/fr\/wp-json\/wp\/v2\/pwb-brand?post=9150"},{"taxonomy":"product_brand","embeddable":true,"href":"https:\/\/my-french-grocery.com\/fr\/wp-json\/wp\/v2\/product_brand?post=9150"},{"taxonomy":"product_cat","embeddable":true,"href":"https:\/\/my-french-grocery.com\/fr\/wp-json\/wp\/v2\/product_cat?post=9150"},{"taxonomy":"product_tag","embeddable":true,"href":"https:\/\/my-french-grocery.com\/fr\/wp-json\/wp\/v2\/product_tag?post=9150"}],"curies":[{"name":"wp","href":"https:\/\/api.w.org\/{rel}","templated":true}]}}