{"id":9251,"date":"2019-08-27T16:56:46","date_gmt":"2019-08-27T14:56:46","guid":{"rendered":"https:\/\/my-french-grocery.com\/product\/shampooing-huiles-dargan-camelia-garnier-ultra-doux\/"},"modified":"2023-11-27T19:37:12","modified_gmt":"2023-11-27T17:37:12","slug":"shampooing-huiles-dargan-camelia-garnier-ultra-doux","status":"publish","type":"product","link":"https:\/\/my-french-grocery.com\/fr\/produit\/shampooing-huiles-dargan-camelia-garnier-ultra-doux\/","title":{"rendered":"Shampooing Huiles d&rsquo;Argan &#038; Cam\u00e9lia Garnier Ultra Doux"},"content":{"rendered":"<p>Shampooing Huiles d&rsquo;Argan &amp; Cam\u00e9lia Garnier Ultra Doux<\/p>\n<p>flacon de 300ml<\/p>\n<p>Dans sa nouvelle recette de soin pour cheveux secs. Garnier Ultra DOUX associe 2 huiles pr\u00e9cieuses aux vertus merveilleuses.<br \/>\nH\u00e9rit\u00e9e des secrets de beaut\u00e9 des femmes marocaines, l&rsquo;huile d&rsquo;argan aux propri\u00e9t\u00e9s hautement nutritive se m\u00eale \u00e0 l&rsquo;huile de cam\u00e9lia, r\u00e9put\u00e9e pour apporter \u00e9clat et douceur \u00e0 vos cheveux.<\/p>\n<p>R\u00e9sultat: imm\u00e9diatement la merveille op\u00e8re: nourris en profondeur, vos cheveux retrouvent une souplesse et une douceur incomparable. Ils redeviennent brillants et resplendissent de beaut\u00e9!<\/p>\n","protected":false},"excerpt":{"rendered":"<p>Shampooing Huiles d&rsquo;Argan &amp; Cam\u00e9lia Garnier Ultra Doux<\/p>\n<p>flacon de 300ml<\/p>\n","protected":false},"featured_media":37070,"comment_status":"open","ping_status":"closed","template":"","meta":[],"pwb-brand":[631],"product_brand":[],"product_cat":[454,2121],"product_tag":[1427],"class_list":{"0":"post-9251","1":"product","2":"type-product","3":"status-publish","4":"has-post-thumbnail","6":"pwb-brand-garnier-fr","7":"product_cat-shampoing-apres-shampoing","8":"product_cat-shampooing","9":"product_tag-shampoing","10":"product_shipping_class-expedition-dans-le-monde-entier","12":"first","13":"instock","14":"taxable","15":"shipping-taxable","16":"purchasable","17":"product-type-simple"},"yoast_head":"<!-- This site is optimized with the Yoast SEO plugin v27.3 - https:\/\/yoast.com\/product\/yoast-seo-wordpress\/ -->\n<title>Shampooing Huiles d&#039;Argan &amp; Cam\u00e9lia Garnier Ultra Doux | Acheter En Ligne | My French Grocery<\/title>\n<meta name=\"description\" content=\"Shampooing Huiles d&#039;Argan &amp; Cam\u00e9lia Garnier Ultra Doux - flacon de 300ml - Dans sa nouvelle recette de soin pour cheveux secs.\" \/>\n<meta name=\"robots\" content=\"index, follow, max-snippet:-1, max-image-preview:large, max-video-preview:-1\" \/>\n<link rel=\"canonical\" href=\"https:\/\/my-french-grocery.com\/fr\/produit\/shampooing-huiles-dargan-camelia-garnier-ultra-doux\/\" \/>\n<meta property=\"og:locale\" content=\"fr_FR\" \/>\n<meta property=\"og:type\" content=\"article\" \/>\n<meta property=\"og:title\" content=\"Shampooing Huiles d&#039;Argan &amp; Cam\u00e9lia Garnier Ultra Doux | Acheter En Ligne | My French Grocery\" \/>\n<meta property=\"og:description\" content=\"Shampooing Huiles d&#039;Argan &amp; Cam\u00e9lia Garnier Ultra Doux - flacon de 300ml - Dans sa nouvelle recette de soin pour cheveux secs.\" \/>\n<meta property=\"og:url\" content=\"https:\/\/my-french-grocery.com\/fr\/produit\/shampooing-huiles-dargan-camelia-garnier-ultra-doux\/\" \/>\n<meta property=\"og:site_name\" content=\"My French Grocery\" \/>\n<meta property=\"article:publisher\" content=\"https:\/\/www.facebook.com\/myfrenchgrocery\/\" \/>\n<meta property=\"article:modified_time\" content=\"2023-11-27T17:37:12+00:00\" \/>\n<meta property=\"og:image\" content=\"https:\/\/my-french-grocery.com\/wp-content\/uploads\/2019\/08\/GARNIER-ULTRA-DOUX-Nourishing-shampoo-for-dry-and-dull-hair-with-argan-and-camellia-oils.jpeg\" \/>\n\t<meta property=\"og:image:width\" content=\"1200\" \/>\n\t<meta property=\"og:image:height\" content=\"1200\" \/>\n\t<meta property=\"og:image:type\" content=\"image\/jpeg\" \/>\n<meta name=\"twitter:card\" content=\"summary_large_image\" \/>\n<script type=\"application\/ld+json\" class=\"yoast-schema-graph\">{\"@context\":\"https:\\\/\\\/schema.org\",\"@graph\":[{\"@type\":\"WebPage\",\"@id\":\"https:\\\/\\\/my-french-grocery.com\\\/fr\\\/produit\\\/shampooing-huiles-dargan-camelia-garnier-ultra-doux\\\/\",\"url\":\"https:\\\/\\\/my-french-grocery.com\\\/fr\\\/produit\\\/shampooing-huiles-dargan-camelia-garnier-ultra-doux\\\/\",\"name\":\"Shampooing Huiles d'Argan & Cam\u00e9lia Garnier Ultra Doux | Acheter En Ligne | My French Grocery\",\"isPartOf\":{\"@id\":\"https:\\\/\\\/my-french-grocery.com\\\/fr\\\/#website\"},\"primaryImageOfPage\":{\"@id\":\"https:\\\/\\\/my-french-grocery.com\\\/fr\\\/produit\\\/shampooing-huiles-dargan-camelia-garnier-ultra-doux\\\/#primaryimage\"},\"image\":{\"@id\":\"https:\\\/\\\/my-french-grocery.com\\\/fr\\\/produit\\\/shampooing-huiles-dargan-camelia-garnier-ultra-doux\\\/#primaryimage\"},\"thumbnailUrl\":\"https:\\\/\\\/my-french-grocery.com\\\/wp-content\\\/uploads\\\/2019\\\/08\\\/GARNIER-ULTRA-DOUX-Nourishing-shampoo-for-dry-and-dull-hair-with-argan-and-camellia-oils.jpeg\",\"datePublished\":\"2019-08-27T14:56:46+00:00\",\"dateModified\":\"2023-11-27T17:37:12+00:00\",\"description\":\"Shampooing Huiles d'Argan & Cam\u00e9lia Garnier Ultra Doux - flacon de 300ml - Dans sa nouvelle recette de soin pour cheveux secs.\",\"breadcrumb\":{\"@id\":\"https:\\\/\\\/my-french-grocery.com\\\/fr\\\/produit\\\/shampooing-huiles-dargan-camelia-garnier-ultra-doux\\\/#breadcrumb\"},\"inLanguage\":\"fr-FR\",\"potentialAction\":[{\"@type\":\"ReadAction\",\"target\":[\"https:\\\/\\\/my-french-grocery.com\\\/fr\\\/produit\\\/shampooing-huiles-dargan-camelia-garnier-ultra-doux\\\/\"]}]},{\"@type\":\"ImageObject\",\"inLanguage\":\"fr-FR\",\"@id\":\"https:\\\/\\\/my-french-grocery.com\\\/fr\\\/produit\\\/shampooing-huiles-dargan-camelia-garnier-ultra-doux\\\/#primaryimage\",\"url\":\"https:\\\/\\\/my-french-grocery.com\\\/wp-content\\\/uploads\\\/2019\\\/08\\\/GARNIER-ULTRA-DOUX-Nourishing-shampoo-for-dry-and-dull-hair-with-argan-and-camellia-oils.jpeg\",\"contentUrl\":\"https:\\\/\\\/my-french-grocery.com\\\/wp-content\\\/uploads\\\/2019\\\/08\\\/GARNIER-ULTRA-DOUX-Nourishing-shampoo-for-dry-and-dull-hair-with-argan-and-camellia-oils.jpeg\",\"width\":1200,\"height\":1200},{\"@type\":\"BreadcrumbList\",\"@id\":\"https:\\\/\\\/my-french-grocery.com\\\/fr\\\/produit\\\/shampooing-huiles-dargan-camelia-garnier-ultra-doux\\\/#breadcrumb\",\"itemListElement\":[{\"@type\":\"ListItem\",\"position\":1,\"name\":\"Home\",\"item\":\"https:\\\/\\\/my-french-grocery.com\\\/fr\\\/\"},{\"@type\":\"ListItem\",\"position\":2,\"name\":\"Shop\",\"item\":\"https:\\\/\\\/my-french-grocery.com\\\/shop\\\/\"},{\"@type\":\"ListItem\",\"position\":3,\"name\":\"Cosm\u00e9tiques\",\"item\":\"https:\\\/\\\/my-french-grocery.com\\\/fr\\\/categorie-produit\\\/cosmetiques\\\/\"},{\"@type\":\"ListItem\",\"position\":4,\"name\":\"Shampoing, Apr\u00e8s-Shampoing, Soin Des Cheveux\",\"item\":\"https:\\\/\\\/my-french-grocery.com\\\/fr\\\/categorie-produit\\\/cosmetiques\\\/shampoing-apres-shampoing\\\/\"},{\"@type\":\"ListItem\",\"position\":5,\"name\":\"Shampooing Huiles d&#8217;Argan &#038; Cam\u00e9lia Garnier Ultra Doux\"}]},{\"@type\":\"WebSite\",\"@id\":\"https:\\\/\\\/my-french-grocery.com\\\/fr\\\/#website\",\"url\":\"https:\\\/\\\/my-french-grocery.com\\\/fr\\\/\",\"name\":\"My French Grocery\",\"description\":\"Your Online French Grocery  !\",\"publisher\":{\"@id\":\"https:\\\/\\\/my-french-grocery.com\\\/fr\\\/#organization\"},\"potentialAction\":[{\"@type\":\"SearchAction\",\"target\":{\"@type\":\"EntryPoint\",\"urlTemplate\":\"https:\\\/\\\/my-french-grocery.com\\\/fr\\\/?s={search_term_string}\"},\"query-input\":{\"@type\":\"PropertyValueSpecification\",\"valueRequired\":true,\"valueName\":\"search_term_string\"}}],\"inLanguage\":\"fr-FR\"},{\"@type\":\"Organization\",\"@id\":\"https:\\\/\\\/my-french-grocery.com\\\/fr\\\/#organization\",\"name\":\"MY FRENCH GROCERY\",\"url\":\"https:\\\/\\\/my-french-grocery.com\\\/fr\\\/\",\"logo\":{\"@type\":\"ImageObject\",\"inLanguage\":\"fr-FR\",\"@id\":\"https:\\\/\\\/my-french-grocery.com\\\/fr\\\/#\\\/schema\\\/logo\\\/image\\\/\",\"url\":\"https:\\\/\\\/my-french-grocery.com\\\/wp-content\\\/uploads\\\/2021\\\/11\\\/My-French-Grocery-Online-French-Grocery.png\",\"contentUrl\":\"https:\\\/\\\/my-french-grocery.com\\\/wp-content\\\/uploads\\\/2021\\\/11\\\/My-French-Grocery-Online-French-Grocery.png\",\"width\":100,\"height\":100,\"caption\":\"MY FRENCH GROCERY\"},\"image\":{\"@id\":\"https:\\\/\\\/my-french-grocery.com\\\/fr\\\/#\\\/schema\\\/logo\\\/image\\\/\"},\"sameAs\":[\"https:\\\/\\\/www.facebook.com\\\/myfrenchgrocery\\\/\"]}]}<\/script>\n<!-- \/ Yoast SEO plugin. -->","yoast_head_json":{"title":"Shampooing Huiles d'Argan & Cam\u00e9lia Garnier Ultra Doux | Acheter En Ligne | My French Grocery","description":"Shampooing Huiles d'Argan & Cam\u00e9lia Garnier Ultra Doux - flacon de 300ml - Dans sa nouvelle recette de soin pour cheveux secs.","robots":{"index":"index","follow":"follow","max-snippet":"max-snippet:-1","max-image-preview":"max-image-preview:large","max-video-preview":"max-video-preview:-1"},"canonical":"https:\/\/my-french-grocery.com\/fr\/produit\/shampooing-huiles-dargan-camelia-garnier-ultra-doux\/","og_locale":"fr_FR","og_type":"article","og_title":"Shampooing Huiles d'Argan & Cam\u00e9lia Garnier Ultra Doux | Acheter En Ligne | My French Grocery","og_description":"Shampooing Huiles d'Argan & Cam\u00e9lia Garnier Ultra Doux - flacon de 300ml - Dans sa nouvelle recette de soin pour cheveux secs.","og_url":"https:\/\/my-french-grocery.com\/fr\/produit\/shampooing-huiles-dargan-camelia-garnier-ultra-doux\/","og_site_name":"My French Grocery","article_publisher":"https:\/\/www.facebook.com\/myfrenchgrocery\/","article_modified_time":"2023-11-27T17:37:12+00:00","og_image":[{"width":1200,"height":1200,"url":"https:\/\/my-french-grocery.com\/wp-content\/uploads\/2019\/08\/GARNIER-ULTRA-DOUX-Nourishing-shampoo-for-dry-and-dull-hair-with-argan-and-camellia-oils.jpeg","type":"image\/jpeg"}],"twitter_card":"summary_large_image","schema":{"@context":"https:\/\/schema.org","@graph":[{"@type":"WebPage","@id":"https:\/\/my-french-grocery.com\/fr\/produit\/shampooing-huiles-dargan-camelia-garnier-ultra-doux\/","url":"https:\/\/my-french-grocery.com\/fr\/produit\/shampooing-huiles-dargan-camelia-garnier-ultra-doux\/","name":"Shampooing Huiles d'Argan & Cam\u00e9lia Garnier Ultra Doux | Acheter En Ligne | My French Grocery","isPartOf":{"@id":"https:\/\/my-french-grocery.com\/fr\/#website"},"primaryImageOfPage":{"@id":"https:\/\/my-french-grocery.com\/fr\/produit\/shampooing-huiles-dargan-camelia-garnier-ultra-doux\/#primaryimage"},"image":{"@id":"https:\/\/my-french-grocery.com\/fr\/produit\/shampooing-huiles-dargan-camelia-garnier-ultra-doux\/#primaryimage"},"thumbnailUrl":"https:\/\/my-french-grocery.com\/wp-content\/uploads\/2019\/08\/GARNIER-ULTRA-DOUX-Nourishing-shampoo-for-dry-and-dull-hair-with-argan-and-camellia-oils.jpeg","datePublished":"2019-08-27T14:56:46+00:00","dateModified":"2023-11-27T17:37:12+00:00","description":"Shampooing Huiles d'Argan & Cam\u00e9lia Garnier Ultra Doux - flacon de 300ml - Dans sa nouvelle recette de soin pour cheveux secs.","breadcrumb":{"@id":"https:\/\/my-french-grocery.com\/fr\/produit\/shampooing-huiles-dargan-camelia-garnier-ultra-doux\/#breadcrumb"},"inLanguage":"fr-FR","potentialAction":[{"@type":"ReadAction","target":["https:\/\/my-french-grocery.com\/fr\/produit\/shampooing-huiles-dargan-camelia-garnier-ultra-doux\/"]}]},{"@type":"ImageObject","inLanguage":"fr-FR","@id":"https:\/\/my-french-grocery.com\/fr\/produit\/shampooing-huiles-dargan-camelia-garnier-ultra-doux\/#primaryimage","url":"https:\/\/my-french-grocery.com\/wp-content\/uploads\/2019\/08\/GARNIER-ULTRA-DOUX-Nourishing-shampoo-for-dry-and-dull-hair-with-argan-and-camellia-oils.jpeg","contentUrl":"https:\/\/my-french-grocery.com\/wp-content\/uploads\/2019\/08\/GARNIER-ULTRA-DOUX-Nourishing-shampoo-for-dry-and-dull-hair-with-argan-and-camellia-oils.jpeg","width":1200,"height":1200},{"@type":"BreadcrumbList","@id":"https:\/\/my-french-grocery.com\/fr\/produit\/shampooing-huiles-dargan-camelia-garnier-ultra-doux\/#breadcrumb","itemListElement":[{"@type":"ListItem","position":1,"name":"Home","item":"https:\/\/my-french-grocery.com\/fr\/"},{"@type":"ListItem","position":2,"name":"Shop","item":"https:\/\/my-french-grocery.com\/shop\/"},{"@type":"ListItem","position":3,"name":"Cosm\u00e9tiques","item":"https:\/\/my-french-grocery.com\/fr\/categorie-produit\/cosmetiques\/"},{"@type":"ListItem","position":4,"name":"Shampoing, Apr\u00e8s-Shampoing, Soin Des Cheveux","item":"https:\/\/my-french-grocery.com\/fr\/categorie-produit\/cosmetiques\/shampoing-apres-shampoing\/"},{"@type":"ListItem","position":5,"name":"Shampooing Huiles d&#8217;Argan &#038; Cam\u00e9lia Garnier Ultra Doux"}]},{"@type":"WebSite","@id":"https:\/\/my-french-grocery.com\/fr\/#website","url":"https:\/\/my-french-grocery.com\/fr\/","name":"My French Grocery","description":"Your Online French Grocery  !","publisher":{"@id":"https:\/\/my-french-grocery.com\/fr\/#organization"},"potentialAction":[{"@type":"SearchAction","target":{"@type":"EntryPoint","urlTemplate":"https:\/\/my-french-grocery.com\/fr\/?s={search_term_string}"},"query-input":{"@type":"PropertyValueSpecification","valueRequired":true,"valueName":"search_term_string"}}],"inLanguage":"fr-FR"},{"@type":"Organization","@id":"https:\/\/my-french-grocery.com\/fr\/#organization","name":"MY FRENCH GROCERY","url":"https:\/\/my-french-grocery.com\/fr\/","logo":{"@type":"ImageObject","inLanguage":"fr-FR","@id":"https:\/\/my-french-grocery.com\/fr\/#\/schema\/logo\/image\/","url":"https:\/\/my-french-grocery.com\/wp-content\/uploads\/2021\/11\/My-French-Grocery-Online-French-Grocery.png","contentUrl":"https:\/\/my-french-grocery.com\/wp-content\/uploads\/2021\/11\/My-French-Grocery-Online-French-Grocery.png","width":100,"height":100,"caption":"MY FRENCH GROCERY"},"image":{"@id":"https:\/\/my-french-grocery.com\/fr\/#\/schema\/logo\/image\/"},"sameAs":["https:\/\/www.facebook.com\/myfrenchgrocery\/"]}]}},"brands":[{"id":631,"name":"Garnier","slug":"garnier-fr"}],"_links":{"self":[{"href":"https:\/\/my-french-grocery.com\/fr\/wp-json\/wp\/v2\/product\/9251","targetHints":{"allow":["GET"]}}],"collection":[{"href":"https:\/\/my-french-grocery.com\/fr\/wp-json\/wp\/v2\/product"}],"about":[{"href":"https:\/\/my-french-grocery.com\/fr\/wp-json\/wp\/v2\/types\/product"}],"replies":[{"embeddable":true,"href":"https:\/\/my-french-grocery.com\/fr\/wp-json\/wp\/v2\/comments?post=9251"}],"wp:featuredmedia":[{"embeddable":true,"href":"https:\/\/my-french-grocery.com\/fr\/wp-json\/wp\/v2\/media\/37070"}],"wp:attachment":[{"href":"https:\/\/my-french-grocery.com\/fr\/wp-json\/wp\/v2\/media?parent=9251"}],"wp:term":[{"taxonomy":"pwb-brand","embeddable":true,"href":"https:\/\/my-french-grocery.com\/fr\/wp-json\/wp\/v2\/pwb-brand?post=9251"},{"taxonomy":"product_brand","embeddable":true,"href":"https:\/\/my-french-grocery.com\/fr\/wp-json\/wp\/v2\/product_brand?post=9251"},{"taxonomy":"product_cat","embeddable":true,"href":"https:\/\/my-french-grocery.com\/fr\/wp-json\/wp\/v2\/product_cat?post=9251"},{"taxonomy":"product_tag","embeddable":true,"href":"https:\/\/my-french-grocery.com\/fr\/wp-json\/wp\/v2\/product_tag?post=9251"}],"curies":[{"name":"wp","href":"https:\/\/api.w.org\/{rel}","templated":true}]}}