{"id":9263,"date":"2019-08-27T17:11:48","date_gmt":"2019-08-27T15:11:48","guid":{"rendered":"https:\/\/my-french-grocery.com\/product\/shampooing-lait-de-vanille-pulpe-de-papaye-garnier-ultra-doux\/"},"modified":"2023-11-27T12:31:50","modified_gmt":"2023-11-27T10:31:50","slug":"shampooing-lait-de-vanille-pulpe-de-papaye-garnier-ultra-doux","status":"publish","type":"product","link":"https:\/\/my-french-grocery.com\/fr\/produit\/shampooing-lait-de-vanille-pulpe-de-papaye-garnier-ultra-doux\/","title":{"rendered":"Shampooing Lait De Vanille &#038; Pulpe De Papaye Garnier Ultra Doux"},"content":{"rendered":"<p>Shampooing Lait De Vanille &amp; Pulpe De Papaye<\/p>\n<p>flacon de 300ml<\/p>\n<p>V\u00e9ritable recette de d\u00e9m\u00ealage et de r\u00e9paration pour les cheveux longs aux pointes souvent fragiles, le nouveau shampooing 2 en 1 Garnier Ultra Doux associe la Vanille, reconnue pour sa grande douceur et son parfum d\u00e9licieux, \u00e0 la Pulpe de Papaye, r\u00e9put\u00e9e pour ses vertus revitalisantes, dans une formule qui n&rsquo;alourdit pas vos cheveux.<br \/>\nR\u00e9sultat : parfaitement d\u00e9m\u00eal\u00e9s sur toute leur longueur et r\u00e9par\u00e9s Jusqu&rsquo;aux pointes, vos cheveux longs sont plus beaux et extr\u00eamement doux au toucher. Leur parfum frais et gourmand vous accompagne tout au long de la journ\u00e9e.<\/p>\n","protected":false},"excerpt":{"rendered":"<p>Shampooing Lait De Vanille &amp; Pulpe De Papaye<\/p>\n<p>flacon de 300 ml<\/p>\n","protected":false},"featured_media":37042,"comment_status":"open","ping_status":"closed","template":"","meta":[],"pwb-brand":[631],"product_brand":[],"product_cat":[454,2121],"product_tag":[1427],"class_list":{"0":"post-9263","1":"product","2":"type-product","3":"status-publish","4":"has-post-thumbnail","6":"pwb-brand-garnier-fr","7":"product_cat-shampoing-apres-shampoing","8":"product_cat-shampooing","9":"product_tag-shampoing","10":"product_shipping_class-expedition-dans-le-monde-entier","12":"first","13":"outofstock","14":"taxable","15":"shipping-taxable","16":"purchasable","17":"product-type-simple"},"yoast_head":"<!-- This site is optimized with the Yoast SEO plugin v27.3 - https:\/\/yoast.com\/product\/yoast-seo-wordpress\/ -->\n<title>Shampooing Lait De Vanille &amp; Pulpe De Papaye Garnier Ultra Doux | Acheter En Ligne | My French Grocery<\/title>\n<meta name=\"description\" content=\"Shampooing Lait De Vanille &amp; Pulpe De Papaye - flacon de 300ml - V\u00e9ritable recette de d\u00e9m\u00ealage et de r\u00e9paration pour les cheveux longs aux pointes souvent fragiles\" \/>\n<meta name=\"robots\" content=\"index, follow, max-snippet:-1, max-image-preview:large, max-video-preview:-1\" \/>\n<link rel=\"canonical\" href=\"https:\/\/my-french-grocery.com\/fr\/produit\/shampooing-lait-de-vanille-pulpe-de-papaye-garnier-ultra-doux\/\" \/>\n<meta property=\"og:locale\" content=\"fr_FR\" \/>\n<meta property=\"og:type\" content=\"article\" \/>\n<meta property=\"og:title\" content=\"Shampooing Lait De Vanille &amp; Pulpe De Papaye Garnier Ultra Doux | Acheter En Ligne | My French Grocery\" \/>\n<meta property=\"og:description\" content=\"Shampooing Lait De Vanille &amp; Pulpe De Papaye - flacon de 300ml - V\u00e9ritable recette de d\u00e9m\u00ealage et de r\u00e9paration pour les cheveux longs aux pointes souvent fragiles\" \/>\n<meta property=\"og:url\" content=\"https:\/\/my-french-grocery.com\/fr\/produit\/shampooing-lait-de-vanille-pulpe-de-papaye-garnier-ultra-doux\/\" \/>\n<meta property=\"og:site_name\" content=\"My French Grocery\" \/>\n<meta property=\"article:publisher\" content=\"https:\/\/www.facebook.com\/myfrenchgrocery\/\" \/>\n<meta property=\"article:modified_time\" content=\"2023-11-27T10:31:50+00:00\" \/>\n<meta property=\"og:image\" content=\"https:\/\/my-french-grocery.com\/wp-content\/uploads\/2019\/08\/Vanilla-Milk-Papaya-Extract.jpg\" \/>\n\t<meta property=\"og:image:width\" content=\"1500\" \/>\n\t<meta property=\"og:image:height\" content=\"1500\" \/>\n\t<meta property=\"og:image:type\" content=\"image\/jpeg\" \/>\n<meta name=\"twitter:card\" content=\"summary_large_image\" \/>\n<meta name=\"twitter:label1\" content=\"Dur\u00e9e de lecture estim\u00e9e\" \/>\n\t<meta name=\"twitter:data1\" content=\"1 minute\" \/>\n<script type=\"application\/ld+json\" class=\"yoast-schema-graph\">{\"@context\":\"https:\\\/\\\/schema.org\",\"@graph\":[{\"@type\":\"WebPage\",\"@id\":\"https:\\\/\\\/my-french-grocery.com\\\/fr\\\/produit\\\/shampooing-lait-de-vanille-pulpe-de-papaye-garnier-ultra-doux\\\/\",\"url\":\"https:\\\/\\\/my-french-grocery.com\\\/fr\\\/produit\\\/shampooing-lait-de-vanille-pulpe-de-papaye-garnier-ultra-doux\\\/\",\"name\":\"Shampooing Lait De Vanille & Pulpe De Papaye Garnier Ultra Doux | Acheter En Ligne | My French Grocery\",\"isPartOf\":{\"@id\":\"https:\\\/\\\/my-french-grocery.com\\\/fr\\\/#website\"},\"primaryImageOfPage\":{\"@id\":\"https:\\\/\\\/my-french-grocery.com\\\/fr\\\/produit\\\/shampooing-lait-de-vanille-pulpe-de-papaye-garnier-ultra-doux\\\/#primaryimage\"},\"image\":{\"@id\":\"https:\\\/\\\/my-french-grocery.com\\\/fr\\\/produit\\\/shampooing-lait-de-vanille-pulpe-de-papaye-garnier-ultra-doux\\\/#primaryimage\"},\"thumbnailUrl\":\"https:\\\/\\\/my-french-grocery.com\\\/wp-content\\\/uploads\\\/2019\\\/08\\\/Vanilla-Milk-Papaya-Extract.jpg\",\"datePublished\":\"2019-08-27T15:11:48+00:00\",\"dateModified\":\"2023-11-27T10:31:50+00:00\",\"description\":\"Shampooing Lait De Vanille & Pulpe De Papaye - flacon de 300ml - V\u00e9ritable recette de d\u00e9m\u00ealage et de r\u00e9paration pour les cheveux longs aux pointes souvent fragiles\",\"breadcrumb\":{\"@id\":\"https:\\\/\\\/my-french-grocery.com\\\/fr\\\/produit\\\/shampooing-lait-de-vanille-pulpe-de-papaye-garnier-ultra-doux\\\/#breadcrumb\"},\"inLanguage\":\"fr-FR\",\"potentialAction\":[{\"@type\":\"ReadAction\",\"target\":[\"https:\\\/\\\/my-french-grocery.com\\\/fr\\\/produit\\\/shampooing-lait-de-vanille-pulpe-de-papaye-garnier-ultra-doux\\\/\"]}]},{\"@type\":\"ImageObject\",\"inLanguage\":\"fr-FR\",\"@id\":\"https:\\\/\\\/my-french-grocery.com\\\/fr\\\/produit\\\/shampooing-lait-de-vanille-pulpe-de-papaye-garnier-ultra-doux\\\/#primaryimage\",\"url\":\"https:\\\/\\\/my-french-grocery.com\\\/wp-content\\\/uploads\\\/2019\\\/08\\\/Vanilla-Milk-Papaya-Extract.jpg\",\"contentUrl\":\"https:\\\/\\\/my-french-grocery.com\\\/wp-content\\\/uploads\\\/2019\\\/08\\\/Vanilla-Milk-Papaya-Extract.jpg\",\"width\":1500,\"height\":1500},{\"@type\":\"BreadcrumbList\",\"@id\":\"https:\\\/\\\/my-french-grocery.com\\\/fr\\\/produit\\\/shampooing-lait-de-vanille-pulpe-de-papaye-garnier-ultra-doux\\\/#breadcrumb\",\"itemListElement\":[{\"@type\":\"ListItem\",\"position\":1,\"name\":\"Home\",\"item\":\"https:\\\/\\\/my-french-grocery.com\\\/fr\\\/\"},{\"@type\":\"ListItem\",\"position\":2,\"name\":\"Shop\",\"item\":\"https:\\\/\\\/my-french-grocery.com\\\/shop\\\/\"},{\"@type\":\"ListItem\",\"position\":3,\"name\":\"Cosm\u00e9tiques\",\"item\":\"https:\\\/\\\/my-french-grocery.com\\\/fr\\\/categorie-produit\\\/cosmetiques\\\/\"},{\"@type\":\"ListItem\",\"position\":4,\"name\":\"Shampoing, Apr\u00e8s-Shampoing, Soin Des Cheveux\",\"item\":\"https:\\\/\\\/my-french-grocery.com\\\/fr\\\/categorie-produit\\\/cosmetiques\\\/shampoing-apres-shampoing\\\/\"},{\"@type\":\"ListItem\",\"position\":5,\"name\":\"Shampooing Lait De Vanille &#038; Pulpe De Papaye Garnier Ultra Doux\"}]},{\"@type\":\"WebSite\",\"@id\":\"https:\\\/\\\/my-french-grocery.com\\\/fr\\\/#website\",\"url\":\"https:\\\/\\\/my-french-grocery.com\\\/fr\\\/\",\"name\":\"My French Grocery\",\"description\":\"Your Online French Grocery  !\",\"publisher\":{\"@id\":\"https:\\\/\\\/my-french-grocery.com\\\/fr\\\/#organization\"},\"potentialAction\":[{\"@type\":\"SearchAction\",\"target\":{\"@type\":\"EntryPoint\",\"urlTemplate\":\"https:\\\/\\\/my-french-grocery.com\\\/fr\\\/?s={search_term_string}\"},\"query-input\":{\"@type\":\"PropertyValueSpecification\",\"valueRequired\":true,\"valueName\":\"search_term_string\"}}],\"inLanguage\":\"fr-FR\"},{\"@type\":\"Organization\",\"@id\":\"https:\\\/\\\/my-french-grocery.com\\\/fr\\\/#organization\",\"name\":\"MY FRENCH GROCERY\",\"url\":\"https:\\\/\\\/my-french-grocery.com\\\/fr\\\/\",\"logo\":{\"@type\":\"ImageObject\",\"inLanguage\":\"fr-FR\",\"@id\":\"https:\\\/\\\/my-french-grocery.com\\\/fr\\\/#\\\/schema\\\/logo\\\/image\\\/\",\"url\":\"https:\\\/\\\/my-french-grocery.com\\\/wp-content\\\/uploads\\\/2021\\\/11\\\/My-French-Grocery-Online-French-Grocery.png\",\"contentUrl\":\"https:\\\/\\\/my-french-grocery.com\\\/wp-content\\\/uploads\\\/2021\\\/11\\\/My-French-Grocery-Online-French-Grocery.png\",\"width\":100,\"height\":100,\"caption\":\"MY FRENCH GROCERY\"},\"image\":{\"@id\":\"https:\\\/\\\/my-french-grocery.com\\\/fr\\\/#\\\/schema\\\/logo\\\/image\\\/\"},\"sameAs\":[\"https:\\\/\\\/www.facebook.com\\\/myfrenchgrocery\\\/\"]}]}<\/script>\n<!-- \/ Yoast SEO plugin. -->","yoast_head_json":{"title":"Shampooing Lait De Vanille & Pulpe De Papaye Garnier Ultra Doux | Acheter En Ligne | My French Grocery","description":"Shampooing Lait De Vanille & Pulpe De Papaye - flacon de 300ml - V\u00e9ritable recette de d\u00e9m\u00ealage et de r\u00e9paration pour les cheveux longs aux pointes souvent fragiles","robots":{"index":"index","follow":"follow","max-snippet":"max-snippet:-1","max-image-preview":"max-image-preview:large","max-video-preview":"max-video-preview:-1"},"canonical":"https:\/\/my-french-grocery.com\/fr\/produit\/shampooing-lait-de-vanille-pulpe-de-papaye-garnier-ultra-doux\/","og_locale":"fr_FR","og_type":"article","og_title":"Shampooing Lait De Vanille & Pulpe De Papaye Garnier Ultra Doux | Acheter En Ligne | My French Grocery","og_description":"Shampooing Lait De Vanille & Pulpe De Papaye - flacon de 300ml - V\u00e9ritable recette de d\u00e9m\u00ealage et de r\u00e9paration pour les cheveux longs aux pointes souvent fragiles","og_url":"https:\/\/my-french-grocery.com\/fr\/produit\/shampooing-lait-de-vanille-pulpe-de-papaye-garnier-ultra-doux\/","og_site_name":"My French Grocery","article_publisher":"https:\/\/www.facebook.com\/myfrenchgrocery\/","article_modified_time":"2023-11-27T10:31:50+00:00","og_image":[{"width":1500,"height":1500,"url":"https:\/\/my-french-grocery.com\/wp-content\/uploads\/2019\/08\/Vanilla-Milk-Papaya-Extract.jpg","type":"image\/jpeg"}],"twitter_card":"summary_large_image","twitter_misc":{"Dur\u00e9e de lecture estim\u00e9e":"1 minute"},"schema":{"@context":"https:\/\/schema.org","@graph":[{"@type":"WebPage","@id":"https:\/\/my-french-grocery.com\/fr\/produit\/shampooing-lait-de-vanille-pulpe-de-papaye-garnier-ultra-doux\/","url":"https:\/\/my-french-grocery.com\/fr\/produit\/shampooing-lait-de-vanille-pulpe-de-papaye-garnier-ultra-doux\/","name":"Shampooing Lait De Vanille & Pulpe De Papaye Garnier Ultra Doux | Acheter En Ligne | My French Grocery","isPartOf":{"@id":"https:\/\/my-french-grocery.com\/fr\/#website"},"primaryImageOfPage":{"@id":"https:\/\/my-french-grocery.com\/fr\/produit\/shampooing-lait-de-vanille-pulpe-de-papaye-garnier-ultra-doux\/#primaryimage"},"image":{"@id":"https:\/\/my-french-grocery.com\/fr\/produit\/shampooing-lait-de-vanille-pulpe-de-papaye-garnier-ultra-doux\/#primaryimage"},"thumbnailUrl":"https:\/\/my-french-grocery.com\/wp-content\/uploads\/2019\/08\/Vanilla-Milk-Papaya-Extract.jpg","datePublished":"2019-08-27T15:11:48+00:00","dateModified":"2023-11-27T10:31:50+00:00","description":"Shampooing Lait De Vanille & Pulpe De Papaye - flacon de 300ml - V\u00e9ritable recette de d\u00e9m\u00ealage et de r\u00e9paration pour les cheveux longs aux pointes souvent fragiles","breadcrumb":{"@id":"https:\/\/my-french-grocery.com\/fr\/produit\/shampooing-lait-de-vanille-pulpe-de-papaye-garnier-ultra-doux\/#breadcrumb"},"inLanguage":"fr-FR","potentialAction":[{"@type":"ReadAction","target":["https:\/\/my-french-grocery.com\/fr\/produit\/shampooing-lait-de-vanille-pulpe-de-papaye-garnier-ultra-doux\/"]}]},{"@type":"ImageObject","inLanguage":"fr-FR","@id":"https:\/\/my-french-grocery.com\/fr\/produit\/shampooing-lait-de-vanille-pulpe-de-papaye-garnier-ultra-doux\/#primaryimage","url":"https:\/\/my-french-grocery.com\/wp-content\/uploads\/2019\/08\/Vanilla-Milk-Papaya-Extract.jpg","contentUrl":"https:\/\/my-french-grocery.com\/wp-content\/uploads\/2019\/08\/Vanilla-Milk-Papaya-Extract.jpg","width":1500,"height":1500},{"@type":"BreadcrumbList","@id":"https:\/\/my-french-grocery.com\/fr\/produit\/shampooing-lait-de-vanille-pulpe-de-papaye-garnier-ultra-doux\/#breadcrumb","itemListElement":[{"@type":"ListItem","position":1,"name":"Home","item":"https:\/\/my-french-grocery.com\/fr\/"},{"@type":"ListItem","position":2,"name":"Shop","item":"https:\/\/my-french-grocery.com\/shop\/"},{"@type":"ListItem","position":3,"name":"Cosm\u00e9tiques","item":"https:\/\/my-french-grocery.com\/fr\/categorie-produit\/cosmetiques\/"},{"@type":"ListItem","position":4,"name":"Shampoing, Apr\u00e8s-Shampoing, Soin Des Cheveux","item":"https:\/\/my-french-grocery.com\/fr\/categorie-produit\/cosmetiques\/shampoing-apres-shampoing\/"},{"@type":"ListItem","position":5,"name":"Shampooing Lait De Vanille &#038; Pulpe De Papaye Garnier Ultra Doux"}]},{"@type":"WebSite","@id":"https:\/\/my-french-grocery.com\/fr\/#website","url":"https:\/\/my-french-grocery.com\/fr\/","name":"My French Grocery","description":"Your Online French Grocery  !","publisher":{"@id":"https:\/\/my-french-grocery.com\/fr\/#organization"},"potentialAction":[{"@type":"SearchAction","target":{"@type":"EntryPoint","urlTemplate":"https:\/\/my-french-grocery.com\/fr\/?s={search_term_string}"},"query-input":{"@type":"PropertyValueSpecification","valueRequired":true,"valueName":"search_term_string"}}],"inLanguage":"fr-FR"},{"@type":"Organization","@id":"https:\/\/my-french-grocery.com\/fr\/#organization","name":"MY FRENCH GROCERY","url":"https:\/\/my-french-grocery.com\/fr\/","logo":{"@type":"ImageObject","inLanguage":"fr-FR","@id":"https:\/\/my-french-grocery.com\/fr\/#\/schema\/logo\/image\/","url":"https:\/\/my-french-grocery.com\/wp-content\/uploads\/2021\/11\/My-French-Grocery-Online-French-Grocery.png","contentUrl":"https:\/\/my-french-grocery.com\/wp-content\/uploads\/2021\/11\/My-French-Grocery-Online-French-Grocery.png","width":100,"height":100,"caption":"MY FRENCH GROCERY"},"image":{"@id":"https:\/\/my-french-grocery.com\/fr\/#\/schema\/logo\/image\/"},"sameAs":["https:\/\/www.facebook.com\/myfrenchgrocery\/"]}]}},"brands":[{"id":631,"name":"Garnier","slug":"garnier-fr"}],"_links":{"self":[{"href":"https:\/\/my-french-grocery.com\/fr\/wp-json\/wp\/v2\/product\/9263","targetHints":{"allow":["GET"]}}],"collection":[{"href":"https:\/\/my-french-grocery.com\/fr\/wp-json\/wp\/v2\/product"}],"about":[{"href":"https:\/\/my-french-grocery.com\/fr\/wp-json\/wp\/v2\/types\/product"}],"replies":[{"embeddable":true,"href":"https:\/\/my-french-grocery.com\/fr\/wp-json\/wp\/v2\/comments?post=9263"}],"wp:featuredmedia":[{"embeddable":true,"href":"https:\/\/my-french-grocery.com\/fr\/wp-json\/wp\/v2\/media\/37042"}],"wp:attachment":[{"href":"https:\/\/my-french-grocery.com\/fr\/wp-json\/wp\/v2\/media?parent=9263"}],"wp:term":[{"taxonomy":"pwb-brand","embeddable":true,"href":"https:\/\/my-french-grocery.com\/fr\/wp-json\/wp\/v2\/pwb-brand?post=9263"},{"taxonomy":"product_brand","embeddable":true,"href":"https:\/\/my-french-grocery.com\/fr\/wp-json\/wp\/v2\/product_brand?post=9263"},{"taxonomy":"product_cat","embeddable":true,"href":"https:\/\/my-french-grocery.com\/fr\/wp-json\/wp\/v2\/product_cat?post=9263"},{"taxonomy":"product_tag","embeddable":true,"href":"https:\/\/my-french-grocery.com\/fr\/wp-json\/wp\/v2\/product_tag?post=9263"}],"curies":[{"name":"wp","href":"https:\/\/api.w.org\/{rel}","templated":true}]}}