{"id":9271,"date":"2019-08-27T17:18:36","date_gmt":"2019-08-27T15:18:36","guid":{"rendered":"https:\/\/my-french-grocery.com\/product\/shampoing-cerise-amande-douce-garnier-ultra-doux\/"},"modified":"2023-11-27T12:18:23","modified_gmt":"2023-11-27T10:18:23","slug":"shampoing-cerise-amande-douce-garnier-ultra-doux","status":"publish","type":"product","link":"https:\/\/my-french-grocery.com\/fr\/produit\/shampoing-cerise-amande-douce-garnier-ultra-doux\/","title":{"rendered":"Shampoing Cerise &#038; Amande Douce Garnier Ultra Doux"},"content":{"rendered":"<p>Shampoing Cerise &amp; Amande Douce Garnier Ultra Doux<\/p>\n<p>flacon de 300ml<\/p>\n<div class=\"secondary-details__description\">\n<p class=\"paragraph\">Pour faciliter le coiffage et faire du shampooing des enfants un grand moment de plaisir, Garnier Ultra Doux associe dans son nouveau shampooing la Cerise, connue pour son parfum d\u00e9licieux, \u00e0 l&rsquo;Amande douce, r\u00e9put\u00e9e pour ses propri\u00e9t\u00e9s adoucissantes, dans une formule douce ultra d\u00e9m\u00ealante.<br \/>\nHypoallerg\u00e9nique, il ne pique pas les yeux et \u00e9limine les n\u0153uds en un clin d&rsquo;\u0153il.<\/p>\n<\/div>\n","protected":false},"excerpt":{"rendered":"<p>Shampoing Cerise &amp; Amande Douce Garnier Ultra Doux<\/p>\n<p>flacon de 300ml<\/p>\n","protected":false},"featured_media":37034,"comment_status":"open","ping_status":"closed","template":"","meta":[],"pwb-brand":[631],"product_brand":[],"product_cat":[454,2121],"product_tag":[1427],"class_list":{"0":"post-9271","1":"product","2":"type-product","3":"status-publish","4":"has-post-thumbnail","6":"pwb-brand-garnier-fr","7":"product_cat-shampoing-apres-shampoing","8":"product_cat-shampooing","9":"product_tag-shampoing","10":"product_shipping_class-expedition-dans-le-monde-entier","12":"first","13":"outofstock","14":"taxable","15":"shipping-taxable","16":"purchasable","17":"product-type-simple"},"yoast_head":"<!-- This site is optimized with the Yoast SEO plugin v27.3 - https:\/\/yoast.com\/product\/yoast-seo-wordpress\/ -->\n<title>Shampoing Cerise &amp; Amande Douce Garnier Ultra Doux | Acheter En Ligne | My French Grocery<\/title>\n<meta name=\"description\" content=\"Shampoing Cerise &amp; Amande Douce Garnier Ultra Doux - flacon de 300ml - Pour faciliter le coiffage et faire du shampooing des enfants un grand moment de plaisir\" \/>\n<meta name=\"robots\" content=\"index, follow, max-snippet:-1, max-image-preview:large, max-video-preview:-1\" \/>\n<link rel=\"canonical\" href=\"https:\/\/my-french-grocery.com\/fr\/produit\/shampoing-cerise-amande-douce-garnier-ultra-doux\/\" \/>\n<meta property=\"og:locale\" content=\"fr_FR\" \/>\n<meta property=\"og:type\" content=\"article\" \/>\n<meta property=\"og:title\" content=\"Shampoing Cerise &amp; Amande Douce Garnier Ultra Doux | Acheter En Ligne | My French Grocery\" \/>\n<meta property=\"og:description\" content=\"Shampoing Cerise &amp; Amande Douce Garnier Ultra Doux - flacon de 300ml - Pour faciliter le coiffage et faire du shampooing des enfants un grand moment de plaisir\" \/>\n<meta property=\"og:url\" content=\"https:\/\/my-french-grocery.com\/fr\/produit\/shampoing-cerise-amande-douce-garnier-ultra-doux\/\" \/>\n<meta property=\"og:site_name\" content=\"My French Grocery\" \/>\n<meta property=\"article:publisher\" content=\"https:\/\/www.facebook.com\/myfrenchgrocery\/\" \/>\n<meta property=\"article:modified_time\" content=\"2023-11-27T10:18:23+00:00\" \/>\n<meta property=\"og:image\" content=\"https:\/\/my-french-grocery.com\/wp-content\/uploads\/2019\/08\/Shampoo-Detangler-Disney-Little-Mermaid-Ennt-Cherry-Sweet-Almond.jpg\" \/>\n\t<meta property=\"og:image:width\" content=\"540\" \/>\n\t<meta property=\"og:image:height\" content=\"540\" \/>\n\t<meta property=\"og:image:type\" content=\"image\/jpeg\" \/>\n<meta name=\"twitter:card\" content=\"summary_large_image\" \/>\n<script type=\"application\/ld+json\" class=\"yoast-schema-graph\">{\"@context\":\"https:\\\/\\\/schema.org\",\"@graph\":[{\"@type\":\"WebPage\",\"@id\":\"https:\\\/\\\/my-french-grocery.com\\\/fr\\\/produit\\\/shampoing-cerise-amande-douce-garnier-ultra-doux\\\/\",\"url\":\"https:\\\/\\\/my-french-grocery.com\\\/fr\\\/produit\\\/shampoing-cerise-amande-douce-garnier-ultra-doux\\\/\",\"name\":\"Shampoing Cerise & Amande Douce Garnier Ultra Doux | Acheter En Ligne | My French Grocery\",\"isPartOf\":{\"@id\":\"https:\\\/\\\/my-french-grocery.com\\\/fr\\\/#website\"},\"primaryImageOfPage\":{\"@id\":\"https:\\\/\\\/my-french-grocery.com\\\/fr\\\/produit\\\/shampoing-cerise-amande-douce-garnier-ultra-doux\\\/#primaryimage\"},\"image\":{\"@id\":\"https:\\\/\\\/my-french-grocery.com\\\/fr\\\/produit\\\/shampoing-cerise-amande-douce-garnier-ultra-doux\\\/#primaryimage\"},\"thumbnailUrl\":\"https:\\\/\\\/my-french-grocery.com\\\/wp-content\\\/uploads\\\/2019\\\/08\\\/Shampoo-Detangler-Disney-Little-Mermaid-Ennt-Cherry-Sweet-Almond.jpg\",\"datePublished\":\"2019-08-27T15:18:36+00:00\",\"dateModified\":\"2023-11-27T10:18:23+00:00\",\"description\":\"Shampoing Cerise & Amande Douce Garnier Ultra Doux - flacon de 300ml - Pour faciliter le coiffage et faire du shampooing des enfants un grand moment de plaisir\",\"breadcrumb\":{\"@id\":\"https:\\\/\\\/my-french-grocery.com\\\/fr\\\/produit\\\/shampoing-cerise-amande-douce-garnier-ultra-doux\\\/#breadcrumb\"},\"inLanguage\":\"fr-FR\",\"potentialAction\":[{\"@type\":\"ReadAction\",\"target\":[\"https:\\\/\\\/my-french-grocery.com\\\/fr\\\/produit\\\/shampoing-cerise-amande-douce-garnier-ultra-doux\\\/\"]}]},{\"@type\":\"ImageObject\",\"inLanguage\":\"fr-FR\",\"@id\":\"https:\\\/\\\/my-french-grocery.com\\\/fr\\\/produit\\\/shampoing-cerise-amande-douce-garnier-ultra-doux\\\/#primaryimage\",\"url\":\"https:\\\/\\\/my-french-grocery.com\\\/wp-content\\\/uploads\\\/2019\\\/08\\\/Shampoo-Detangler-Disney-Little-Mermaid-Ennt-Cherry-Sweet-Almond.jpg\",\"contentUrl\":\"https:\\\/\\\/my-french-grocery.com\\\/wp-content\\\/uploads\\\/2019\\\/08\\\/Shampoo-Detangler-Disney-Little-Mermaid-Ennt-Cherry-Sweet-Almond.jpg\",\"width\":540,\"height\":540},{\"@type\":\"BreadcrumbList\",\"@id\":\"https:\\\/\\\/my-french-grocery.com\\\/fr\\\/produit\\\/shampoing-cerise-amande-douce-garnier-ultra-doux\\\/#breadcrumb\",\"itemListElement\":[{\"@type\":\"ListItem\",\"position\":1,\"name\":\"Home\",\"item\":\"https:\\\/\\\/my-french-grocery.com\\\/fr\\\/\"},{\"@type\":\"ListItem\",\"position\":2,\"name\":\"Shop\",\"item\":\"https:\\\/\\\/my-french-grocery.com\\\/shop\\\/\"},{\"@type\":\"ListItem\",\"position\":3,\"name\":\"Cosm\u00e9tiques\",\"item\":\"https:\\\/\\\/my-french-grocery.com\\\/fr\\\/categorie-produit\\\/cosmetiques\\\/\"},{\"@type\":\"ListItem\",\"position\":4,\"name\":\"Shampoing, Apr\u00e8s-Shampoing, Soin Des Cheveux\",\"item\":\"https:\\\/\\\/my-french-grocery.com\\\/fr\\\/categorie-produit\\\/cosmetiques\\\/shampoing-apres-shampoing\\\/\"},{\"@type\":\"ListItem\",\"position\":5,\"name\":\"Shampoing Cerise &#038; Amande Douce Garnier Ultra Doux\"}]},{\"@type\":\"WebSite\",\"@id\":\"https:\\\/\\\/my-french-grocery.com\\\/fr\\\/#website\",\"url\":\"https:\\\/\\\/my-french-grocery.com\\\/fr\\\/\",\"name\":\"My French Grocery\",\"description\":\"Your Online French Grocery  !\",\"publisher\":{\"@id\":\"https:\\\/\\\/my-french-grocery.com\\\/fr\\\/#organization\"},\"potentialAction\":[{\"@type\":\"SearchAction\",\"target\":{\"@type\":\"EntryPoint\",\"urlTemplate\":\"https:\\\/\\\/my-french-grocery.com\\\/fr\\\/?s={search_term_string}\"},\"query-input\":{\"@type\":\"PropertyValueSpecification\",\"valueRequired\":true,\"valueName\":\"search_term_string\"}}],\"inLanguage\":\"fr-FR\"},{\"@type\":\"Organization\",\"@id\":\"https:\\\/\\\/my-french-grocery.com\\\/fr\\\/#organization\",\"name\":\"MY FRENCH GROCERY\",\"url\":\"https:\\\/\\\/my-french-grocery.com\\\/fr\\\/\",\"logo\":{\"@type\":\"ImageObject\",\"inLanguage\":\"fr-FR\",\"@id\":\"https:\\\/\\\/my-french-grocery.com\\\/fr\\\/#\\\/schema\\\/logo\\\/image\\\/\",\"url\":\"https:\\\/\\\/my-french-grocery.com\\\/wp-content\\\/uploads\\\/2021\\\/11\\\/My-French-Grocery-Online-French-Grocery.png\",\"contentUrl\":\"https:\\\/\\\/my-french-grocery.com\\\/wp-content\\\/uploads\\\/2021\\\/11\\\/My-French-Grocery-Online-French-Grocery.png\",\"width\":100,\"height\":100,\"caption\":\"MY FRENCH GROCERY\"},\"image\":{\"@id\":\"https:\\\/\\\/my-french-grocery.com\\\/fr\\\/#\\\/schema\\\/logo\\\/image\\\/\"},\"sameAs\":[\"https:\\\/\\\/www.facebook.com\\\/myfrenchgrocery\\\/\"]}]}<\/script>\n<!-- \/ Yoast SEO plugin. -->","yoast_head_json":{"title":"Shampoing Cerise & Amande Douce Garnier Ultra Doux | Acheter En Ligne | My French Grocery","description":"Shampoing Cerise & Amande Douce Garnier Ultra Doux - flacon de 300ml - Pour faciliter le coiffage et faire du shampooing des enfants un grand moment de plaisir","robots":{"index":"index","follow":"follow","max-snippet":"max-snippet:-1","max-image-preview":"max-image-preview:large","max-video-preview":"max-video-preview:-1"},"canonical":"https:\/\/my-french-grocery.com\/fr\/produit\/shampoing-cerise-amande-douce-garnier-ultra-doux\/","og_locale":"fr_FR","og_type":"article","og_title":"Shampoing Cerise & Amande Douce Garnier Ultra Doux | Acheter En Ligne | My French Grocery","og_description":"Shampoing Cerise & Amande Douce Garnier Ultra Doux - flacon de 300ml - Pour faciliter le coiffage et faire du shampooing des enfants un grand moment de plaisir","og_url":"https:\/\/my-french-grocery.com\/fr\/produit\/shampoing-cerise-amande-douce-garnier-ultra-doux\/","og_site_name":"My French Grocery","article_publisher":"https:\/\/www.facebook.com\/myfrenchgrocery\/","article_modified_time":"2023-11-27T10:18:23+00:00","og_image":[{"width":540,"height":540,"url":"https:\/\/my-french-grocery.com\/wp-content\/uploads\/2019\/08\/Shampoo-Detangler-Disney-Little-Mermaid-Ennt-Cherry-Sweet-Almond.jpg","type":"image\/jpeg"}],"twitter_card":"summary_large_image","schema":{"@context":"https:\/\/schema.org","@graph":[{"@type":"WebPage","@id":"https:\/\/my-french-grocery.com\/fr\/produit\/shampoing-cerise-amande-douce-garnier-ultra-doux\/","url":"https:\/\/my-french-grocery.com\/fr\/produit\/shampoing-cerise-amande-douce-garnier-ultra-doux\/","name":"Shampoing Cerise & Amande Douce Garnier Ultra Doux | Acheter En Ligne | My French Grocery","isPartOf":{"@id":"https:\/\/my-french-grocery.com\/fr\/#website"},"primaryImageOfPage":{"@id":"https:\/\/my-french-grocery.com\/fr\/produit\/shampoing-cerise-amande-douce-garnier-ultra-doux\/#primaryimage"},"image":{"@id":"https:\/\/my-french-grocery.com\/fr\/produit\/shampoing-cerise-amande-douce-garnier-ultra-doux\/#primaryimage"},"thumbnailUrl":"https:\/\/my-french-grocery.com\/wp-content\/uploads\/2019\/08\/Shampoo-Detangler-Disney-Little-Mermaid-Ennt-Cherry-Sweet-Almond.jpg","datePublished":"2019-08-27T15:18:36+00:00","dateModified":"2023-11-27T10:18:23+00:00","description":"Shampoing Cerise & Amande Douce Garnier Ultra Doux - flacon de 300ml - Pour faciliter le coiffage et faire du shampooing des enfants un grand moment de plaisir","breadcrumb":{"@id":"https:\/\/my-french-grocery.com\/fr\/produit\/shampoing-cerise-amande-douce-garnier-ultra-doux\/#breadcrumb"},"inLanguage":"fr-FR","potentialAction":[{"@type":"ReadAction","target":["https:\/\/my-french-grocery.com\/fr\/produit\/shampoing-cerise-amande-douce-garnier-ultra-doux\/"]}]},{"@type":"ImageObject","inLanguage":"fr-FR","@id":"https:\/\/my-french-grocery.com\/fr\/produit\/shampoing-cerise-amande-douce-garnier-ultra-doux\/#primaryimage","url":"https:\/\/my-french-grocery.com\/wp-content\/uploads\/2019\/08\/Shampoo-Detangler-Disney-Little-Mermaid-Ennt-Cherry-Sweet-Almond.jpg","contentUrl":"https:\/\/my-french-grocery.com\/wp-content\/uploads\/2019\/08\/Shampoo-Detangler-Disney-Little-Mermaid-Ennt-Cherry-Sweet-Almond.jpg","width":540,"height":540},{"@type":"BreadcrumbList","@id":"https:\/\/my-french-grocery.com\/fr\/produit\/shampoing-cerise-amande-douce-garnier-ultra-doux\/#breadcrumb","itemListElement":[{"@type":"ListItem","position":1,"name":"Home","item":"https:\/\/my-french-grocery.com\/fr\/"},{"@type":"ListItem","position":2,"name":"Shop","item":"https:\/\/my-french-grocery.com\/shop\/"},{"@type":"ListItem","position":3,"name":"Cosm\u00e9tiques","item":"https:\/\/my-french-grocery.com\/fr\/categorie-produit\/cosmetiques\/"},{"@type":"ListItem","position":4,"name":"Shampoing, Apr\u00e8s-Shampoing, Soin Des Cheveux","item":"https:\/\/my-french-grocery.com\/fr\/categorie-produit\/cosmetiques\/shampoing-apres-shampoing\/"},{"@type":"ListItem","position":5,"name":"Shampoing Cerise &#038; Amande Douce Garnier Ultra Doux"}]},{"@type":"WebSite","@id":"https:\/\/my-french-grocery.com\/fr\/#website","url":"https:\/\/my-french-grocery.com\/fr\/","name":"My French Grocery","description":"Your Online French Grocery  !","publisher":{"@id":"https:\/\/my-french-grocery.com\/fr\/#organization"},"potentialAction":[{"@type":"SearchAction","target":{"@type":"EntryPoint","urlTemplate":"https:\/\/my-french-grocery.com\/fr\/?s={search_term_string}"},"query-input":{"@type":"PropertyValueSpecification","valueRequired":true,"valueName":"search_term_string"}}],"inLanguage":"fr-FR"},{"@type":"Organization","@id":"https:\/\/my-french-grocery.com\/fr\/#organization","name":"MY FRENCH GROCERY","url":"https:\/\/my-french-grocery.com\/fr\/","logo":{"@type":"ImageObject","inLanguage":"fr-FR","@id":"https:\/\/my-french-grocery.com\/fr\/#\/schema\/logo\/image\/","url":"https:\/\/my-french-grocery.com\/wp-content\/uploads\/2021\/11\/My-French-Grocery-Online-French-Grocery.png","contentUrl":"https:\/\/my-french-grocery.com\/wp-content\/uploads\/2021\/11\/My-French-Grocery-Online-French-Grocery.png","width":100,"height":100,"caption":"MY FRENCH GROCERY"},"image":{"@id":"https:\/\/my-french-grocery.com\/fr\/#\/schema\/logo\/image\/"},"sameAs":["https:\/\/www.facebook.com\/myfrenchgrocery\/"]}]}},"brands":[{"id":631,"name":"Garnier","slug":"garnier-fr"}],"_links":{"self":[{"href":"https:\/\/my-french-grocery.com\/fr\/wp-json\/wp\/v2\/product\/9271","targetHints":{"allow":["GET"]}}],"collection":[{"href":"https:\/\/my-french-grocery.com\/fr\/wp-json\/wp\/v2\/product"}],"about":[{"href":"https:\/\/my-french-grocery.com\/fr\/wp-json\/wp\/v2\/types\/product"}],"replies":[{"embeddable":true,"href":"https:\/\/my-french-grocery.com\/fr\/wp-json\/wp\/v2\/comments?post=9271"}],"wp:featuredmedia":[{"embeddable":true,"href":"https:\/\/my-french-grocery.com\/fr\/wp-json\/wp\/v2\/media\/37034"}],"wp:attachment":[{"href":"https:\/\/my-french-grocery.com\/fr\/wp-json\/wp\/v2\/media?parent=9271"}],"wp:term":[{"taxonomy":"pwb-brand","embeddable":true,"href":"https:\/\/my-french-grocery.com\/fr\/wp-json\/wp\/v2\/pwb-brand?post=9271"},{"taxonomy":"product_brand","embeddable":true,"href":"https:\/\/my-french-grocery.com\/fr\/wp-json\/wp\/v2\/product_brand?post=9271"},{"taxonomy":"product_cat","embeddable":true,"href":"https:\/\/my-french-grocery.com\/fr\/wp-json\/wp\/v2\/product_cat?post=9271"},{"taxonomy":"product_tag","embeddable":true,"href":"https:\/\/my-french-grocery.com\/fr\/wp-json\/wp\/v2\/product_tag?post=9271"}],"curies":[{"name":"wp","href":"https:\/\/api.w.org\/{rel}","templated":true}]}}