{"id":9283,"date":"2019-08-29T16:34:43","date_gmt":"2019-08-29T14:34:43","guid":{"rendered":"https:\/\/my-french-grocery.com\/product\/recharge-savon-liquide-au-lait-hydrate-nourrit-le-petit-marseillais\/"},"modified":"2019-08-29T16:34:43","modified_gmt":"2019-08-29T14:34:43","slug":"recharge-savon-liquide-au-lait-hydrate-nourrit-le-petit-marseillais","status":"publish","type":"product","link":"https:\/\/my-french-grocery.com\/fr\/produit\/recharge-savon-liquide-au-lait-hydrate-nourrit-le-petit-marseillais\/","title":{"rendered":"Recharge Savon Liquide Au Lait Hydrate &#038; Nourrit Le Petit Marseillais"},"content":{"rendered":"<p>Recharge Savon Liquide Au Lait Hydrate & Nourrit Le Petit Marseillais<\/p>\n<p>berlingot de 250mL<\/p>\n<p>N\u00e9 au c\u0153ur de la Provence, le Petit Marseillais a s\u00e9lectionn\u00e9 des ingr\u00e9dients gorg\u00e9s de soleil pour cr\u00e9er ses Cr\u00e8mes Mousse Extra Doux aux parfums qui sentent bon la nature.D\u00e9couvrez les bienfaits et la douceur de la Cr\u00e8me mousse au Lait du Petit Marseillais. Issue d\u2019extraits naturels, elle nourrit et hydrate votre peau..<\/p>\n","protected":false},"excerpt":{"rendered":"<p>Recharge Savon Liquide Au Lait Hydrate &amp; Nourrit Le Petit Marseillais<\/p>\n<p>berlingot de 250mL<\/p>\n","protected":false},"featured_media":40879,"comment_status":"open","ping_status":"closed","template":"","meta":[],"pwb-brand":[725],"product_brand":[],"product_cat":[994],"product_tag":[1387,1620],"class_list":{"0":"post-9283","1":"product","2":"type-product","3":"status-publish","4":"has-post-thumbnail","6":"pwb-brand-le-petit-marseillais-fr","7":"product_cat-savon","8":"product_tag-petit-marseillais-fr","9":"product_tag-savon","10":"product_shipping_class-expedition-dans-le-monde-entier","12":"first","13":"instock","14":"taxable","15":"shipping-taxable","16":"purchasable","17":"product-type-simple"},"brands":[{"id":725,"name":"Le Petit Marseillais","slug":"le-petit-marseillais-fr"}],"_links":{"self":[{"href":"https:\/\/my-french-grocery.com\/fr\/wp-json\/wp\/v2\/product\/9283","targetHints":{"allow":["GET"]}}],"collection":[{"href":"https:\/\/my-french-grocery.com\/fr\/wp-json\/wp\/v2\/product"}],"about":[{"href":"https:\/\/my-french-grocery.com\/fr\/wp-json\/wp\/v2\/types\/product"}],"replies":[{"embeddable":true,"href":"https:\/\/my-french-grocery.com\/fr\/wp-json\/wp\/v2\/comments?post=9283"}],"wp:featuredmedia":[{"embeddable":true,"href":"https:\/\/my-french-grocery.com\/fr\/wp-json\/wp\/v2\/media\/40879"}],"wp:attachment":[{"href":"https:\/\/my-french-grocery.com\/fr\/wp-json\/wp\/v2\/media?parent=9283"}],"wp:term":[{"taxonomy":"pwb-brand","embeddable":true,"href":"https:\/\/my-french-grocery.com\/fr\/wp-json\/wp\/v2\/pwb-brand?post=9283"},{"taxonomy":"product_brand","embeddable":true,"href":"https:\/\/my-french-grocery.com\/fr\/wp-json\/wp\/v2\/product_brand?post=9283"},{"taxonomy":"product_cat","embeddable":true,"href":"https:\/\/my-french-grocery.com\/fr\/wp-json\/wp\/v2\/product_cat?post=9283"},{"taxonomy":"product_tag","embeddable":true,"href":"https:\/\/my-french-grocery.com\/fr\/wp-json\/wp\/v2\/product_tag?post=9283"}],"curies":[{"name":"wp","href":"https:\/\/api.w.org\/{rel}","templated":true}]}}