{"id":9291,"date":"2019-08-29T16:46:52","date_gmt":"2019-08-29T14:46:52","guid":{"rendered":"https:\/\/my-french-grocery.com\/product\/recharge-savon-liquide-huile-dolive-le-petit-marseillais\/"},"modified":"2019-08-29T16:46:52","modified_gmt":"2019-08-29T14:46:52","slug":"recharge-savon-liquide-huile-dolive-le-petit-marseillais","status":"publish","type":"product","link":"https:\/\/my-french-grocery.com\/fr\/produit\/recharge-savon-liquide-huile-dolive-le-petit-marseillais\/","title":{"rendered":"Recharge Savon Liquide Huile D&rsquo;Olive Le Petit Marseillais"},"content":{"rendered":"<p>Recharge Savon Liquide Huile D\u2019Olive Le Petit Marseillais<\/p>\n<p>Berlingot de 250 ml<\/p>\n<p>Saponifi\u00e9 \u00e0 partir d\u2019huiles v\u00e9g\u00e9tales puis cuit au chaudron, ce savon liquide est pr\u00e9par\u00e9 selon le savoir-faire d\u2019un ma\u00eetre savonnier.<br \/>\nNaturellement glyc\u00e9rin\u00e9, il pr\u00e9serve en douceur l\u2019\u00e9quilibre des peaux les plus d\u00e9licates.<\/p>\n","protected":false},"excerpt":{"rendered":"<p>Recharge Savon Liquide Huile D&rsquo;Olive Le Petit Marseillais<\/p>\n<p>Berlingot de 250 ml<\/p>\n","protected":false},"featured_media":36936,"comment_status":"open","ping_status":"closed","template":"","meta":[],"pwb-brand":[725],"product_brand":[],"product_cat":[994],"product_tag":[1387,1620],"class_list":{"0":"post-9291","1":"product","2":"type-product","3":"status-publish","4":"has-post-thumbnail","6":"pwb-brand-le-petit-marseillais-fr","7":"product_cat-savon","8":"product_tag-petit-marseillais-fr","9":"product_tag-savon","10":"product_shipping_class-expedition-dans-le-monde-entier","12":"first","13":"instock","14":"taxable","15":"shipping-taxable","16":"purchasable","17":"product-type-simple"},"brands":[{"id":725,"name":"Le Petit Marseillais","slug":"le-petit-marseillais-fr"}],"_links":{"self":[{"href":"https:\/\/my-french-grocery.com\/fr\/wp-json\/wp\/v2\/product\/9291","targetHints":{"allow":["GET"]}}],"collection":[{"href":"https:\/\/my-french-grocery.com\/fr\/wp-json\/wp\/v2\/product"}],"about":[{"href":"https:\/\/my-french-grocery.com\/fr\/wp-json\/wp\/v2\/types\/product"}],"replies":[{"embeddable":true,"href":"https:\/\/my-french-grocery.com\/fr\/wp-json\/wp\/v2\/comments?post=9291"}],"wp:featuredmedia":[{"embeddable":true,"href":"https:\/\/my-french-grocery.com\/fr\/wp-json\/wp\/v2\/media\/36936"}],"wp:attachment":[{"href":"https:\/\/my-french-grocery.com\/fr\/wp-json\/wp\/v2\/media?parent=9291"}],"wp:term":[{"taxonomy":"pwb-brand","embeddable":true,"href":"https:\/\/my-french-grocery.com\/fr\/wp-json\/wp\/v2\/pwb-brand?post=9291"},{"taxonomy":"product_brand","embeddable":true,"href":"https:\/\/my-french-grocery.com\/fr\/wp-json\/wp\/v2\/product_brand?post=9291"},{"taxonomy":"product_cat","embeddable":true,"href":"https:\/\/my-french-grocery.com\/fr\/wp-json\/wp\/v2\/product_cat?post=9291"},{"taxonomy":"product_tag","embeddable":true,"href":"https:\/\/my-french-grocery.com\/fr\/wp-json\/wp\/v2\/product_tag?post=9291"}],"curies":[{"name":"wp","href":"https:\/\/api.w.org\/{rel}","templated":true}]}}