{"id":9303,"date":"2019-08-30T15:45:18","date_gmt":"2019-08-30T13:45:18","guid":{"rendered":"https:\/\/my-french-grocery.com\/product\/savon-liquide-lavande-le-petit-marseillais\/"},"modified":"2019-08-30T15:45:18","modified_gmt":"2019-08-30T13:45:18","slug":"savon-liquide-lavande-le-petit-marseillais","status":"publish","type":"product","link":"https:\/\/my-french-grocery.com\/fr\/produit\/savon-liquide-lavande-le-petit-marseillais\/","title":{"rendered":"Savon Liquide Lavande Le Petit Marseillais"},"content":{"rendered":"<p>Savon Liquide Lavande Le Petit Marseillais<\/p>\n<p>flacon de 300 ml<\/p>\n<p>Selon le savoir faire d\u2019un ma\u00eetre savonnier, Le Petit Marseillais a cr\u00e9\u00e9 de v\u00e9ritables savons liquides cuits au chaudron, \u00e0 partir d\u2019huiles v\u00e9g\u00e9tales d\u2019origine naturelle.<\/p>\n","protected":false},"excerpt":{"rendered":"<p>Savon Liquide Lavande Le Petit Marseillais<\/p>\n<p>flacon de 300 ml<\/p>\n","protected":false},"featured_media":13906,"comment_status":"open","ping_status":"closed","template":"","meta":[],"pwb-brand":[725],"product_brand":[],"product_cat":[994],"product_tag":[1387,1620],"class_list":{"0":"post-9303","1":"product","2":"type-product","3":"status-publish","4":"has-post-thumbnail","6":"pwb-brand-le-petit-marseillais-fr","7":"product_cat-savon","8":"product_tag-petit-marseillais-fr","9":"product_tag-savon","10":"product_shipping_class-expedition-dans-le-monde-entier","12":"first","13":"outofstock","14":"taxable","15":"shipping-taxable","16":"purchasable","17":"product-type-simple"},"brands":[{"id":725,"name":"Le Petit Marseillais","slug":"le-petit-marseillais-fr"}],"_links":{"self":[{"href":"https:\/\/my-french-grocery.com\/fr\/wp-json\/wp\/v2\/product\/9303","targetHints":{"allow":["GET"]}}],"collection":[{"href":"https:\/\/my-french-grocery.com\/fr\/wp-json\/wp\/v2\/product"}],"about":[{"href":"https:\/\/my-french-grocery.com\/fr\/wp-json\/wp\/v2\/types\/product"}],"replies":[{"embeddable":true,"href":"https:\/\/my-french-grocery.com\/fr\/wp-json\/wp\/v2\/comments?post=9303"}],"wp:featuredmedia":[{"embeddable":true,"href":"https:\/\/my-french-grocery.com\/fr\/wp-json\/wp\/v2\/media\/13906"}],"wp:attachment":[{"href":"https:\/\/my-french-grocery.com\/fr\/wp-json\/wp\/v2\/media?parent=9303"}],"wp:term":[{"taxonomy":"pwb-brand","embeddable":true,"href":"https:\/\/my-french-grocery.com\/fr\/wp-json\/wp\/v2\/pwb-brand?post=9303"},{"taxonomy":"product_brand","embeddable":true,"href":"https:\/\/my-french-grocery.com\/fr\/wp-json\/wp\/v2\/product_brand?post=9303"},{"taxonomy":"product_cat","embeddable":true,"href":"https:\/\/my-french-grocery.com\/fr\/wp-json\/wp\/v2\/product_cat?post=9303"},{"taxonomy":"product_tag","embeddable":true,"href":"https:\/\/my-french-grocery.com\/fr\/wp-json\/wp\/v2\/product_tag?post=9303"}],"curies":[{"name":"wp","href":"https:\/\/api.w.org\/{rel}","templated":true}]}}