{"id":9308,"date":"2019-08-30T15:50:16","date_gmt":"2019-08-30T13:50:16","guid":{"rendered":"https:\/\/my-french-grocery.com\/product\/savon-liquide-cuisinier-le-petit-marseillais\/"},"modified":"2019-08-30T15:50:16","modified_gmt":"2019-08-30T13:50:16","slug":"savon-liquide-cuisinier-le-petit-marseillais","status":"publish","type":"product","link":"https:\/\/my-french-grocery.com\/fr\/produit\/savon-liquide-cuisinier-le-petit-marseillais\/","title":{"rendered":"Savon Liquide Cuisinier Le Petit Marseillais"},"content":{"rendered":"<p>Savon Liquide Cuisinier Le Petit Marseillais<\/p>\n<p>flacon de 300 ml<\/p>\n<p>Ce v\u00e9ritable savon liquide du cuisinier \u00e0 l\u2019huile essentielle de citron agit contre les odeurs tenaces :<br \/>\nOdeurs iod\u00e9es : poissons, crustac\u00e9s.<br \/>\nOdeurs de graisse : viande, friture.<br \/>\nOdeurs de l\u00e9gumes : oignons, ail, \u00e9chalottes, poireaux.<br \/>\nLa texture et la couleur de ce savon fabriqu\u00e9 avec des huiles v\u00e9g\u00e9tales peuvent l\u00e9g\u00e8rement \u00e9voluer. Sans colorant ni graisse animale.<\/p>\n","protected":false},"excerpt":{"rendered":"<p>Savon Liquide Cuisinier Le Petit Marseillais<\/p>\n<p>flacon de 300 ml<\/p>\n","protected":false},"featured_media":39566,"comment_status":"open","ping_status":"closed","template":"","meta":[],"pwb-brand":[725],"product_brand":[],"product_cat":[994],"product_tag":[1387,1620],"class_list":{"0":"post-9308","1":"product","2":"type-product","3":"status-publish","4":"has-post-thumbnail","6":"pwb-brand-le-petit-marseillais-fr","7":"product_cat-savon","8":"product_tag-petit-marseillais-fr","9":"product_tag-savon","10":"product_shipping_class-expedition-dans-le-monde-entier","12":"first","13":"instock","14":"taxable","15":"shipping-taxable","16":"purchasable","17":"product-type-simple"},"brands":[{"id":725,"name":"Le Petit Marseillais","slug":"le-petit-marseillais-fr"}],"_links":{"self":[{"href":"https:\/\/my-french-grocery.com\/fr\/wp-json\/wp\/v2\/product\/9308","targetHints":{"allow":["GET"]}}],"collection":[{"href":"https:\/\/my-french-grocery.com\/fr\/wp-json\/wp\/v2\/product"}],"about":[{"href":"https:\/\/my-french-grocery.com\/fr\/wp-json\/wp\/v2\/types\/product"}],"replies":[{"embeddable":true,"href":"https:\/\/my-french-grocery.com\/fr\/wp-json\/wp\/v2\/comments?post=9308"}],"wp:featuredmedia":[{"embeddable":true,"href":"https:\/\/my-french-grocery.com\/fr\/wp-json\/wp\/v2\/media\/39566"}],"wp:attachment":[{"href":"https:\/\/my-french-grocery.com\/fr\/wp-json\/wp\/v2\/media?parent=9308"}],"wp:term":[{"taxonomy":"pwb-brand","embeddable":true,"href":"https:\/\/my-french-grocery.com\/fr\/wp-json\/wp\/v2\/pwb-brand?post=9308"},{"taxonomy":"product_brand","embeddable":true,"href":"https:\/\/my-french-grocery.com\/fr\/wp-json\/wp\/v2\/product_brand?post=9308"},{"taxonomy":"product_cat","embeddable":true,"href":"https:\/\/my-french-grocery.com\/fr\/wp-json\/wp\/v2\/product_cat?post=9308"},{"taxonomy":"product_tag","embeddable":true,"href":"https:\/\/my-french-grocery.com\/fr\/wp-json\/wp\/v2\/product_tag?post=9308"}],"curies":[{"name":"wp","href":"https:\/\/api.w.org\/{rel}","templated":true}]}}