{"id":9403,"date":"2019-09-07T18:01:25","date_gmt":"2019-09-07T16:01:25","guid":{"rendered":"https:\/\/my-french-grocery.com\/product\/poelee-parisienne-daucy\/"},"modified":"2019-09-07T18:01:25","modified_gmt":"2019-09-07T16:01:25","slug":"poelee-parisienne-daucy","status":"publish","type":"product","link":"https:\/\/my-french-grocery.com\/fr\/produit\/poelee-parisienne-daucy\/","title":{"rendered":"Po\u00eal\u00e9e Parisienne D&rsquo;Aucy"},"content":{"rendered":"<p>Po\u00eal\u00e9e Parisienne D&rsquo;Aucy<\/p>\n<p>boite de\u00a0290 g<\/p>\n<p>M\u00e9lange de pommes de terre, carottes, haricots verts, champignons et lardons cuisin\u00e9 \u00e0 la graisse de canard sous vide<\/p>\n<p dir=\"ltr\"><strong><em>C\u2019est meilleur quand on sait d\u2019o\u00f9 \u00e7a vient !<\/em><\/strong><\/p>\n<p dir=\"ltr\">L\u2019histoire de d\u2019aucy commence en Bretagne en 1965.<br \/>\nEn 1979, d\u2019aucy devient partie int\u00e9grante d\u2019une entreprise coop\u00e9rative.<\/p>\n<p dir=\"ltr\">Aujourd\u2019hui, et depuis pr\u00e8s de 50 ans maintenant, d\u2019aucy s\u2019emploie \u00e0 vous offrir le meilleur de ses l\u00e9gumes, qu\u2019ils soient en conserves, surgel\u00e9s ou dans nos plats pr\u00e9par\u00e9s.<\/p>\n<p dir=\"ltr\">C\u2019est toujours depuis le coeur de sa Bretagne natale que d\u2019aucy travaille chaque jour avec ses 1500 agriculteurs-adh\u00e9rents \u00e0 la production de vos l\u00e9gumes, car ceux-ci sont pour la majorit\u00e9 produits dans la r\u00e9gion et en France.<\/p>\n","protected":false},"excerpt":{"rendered":"<p>Po\u00eal\u00e9e Parisienne D&rsquo;Aucy<\/p>\n<p>boite de\u00a0290 g<\/p>\n<p>&nbsp;<\/p>\n","protected":false},"featured_media":9404,"comment_status":"open","ping_status":"closed","template":"","meta":[],"pwb-brand":[592],"product_brand":[],"product_cat":[1054],"product_tag":[1183],"class_list":{"0":"post-9403","1":"product","2":"type-product","3":"status-publish","4":"has-post-thumbnail","6":"pwb-brand-daucy-fr","7":"product_cat-legumes-en-conserve","8":"product_tag-daucy-fr","9":"product_shipping_class-expedition-dans-le-monde-entier","11":"first","12":"instock","13":"taxable","14":"shipping-taxable","15":"purchasable","16":"product-type-simple"},"yoast_head":"<!-- This site is optimized with the Yoast SEO plugin v27.3 - https:\/\/yoast.com\/product\/yoast-seo-wordpress\/ -->\n<title>Po\u00eal\u00e9e Parisienne D&#039;Aucy | Acheter En Ligne | My French Grocery<\/title>\n<meta name=\"robots\" content=\"index, follow, max-snippet:-1, max-image-preview:large, max-video-preview:-1\" \/>\n<link rel=\"canonical\" href=\"https:\/\/my-french-grocery.com\/fr\/produit\/poelee-parisienne-daucy\/\" \/>\n<meta property=\"og:locale\" content=\"fr_FR\" \/>\n<meta property=\"og:type\" content=\"article\" \/>\n<meta property=\"og:title\" content=\"Po\u00eal\u00e9e Parisienne D&#039;Aucy | Acheter En Ligne | My French Grocery\" \/>\n<meta property=\"og:description\" content=\"Po\u00eal\u00e9e Parisienne D&#039;Aucy  boite de\u00a0290 g  &nbsp;\" \/>\n<meta property=\"og:url\" content=\"https:\/\/my-french-grocery.com\/fr\/produit\/poelee-parisienne-daucy\/\" \/>\n<meta property=\"og:site_name\" content=\"My French Grocery\" \/>\n<meta property=\"article:publisher\" content=\"https:\/\/www.facebook.com\/myfrenchgrocery\/\" \/>\n<meta property=\"og:image\" content=\"https:\/\/my-french-grocery.com\/wp-content\/uploads\/2019\/09\/poel\u00e9e-parisenne.jpg\" \/>\n\t<meta property=\"og:image:width\" content=\"540\" \/>\n\t<meta property=\"og:image:height\" content=\"540\" \/>\n\t<meta property=\"og:image:type\" content=\"image\/jpeg\" \/>\n<meta name=\"twitter:card\" content=\"summary_large_image\" \/>\n<meta name=\"twitter:label1\" content=\"Dur\u00e9e de lecture estim\u00e9e\" \/>\n\t<meta name=\"twitter:data1\" content=\"1 minute\" \/>\n<script type=\"application\/ld+json\" class=\"yoast-schema-graph\">{\"@context\":\"https:\\\/\\\/schema.org\",\"@graph\":[{\"@type\":\"WebPage\",\"@id\":\"https:\\\/\\\/my-french-grocery.com\\\/fr\\\/produit\\\/poelee-parisienne-daucy\\\/\",\"url\":\"https:\\\/\\\/my-french-grocery.com\\\/fr\\\/produit\\\/poelee-parisienne-daucy\\\/\",\"name\":\"Po\u00eal\u00e9e Parisienne D'Aucy | Acheter En Ligne | My French Grocery\",\"isPartOf\":{\"@id\":\"https:\\\/\\\/my-french-grocery.com\\\/fr\\\/#website\"},\"primaryImageOfPage\":{\"@id\":\"https:\\\/\\\/my-french-grocery.com\\\/fr\\\/produit\\\/poelee-parisienne-daucy\\\/#primaryimage\"},\"image\":{\"@id\":\"https:\\\/\\\/my-french-grocery.com\\\/fr\\\/produit\\\/poelee-parisienne-daucy\\\/#primaryimage\"},\"thumbnailUrl\":\"https:\\\/\\\/my-french-grocery.com\\\/wp-content\\\/uploads\\\/2019\\\/09\\\/poel\u00e9e-parisenne.jpg\",\"datePublished\":\"2019-09-07T16:01:25+00:00\",\"breadcrumb\":{\"@id\":\"https:\\\/\\\/my-french-grocery.com\\\/fr\\\/produit\\\/poelee-parisienne-daucy\\\/#breadcrumb\"},\"inLanguage\":\"fr-FR\",\"potentialAction\":[{\"@type\":\"ReadAction\",\"target\":[\"https:\\\/\\\/my-french-grocery.com\\\/fr\\\/produit\\\/poelee-parisienne-daucy\\\/\"]}]},{\"@type\":\"ImageObject\",\"inLanguage\":\"fr-FR\",\"@id\":\"https:\\\/\\\/my-french-grocery.com\\\/fr\\\/produit\\\/poelee-parisienne-daucy\\\/#primaryimage\",\"url\":\"https:\\\/\\\/my-french-grocery.com\\\/wp-content\\\/uploads\\\/2019\\\/09\\\/poel\u00e9e-parisenne.jpg\",\"contentUrl\":\"https:\\\/\\\/my-french-grocery.com\\\/wp-content\\\/uploads\\\/2019\\\/09\\\/poel\u00e9e-parisenne.jpg\",\"width\":540,\"height\":540,\"caption\":\"Po\u00eal\u00e9e Parisienne D'Aucy - My French Grocery\"},{\"@type\":\"BreadcrumbList\",\"@id\":\"https:\\\/\\\/my-french-grocery.com\\\/fr\\\/produit\\\/poelee-parisienne-daucy\\\/#breadcrumb\",\"itemListElement\":[{\"@type\":\"ListItem\",\"position\":1,\"name\":\"Home\",\"item\":\"https:\\\/\\\/my-french-grocery.com\\\/fr\\\/\"},{\"@type\":\"ListItem\",\"position\":2,\"name\":\"Shop\",\"item\":\"https:\\\/\\\/my-french-grocery.com\\\/shop\\\/\"},{\"@type\":\"ListItem\",\"position\":3,\"name\":\"Alimentation\",\"item\":\"https:\\\/\\\/my-french-grocery.com\\\/fr\\\/categorie-produit\\\/alimentation\\\/\"},{\"@type\":\"ListItem\",\"position\":4,\"name\":\"Conserves &amp; Plats Pr\u00e9par\u00e9s\",\"item\":\"https:\\\/\\\/my-french-grocery.com\\\/fr\\\/categorie-produit\\\/alimentation\\\/conserves-plats-prepares\\\/\"},{\"@type\":\"ListItem\",\"position\":5,\"name\":\"L\u00e9gumes En Conserve\",\"item\":\"https:\\\/\\\/my-french-grocery.com\\\/fr\\\/categorie-produit\\\/alimentation\\\/conserves-plats-prepares\\\/legumes-en-conserve\\\/\"},{\"@type\":\"ListItem\",\"position\":6,\"name\":\"Po\u00eal\u00e9e Parisienne D&#8217;Aucy\"}]},{\"@type\":\"WebSite\",\"@id\":\"https:\\\/\\\/my-french-grocery.com\\\/fr\\\/#website\",\"url\":\"https:\\\/\\\/my-french-grocery.com\\\/fr\\\/\",\"name\":\"My French Grocery\",\"description\":\"Your Online French Grocery  !\",\"publisher\":{\"@id\":\"https:\\\/\\\/my-french-grocery.com\\\/fr\\\/#organization\"},\"potentialAction\":[{\"@type\":\"SearchAction\",\"target\":{\"@type\":\"EntryPoint\",\"urlTemplate\":\"https:\\\/\\\/my-french-grocery.com\\\/fr\\\/?s={search_term_string}\"},\"query-input\":{\"@type\":\"PropertyValueSpecification\",\"valueRequired\":true,\"valueName\":\"search_term_string\"}}],\"inLanguage\":\"fr-FR\"},{\"@type\":\"Organization\",\"@id\":\"https:\\\/\\\/my-french-grocery.com\\\/fr\\\/#organization\",\"name\":\"MY FRENCH GROCERY\",\"url\":\"https:\\\/\\\/my-french-grocery.com\\\/fr\\\/\",\"logo\":{\"@type\":\"ImageObject\",\"inLanguage\":\"fr-FR\",\"@id\":\"https:\\\/\\\/my-french-grocery.com\\\/fr\\\/#\\\/schema\\\/logo\\\/image\\\/\",\"url\":\"https:\\\/\\\/my-french-grocery.com\\\/wp-content\\\/uploads\\\/2021\\\/11\\\/My-French-Grocery-Online-French-Grocery.png\",\"contentUrl\":\"https:\\\/\\\/my-french-grocery.com\\\/wp-content\\\/uploads\\\/2021\\\/11\\\/My-French-Grocery-Online-French-Grocery.png\",\"width\":100,\"height\":100,\"caption\":\"MY FRENCH GROCERY\"},\"image\":{\"@id\":\"https:\\\/\\\/my-french-grocery.com\\\/fr\\\/#\\\/schema\\\/logo\\\/image\\\/\"},\"sameAs\":[\"https:\\\/\\\/www.facebook.com\\\/myfrenchgrocery\\\/\"]}]}<\/script>\n<!-- \/ Yoast SEO plugin. -->","yoast_head_json":{"title":"Po\u00eal\u00e9e Parisienne D'Aucy | Acheter En Ligne | My French Grocery","robots":{"index":"index","follow":"follow","max-snippet":"max-snippet:-1","max-image-preview":"max-image-preview:large","max-video-preview":"max-video-preview:-1"},"canonical":"https:\/\/my-french-grocery.com\/fr\/produit\/poelee-parisienne-daucy\/","og_locale":"fr_FR","og_type":"article","og_title":"Po\u00eal\u00e9e Parisienne D'Aucy | Acheter En Ligne | My French Grocery","og_description":"Po\u00eal\u00e9e Parisienne D'Aucy  boite de\u00a0290 g  &nbsp;","og_url":"https:\/\/my-french-grocery.com\/fr\/produit\/poelee-parisienne-daucy\/","og_site_name":"My French Grocery","article_publisher":"https:\/\/www.facebook.com\/myfrenchgrocery\/","og_image":[{"width":540,"height":540,"url":"https:\/\/my-french-grocery.com\/wp-content\/uploads\/2019\/09\/poel\u00e9e-parisenne.jpg","type":"image\/jpeg"}],"twitter_card":"summary_large_image","twitter_misc":{"Dur\u00e9e de lecture estim\u00e9e":"1 minute"},"schema":{"@context":"https:\/\/schema.org","@graph":[{"@type":"WebPage","@id":"https:\/\/my-french-grocery.com\/fr\/produit\/poelee-parisienne-daucy\/","url":"https:\/\/my-french-grocery.com\/fr\/produit\/poelee-parisienne-daucy\/","name":"Po\u00eal\u00e9e Parisienne D'Aucy | Acheter En Ligne | My French Grocery","isPartOf":{"@id":"https:\/\/my-french-grocery.com\/fr\/#website"},"primaryImageOfPage":{"@id":"https:\/\/my-french-grocery.com\/fr\/produit\/poelee-parisienne-daucy\/#primaryimage"},"image":{"@id":"https:\/\/my-french-grocery.com\/fr\/produit\/poelee-parisienne-daucy\/#primaryimage"},"thumbnailUrl":"https:\/\/my-french-grocery.com\/wp-content\/uploads\/2019\/09\/poel\u00e9e-parisenne.jpg","datePublished":"2019-09-07T16:01:25+00:00","breadcrumb":{"@id":"https:\/\/my-french-grocery.com\/fr\/produit\/poelee-parisienne-daucy\/#breadcrumb"},"inLanguage":"fr-FR","potentialAction":[{"@type":"ReadAction","target":["https:\/\/my-french-grocery.com\/fr\/produit\/poelee-parisienne-daucy\/"]}]},{"@type":"ImageObject","inLanguage":"fr-FR","@id":"https:\/\/my-french-grocery.com\/fr\/produit\/poelee-parisienne-daucy\/#primaryimage","url":"https:\/\/my-french-grocery.com\/wp-content\/uploads\/2019\/09\/poel\u00e9e-parisenne.jpg","contentUrl":"https:\/\/my-french-grocery.com\/wp-content\/uploads\/2019\/09\/poel\u00e9e-parisenne.jpg","width":540,"height":540,"caption":"Po\u00eal\u00e9e Parisienne D'Aucy - My French Grocery"},{"@type":"BreadcrumbList","@id":"https:\/\/my-french-grocery.com\/fr\/produit\/poelee-parisienne-daucy\/#breadcrumb","itemListElement":[{"@type":"ListItem","position":1,"name":"Home","item":"https:\/\/my-french-grocery.com\/fr\/"},{"@type":"ListItem","position":2,"name":"Shop","item":"https:\/\/my-french-grocery.com\/shop\/"},{"@type":"ListItem","position":3,"name":"Alimentation","item":"https:\/\/my-french-grocery.com\/fr\/categorie-produit\/alimentation\/"},{"@type":"ListItem","position":4,"name":"Conserves &amp; Plats Pr\u00e9par\u00e9s","item":"https:\/\/my-french-grocery.com\/fr\/categorie-produit\/alimentation\/conserves-plats-prepares\/"},{"@type":"ListItem","position":5,"name":"L\u00e9gumes En Conserve","item":"https:\/\/my-french-grocery.com\/fr\/categorie-produit\/alimentation\/conserves-plats-prepares\/legumes-en-conserve\/"},{"@type":"ListItem","position":6,"name":"Po\u00eal\u00e9e Parisienne D&#8217;Aucy"}]},{"@type":"WebSite","@id":"https:\/\/my-french-grocery.com\/fr\/#website","url":"https:\/\/my-french-grocery.com\/fr\/","name":"My French Grocery","description":"Your Online French Grocery  !","publisher":{"@id":"https:\/\/my-french-grocery.com\/fr\/#organization"},"potentialAction":[{"@type":"SearchAction","target":{"@type":"EntryPoint","urlTemplate":"https:\/\/my-french-grocery.com\/fr\/?s={search_term_string}"},"query-input":{"@type":"PropertyValueSpecification","valueRequired":true,"valueName":"search_term_string"}}],"inLanguage":"fr-FR"},{"@type":"Organization","@id":"https:\/\/my-french-grocery.com\/fr\/#organization","name":"MY FRENCH GROCERY","url":"https:\/\/my-french-grocery.com\/fr\/","logo":{"@type":"ImageObject","inLanguage":"fr-FR","@id":"https:\/\/my-french-grocery.com\/fr\/#\/schema\/logo\/image\/","url":"https:\/\/my-french-grocery.com\/wp-content\/uploads\/2021\/11\/My-French-Grocery-Online-French-Grocery.png","contentUrl":"https:\/\/my-french-grocery.com\/wp-content\/uploads\/2021\/11\/My-French-Grocery-Online-French-Grocery.png","width":100,"height":100,"caption":"MY FRENCH GROCERY"},"image":{"@id":"https:\/\/my-french-grocery.com\/fr\/#\/schema\/logo\/image\/"},"sameAs":["https:\/\/www.facebook.com\/myfrenchgrocery\/"]}]}},"brands":[{"id":592,"name":"D'Aucy","slug":"daucy-fr"}],"_links":{"self":[{"href":"https:\/\/my-french-grocery.com\/fr\/wp-json\/wp\/v2\/product\/9403","targetHints":{"allow":["GET"]}}],"collection":[{"href":"https:\/\/my-french-grocery.com\/fr\/wp-json\/wp\/v2\/product"}],"about":[{"href":"https:\/\/my-french-grocery.com\/fr\/wp-json\/wp\/v2\/types\/product"}],"replies":[{"embeddable":true,"href":"https:\/\/my-french-grocery.com\/fr\/wp-json\/wp\/v2\/comments?post=9403"}],"wp:featuredmedia":[{"embeddable":true,"href":"https:\/\/my-french-grocery.com\/fr\/wp-json\/wp\/v2\/media\/9404"}],"wp:attachment":[{"href":"https:\/\/my-french-grocery.com\/fr\/wp-json\/wp\/v2\/media?parent=9403"}],"wp:term":[{"taxonomy":"pwb-brand","embeddable":true,"href":"https:\/\/my-french-grocery.com\/fr\/wp-json\/wp\/v2\/pwb-brand?post=9403"},{"taxonomy":"product_brand","embeddable":true,"href":"https:\/\/my-french-grocery.com\/fr\/wp-json\/wp\/v2\/product_brand?post=9403"},{"taxonomy":"product_cat","embeddable":true,"href":"https:\/\/my-french-grocery.com\/fr\/wp-json\/wp\/v2\/product_cat?post=9403"},{"taxonomy":"product_tag","embeddable":true,"href":"https:\/\/my-french-grocery.com\/fr\/wp-json\/wp\/v2\/product_tag?post=9403"}],"curies":[{"name":"wp","href":"https:\/\/api.w.org\/{rel}","templated":true}]}}