{"id":9740,"date":"2020-06-20T12:57:29","date_gmt":"2020-06-20T10:57:29","guid":{"rendered":"https:\/\/my-french-grocery.com\/?post_type=product&#038;p=9740"},"modified":"2020-06-26T12:35:45","modified_gmt":"2020-06-26T10:35:45","slug":"gel-douche-lait-hydratant-le-petit-marseillais-copy","status":"publish","type":"product","link":"https:\/\/my-french-grocery.com\/fr\/produit\/gel-douche-lait-hydratant-le-petit-marseillais-copy\/","title":{"rendered":"Gel Douche Bois d&rsquo;Oranger Roger &#038; Gallet"},"content":{"rendered":"<p>Gel Douche Bois d\u2019Oranger Roger & Gallet<\/p>\n<p>Tube de 200 mL<\/p>\n<p>Un gel douche deux fois plus concentr\u00e9 en parfum qu\u2019un gel douche standard laissant votre peau d\u00e9licatement parfum\u00e9e. Une peau incroyablement soyeuse et velout\u00e9e, d\u00e9licieusement parfum\u00e9e aux notes bois\u00e9es de fleur d\u2019oranger.<\/p>\n","protected":false},"excerpt":{"rendered":"<p>Gel Douche Bois d&rsquo;Oranger Roger &amp; Gallet<\/p>\n<p>Tube de 200 mL<\/p>\n","protected":false},"featured_media":9743,"comment_status":"open","ping_status":"closed","template":"","meta":[],"pwb-brand":[1643],"product_brand":[],"product_cat":[993],"product_tag":[],"class_list":{"0":"post-9740","1":"product","2":"type-product","3":"status-publish","4":"has-post-thumbnail","6":"pwb-brand-roger-gallet-fr-2","7":"product_cat-gel-douche","8":"product_shipping_class-expedition-dans-le-monde-entier","10":"first","11":"outofstock","12":"taxable","13":"shipping-taxable","14":"purchasable","15":"product-type-simple"},"brands":[{"id":1643,"name":"Roger &amp; Gallet","slug":"roger-gallet-fr-2"}],"_links":{"self":[{"href":"https:\/\/my-french-grocery.com\/fr\/wp-json\/wp\/v2\/product\/9740","targetHints":{"allow":["GET"]}}],"collection":[{"href":"https:\/\/my-french-grocery.com\/fr\/wp-json\/wp\/v2\/product"}],"about":[{"href":"https:\/\/my-french-grocery.com\/fr\/wp-json\/wp\/v2\/types\/product"}],"replies":[{"embeddable":true,"href":"https:\/\/my-french-grocery.com\/fr\/wp-json\/wp\/v2\/comments?post=9740"}],"wp:featuredmedia":[{"embeddable":true,"href":"https:\/\/my-french-grocery.com\/fr\/wp-json\/wp\/v2\/media\/9743"}],"wp:attachment":[{"href":"https:\/\/my-french-grocery.com\/fr\/wp-json\/wp\/v2\/media?parent=9740"}],"wp:term":[{"taxonomy":"pwb-brand","embeddable":true,"href":"https:\/\/my-french-grocery.com\/fr\/wp-json\/wp\/v2\/pwb-brand?post=9740"},{"taxonomy":"product_brand","embeddable":true,"href":"https:\/\/my-french-grocery.com\/fr\/wp-json\/wp\/v2\/product_brand?post=9740"},{"taxonomy":"product_cat","embeddable":true,"href":"https:\/\/my-french-grocery.com\/fr\/wp-json\/wp\/v2\/product_cat?post=9740"},{"taxonomy":"product_tag","embeddable":true,"href":"https:\/\/my-french-grocery.com\/fr\/wp-json\/wp\/v2\/product_tag?post=9740"}],"curies":[{"name":"wp","href":"https:\/\/api.w.org\/{rel}","templated":true}]}}