{"id":9874,"date":"2020-06-21T18:23:11","date_gmt":"2020-06-21T16:23:12","guid":{"rendered":"https:\/\/my-french-grocery.com\/?post_type=product&#038;p=9874"},"modified":"2020-06-26T14:06:31","modified_gmt":"2020-06-26T12:06:31","slug":"ble-pre-cuit-en-sachet-cuisson-ebly-4-x-125g","status":"publish","type":"product","link":"https:\/\/my-french-grocery.com\/fr\/produit\/ble-pre-cuit-en-sachet-cuisson-ebly-4-x-125g\/","title":{"rendered":"Bl\u00e9 Pr\u00e9-cuit En Sachet Cuisson Ebly  &#8211; 4 X 125g"},"content":{"rendered":"<p>Bl\u00e9 Pr\u00e9-cuit En Sachet Cuisson Ebly &#8211; 4 X 125g<\/p>\n<p>4 X 125g \/ 500 g<\/p>\n<p>Le bl\u00e9 gourmand Ebly\u00ae cultiv\u00e9 en France pla\u00eet aux plus grands comme aux plus petits pour son bon go\u00fbt de c\u00e9r\u00e9ale et sa texture ferme et fondante. Gr\u00e2ce \u00e0 son sachet cuisson pratique, le bl\u00e9 est encore plus facile \u00e0 cuisiner ! Ce produit est id\u00e9al comme accompagnement ; pour r\u00e9aliser une salade ou un dessert.<\/p>\n<p>&nbsp;<\/p>\n","protected":false},"excerpt":{"rendered":"<p>Bl\u00e9 Pr\u00e9-cuit En Sachet Cuisson Ebly &#8211; 4 X 125g<\/p>\n<p>4 X 125g \/ 500 g<\/p>\n","protected":false},"featured_media":9877,"comment_status":"open","ping_status":"closed","template":"","meta":[],"pwb-brand":[1644],"product_brand":[],"product_cat":[1054,1044],"product_tag":[1645],"class_list":{"0":"post-9874","1":"product","2":"type-product","3":"status-publish","4":"has-post-thumbnail","6":"pwb-brand-ebly-fr","7":"product_cat-legumes-en-conserve","8":"product_cat-pates-riz","9":"product_tag-ble","10":"product_shipping_class-expedition-dans-le-monde-entier","12":"first","13":"instock","14":"taxable","15":"shipping-taxable","16":"purchasable","17":"product-type-simple"},"yoast_head":"<!-- This site is optimized with the Yoast SEO plugin v27.3 - https:\/\/yoast.com\/product\/yoast-seo-wordpress\/ -->\n<title>Bl\u00e9 Pr\u00e9-cuit En Sachet Cuisson Ebly - 4 X 125g | Acheter En Ligne | My French Grocery<\/title>\n<meta name=\"description\" content=\"Bl\u00e9 Pr\u00e9-cuit En Sachet Cuisson Ebly - 4 X 125g 4 X 125g \/ 500 g\" \/>\n<meta name=\"robots\" content=\"index, follow, max-snippet:-1, max-image-preview:large, max-video-preview:-1\" \/>\n<link rel=\"canonical\" href=\"https:\/\/my-french-grocery.com\/fr\/produit\/ble-pre-cuit-en-sachet-cuisson-ebly-4-x-125g\/\" \/>\n<meta property=\"og:locale\" content=\"fr_FR\" \/>\n<meta property=\"og:type\" content=\"article\" \/>\n<meta property=\"og:title\" content=\"Bl\u00e9 Pr\u00e9-cuit En Sachet Cuisson Ebly - 4 X 125g | Acheter En Ligne | My French Grocery\" \/>\n<meta property=\"og:description\" content=\"Bl\u00e9 Pr\u00e9-cuit En Sachet Cuisson Ebly - 4 X 125g 4 X 125g \/ 500 g\" \/>\n<meta property=\"og:url\" content=\"https:\/\/my-french-grocery.com\/fr\/produit\/ble-pre-cuit-en-sachet-cuisson-ebly-4-x-125g\/\" \/>\n<meta property=\"og:site_name\" content=\"My French Grocery\" \/>\n<meta property=\"article:publisher\" content=\"https:\/\/www.facebook.com\/myfrenchgrocery\/\" \/>\n<meta property=\"article:modified_time\" content=\"2020-06-26T12:06:31+00:00\" \/>\n<meta property=\"og:image\" content=\"https:\/\/my-french-grocery.com\/wp-content\/uploads\/2020\/06\/Ebly-4-X.jpg\" \/>\n\t<meta property=\"og:image:width\" content=\"350\" \/>\n\t<meta property=\"og:image:height\" content=\"350\" \/>\n\t<meta property=\"og:image:type\" content=\"image\/jpeg\" \/>\n<meta name=\"twitter:card\" content=\"summary_large_image\" \/>\n<script type=\"application\/ld+json\" class=\"yoast-schema-graph\">{\"@context\":\"https:\\\/\\\/schema.org\",\"@graph\":[{\"@type\":\"WebPage\",\"@id\":\"https:\\\/\\\/my-french-grocery.com\\\/fr\\\/produit\\\/ble-pre-cuit-en-sachet-cuisson-ebly-4-x-125g\\\/\",\"url\":\"https:\\\/\\\/my-french-grocery.com\\\/fr\\\/produit\\\/ble-pre-cuit-en-sachet-cuisson-ebly-4-x-125g\\\/\",\"name\":\"Bl\u00e9 Pr\u00e9-cuit En Sachet Cuisson Ebly - 4 X 125g | Acheter En Ligne | My French Grocery\",\"isPartOf\":{\"@id\":\"https:\\\/\\\/my-french-grocery.com\\\/fr\\\/#website\"},\"primaryImageOfPage\":{\"@id\":\"https:\\\/\\\/my-french-grocery.com\\\/fr\\\/produit\\\/ble-pre-cuit-en-sachet-cuisson-ebly-4-x-125g\\\/#primaryimage\"},\"image\":{\"@id\":\"https:\\\/\\\/my-french-grocery.com\\\/fr\\\/produit\\\/ble-pre-cuit-en-sachet-cuisson-ebly-4-x-125g\\\/#primaryimage\"},\"thumbnailUrl\":\"https:\\\/\\\/my-french-grocery.com\\\/wp-content\\\/uploads\\\/2020\\\/06\\\/Ebly-4-X.jpg\",\"datePublished\":\"2020-06-21T16:23:12+00:00\",\"dateModified\":\"2020-06-26T12:06:31+00:00\",\"description\":\"Bl\u00e9 Pr\u00e9-cuit En Sachet Cuisson Ebly - 4 X 125g 4 X 125g \\\/ 500 g\",\"breadcrumb\":{\"@id\":\"https:\\\/\\\/my-french-grocery.com\\\/fr\\\/produit\\\/ble-pre-cuit-en-sachet-cuisson-ebly-4-x-125g\\\/#breadcrumb\"},\"inLanguage\":\"fr-FR\",\"potentialAction\":[{\"@type\":\"ReadAction\",\"target\":[\"https:\\\/\\\/my-french-grocery.com\\\/fr\\\/produit\\\/ble-pre-cuit-en-sachet-cuisson-ebly-4-x-125g\\\/\"]}]},{\"@type\":\"ImageObject\",\"inLanguage\":\"fr-FR\",\"@id\":\"https:\\\/\\\/my-french-grocery.com\\\/fr\\\/produit\\\/ble-pre-cuit-en-sachet-cuisson-ebly-4-x-125g\\\/#primaryimage\",\"url\":\"https:\\\/\\\/my-french-grocery.com\\\/wp-content\\\/uploads\\\/2020\\\/06\\\/Ebly-4-X.jpg\",\"contentUrl\":\"https:\\\/\\\/my-french-grocery.com\\\/wp-content\\\/uploads\\\/2020\\\/06\\\/Ebly-4-X.jpg\",\"width\":350,\"height\":350,\"caption\":\"Bl\u00e9 Pr\u00e9-cuit En Sachet Cuisson Ebly - 4 X 125g\"},{\"@type\":\"BreadcrumbList\",\"@id\":\"https:\\\/\\\/my-french-grocery.com\\\/fr\\\/produit\\\/ble-pre-cuit-en-sachet-cuisson-ebly-4-x-125g\\\/#breadcrumb\",\"itemListElement\":[{\"@type\":\"ListItem\",\"position\":1,\"name\":\"Home\",\"item\":\"https:\\\/\\\/my-french-grocery.com\\\/fr\\\/\"},{\"@type\":\"ListItem\",\"position\":2,\"name\":\"Shop\",\"item\":\"https:\\\/\\\/my-french-grocery.com\\\/shop\\\/\"},{\"@type\":\"ListItem\",\"position\":3,\"name\":\"Alimentation\",\"item\":\"https:\\\/\\\/my-french-grocery.com\\\/fr\\\/categorie-produit\\\/alimentation\\\/\"},{\"@type\":\"ListItem\",\"position\":4,\"name\":\"Conserves &amp; Plats Pr\u00e9par\u00e9s\",\"item\":\"https:\\\/\\\/my-french-grocery.com\\\/fr\\\/categorie-produit\\\/alimentation\\\/conserves-plats-prepares\\\/\"},{\"@type\":\"ListItem\",\"position\":5,\"name\":\"L\u00e9gumes En Conserve\",\"item\":\"https:\\\/\\\/my-french-grocery.com\\\/fr\\\/categorie-produit\\\/alimentation\\\/conserves-plats-prepares\\\/legumes-en-conserve\\\/\"},{\"@type\":\"ListItem\",\"position\":6,\"name\":\"Bl\u00e9 Pr\u00e9-cuit En Sachet Cuisson Ebly &#8211; 4 X 125g\"}]},{\"@type\":\"WebSite\",\"@id\":\"https:\\\/\\\/my-french-grocery.com\\\/fr\\\/#website\",\"url\":\"https:\\\/\\\/my-french-grocery.com\\\/fr\\\/\",\"name\":\"My French Grocery\",\"description\":\"Your Online French Grocery  !\",\"publisher\":{\"@id\":\"https:\\\/\\\/my-french-grocery.com\\\/fr\\\/#organization\"},\"potentialAction\":[{\"@type\":\"SearchAction\",\"target\":{\"@type\":\"EntryPoint\",\"urlTemplate\":\"https:\\\/\\\/my-french-grocery.com\\\/fr\\\/?s={search_term_string}\"},\"query-input\":{\"@type\":\"PropertyValueSpecification\",\"valueRequired\":true,\"valueName\":\"search_term_string\"}}],\"inLanguage\":\"fr-FR\"},{\"@type\":\"Organization\",\"@id\":\"https:\\\/\\\/my-french-grocery.com\\\/fr\\\/#organization\",\"name\":\"MY FRENCH GROCERY\",\"url\":\"https:\\\/\\\/my-french-grocery.com\\\/fr\\\/\",\"logo\":{\"@type\":\"ImageObject\",\"inLanguage\":\"fr-FR\",\"@id\":\"https:\\\/\\\/my-french-grocery.com\\\/fr\\\/#\\\/schema\\\/logo\\\/image\\\/\",\"url\":\"https:\\\/\\\/my-french-grocery.com\\\/wp-content\\\/uploads\\\/2021\\\/11\\\/My-French-Grocery-Online-French-Grocery.png\",\"contentUrl\":\"https:\\\/\\\/my-french-grocery.com\\\/wp-content\\\/uploads\\\/2021\\\/11\\\/My-French-Grocery-Online-French-Grocery.png\",\"width\":100,\"height\":100,\"caption\":\"MY FRENCH GROCERY\"},\"image\":{\"@id\":\"https:\\\/\\\/my-french-grocery.com\\\/fr\\\/#\\\/schema\\\/logo\\\/image\\\/\"},\"sameAs\":[\"https:\\\/\\\/www.facebook.com\\\/myfrenchgrocery\\\/\"]}]}<\/script>\n<!-- \/ Yoast SEO plugin. -->","yoast_head_json":{"title":"Bl\u00e9 Pr\u00e9-cuit En Sachet Cuisson Ebly - 4 X 125g | Acheter En Ligne | My French Grocery","description":"Bl\u00e9 Pr\u00e9-cuit En Sachet Cuisson Ebly - 4 X 125g 4 X 125g \/ 500 g","robots":{"index":"index","follow":"follow","max-snippet":"max-snippet:-1","max-image-preview":"max-image-preview:large","max-video-preview":"max-video-preview:-1"},"canonical":"https:\/\/my-french-grocery.com\/fr\/produit\/ble-pre-cuit-en-sachet-cuisson-ebly-4-x-125g\/","og_locale":"fr_FR","og_type":"article","og_title":"Bl\u00e9 Pr\u00e9-cuit En Sachet Cuisson Ebly - 4 X 125g | Acheter En Ligne | My French Grocery","og_description":"Bl\u00e9 Pr\u00e9-cuit En Sachet Cuisson Ebly - 4 X 125g 4 X 125g \/ 500 g","og_url":"https:\/\/my-french-grocery.com\/fr\/produit\/ble-pre-cuit-en-sachet-cuisson-ebly-4-x-125g\/","og_site_name":"My French Grocery","article_publisher":"https:\/\/www.facebook.com\/myfrenchgrocery\/","article_modified_time":"2020-06-26T12:06:31+00:00","og_image":[{"width":350,"height":350,"url":"https:\/\/my-french-grocery.com\/wp-content\/uploads\/2020\/06\/Ebly-4-X.jpg","type":"image\/jpeg"}],"twitter_card":"summary_large_image","schema":{"@context":"https:\/\/schema.org","@graph":[{"@type":"WebPage","@id":"https:\/\/my-french-grocery.com\/fr\/produit\/ble-pre-cuit-en-sachet-cuisson-ebly-4-x-125g\/","url":"https:\/\/my-french-grocery.com\/fr\/produit\/ble-pre-cuit-en-sachet-cuisson-ebly-4-x-125g\/","name":"Bl\u00e9 Pr\u00e9-cuit En Sachet Cuisson Ebly - 4 X 125g | Acheter En Ligne | My French Grocery","isPartOf":{"@id":"https:\/\/my-french-grocery.com\/fr\/#website"},"primaryImageOfPage":{"@id":"https:\/\/my-french-grocery.com\/fr\/produit\/ble-pre-cuit-en-sachet-cuisson-ebly-4-x-125g\/#primaryimage"},"image":{"@id":"https:\/\/my-french-grocery.com\/fr\/produit\/ble-pre-cuit-en-sachet-cuisson-ebly-4-x-125g\/#primaryimage"},"thumbnailUrl":"https:\/\/my-french-grocery.com\/wp-content\/uploads\/2020\/06\/Ebly-4-X.jpg","datePublished":"2020-06-21T16:23:12+00:00","dateModified":"2020-06-26T12:06:31+00:00","description":"Bl\u00e9 Pr\u00e9-cuit En Sachet Cuisson Ebly - 4 X 125g 4 X 125g \/ 500 g","breadcrumb":{"@id":"https:\/\/my-french-grocery.com\/fr\/produit\/ble-pre-cuit-en-sachet-cuisson-ebly-4-x-125g\/#breadcrumb"},"inLanguage":"fr-FR","potentialAction":[{"@type":"ReadAction","target":["https:\/\/my-french-grocery.com\/fr\/produit\/ble-pre-cuit-en-sachet-cuisson-ebly-4-x-125g\/"]}]},{"@type":"ImageObject","inLanguage":"fr-FR","@id":"https:\/\/my-french-grocery.com\/fr\/produit\/ble-pre-cuit-en-sachet-cuisson-ebly-4-x-125g\/#primaryimage","url":"https:\/\/my-french-grocery.com\/wp-content\/uploads\/2020\/06\/Ebly-4-X.jpg","contentUrl":"https:\/\/my-french-grocery.com\/wp-content\/uploads\/2020\/06\/Ebly-4-X.jpg","width":350,"height":350,"caption":"Bl\u00e9 Pr\u00e9-cuit En Sachet Cuisson Ebly - 4 X 125g"},{"@type":"BreadcrumbList","@id":"https:\/\/my-french-grocery.com\/fr\/produit\/ble-pre-cuit-en-sachet-cuisson-ebly-4-x-125g\/#breadcrumb","itemListElement":[{"@type":"ListItem","position":1,"name":"Home","item":"https:\/\/my-french-grocery.com\/fr\/"},{"@type":"ListItem","position":2,"name":"Shop","item":"https:\/\/my-french-grocery.com\/shop\/"},{"@type":"ListItem","position":3,"name":"Alimentation","item":"https:\/\/my-french-grocery.com\/fr\/categorie-produit\/alimentation\/"},{"@type":"ListItem","position":4,"name":"Conserves &amp; Plats Pr\u00e9par\u00e9s","item":"https:\/\/my-french-grocery.com\/fr\/categorie-produit\/alimentation\/conserves-plats-prepares\/"},{"@type":"ListItem","position":5,"name":"L\u00e9gumes En Conserve","item":"https:\/\/my-french-grocery.com\/fr\/categorie-produit\/alimentation\/conserves-plats-prepares\/legumes-en-conserve\/"},{"@type":"ListItem","position":6,"name":"Bl\u00e9 Pr\u00e9-cuit En Sachet Cuisson Ebly &#8211; 4 X 125g"}]},{"@type":"WebSite","@id":"https:\/\/my-french-grocery.com\/fr\/#website","url":"https:\/\/my-french-grocery.com\/fr\/","name":"My French Grocery","description":"Your Online French Grocery  !","publisher":{"@id":"https:\/\/my-french-grocery.com\/fr\/#organization"},"potentialAction":[{"@type":"SearchAction","target":{"@type":"EntryPoint","urlTemplate":"https:\/\/my-french-grocery.com\/fr\/?s={search_term_string}"},"query-input":{"@type":"PropertyValueSpecification","valueRequired":true,"valueName":"search_term_string"}}],"inLanguage":"fr-FR"},{"@type":"Organization","@id":"https:\/\/my-french-grocery.com\/fr\/#organization","name":"MY FRENCH GROCERY","url":"https:\/\/my-french-grocery.com\/fr\/","logo":{"@type":"ImageObject","inLanguage":"fr-FR","@id":"https:\/\/my-french-grocery.com\/fr\/#\/schema\/logo\/image\/","url":"https:\/\/my-french-grocery.com\/wp-content\/uploads\/2021\/11\/My-French-Grocery-Online-French-Grocery.png","contentUrl":"https:\/\/my-french-grocery.com\/wp-content\/uploads\/2021\/11\/My-French-Grocery-Online-French-Grocery.png","width":100,"height":100,"caption":"MY FRENCH GROCERY"},"image":{"@id":"https:\/\/my-french-grocery.com\/fr\/#\/schema\/logo\/image\/"},"sameAs":["https:\/\/www.facebook.com\/myfrenchgrocery\/"]}]}},"brands":[{"id":1644,"name":"Ebly","slug":"ebly-fr"}],"_links":{"self":[{"href":"https:\/\/my-french-grocery.com\/fr\/wp-json\/wp\/v2\/product\/9874","targetHints":{"allow":["GET"]}}],"collection":[{"href":"https:\/\/my-french-grocery.com\/fr\/wp-json\/wp\/v2\/product"}],"about":[{"href":"https:\/\/my-french-grocery.com\/fr\/wp-json\/wp\/v2\/types\/product"}],"replies":[{"embeddable":true,"href":"https:\/\/my-french-grocery.com\/fr\/wp-json\/wp\/v2\/comments?post=9874"}],"wp:featuredmedia":[{"embeddable":true,"href":"https:\/\/my-french-grocery.com\/fr\/wp-json\/wp\/v2\/media\/9877"}],"wp:attachment":[{"href":"https:\/\/my-french-grocery.com\/fr\/wp-json\/wp\/v2\/media?parent=9874"}],"wp:term":[{"taxonomy":"pwb-brand","embeddable":true,"href":"https:\/\/my-french-grocery.com\/fr\/wp-json\/wp\/v2\/pwb-brand?post=9874"},{"taxonomy":"product_brand","embeddable":true,"href":"https:\/\/my-french-grocery.com\/fr\/wp-json\/wp\/v2\/product_brand?post=9874"},{"taxonomy":"product_cat","embeddable":true,"href":"https:\/\/my-french-grocery.com\/fr\/wp-json\/wp\/v2\/product_cat?post=9874"},{"taxonomy":"product_tag","embeddable":true,"href":"https:\/\/my-french-grocery.com\/fr\/wp-json\/wp\/v2\/product_tag?post=9874"}],"curies":[{"name":"wp","href":"https:\/\/api.w.org\/{rel}","templated":true}]}}