{"id":29721,"date":"2018-05-10T14:33:13","date_gmt":"2018-05-10T12:33:13","guid":{"rendered":"https:\/\/my-french-grocery.com\/product\/spumante-brut-cafe-de-paris\/"},"modified":"2024-11-04T16:13:10","modified_gmt":"2024-11-04T14:13:10","slug":"spumante-brut-cafe-de-paris","status":"publish","type":"product","link":"https:\/\/my-french-grocery.com\/it\/prodotto\/spumante-brut-cafe-de-paris\/","title":{"rendered":"Spumante Brut Caf\u00e9 de Paris"},"content":{"rendered":"<p>Spumante Brut Caf\u00e9 de Paris<\/p>\n<p>bottiglia da 75 cl<\/p>\n<p>Testimonianza del know-how enologico francese, Caf\u00e9 de Paris \u00e8 uno spumante di qualit\u00e0 prodotto a Saint-Andr\u00e9 de Cubzac, nella regione di Bordeaux.<\/p>\n","protected":false},"excerpt":{"rendered":"<p>Spumante Brut Caf\u00e9 de Paris<\/p>\n<p>bottiglia da 75 cl<\/p>\n","protected":false},"featured_media":33803,"comment_status":"open","ping_status":"closed","template":"","meta":[],"pwb-brand":[],"product_brand":[],"product_cat":[2845],"product_tag":[],"class_list":{"0":"post-29721","1":"product","2":"type-product","3":"status-publish","4":"has-post-thumbnail","6":"product_cat-spumanti","7":"product_shipping_class-mondo-spedizioni","9":"first","10":"instock","11":"taxable","12":"shipping-taxable","13":"purchasable","14":"product-type-simple"},"yoast_head":"<!-- This site is optimized with the Yoast SEO plugin v27.3 - https:\/\/yoast.com\/product\/yoast-seo-wordpress\/ -->\n<title>Spumante Brut Caf\u00e9 de Paris | Acquisti Online | My French Grocery<\/title>\n<meta name=\"description\" content=\"Spumante Brut Caf\u00e9 de Paris - bottiglia da 75 cl - Testimonianza del know-how enologico francese, Caf\u00e9 de Paris \u00e8 uno spumante di qualit\u00e0 prodotto a Saint-Andr\u00e9 de Cubzac\" \/>\n<meta name=\"robots\" content=\"index, follow, max-snippet:-1, max-image-preview:large, max-video-preview:-1\" \/>\n<link rel=\"canonical\" href=\"https:\/\/my-french-grocery.com\/it\/prodotto\/spumante-brut-cafe-de-paris\/\" \/>\n<meta property=\"og:locale\" content=\"it_IT\" \/>\n<meta property=\"og:type\" content=\"article\" \/>\n<meta property=\"og:title\" content=\"Spumante Brut Caf\u00e9 de Paris | Acquisti Online | My French Grocery\" \/>\n<meta property=\"og:description\" content=\"Spumante Brut Caf\u00e9 de Paris - bottiglia da 75 cl - Testimonianza del know-how enologico francese, Caf\u00e9 de Paris \u00e8 uno spumante di qualit\u00e0 prodotto a Saint-Andr\u00e9 de Cubzac\" \/>\n<meta property=\"og:url\" content=\"https:\/\/my-french-grocery.com\/it\/prodotto\/spumante-brut-cafe-de-paris\/\" \/>\n<meta property=\"og:site_name\" content=\"My French Grocery\" \/>\n<meta property=\"article:publisher\" content=\"https:\/\/www.facebook.com\/myfrenchgrocery\/\" \/>\n<meta property=\"article:modified_time\" content=\"2024-11-04T14:13:10+00:00\" \/>\n<meta property=\"og:image\" content=\"https:\/\/my-french-grocery.com\/wp-content\/uploads\/2018\/05\/caf\u00e9-de-paris-brut.jpg\" \/>\n\t<meta property=\"og:image:width\" content=\"1500\" \/>\n\t<meta property=\"og:image:height\" content=\"1500\" \/>\n\t<meta property=\"og:image:type\" content=\"image\/jpeg\" \/>\n<meta name=\"twitter:card\" content=\"summary_large_image\" \/>\n<script type=\"application\/ld+json\" class=\"yoast-schema-graph\">{\"@context\":\"https:\\\/\\\/schema.org\",\"@graph\":[{\"@type\":\"WebPage\",\"@id\":\"https:\\\/\\\/my-french-grocery.com\\\/it\\\/prodotto\\\/spumante-brut-cafe-de-paris\\\/\",\"url\":\"https:\\\/\\\/my-french-grocery.com\\\/it\\\/prodotto\\\/spumante-brut-cafe-de-paris\\\/\",\"name\":\"Spumante Brut Caf\u00e9 de Paris | Acquisti Online | My French Grocery\",\"isPartOf\":{\"@id\":\"https:\\\/\\\/my-french-grocery.com\\\/it\\\/#website\"},\"primaryImageOfPage\":{\"@id\":\"https:\\\/\\\/my-french-grocery.com\\\/it\\\/prodotto\\\/spumante-brut-cafe-de-paris\\\/#primaryimage\"},\"image\":{\"@id\":\"https:\\\/\\\/my-french-grocery.com\\\/it\\\/prodotto\\\/spumante-brut-cafe-de-paris\\\/#primaryimage\"},\"thumbnailUrl\":\"https:\\\/\\\/my-french-grocery.com\\\/wp-content\\\/uploads\\\/2018\\\/05\\\/cafe-de-paris-brut-blanc-de-blancs.png\",\"datePublished\":\"2018-05-10T12:33:13+00:00\",\"dateModified\":\"2024-11-04T14:13:10+00:00\",\"description\":\"Spumante Brut Caf\u00e9 de Paris - bottiglia da 75 cl - Testimonianza del know-how enologico francese, Caf\u00e9 de Paris \u00e8 uno spumante di qualit\u00e0 prodotto a Saint-Andr\u00e9 de Cubzac\",\"breadcrumb\":{\"@id\":\"https:\\\/\\\/my-french-grocery.com\\\/it\\\/prodotto\\\/spumante-brut-cafe-de-paris\\\/#breadcrumb\"},\"inLanguage\":\"it-IT\",\"potentialAction\":[{\"@type\":\"ReadAction\",\"target\":[\"https:\\\/\\\/my-french-grocery.com\\\/it\\\/prodotto\\\/spumante-brut-cafe-de-paris\\\/\"]}]},{\"@type\":\"ImageObject\",\"inLanguage\":\"it-IT\",\"@id\":\"https:\\\/\\\/my-french-grocery.com\\\/it\\\/prodotto\\\/spumante-brut-cafe-de-paris\\\/#primaryimage\",\"url\":\"https:\\\/\\\/my-french-grocery.com\\\/wp-content\\\/uploads\\\/2018\\\/05\\\/cafe-de-paris-brut-blanc-de-blancs.png\",\"contentUrl\":\"https:\\\/\\\/my-french-grocery.com\\\/wp-content\\\/uploads\\\/2018\\\/05\\\/cafe-de-paris-brut-blanc-de-blancs.png\",\"width\":800,\"height\":1000},{\"@type\":\"BreadcrumbList\",\"@id\":\"https:\\\/\\\/my-french-grocery.com\\\/it\\\/prodotto\\\/spumante-brut-cafe-de-paris\\\/#breadcrumb\",\"itemListElement\":[{\"@type\":\"ListItem\",\"position\":1,\"name\":\"Home\",\"item\":\"https:\\\/\\\/my-french-grocery.com\\\/it\\\/negozio\\\/\"},{\"@type\":\"ListItem\",\"position\":2,\"name\":\"Shop\",\"item\":\"https:\\\/\\\/my-french-grocery.com\\\/shop\\\/\"},{\"@type\":\"ListItem\",\"position\":3,\"name\":\"Spumanti\",\"item\":\"https:\\\/\\\/my-french-grocery.com\\\/it\\\/categoria-prodotto\\\/spumanti\\\/\"},{\"@type\":\"ListItem\",\"position\":4,\"name\":\"Spumante Brut Caf\u00e9 de Paris\"}]},{\"@type\":\"WebSite\",\"@id\":\"https:\\\/\\\/my-french-grocery.com\\\/it\\\/#website\",\"url\":\"https:\\\/\\\/my-french-grocery.com\\\/it\\\/\",\"name\":\"My French Grocery\",\"description\":\"Your Online French Grocery  !\",\"publisher\":{\"@id\":\"https:\\\/\\\/my-french-grocery.com\\\/it\\\/#organization\"},\"potentialAction\":[{\"@type\":\"SearchAction\",\"target\":{\"@type\":\"EntryPoint\",\"urlTemplate\":\"https:\\\/\\\/my-french-grocery.com\\\/it\\\/?s={search_term_string}\"},\"query-input\":{\"@type\":\"PropertyValueSpecification\",\"valueRequired\":true,\"valueName\":\"search_term_string\"}}],\"inLanguage\":\"it-IT\"},{\"@type\":\"Organization\",\"@id\":\"https:\\\/\\\/my-french-grocery.com\\\/it\\\/#organization\",\"name\":\"MY FRENCH GROCERY\",\"url\":\"https:\\\/\\\/my-french-grocery.com\\\/it\\\/\",\"logo\":{\"@type\":\"ImageObject\",\"inLanguage\":\"it-IT\",\"@id\":\"https:\\\/\\\/my-french-grocery.com\\\/it\\\/#\\\/schema\\\/logo\\\/image\\\/\",\"url\":\"https:\\\/\\\/my-french-grocery.com\\\/wp-content\\\/uploads\\\/2021\\\/11\\\/My-French-Grocery-Online-French-Grocery.png\",\"contentUrl\":\"https:\\\/\\\/my-french-grocery.com\\\/wp-content\\\/uploads\\\/2021\\\/11\\\/My-French-Grocery-Online-French-Grocery.png\",\"width\":100,\"height\":100,\"caption\":\"MY FRENCH GROCERY\"},\"image\":{\"@id\":\"https:\\\/\\\/my-french-grocery.com\\\/it\\\/#\\\/schema\\\/logo\\\/image\\\/\"},\"sameAs\":[\"https:\\\/\\\/www.facebook.com\\\/myfrenchgrocery\\\/\"]}]}<\/script>\n<!-- \/ Yoast SEO plugin. -->","yoast_head_json":{"title":"Spumante Brut Caf\u00e9 de Paris | Acquisti Online | My French Grocery","description":"Spumante Brut Caf\u00e9 de Paris - bottiglia da 75 cl - Testimonianza del know-how enologico francese, Caf\u00e9 de Paris \u00e8 uno spumante di qualit\u00e0 prodotto a Saint-Andr\u00e9 de Cubzac","robots":{"index":"index","follow":"follow","max-snippet":"max-snippet:-1","max-image-preview":"max-image-preview:large","max-video-preview":"max-video-preview:-1"},"canonical":"https:\/\/my-french-grocery.com\/it\/prodotto\/spumante-brut-cafe-de-paris\/","og_locale":"it_IT","og_type":"article","og_title":"Spumante Brut Caf\u00e9 de Paris | Acquisti Online | My French Grocery","og_description":"Spumante Brut Caf\u00e9 de Paris - bottiglia da 75 cl - Testimonianza del know-how enologico francese, Caf\u00e9 de Paris \u00e8 uno spumante di qualit\u00e0 prodotto a Saint-Andr\u00e9 de Cubzac","og_url":"https:\/\/my-french-grocery.com\/it\/prodotto\/spumante-brut-cafe-de-paris\/","og_site_name":"My French Grocery","article_publisher":"https:\/\/www.facebook.com\/myfrenchgrocery\/","article_modified_time":"2024-11-04T14:13:10+00:00","og_image":[{"width":1500,"height":1500,"url":"https:\/\/my-french-grocery.com\/wp-content\/uploads\/2018\/05\/caf\u00e9-de-paris-brut.jpg","type":"image\/jpeg"}],"twitter_card":"summary_large_image","schema":{"@context":"https:\/\/schema.org","@graph":[{"@type":"WebPage","@id":"https:\/\/my-french-grocery.com\/it\/prodotto\/spumante-brut-cafe-de-paris\/","url":"https:\/\/my-french-grocery.com\/it\/prodotto\/spumante-brut-cafe-de-paris\/","name":"Spumante Brut Caf\u00e9 de Paris | Acquisti Online | My French Grocery","isPartOf":{"@id":"https:\/\/my-french-grocery.com\/it\/#website"},"primaryImageOfPage":{"@id":"https:\/\/my-french-grocery.com\/it\/prodotto\/spumante-brut-cafe-de-paris\/#primaryimage"},"image":{"@id":"https:\/\/my-french-grocery.com\/it\/prodotto\/spumante-brut-cafe-de-paris\/#primaryimage"},"thumbnailUrl":"https:\/\/my-french-grocery.com\/wp-content\/uploads\/2018\/05\/cafe-de-paris-brut-blanc-de-blancs.png","datePublished":"2018-05-10T12:33:13+00:00","dateModified":"2024-11-04T14:13:10+00:00","description":"Spumante Brut Caf\u00e9 de Paris - bottiglia da 75 cl - Testimonianza del know-how enologico francese, Caf\u00e9 de Paris \u00e8 uno spumante di qualit\u00e0 prodotto a Saint-Andr\u00e9 de Cubzac","breadcrumb":{"@id":"https:\/\/my-french-grocery.com\/it\/prodotto\/spumante-brut-cafe-de-paris\/#breadcrumb"},"inLanguage":"it-IT","potentialAction":[{"@type":"ReadAction","target":["https:\/\/my-french-grocery.com\/it\/prodotto\/spumante-brut-cafe-de-paris\/"]}]},{"@type":"ImageObject","inLanguage":"it-IT","@id":"https:\/\/my-french-grocery.com\/it\/prodotto\/spumante-brut-cafe-de-paris\/#primaryimage","url":"https:\/\/my-french-grocery.com\/wp-content\/uploads\/2018\/05\/cafe-de-paris-brut-blanc-de-blancs.png","contentUrl":"https:\/\/my-french-grocery.com\/wp-content\/uploads\/2018\/05\/cafe-de-paris-brut-blanc-de-blancs.png","width":800,"height":1000},{"@type":"BreadcrumbList","@id":"https:\/\/my-french-grocery.com\/it\/prodotto\/spumante-brut-cafe-de-paris\/#breadcrumb","itemListElement":[{"@type":"ListItem","position":1,"name":"Home","item":"https:\/\/my-french-grocery.com\/it\/negozio\/"},{"@type":"ListItem","position":2,"name":"Shop","item":"https:\/\/my-french-grocery.com\/shop\/"},{"@type":"ListItem","position":3,"name":"Spumanti","item":"https:\/\/my-french-grocery.com\/it\/categoria-prodotto\/spumanti\/"},{"@type":"ListItem","position":4,"name":"Spumante Brut Caf\u00e9 de Paris"}]},{"@type":"WebSite","@id":"https:\/\/my-french-grocery.com\/it\/#website","url":"https:\/\/my-french-grocery.com\/it\/","name":"My French Grocery","description":"Your Online French Grocery  !","publisher":{"@id":"https:\/\/my-french-grocery.com\/it\/#organization"},"potentialAction":[{"@type":"SearchAction","target":{"@type":"EntryPoint","urlTemplate":"https:\/\/my-french-grocery.com\/it\/?s={search_term_string}"},"query-input":{"@type":"PropertyValueSpecification","valueRequired":true,"valueName":"search_term_string"}}],"inLanguage":"it-IT"},{"@type":"Organization","@id":"https:\/\/my-french-grocery.com\/it\/#organization","name":"MY FRENCH GROCERY","url":"https:\/\/my-french-grocery.com\/it\/","logo":{"@type":"ImageObject","inLanguage":"it-IT","@id":"https:\/\/my-french-grocery.com\/it\/#\/schema\/logo\/image\/","url":"https:\/\/my-french-grocery.com\/wp-content\/uploads\/2021\/11\/My-French-Grocery-Online-French-Grocery.png","contentUrl":"https:\/\/my-french-grocery.com\/wp-content\/uploads\/2021\/11\/My-French-Grocery-Online-French-Grocery.png","width":100,"height":100,"caption":"MY FRENCH GROCERY"},"image":{"@id":"https:\/\/my-french-grocery.com\/it\/#\/schema\/logo\/image\/"},"sameAs":["https:\/\/www.facebook.com\/myfrenchgrocery\/"]}]}},"brands":[],"_links":{"self":[{"href":"https:\/\/my-french-grocery.com\/it\/wp-json\/wp\/v2\/product\/29721","targetHints":{"allow":["GET"]}}],"collection":[{"href":"https:\/\/my-french-grocery.com\/it\/wp-json\/wp\/v2\/product"}],"about":[{"href":"https:\/\/my-french-grocery.com\/it\/wp-json\/wp\/v2\/types\/product"}],"replies":[{"embeddable":true,"href":"https:\/\/my-french-grocery.com\/it\/wp-json\/wp\/v2\/comments?post=29721"}],"wp:featuredmedia":[{"embeddable":true,"href":"https:\/\/my-french-grocery.com\/it\/wp-json\/wp\/v2\/media\/33803"}],"wp:attachment":[{"href":"https:\/\/my-french-grocery.com\/it\/wp-json\/wp\/v2\/media?parent=29721"}],"wp:term":[{"taxonomy":"pwb-brand","embeddable":true,"href":"https:\/\/my-french-grocery.com\/it\/wp-json\/wp\/v2\/pwb-brand?post=29721"},{"taxonomy":"product_brand","embeddable":true,"href":"https:\/\/my-french-grocery.com\/it\/wp-json\/wp\/v2\/product_brand?post=29721"},{"taxonomy":"product_cat","embeddable":true,"href":"https:\/\/my-french-grocery.com\/it\/wp-json\/wp\/v2\/product_cat?post=29721"},{"taxonomy":"product_tag","embeddable":true,"href":"https:\/\/my-french-grocery.com\/it\/wp-json\/wp\/v2\/product_tag?post=29721"}],"curies":[{"name":"wp","href":"https:\/\/api.w.org\/{rel}","templated":true}]}}