{"id":29724,"date":"2018-05-10T15:40:17","date_gmt":"2018-05-10T13:40:17","guid":{"rendered":"https:\/\/my-french-grocery.com\/product\/vino-bianco-frizzante-cremant-dalsace-brut-wolfberger\/"},"modified":"2024-10-15T20:58:54","modified_gmt":"2024-10-15T18:58:54","slug":"vino-bianco-frizzante-cremant-dalsace-brut-wolfberger","status":"publish","type":"product","link":"https:\/\/my-french-grocery.com\/it\/prodotto\/vino-bianco-frizzante-cremant-dalsace-brut-wolfberger\/","title":{"rendered":"Vino Bianco Frizzante Cr\u00e9mant d&#8217;Alsace Brut Wolfberger"},"content":{"rendered":"<p>Vino Bianco Frizzante Cr\u00e9mant d&#8217;Alsace Brut Wolfberger<\/p>\n<p>bottiglia da 75 cl<\/p>\n<p><span>Composto da una miscela di Pinot Bianco e Pinot Nero, Cr\u00e9mant d&#8217;Alsace Wolfberger Brut unisce freschezza, corpo e morbidezza.\u00a0<\/span><span>Con il suo colore giallo paglierino e brillante, le sue bollicine fini, il suo persistente cordone di spuma, rivela un naso dalle sfumature floreali.<\/span><\/p>\n","protected":false},"excerpt":{"rendered":"<p>Vino Bianco Frizzante Cr\u00e9mant d&#8217;Alsace Brut Wolfberger<\/p>\n<p>bottiglia da 75 cl<\/p>\n","protected":false},"featured_media":23453,"comment_status":"open","ping_status":"closed","template":"","meta":[],"pwb-brand":[],"product_brand":[],"product_cat":[2845],"product_tag":[],"class_list":{"0":"post-29724","1":"product","2":"type-product","3":"status-publish","4":"has-post-thumbnail","6":"product_cat-spumanti","7":"product_shipping_class-mondo-spedizioni","9":"first","10":"instock","11":"taxable","12":"shipping-taxable","13":"purchasable","14":"product-type-simple"},"yoast_head":"<!-- This site is optimized with the Yoast SEO plugin v27.3 - https:\/\/yoast.com\/product\/yoast-seo-wordpress\/ -->\n<title>Vino Bianco Frizzante Cr\u00e9mant d&#039;Alsace Brut Wolfberger | Acquisti Online | My French Grocery<\/title>\n<meta name=\"description\" content=\"Vino Bianco Frizzante Cr\u00e9mant d&#039;Alsace Brut Wolfberger - bottiglia da 75 cl - Composto da una miscela di Pinot Bianco e Pinot Nero, Cr\u00e9mant d&#039;Alsace Wolfberger Brut unisce freschezza, corpo e morbidezza.\" \/>\n<meta name=\"robots\" content=\"index, follow, max-snippet:-1, max-image-preview:large, max-video-preview:-1\" \/>\n<link rel=\"canonical\" href=\"https:\/\/my-french-grocery.com\/it\/prodotto\/vino-bianco-frizzante-cremant-dalsace-brut-wolfberger\/\" \/>\n<meta property=\"og:locale\" content=\"it_IT\" \/>\n<meta property=\"og:type\" content=\"article\" \/>\n<meta property=\"og:title\" content=\"Vino Bianco Frizzante Cr\u00e9mant d&#039;Alsace Brut Wolfberger | Acquisti Online | My French Grocery\" \/>\n<meta property=\"og:description\" content=\"Vino Bianco Frizzante Cr\u00e9mant d&#039;Alsace Brut Wolfberger - bottiglia da 75 cl - Composto da una miscela di Pinot Bianco e Pinot Nero, Cr\u00e9mant d&#039;Alsace Wolfberger Brut unisce freschezza, corpo e morbidezza.\" \/>\n<meta property=\"og:url\" content=\"https:\/\/my-french-grocery.com\/it\/prodotto\/vino-bianco-frizzante-cremant-dalsace-brut-wolfberger\/\" \/>\n<meta property=\"og:site_name\" content=\"My French Grocery\" \/>\n<meta property=\"article:publisher\" content=\"https:\/\/www.facebook.com\/myfrenchgrocery\/\" \/>\n<meta property=\"article:modified_time\" content=\"2024-10-15T18:58:54+00:00\" \/>\n<meta property=\"og:image\" content=\"https:\/\/my-french-grocery.com\/wp-content\/uploads\/2018\/05\/cremant-dalsace.jpg\" \/>\n\t<meta property=\"og:image:width\" content=\"1500\" \/>\n\t<meta property=\"og:image:height\" content=\"1500\" \/>\n\t<meta property=\"og:image:type\" content=\"image\/jpeg\" \/>\n<meta name=\"twitter:card\" content=\"summary_large_image\" \/>\n<script type=\"application\/ld+json\" class=\"yoast-schema-graph\">{\"@context\":\"https:\\\/\\\/schema.org\",\"@graph\":[{\"@type\":\"WebPage\",\"@id\":\"https:\\\/\\\/my-french-grocery.com\\\/it\\\/prodotto\\\/vino-bianco-frizzante-cremant-dalsace-brut-wolfberger\\\/\",\"url\":\"https:\\\/\\\/my-french-grocery.com\\\/it\\\/prodotto\\\/vino-bianco-frizzante-cremant-dalsace-brut-wolfberger\\\/\",\"name\":\"Vino Bianco Frizzante Cr\u00e9mant d'Alsace Brut Wolfberger | Acquisti Online | My French Grocery\",\"isPartOf\":{\"@id\":\"https:\\\/\\\/my-french-grocery.com\\\/it\\\/#website\"},\"primaryImageOfPage\":{\"@id\":\"https:\\\/\\\/my-french-grocery.com\\\/it\\\/prodotto\\\/vino-bianco-frizzante-cremant-dalsace-brut-wolfberger\\\/#primaryimage\"},\"image\":{\"@id\":\"https:\\\/\\\/my-french-grocery.com\\\/it\\\/prodotto\\\/vino-bianco-frizzante-cremant-dalsace-brut-wolfberger\\\/#primaryimage\"},\"thumbnailUrl\":\"https:\\\/\\\/my-french-grocery.com\\\/wp-content\\\/uploads\\\/2018\\\/05\\\/cremant-dalsace.jpg\",\"datePublished\":\"2018-05-10T13:40:17+00:00\",\"dateModified\":\"2024-10-15T18:58:54+00:00\",\"description\":\"Vino Bianco Frizzante Cr\u00e9mant d'Alsace Brut Wolfberger - bottiglia da 75 cl - Composto da una miscela di Pinot Bianco e Pinot Nero, Cr\u00e9mant d'Alsace Wolfberger Brut unisce freschezza, corpo e morbidezza.\",\"breadcrumb\":{\"@id\":\"https:\\\/\\\/my-french-grocery.com\\\/it\\\/prodotto\\\/vino-bianco-frizzante-cremant-dalsace-brut-wolfberger\\\/#breadcrumb\"},\"inLanguage\":\"it-IT\",\"potentialAction\":[{\"@type\":\"ReadAction\",\"target\":[\"https:\\\/\\\/my-french-grocery.com\\\/it\\\/prodotto\\\/vino-bianco-frizzante-cremant-dalsace-brut-wolfberger\\\/\"]}]},{\"@type\":\"ImageObject\",\"inLanguage\":\"it-IT\",\"@id\":\"https:\\\/\\\/my-french-grocery.com\\\/it\\\/prodotto\\\/vino-bianco-frizzante-cremant-dalsace-brut-wolfberger\\\/#primaryimage\",\"url\":\"https:\\\/\\\/my-french-grocery.com\\\/wp-content\\\/uploads\\\/2018\\\/05\\\/cremant-dalsace.jpg\",\"contentUrl\":\"https:\\\/\\\/my-french-grocery.com\\\/wp-content\\\/uploads\\\/2018\\\/05\\\/cremant-dalsace.jpg\",\"width\":1500,\"height\":1500,\"caption\":\"Vino Bianco Frizzante Cr\u00e9mant d'Alsace Brut Wolfberger - My french Grocery\"},{\"@type\":\"BreadcrumbList\",\"@id\":\"https:\\\/\\\/my-french-grocery.com\\\/it\\\/prodotto\\\/vino-bianco-frizzante-cremant-dalsace-brut-wolfberger\\\/#breadcrumb\",\"itemListElement\":[{\"@type\":\"ListItem\",\"position\":1,\"name\":\"Home\",\"item\":\"https:\\\/\\\/my-french-grocery.com\\\/it\\\/negozio\\\/\"},{\"@type\":\"ListItem\",\"position\":2,\"name\":\"Shop\",\"item\":\"https:\\\/\\\/my-french-grocery.com\\\/shop\\\/\"},{\"@type\":\"ListItem\",\"position\":3,\"name\":\"Spumanti\",\"item\":\"https:\\\/\\\/my-french-grocery.com\\\/it\\\/categoria-prodotto\\\/spumanti\\\/\"},{\"@type\":\"ListItem\",\"position\":4,\"name\":\"Vino Bianco Frizzante Cr\u00e9mant d&#8217;Alsace Brut Wolfberger\"}]},{\"@type\":\"WebSite\",\"@id\":\"https:\\\/\\\/my-french-grocery.com\\\/it\\\/#website\",\"url\":\"https:\\\/\\\/my-french-grocery.com\\\/it\\\/\",\"name\":\"My French Grocery\",\"description\":\"Your Online French Grocery  !\",\"publisher\":{\"@id\":\"https:\\\/\\\/my-french-grocery.com\\\/it\\\/#organization\"},\"potentialAction\":[{\"@type\":\"SearchAction\",\"target\":{\"@type\":\"EntryPoint\",\"urlTemplate\":\"https:\\\/\\\/my-french-grocery.com\\\/it\\\/?s={search_term_string}\"},\"query-input\":{\"@type\":\"PropertyValueSpecification\",\"valueRequired\":true,\"valueName\":\"search_term_string\"}}],\"inLanguage\":\"it-IT\"},{\"@type\":\"Organization\",\"@id\":\"https:\\\/\\\/my-french-grocery.com\\\/it\\\/#organization\",\"name\":\"MY FRENCH GROCERY\",\"url\":\"https:\\\/\\\/my-french-grocery.com\\\/it\\\/\",\"logo\":{\"@type\":\"ImageObject\",\"inLanguage\":\"it-IT\",\"@id\":\"https:\\\/\\\/my-french-grocery.com\\\/it\\\/#\\\/schema\\\/logo\\\/image\\\/\",\"url\":\"https:\\\/\\\/my-french-grocery.com\\\/wp-content\\\/uploads\\\/2021\\\/11\\\/My-French-Grocery-Online-French-Grocery.png\",\"contentUrl\":\"https:\\\/\\\/my-french-grocery.com\\\/wp-content\\\/uploads\\\/2021\\\/11\\\/My-French-Grocery-Online-French-Grocery.png\",\"width\":100,\"height\":100,\"caption\":\"MY FRENCH GROCERY\"},\"image\":{\"@id\":\"https:\\\/\\\/my-french-grocery.com\\\/it\\\/#\\\/schema\\\/logo\\\/image\\\/\"},\"sameAs\":[\"https:\\\/\\\/www.facebook.com\\\/myfrenchgrocery\\\/\"]}]}<\/script>\n<!-- \/ Yoast SEO plugin. -->","yoast_head_json":{"title":"Vino Bianco Frizzante Cr\u00e9mant d'Alsace Brut Wolfberger | Acquisti Online | My French Grocery","description":"Vino Bianco Frizzante Cr\u00e9mant d'Alsace Brut Wolfberger - bottiglia da 75 cl - Composto da una miscela di Pinot Bianco e Pinot Nero, Cr\u00e9mant d'Alsace Wolfberger Brut unisce freschezza, corpo e morbidezza.","robots":{"index":"index","follow":"follow","max-snippet":"max-snippet:-1","max-image-preview":"max-image-preview:large","max-video-preview":"max-video-preview:-1"},"canonical":"https:\/\/my-french-grocery.com\/it\/prodotto\/vino-bianco-frizzante-cremant-dalsace-brut-wolfberger\/","og_locale":"it_IT","og_type":"article","og_title":"Vino Bianco Frizzante Cr\u00e9mant d'Alsace Brut Wolfberger | Acquisti Online | My French Grocery","og_description":"Vino Bianco Frizzante Cr\u00e9mant d'Alsace Brut Wolfberger - bottiglia da 75 cl - Composto da una miscela di Pinot Bianco e Pinot Nero, Cr\u00e9mant d'Alsace Wolfberger Brut unisce freschezza, corpo e morbidezza.","og_url":"https:\/\/my-french-grocery.com\/it\/prodotto\/vino-bianco-frizzante-cremant-dalsace-brut-wolfberger\/","og_site_name":"My French Grocery","article_publisher":"https:\/\/www.facebook.com\/myfrenchgrocery\/","article_modified_time":"2024-10-15T18:58:54+00:00","og_image":[{"width":1500,"height":1500,"url":"https:\/\/my-french-grocery.com\/wp-content\/uploads\/2018\/05\/cremant-dalsace.jpg","type":"image\/jpeg"}],"twitter_card":"summary_large_image","schema":{"@context":"https:\/\/schema.org","@graph":[{"@type":"WebPage","@id":"https:\/\/my-french-grocery.com\/it\/prodotto\/vino-bianco-frizzante-cremant-dalsace-brut-wolfberger\/","url":"https:\/\/my-french-grocery.com\/it\/prodotto\/vino-bianco-frizzante-cremant-dalsace-brut-wolfberger\/","name":"Vino Bianco Frizzante Cr\u00e9mant d'Alsace Brut Wolfberger | Acquisti Online | My French Grocery","isPartOf":{"@id":"https:\/\/my-french-grocery.com\/it\/#website"},"primaryImageOfPage":{"@id":"https:\/\/my-french-grocery.com\/it\/prodotto\/vino-bianco-frizzante-cremant-dalsace-brut-wolfberger\/#primaryimage"},"image":{"@id":"https:\/\/my-french-grocery.com\/it\/prodotto\/vino-bianco-frizzante-cremant-dalsace-brut-wolfberger\/#primaryimage"},"thumbnailUrl":"https:\/\/my-french-grocery.com\/wp-content\/uploads\/2018\/05\/cremant-dalsace.jpg","datePublished":"2018-05-10T13:40:17+00:00","dateModified":"2024-10-15T18:58:54+00:00","description":"Vino Bianco Frizzante Cr\u00e9mant d'Alsace Brut Wolfberger - bottiglia da 75 cl - Composto da una miscela di Pinot Bianco e Pinot Nero, Cr\u00e9mant d'Alsace Wolfberger Brut unisce freschezza, corpo e morbidezza.","breadcrumb":{"@id":"https:\/\/my-french-grocery.com\/it\/prodotto\/vino-bianco-frizzante-cremant-dalsace-brut-wolfberger\/#breadcrumb"},"inLanguage":"it-IT","potentialAction":[{"@type":"ReadAction","target":["https:\/\/my-french-grocery.com\/it\/prodotto\/vino-bianco-frizzante-cremant-dalsace-brut-wolfberger\/"]}]},{"@type":"ImageObject","inLanguage":"it-IT","@id":"https:\/\/my-french-grocery.com\/it\/prodotto\/vino-bianco-frizzante-cremant-dalsace-brut-wolfberger\/#primaryimage","url":"https:\/\/my-french-grocery.com\/wp-content\/uploads\/2018\/05\/cremant-dalsace.jpg","contentUrl":"https:\/\/my-french-grocery.com\/wp-content\/uploads\/2018\/05\/cremant-dalsace.jpg","width":1500,"height":1500,"caption":"Vino Bianco Frizzante Cr\u00e9mant d'Alsace Brut Wolfberger - My french Grocery"},{"@type":"BreadcrumbList","@id":"https:\/\/my-french-grocery.com\/it\/prodotto\/vino-bianco-frizzante-cremant-dalsace-brut-wolfberger\/#breadcrumb","itemListElement":[{"@type":"ListItem","position":1,"name":"Home","item":"https:\/\/my-french-grocery.com\/it\/negozio\/"},{"@type":"ListItem","position":2,"name":"Shop","item":"https:\/\/my-french-grocery.com\/shop\/"},{"@type":"ListItem","position":3,"name":"Spumanti","item":"https:\/\/my-french-grocery.com\/it\/categoria-prodotto\/spumanti\/"},{"@type":"ListItem","position":4,"name":"Vino Bianco Frizzante Cr\u00e9mant d&#8217;Alsace Brut Wolfberger"}]},{"@type":"WebSite","@id":"https:\/\/my-french-grocery.com\/it\/#website","url":"https:\/\/my-french-grocery.com\/it\/","name":"My French Grocery","description":"Your Online French Grocery  !","publisher":{"@id":"https:\/\/my-french-grocery.com\/it\/#organization"},"potentialAction":[{"@type":"SearchAction","target":{"@type":"EntryPoint","urlTemplate":"https:\/\/my-french-grocery.com\/it\/?s={search_term_string}"},"query-input":{"@type":"PropertyValueSpecification","valueRequired":true,"valueName":"search_term_string"}}],"inLanguage":"it-IT"},{"@type":"Organization","@id":"https:\/\/my-french-grocery.com\/it\/#organization","name":"MY FRENCH GROCERY","url":"https:\/\/my-french-grocery.com\/it\/","logo":{"@type":"ImageObject","inLanguage":"it-IT","@id":"https:\/\/my-french-grocery.com\/it\/#\/schema\/logo\/image\/","url":"https:\/\/my-french-grocery.com\/wp-content\/uploads\/2021\/11\/My-French-Grocery-Online-French-Grocery.png","contentUrl":"https:\/\/my-french-grocery.com\/wp-content\/uploads\/2021\/11\/My-French-Grocery-Online-French-Grocery.png","width":100,"height":100,"caption":"MY FRENCH GROCERY"},"image":{"@id":"https:\/\/my-french-grocery.com\/it\/#\/schema\/logo\/image\/"},"sameAs":["https:\/\/www.facebook.com\/myfrenchgrocery\/"]}]}},"brands":[],"_links":{"self":[{"href":"https:\/\/my-french-grocery.com\/it\/wp-json\/wp\/v2\/product\/29724","targetHints":{"allow":["GET"]}}],"collection":[{"href":"https:\/\/my-french-grocery.com\/it\/wp-json\/wp\/v2\/product"}],"about":[{"href":"https:\/\/my-french-grocery.com\/it\/wp-json\/wp\/v2\/types\/product"}],"replies":[{"embeddable":true,"href":"https:\/\/my-french-grocery.com\/it\/wp-json\/wp\/v2\/comments?post=29724"}],"wp:featuredmedia":[{"embeddable":true,"href":"https:\/\/my-french-grocery.com\/it\/wp-json\/wp\/v2\/media\/23453"}],"wp:attachment":[{"href":"https:\/\/my-french-grocery.com\/it\/wp-json\/wp\/v2\/media?parent=29724"}],"wp:term":[{"taxonomy":"pwb-brand","embeddable":true,"href":"https:\/\/my-french-grocery.com\/it\/wp-json\/wp\/v2\/pwb-brand?post=29724"},{"taxonomy":"product_brand","embeddable":true,"href":"https:\/\/my-french-grocery.com\/it\/wp-json\/wp\/v2\/product_brand?post=29724"},{"taxonomy":"product_cat","embeddable":true,"href":"https:\/\/my-french-grocery.com\/it\/wp-json\/wp\/v2\/product_cat?post=29724"},{"taxonomy":"product_tag","embeddable":true,"href":"https:\/\/my-french-grocery.com\/it\/wp-json\/wp\/v2\/product_tag?post=29724"}],"curies":[{"name":"wp","href":"https:\/\/api.w.org\/{rel}","templated":true}]}}