{"id":29742,"date":"2018-05-10T15:59:46","date_gmt":"2018-05-10T13:59:46","guid":{"rendered":"https:\/\/my-french-grocery.com\/product\/spumante-cremant-dalsace-rose-wolfberger\/"},"modified":"2018-05-10T15:59:46","modified_gmt":"2018-05-10T13:59:46","slug":"spumante-cremant-dalsace-rose-wolfberger","status":"publish","type":"product","link":"https:\/\/my-french-grocery.com\/it\/prodotto\/spumante-cremant-dalsace-rose-wolfberger\/","title":{"rendered":"Spumante Cr\u00e9mant d&#8217;Alsace Ros\u00e9 Wolfberger"},"content":{"rendered":"<p>Spumante Cr\u00e9mant d\u2019Alsace Ros\u00e9 Wolfberger<\/p>\n<p>Bottiglia da 75 cl<\/p>\n<p id=\"tw-target-text\" class=\"tw-data-text tw-text-large tw-ta\" dir=\"ltr\" data-placeholder=\"Traduction\"><span class=\"Y2IQFc\" lang=\"it\">Wolfberger \u00e8 una cooperativa vinicola alsaziana la cui storia risale al 1902 con il raggruppamento di viticoltori intorno alle cantine di Eguisheim e Dambach-la-Ville.<\/span><\/p>\n","protected":false},"excerpt":{"rendered":"<p>Spumante Cr\u00e9mant d&#8217;Alsace Ros\u00e9 Wolfberger<\/p>\n<p>Bottiglia da 75 cl<\/p>\n","protected":false},"featured_media":23456,"comment_status":"open","ping_status":"closed","template":"","meta":[],"pwb-brand":[],"product_brand":[],"product_cat":[2845],"product_tag":[],"class_list":{"0":"post-29742","1":"product","2":"type-product","3":"status-publish","4":"has-post-thumbnail","6":"product_cat-spumanti","7":"product_shipping_class-mondo-spedizioni","9":"first","10":"instock","11":"taxable","12":"shipping-taxable","13":"purchasable","14":"product-type-simple"},"brands":[],"_links":{"self":[{"href":"https:\/\/my-french-grocery.com\/it\/wp-json\/wp\/v2\/product\/29742","targetHints":{"allow":["GET"]}}],"collection":[{"href":"https:\/\/my-french-grocery.com\/it\/wp-json\/wp\/v2\/product"}],"about":[{"href":"https:\/\/my-french-grocery.com\/it\/wp-json\/wp\/v2\/types\/product"}],"replies":[{"embeddable":true,"href":"https:\/\/my-french-grocery.com\/it\/wp-json\/wp\/v2\/comments?post=29742"}],"wp:featuredmedia":[{"embeddable":true,"href":"https:\/\/my-french-grocery.com\/it\/wp-json\/wp\/v2\/media\/23456"}],"wp:attachment":[{"href":"https:\/\/my-french-grocery.com\/it\/wp-json\/wp\/v2\/media?parent=29742"}],"wp:term":[{"taxonomy":"pwb-brand","embeddable":true,"href":"https:\/\/my-french-grocery.com\/it\/wp-json\/wp\/v2\/pwb-brand?post=29742"},{"taxonomy":"product_brand","embeddable":true,"href":"https:\/\/my-french-grocery.com\/it\/wp-json\/wp\/v2\/product_brand?post=29742"},{"taxonomy":"product_cat","embeddable":true,"href":"https:\/\/my-french-grocery.com\/it\/wp-json\/wp\/v2\/product_cat?post=29742"},{"taxonomy":"product_tag","embeddable":true,"href":"https:\/\/my-french-grocery.com\/it\/wp-json\/wp\/v2\/product_tag?post=29742"}],"curies":[{"name":"wp","href":"https:\/\/api.w.org\/{rel}","templated":true}]}}