{"id":29927,"date":"2023-07-01T17:01:27","date_gmt":"2018-05-29T15:10:27","guid":{"rendered":"https:\/\/my-french-grocery.com\/product\/maionese-di-digione-amora-2\/"},"modified":"2018-05-29T17:10:27","modified_gmt":"2018-05-29T15:10:27","slug":"maionese-di-digione-amora-2","status":"publish","type":"product","link":"https:\/\/my-french-grocery.com\/it\/prodotto\/maionese-di-digione-amora-2\/","title":{"rendered":"Maionese Di Digione Amora"},"content":{"rendered":"<p>Maionese Di Digione Amora<\/p>\n<p><span class=\"ds-body-text ds-body-text--weight-bold ds-body-text--size-m ds-body-text--color-standard-2\"><span>Barattolo da 235 g<\/span><\/span><\/p>\n<div class=\"saz_next_widget\" data-referer=\"carrefour_widget\" data-ean=\"8711200552795\" data-type=\"RatingsCRF\" data-status=\"END\">\n<div class=\"MuiContainer-root jss1 MuiContainer-maxWidthLg\">\n<div class=\"MuiBox-root jss69 jss2\">\n<div class=\"MuiBox-root jss70 jss11\"><span>Scopri il gusto autentico e generoso della maionese Amora Dijon in un vasetto di vetro da 235 g.\u00a0<\/span><span>Se questa semplice maionese \u00e8 cos\u00ec buona \u00e8 perch\u00e9 \u00e8 fatta con ingredienti di qualit\u00e0.\u00a0<\/span><span>: 100% uova francesi di galline ruspanti, la nostra senape di Digione e il know-how di Amora.\u00a0<\/span><\/div>\n<\/div>\n<\/div>\n<\/div>\n","protected":false},"excerpt":{"rendered":"<p>Maionese Di Digione Amora<\/p>\n<p><span class=\"ds-body-text ds-body-text--weight-bold ds-body-text--size-m ds-body-text--color-standard-2\">Barattolo da 235 g<\/span><\/p>\n","protected":false},"featured_media":41319,"comment_status":"open","ping_status":"closed","template":"","meta":[],"pwb-brand":[2819],"product_brand":[],"product_cat":[2814,2818],"product_tag":[],"class_list":{"0":"post-29927","1":"product","2":"type-product","3":"status-publish","4":"has-post-thumbnail","6":"pwb-brand-amora-it","7":"product_cat-condimento","8":"product_cat-salse","9":"product_shipping_class-mondo-spedizioni","11":"first","12":"instock","13":"taxable","14":"shipping-taxable","15":"purchasable","16":"product-type-simple"},"brands":[{"id":2819,"name":"Amora","slug":"amora-it"}],"_links":{"self":[{"href":"https:\/\/my-french-grocery.com\/it\/wp-json\/wp\/v2\/product\/29927","targetHints":{"allow":["GET"]}}],"collection":[{"href":"https:\/\/my-french-grocery.com\/it\/wp-json\/wp\/v2\/product"}],"about":[{"href":"https:\/\/my-french-grocery.com\/it\/wp-json\/wp\/v2\/types\/product"}],"replies":[{"embeddable":true,"href":"https:\/\/my-french-grocery.com\/it\/wp-json\/wp\/v2\/comments?post=29927"}],"wp:featuredmedia":[{"embeddable":true,"href":"https:\/\/my-french-grocery.com\/it\/wp-json\/wp\/v2\/media\/41319"}],"wp:attachment":[{"href":"https:\/\/my-french-grocery.com\/it\/wp-json\/wp\/v2\/media?parent=29927"}],"wp:term":[{"taxonomy":"pwb-brand","embeddable":true,"href":"https:\/\/my-french-grocery.com\/it\/wp-json\/wp\/v2\/pwb-brand?post=29927"},{"taxonomy":"product_brand","embeddable":true,"href":"https:\/\/my-french-grocery.com\/it\/wp-json\/wp\/v2\/product_brand?post=29927"},{"taxonomy":"product_cat","embeddable":true,"href":"https:\/\/my-french-grocery.com\/it\/wp-json\/wp\/v2\/product_cat?post=29927"},{"taxonomy":"product_tag","embeddable":true,"href":"https:\/\/my-french-grocery.com\/it\/wp-json\/wp\/v2\/product_tag?post=29927"}],"curies":[{"name":"wp","href":"https:\/\/api.w.org\/{rel}","templated":true}]}}