{"id":29930,"date":"2018-05-29T17:24:39","date_gmt":"2018-05-29T15:24:39","guid":{"rendered":"https:\/\/my-french-grocery.com\/product\/maionese-benedicta\/"},"modified":"2024-07-02T23:15:45","modified_gmt":"2024-07-02T21:15:45","slug":"maionese-benedicta","status":"publish","type":"product","link":"https:\/\/my-french-grocery.com\/it\/prodotto\/maionese-benedicta\/","title":{"rendered":"Maionese B\u00e9n\u00e9dicta"},"content":{"rendered":"<p>Maionese B\u00e9n\u00e9dicta<\/p>\n<p id=\"tw-target-text\" class=\"tw-data-text tw-text-large tw-ta\" dir=\"ltr\" data-placeholder=\"Traduction\"><span class=\"Y2IQFc\" lang=\"it\">il tubo da 175 g <\/span><\/p>\n<p class=\"tw-data-text tw-text-large tw-ta\" dir=\"ltr\" data-placeholder=\"Traduction\"><span class=\"Y2IQFc\" lang=\"it\">Fu nel 1911 che Prosper Eeckman, proprietario di un\u2019acetaia a Seclin, deposit\u00f2 il marchio \u201cBenedictine\u201d per vendere l\u2019olio in una bottiglia di vetro. Nel 1937 crea la sua societ\u00e0, la \u201cEeckman Establishments\u201d, che avviciner\u00e0 la societ\u00e0 olandese Duyvis per formare Mayolande nel 1957<\/span><\/p>\n","protected":false},"excerpt":{"rendered":"<p>Maionese B\u00e9n\u00e9dicta<\/p>\n<p id=\"tw-target-text\" class=\"tw-data-text tw-text-large tw-ta\" dir=\"ltr\" data-placeholder=\"Traduction\"><span class=\"Y2IQFc\" lang=\"it\">il tubo da 175 g<\/span><\/p>\n","protected":false},"featured_media":23740,"comment_status":"open","ping_status":"closed","template":"","meta":[],"product_brand":[],"product_cat":[2814,2818],"product_tag":[],"class_list":{"0":"post-29930","1":"product","2":"type-product","3":"status-publish","4":"has-post-thumbnail","6":"product_cat-condimento","7":"product_cat-salse","8":"product_shipping_class-mondo-spedizioni","10":"first","11":"outofstock","12":"taxable","13":"shipping-taxable","14":"purchasable","15":"product-type-simple"},"_links":{"self":[{"href":"https:\/\/my-french-grocery.com\/it\/wp-json\/wp\/v2\/product\/29930","targetHints":{"allow":["GET"]}}],"collection":[{"href":"https:\/\/my-french-grocery.com\/it\/wp-json\/wp\/v2\/product"}],"about":[{"href":"https:\/\/my-french-grocery.com\/it\/wp-json\/wp\/v2\/types\/product"}],"replies":[{"embeddable":true,"href":"https:\/\/my-french-grocery.com\/it\/wp-json\/wp\/v2\/comments?post=29930"}],"wp:featuredmedia":[{"embeddable":true,"href":"https:\/\/my-french-grocery.com\/it\/wp-json\/wp\/v2\/media\/23740"}],"wp:attachment":[{"href":"https:\/\/my-french-grocery.com\/it\/wp-json\/wp\/v2\/media?parent=29930"}],"wp:term":[{"taxonomy":"product_brand","embeddable":true,"href":"https:\/\/my-french-grocery.com\/it\/wp-json\/wp\/v2\/product_brand?post=29930"},{"taxonomy":"product_cat","embeddable":true,"href":"https:\/\/my-french-grocery.com\/it\/wp-json\/wp\/v2\/product_cat?post=29930"},{"taxonomy":"product_tag","embeddable":true,"href":"https:\/\/my-french-grocery.com\/it\/wp-json\/wp\/v2\/product_tag?post=29930"}],"curies":[{"name":"wp","href":"https:\/\/api.w.org\/{rel}","templated":true}]}}