{"id":30168,"date":"2018-06-20T17:22:45","date_gmt":"2018-06-20T15:22:45","guid":{"rendered":"https:\/\/my-french-grocery.com\/product\/cotes-de-provence-chateau-reillanne-gde-res\/"},"modified":"2018-06-20T17:22:45","modified_gmt":"2018-06-20T15:22:45","slug":"cotes-de-provence-chateau-reillanne-gde-res","status":"publish","type":"product","link":"https:\/\/my-french-grocery.com\/it\/prodotto\/cotes-de-provence-chateau-reillanne-gde-res\/","title":{"rendered":"C\u00f4tes-de-Provence Ch\u00e2teau Reillanne Gde Res."},"content":{"rendered":"<p>C\u00f4tes-de-Provence Ch\u00e2teau Reillanne Gde Res.<\/p>\n<p>bottiglia da 75 cl<\/p>\n<p><span>Colore: nudo Profumo: Discreto, goloso, confetto, fragola, ribes nero.\u00a0<\/span><span>Palato: al tempo stesso soave e tonico, su uno sfondo di frutti rossi, note morbide e dolci di caramella, banana.\u00a0<\/span><span>Bella lunghezza e molta avidit\u00e0<\/span><\/p>\n","protected":false},"excerpt":{"rendered":"<p>C\u00f4tes-de-Provence Ch\u00e2teau Reillanne Gde Res.<\/p>\n<p>bottiglia da 75 cl<\/p>\n","protected":false},"featured_media":24044,"comment_status":"open","ping_status":"closed","template":"","meta":[],"pwb-brand":[],"product_brand":[],"product_cat":[2895],"product_tag":[2866,2899,2898,2897,2896],"class_list":{"0":"post-30168","1":"product","2":"type-product","3":"status-publish","4":"has-post-thumbnail","6":"product_cat-provenza-linguadoca","7":"product_tag-francese","8":"product_tag-linguadoca","9":"product_tag-provenza","10":"product_tag-rosato","11":"product_tag-vino-it","12":"product_shipping_class-mondo-spedizioni","14":"first","15":"instock","16":"taxable","17":"shipping-taxable","18":"purchasable","19":"product-type-simple"},"yoast_head":"<!-- This site is optimized with the Yoast SEO plugin v27.3 - https:\/\/yoast.com\/product\/yoast-seo-wordpress\/ -->\n<title>C\u00f4tes-de-Provence Ch\u00e2teau Reillanne Gde Res. | Acquisti Online | My French Grocery<\/title>\n<meta name=\"description\" content=\"C\u00f4tes-de-Provence Ch\u00e2teau Reillanne Gde Res. - bottiglia da 75 cl\" \/>\n<meta name=\"robots\" content=\"index, follow, max-snippet:-1, max-image-preview:large, max-video-preview:-1\" \/>\n<link rel=\"canonical\" href=\"https:\/\/my-french-grocery.com\/it\/prodotto\/cotes-de-provence-chateau-reillanne-gde-res\/\" \/>\n<meta property=\"og:locale\" content=\"it_IT\" \/>\n<meta property=\"og:type\" content=\"article\" \/>\n<meta property=\"og:title\" content=\"C\u00f4tes-de-Provence Ch\u00e2teau Reillanne Gde Res. | Acquisti Online | My French Grocery\" \/>\n<meta property=\"og:description\" content=\"C\u00f4tes-de-Provence Ch\u00e2teau Reillanne Gde Res. - bottiglia da 75 cl\" \/>\n<meta property=\"og:url\" content=\"https:\/\/my-french-grocery.com\/it\/prodotto\/cotes-de-provence-chateau-reillanne-gde-res\/\" \/>\n<meta property=\"og:site_name\" content=\"My French Grocery\" \/>\n<meta property=\"article:publisher\" content=\"https:\/\/www.facebook.com\/myfrenchgrocery\/\" \/>\n<meta property=\"og:image\" content=\"https:\/\/my-french-grocery.com\/wp-content\/uploads\/2018\/06\/REILLANE.jpg\" \/>\n\t<meta property=\"og:image:width\" content=\"1500\" \/>\n\t<meta property=\"og:image:height\" content=\"1500\" \/>\n\t<meta property=\"og:image:type\" content=\"image\/jpeg\" \/>\n<meta name=\"twitter:card\" content=\"summary_large_image\" \/>\n<script type=\"application\/ld+json\" class=\"yoast-schema-graph\">{\"@context\":\"https:\\\/\\\/schema.org\",\"@graph\":[{\"@type\":\"WebPage\",\"@id\":\"https:\\\/\\\/my-french-grocery.com\\\/it\\\/prodotto\\\/cotes-de-provence-chateau-reillanne-gde-res\\\/\",\"url\":\"https:\\\/\\\/my-french-grocery.com\\\/it\\\/prodotto\\\/cotes-de-provence-chateau-reillanne-gde-res\\\/\",\"name\":\"C\u00f4tes-de-Provence Ch\u00e2teau Reillanne Gde Res. | Acquisti Online | My French Grocery\",\"isPartOf\":{\"@id\":\"https:\\\/\\\/my-french-grocery.com\\\/it\\\/#website\"},\"primaryImageOfPage\":{\"@id\":\"https:\\\/\\\/my-french-grocery.com\\\/it\\\/prodotto\\\/cotes-de-provence-chateau-reillanne-gde-res\\\/#primaryimage\"},\"image\":{\"@id\":\"https:\\\/\\\/my-french-grocery.com\\\/it\\\/prodotto\\\/cotes-de-provence-chateau-reillanne-gde-res\\\/#primaryimage\"},\"thumbnailUrl\":\"https:\\\/\\\/my-french-grocery.com\\\/wp-content\\\/uploads\\\/2018\\\/06\\\/REILLANE.jpg\",\"datePublished\":\"2018-06-20T15:22:45+00:00\",\"description\":\"C\u00f4tes-de-Provence Ch\u00e2teau Reillanne Gde Res. - bottiglia da 75 cl\",\"breadcrumb\":{\"@id\":\"https:\\\/\\\/my-french-grocery.com\\\/it\\\/prodotto\\\/cotes-de-provence-chateau-reillanne-gde-res\\\/#breadcrumb\"},\"inLanguage\":\"it-IT\",\"potentialAction\":[{\"@type\":\"ReadAction\",\"target\":[\"https:\\\/\\\/my-french-grocery.com\\\/it\\\/prodotto\\\/cotes-de-provence-chateau-reillanne-gde-res\\\/\"]}]},{\"@type\":\"ImageObject\",\"inLanguage\":\"it-IT\",\"@id\":\"https:\\\/\\\/my-french-grocery.com\\\/it\\\/prodotto\\\/cotes-de-provence-chateau-reillanne-gde-res\\\/#primaryimage\",\"url\":\"https:\\\/\\\/my-french-grocery.com\\\/wp-content\\\/uploads\\\/2018\\\/06\\\/REILLANE.jpg\",\"contentUrl\":\"https:\\\/\\\/my-french-grocery.com\\\/wp-content\\\/uploads\\\/2018\\\/06\\\/REILLANE.jpg\",\"width\":1500,\"height\":1500,\"caption\":\"C\u00f4tes-de-Provence Ch\u00e2teau Reillanne Gde Res. - My french Grocery - REILLANE\"},{\"@type\":\"BreadcrumbList\",\"@id\":\"https:\\\/\\\/my-french-grocery.com\\\/it\\\/prodotto\\\/cotes-de-provence-chateau-reillanne-gde-res\\\/#breadcrumb\",\"itemListElement\":[{\"@type\":\"ListItem\",\"position\":1,\"name\":\"Home\",\"item\":\"https:\\\/\\\/my-french-grocery.com\\\/it\\\/negozio\\\/\"},{\"@type\":\"ListItem\",\"position\":2,\"name\":\"Shop\",\"item\":\"https:\\\/\\\/my-french-grocery.com\\\/shop\\\/\"},{\"@type\":\"ListItem\",\"position\":3,\"name\":\"Provenza &amp; Linguadoca\",\"item\":\"https:\\\/\\\/my-french-grocery.com\\\/it\\\/categoria-prodotto\\\/provenza-linguadoca\\\/\"},{\"@type\":\"ListItem\",\"position\":4,\"name\":\"C\u00f4tes-de-Provence Ch\u00e2teau Reillanne Gde Res.\"}]},{\"@type\":\"WebSite\",\"@id\":\"https:\\\/\\\/my-french-grocery.com\\\/it\\\/#website\",\"url\":\"https:\\\/\\\/my-french-grocery.com\\\/it\\\/\",\"name\":\"My French Grocery\",\"description\":\"Your Online French Grocery  !\",\"publisher\":{\"@id\":\"https:\\\/\\\/my-french-grocery.com\\\/it\\\/#organization\"},\"potentialAction\":[{\"@type\":\"SearchAction\",\"target\":{\"@type\":\"EntryPoint\",\"urlTemplate\":\"https:\\\/\\\/my-french-grocery.com\\\/it\\\/?s={search_term_string}\"},\"query-input\":{\"@type\":\"PropertyValueSpecification\",\"valueRequired\":true,\"valueName\":\"search_term_string\"}}],\"inLanguage\":\"it-IT\"},{\"@type\":\"Organization\",\"@id\":\"https:\\\/\\\/my-french-grocery.com\\\/it\\\/#organization\",\"name\":\"MY FRENCH GROCERY\",\"url\":\"https:\\\/\\\/my-french-grocery.com\\\/it\\\/\",\"logo\":{\"@type\":\"ImageObject\",\"inLanguage\":\"it-IT\",\"@id\":\"https:\\\/\\\/my-french-grocery.com\\\/it\\\/#\\\/schema\\\/logo\\\/image\\\/\",\"url\":\"https:\\\/\\\/my-french-grocery.com\\\/wp-content\\\/uploads\\\/2021\\\/11\\\/My-French-Grocery-Online-French-Grocery.png\",\"contentUrl\":\"https:\\\/\\\/my-french-grocery.com\\\/wp-content\\\/uploads\\\/2021\\\/11\\\/My-French-Grocery-Online-French-Grocery.png\",\"width\":100,\"height\":100,\"caption\":\"MY FRENCH GROCERY\"},\"image\":{\"@id\":\"https:\\\/\\\/my-french-grocery.com\\\/it\\\/#\\\/schema\\\/logo\\\/image\\\/\"},\"sameAs\":[\"https:\\\/\\\/www.facebook.com\\\/myfrenchgrocery\\\/\"]}]}<\/script>\n<!-- \/ Yoast SEO plugin. -->","yoast_head_json":{"title":"C\u00f4tes-de-Provence Ch\u00e2teau Reillanne Gde Res. | Acquisti Online | My French Grocery","description":"C\u00f4tes-de-Provence Ch\u00e2teau Reillanne Gde Res. - bottiglia da 75 cl","robots":{"index":"index","follow":"follow","max-snippet":"max-snippet:-1","max-image-preview":"max-image-preview:large","max-video-preview":"max-video-preview:-1"},"canonical":"https:\/\/my-french-grocery.com\/it\/prodotto\/cotes-de-provence-chateau-reillanne-gde-res\/","og_locale":"it_IT","og_type":"article","og_title":"C\u00f4tes-de-Provence Ch\u00e2teau Reillanne Gde Res. | Acquisti Online | My French Grocery","og_description":"C\u00f4tes-de-Provence Ch\u00e2teau Reillanne Gde Res. - bottiglia da 75 cl","og_url":"https:\/\/my-french-grocery.com\/it\/prodotto\/cotes-de-provence-chateau-reillanne-gde-res\/","og_site_name":"My French Grocery","article_publisher":"https:\/\/www.facebook.com\/myfrenchgrocery\/","og_image":[{"width":1500,"height":1500,"url":"https:\/\/my-french-grocery.com\/wp-content\/uploads\/2018\/06\/REILLANE.jpg","type":"image\/jpeg"}],"twitter_card":"summary_large_image","schema":{"@context":"https:\/\/schema.org","@graph":[{"@type":"WebPage","@id":"https:\/\/my-french-grocery.com\/it\/prodotto\/cotes-de-provence-chateau-reillanne-gde-res\/","url":"https:\/\/my-french-grocery.com\/it\/prodotto\/cotes-de-provence-chateau-reillanne-gde-res\/","name":"C\u00f4tes-de-Provence Ch\u00e2teau Reillanne Gde Res. | Acquisti Online | My French Grocery","isPartOf":{"@id":"https:\/\/my-french-grocery.com\/it\/#website"},"primaryImageOfPage":{"@id":"https:\/\/my-french-grocery.com\/it\/prodotto\/cotes-de-provence-chateau-reillanne-gde-res\/#primaryimage"},"image":{"@id":"https:\/\/my-french-grocery.com\/it\/prodotto\/cotes-de-provence-chateau-reillanne-gde-res\/#primaryimage"},"thumbnailUrl":"https:\/\/my-french-grocery.com\/wp-content\/uploads\/2018\/06\/REILLANE.jpg","datePublished":"2018-06-20T15:22:45+00:00","description":"C\u00f4tes-de-Provence Ch\u00e2teau Reillanne Gde Res. - bottiglia da 75 cl","breadcrumb":{"@id":"https:\/\/my-french-grocery.com\/it\/prodotto\/cotes-de-provence-chateau-reillanne-gde-res\/#breadcrumb"},"inLanguage":"it-IT","potentialAction":[{"@type":"ReadAction","target":["https:\/\/my-french-grocery.com\/it\/prodotto\/cotes-de-provence-chateau-reillanne-gde-res\/"]}]},{"@type":"ImageObject","inLanguage":"it-IT","@id":"https:\/\/my-french-grocery.com\/it\/prodotto\/cotes-de-provence-chateau-reillanne-gde-res\/#primaryimage","url":"https:\/\/my-french-grocery.com\/wp-content\/uploads\/2018\/06\/REILLANE.jpg","contentUrl":"https:\/\/my-french-grocery.com\/wp-content\/uploads\/2018\/06\/REILLANE.jpg","width":1500,"height":1500,"caption":"C\u00f4tes-de-Provence Ch\u00e2teau Reillanne Gde Res. - My french Grocery - REILLANE"},{"@type":"BreadcrumbList","@id":"https:\/\/my-french-grocery.com\/it\/prodotto\/cotes-de-provence-chateau-reillanne-gde-res\/#breadcrumb","itemListElement":[{"@type":"ListItem","position":1,"name":"Home","item":"https:\/\/my-french-grocery.com\/it\/negozio\/"},{"@type":"ListItem","position":2,"name":"Shop","item":"https:\/\/my-french-grocery.com\/shop\/"},{"@type":"ListItem","position":3,"name":"Provenza &amp; Linguadoca","item":"https:\/\/my-french-grocery.com\/it\/categoria-prodotto\/provenza-linguadoca\/"},{"@type":"ListItem","position":4,"name":"C\u00f4tes-de-Provence Ch\u00e2teau Reillanne Gde Res."}]},{"@type":"WebSite","@id":"https:\/\/my-french-grocery.com\/it\/#website","url":"https:\/\/my-french-grocery.com\/it\/","name":"My French Grocery","description":"Your Online French Grocery  !","publisher":{"@id":"https:\/\/my-french-grocery.com\/it\/#organization"},"potentialAction":[{"@type":"SearchAction","target":{"@type":"EntryPoint","urlTemplate":"https:\/\/my-french-grocery.com\/it\/?s={search_term_string}"},"query-input":{"@type":"PropertyValueSpecification","valueRequired":true,"valueName":"search_term_string"}}],"inLanguage":"it-IT"},{"@type":"Organization","@id":"https:\/\/my-french-grocery.com\/it\/#organization","name":"MY FRENCH GROCERY","url":"https:\/\/my-french-grocery.com\/it\/","logo":{"@type":"ImageObject","inLanguage":"it-IT","@id":"https:\/\/my-french-grocery.com\/it\/#\/schema\/logo\/image\/","url":"https:\/\/my-french-grocery.com\/wp-content\/uploads\/2021\/11\/My-French-Grocery-Online-French-Grocery.png","contentUrl":"https:\/\/my-french-grocery.com\/wp-content\/uploads\/2021\/11\/My-French-Grocery-Online-French-Grocery.png","width":100,"height":100,"caption":"MY FRENCH GROCERY"},"image":{"@id":"https:\/\/my-french-grocery.com\/it\/#\/schema\/logo\/image\/"},"sameAs":["https:\/\/www.facebook.com\/myfrenchgrocery\/"]}]}},"brands":[],"_links":{"self":[{"href":"https:\/\/my-french-grocery.com\/it\/wp-json\/wp\/v2\/product\/30168","targetHints":{"allow":["GET"]}}],"collection":[{"href":"https:\/\/my-french-grocery.com\/it\/wp-json\/wp\/v2\/product"}],"about":[{"href":"https:\/\/my-french-grocery.com\/it\/wp-json\/wp\/v2\/types\/product"}],"replies":[{"embeddable":true,"href":"https:\/\/my-french-grocery.com\/it\/wp-json\/wp\/v2\/comments?post=30168"}],"wp:featuredmedia":[{"embeddable":true,"href":"https:\/\/my-french-grocery.com\/it\/wp-json\/wp\/v2\/media\/24044"}],"wp:attachment":[{"href":"https:\/\/my-french-grocery.com\/it\/wp-json\/wp\/v2\/media?parent=30168"}],"wp:term":[{"taxonomy":"pwb-brand","embeddable":true,"href":"https:\/\/my-french-grocery.com\/it\/wp-json\/wp\/v2\/pwb-brand?post=30168"},{"taxonomy":"product_brand","embeddable":true,"href":"https:\/\/my-french-grocery.com\/it\/wp-json\/wp\/v2\/product_brand?post=30168"},{"taxonomy":"product_cat","embeddable":true,"href":"https:\/\/my-french-grocery.com\/it\/wp-json\/wp\/v2\/product_cat?post=30168"},{"taxonomy":"product_tag","embeddable":true,"href":"https:\/\/my-french-grocery.com\/it\/wp-json\/wp\/v2\/product_tag?post=30168"}],"curies":[{"name":"wp","href":"https:\/\/api.w.org\/{rel}","templated":true}]}}