{"id":30494,"date":"2018-08-04T15:17:27","date_gmt":"2018-08-04T13:17:27","guid":{"rendered":"https:\/\/my-french-grocery.com\/product\/cassoulet-con-anatra-la-belle-chaurienne-3\/"},"modified":"2018-08-04T15:17:27","modified_gmt":"2018-08-04T13:17:27","slug":"cassoulet-con-anatra-la-belle-chaurienne-3","status":"publish","type":"product","link":"https:\/\/my-french-grocery.com\/it\/prodotto\/cassoulet-con-anatra-la-belle-chaurienne-3\/","title":{"rendered":"Cassoulet Con Anatra La Belle Chaurienne"},"content":{"rendered":"<p>Cassoulet Con Anatra La Belle Chaurienne<\/p>\n<p>scatola da 420 g<\/p>\n<p>Sai chi sono Chaurean e Chauriennes? Sono gli abitanti di Castelnaudary, cittadina dell\u2019Aude nel sud della Francia, tra Tolosa e Carcassonne, famosa in tutto il mondo per il suo famoso cassoulet.<\/p>\n<p>La Belle Chaurienne \u00e8 quindi giustamente chiamata poich\u00e9, installata da 50 anni in questa bellissima citt\u00e0, \u00e8 il principale alfiere del suo know-how gastronomico. In effetti, ci sono cassoulet di La Belle Chaurienne ovunque in Francia!<\/p>\n","protected":false},"excerpt":{"rendered":"<p>Cassoulet Con Anatra La Belle Chaurienne<\/p>\n<p>scatola da 420 g<\/p>\n","protected":false},"featured_media":24658,"comment_status":"open","ping_status":"closed","template":"","meta":[],"pwb-brand":[2920],"product_brand":[],"product_cat":[2875],"product_tag":[2918],"class_list":{"0":"post-30494","1":"product","2":"type-product","3":"status-publish","4":"has-post-thumbnail","6":"pwb-brand-la-belle-chaurienne-it","7":"product_cat-piatti-pronti","8":"product_tag-cassoulet-it","9":"product_shipping_class-mondo-spedizioni","11":"first","12":"outofstock","13":"taxable","14":"shipping-taxable","15":"purchasable","16":"product-type-simple"},"brands":[{"id":2920,"name":"La Belle Chaurienne","slug":"la-belle-chaurienne-it"}],"_links":{"self":[{"href":"https:\/\/my-french-grocery.com\/it\/wp-json\/wp\/v2\/product\/30494","targetHints":{"allow":["GET"]}}],"collection":[{"href":"https:\/\/my-french-grocery.com\/it\/wp-json\/wp\/v2\/product"}],"about":[{"href":"https:\/\/my-french-grocery.com\/it\/wp-json\/wp\/v2\/types\/product"}],"replies":[{"embeddable":true,"href":"https:\/\/my-french-grocery.com\/it\/wp-json\/wp\/v2\/comments?post=30494"}],"wp:featuredmedia":[{"embeddable":true,"href":"https:\/\/my-french-grocery.com\/it\/wp-json\/wp\/v2\/media\/24658"}],"wp:attachment":[{"href":"https:\/\/my-french-grocery.com\/it\/wp-json\/wp\/v2\/media?parent=30494"}],"wp:term":[{"taxonomy":"pwb-brand","embeddable":true,"href":"https:\/\/my-french-grocery.com\/it\/wp-json\/wp\/v2\/pwb-brand?post=30494"},{"taxonomy":"product_brand","embeddable":true,"href":"https:\/\/my-french-grocery.com\/it\/wp-json\/wp\/v2\/product_brand?post=30494"},{"taxonomy":"product_cat","embeddable":true,"href":"https:\/\/my-french-grocery.com\/it\/wp-json\/wp\/v2\/product_cat?post=30494"},{"taxonomy":"product_tag","embeddable":true,"href":"https:\/\/my-french-grocery.com\/it\/wp-json\/wp\/v2\/product_tag?post=30494"}],"curies":[{"name":"wp","href":"https:\/\/api.w.org\/{rel}","templated":true}]}}