{"id":31605,"date":"2018-09-04T11:20:28","date_gmt":"2018-09-04T09:20:28","guid":{"rendered":"https:\/\/my-french-grocery.com\/product\/patatine-fritte-paysanne-brets\/"},"modified":"2024-02-28T17:51:51","modified_gmt":"2024-02-28T15:51:51","slug":"patatine-fritte-paysanne-brets","status":"publish","type":"product","link":"https:\/\/my-french-grocery.com\/it\/prodotto\/patatine-fritte-paysanne-brets\/","title":{"rendered":"Patatine Fritte &#8220;Paysanne&#8221; Bret&#8217;s XL"},"content":{"rendered":"<p>Patatine Fritte \u201cPaysanne\u201d Bret\u2019s XL<\/p>\n<div class=\"pdp-card__header--text\"><span class=\"ds-body-text ds-body-text--weight-bold ds-body-text--size-m ds-body-text--color-standard-2\"><span>Confezione da 250 gr<\/span><\/span><\/div>\n<div><\/div>\n<div><span>Un gusto finemente salato, patatine spesse con grandi onde per una croccantezza gourmet!\u00a0<\/span><span>Bret\u2019s, la qualit\u00e0 in semplicit\u00e0: patate francesi, cotte in olio di semi di girasole, un pizzico di sale di Gu\u00e9rande e il gioco \u00e8 fatto! <\/span><span>Bret\u2019s: un impegno civico.\u00a0<\/span><\/div>\n<div class=\"main-details--food__shoppinglist\"><\/div>\n","protected":false},"excerpt":{"rendered":"<p>Patatine Fritte &#8220;Paysanne&#8221; Bret&#8217;s XL<\/p>\n<div class=\"pdp-card__header--text\"><span class=\"ds-body-text ds-body-text--weight-bold ds-body-text--size-m ds-body-text--color-standard-2\">Confezione da 250 gr<\/span><\/div>\n<div><span style=\"color: #ffffff;\">Bret\u2019s, Brets, chips, crisps, Patatas Fritas, Patatine<\/span><\/div>\n","protected":false},"featured_media":25442,"comment_status":"open","ping_status":"closed","template":"","meta":[],"pwb-brand":[3066],"product_brand":[],"product_cat":[2878],"product_tag":[3065],"class_list":{"0":"post-31605","1":"product","2":"type-product","3":"status-publish","4":"has-post-thumbnail","6":"pwb-brand-brets-it","7":"product_cat-patatine-biscotti-salati","8":"product_tag-patatine-fritte","9":"product_shipping_class-mondo-spedizioni","11":"first","12":"instock","13":"taxable","14":"shipping-taxable","15":"purchasable","16":"product-type-simple"},"brands":[{"id":3066,"name":"Bret's","slug":"brets-it"}],"_links":{"self":[{"href":"https:\/\/my-french-grocery.com\/it\/wp-json\/wp\/v2\/product\/31605","targetHints":{"allow":["GET"]}}],"collection":[{"href":"https:\/\/my-french-grocery.com\/it\/wp-json\/wp\/v2\/product"}],"about":[{"href":"https:\/\/my-french-grocery.com\/it\/wp-json\/wp\/v2\/types\/product"}],"replies":[{"embeddable":true,"href":"https:\/\/my-french-grocery.com\/it\/wp-json\/wp\/v2\/comments?post=31605"}],"wp:featuredmedia":[{"embeddable":true,"href":"https:\/\/my-french-grocery.com\/it\/wp-json\/wp\/v2\/media\/25442"}],"wp:attachment":[{"href":"https:\/\/my-french-grocery.com\/it\/wp-json\/wp\/v2\/media?parent=31605"}],"wp:term":[{"taxonomy":"pwb-brand","embeddable":true,"href":"https:\/\/my-french-grocery.com\/it\/wp-json\/wp\/v2\/pwb-brand?post=31605"},{"taxonomy":"product_brand","embeddable":true,"href":"https:\/\/my-french-grocery.com\/it\/wp-json\/wp\/v2\/product_brand?post=31605"},{"taxonomy":"product_cat","embeddable":true,"href":"https:\/\/my-french-grocery.com\/it\/wp-json\/wp\/v2\/product_cat?post=31605"},{"taxonomy":"product_tag","embeddable":true,"href":"https:\/\/my-french-grocery.com\/it\/wp-json\/wp\/v2\/product_tag?post=31605"}],"curies":[{"name":"wp","href":"https:\/\/api.w.org\/{rel}","templated":true}]}}