{"id":31836,"date":"2019-02-23T15:25:53","date_gmt":"2019-02-23T13:25:53","guid":{"rendered":"https:\/\/my-french-grocery.com\/product\/salsa-besciamella-classica-knorr\/"},"modified":"2019-02-23T15:25:53","modified_gmt":"2019-02-23T13:25:53","slug":"salsa-besciamella-classica-knorr","status":"publish","type":"product","link":"https:\/\/my-french-grocery.com\/it\/prodotto\/salsa-besciamella-classica-knorr\/","title":{"rendered":"Salsa Besciamella Classica Knorr"},"content":{"rendered":"<p>Salsa Besciamella Classica Knorr<\/p>\n<p>Sacchetto di 52 g<\/p>\n<p>La salsa besciamella con la sua ricetta Knorr\u00ae Nutmeg \u00e8 una salsa cremosa che accompagner\u00e0 deliziosamente i tuoi gratin di patate, cavolfiore o pasta cos\u00ec come le tue lasagne.<\/p>\n","protected":false},"excerpt":{"rendered":"<p>Salsa Besciamella Classica Knorr<\/p>\n<p>Sacchetto di 52 g<\/p>\n","protected":false},"featured_media":25911,"comment_status":"open","ping_status":"closed","template":"","meta":[],"pwb-brand":[2815],"product_brand":[],"product_cat":[2818],"product_tag":[3047],"class_list":{"0":"post-31836","1":"product","2":"type-product","3":"status-publish","4":"has-post-thumbnail","6":"pwb-brand-knorr-it","7":"product_cat-salse","8":"product_tag-salsa-it","9":"product_shipping_class-mondo-spedizioni","11":"first","12":"outofstock","13":"taxable","14":"shipping-taxable","15":"purchasable","16":"product-type-simple"},"brands":[{"id":2815,"name":"Knorr","slug":"knorr-it"}],"_links":{"self":[{"href":"https:\/\/my-french-grocery.com\/it\/wp-json\/wp\/v2\/product\/31836","targetHints":{"allow":["GET"]}}],"collection":[{"href":"https:\/\/my-french-grocery.com\/it\/wp-json\/wp\/v2\/product"}],"about":[{"href":"https:\/\/my-french-grocery.com\/it\/wp-json\/wp\/v2\/types\/product"}],"replies":[{"embeddable":true,"href":"https:\/\/my-french-grocery.com\/it\/wp-json\/wp\/v2\/comments?post=31836"}],"wp:featuredmedia":[{"embeddable":true,"href":"https:\/\/my-french-grocery.com\/it\/wp-json\/wp\/v2\/media\/25911"}],"wp:attachment":[{"href":"https:\/\/my-french-grocery.com\/it\/wp-json\/wp\/v2\/media?parent=31836"}],"wp:term":[{"taxonomy":"pwb-brand","embeddable":true,"href":"https:\/\/my-french-grocery.com\/it\/wp-json\/wp\/v2\/pwb-brand?post=31836"},{"taxonomy":"product_brand","embeddable":true,"href":"https:\/\/my-french-grocery.com\/it\/wp-json\/wp\/v2\/product_brand?post=31836"},{"taxonomy":"product_cat","embeddable":true,"href":"https:\/\/my-french-grocery.com\/it\/wp-json\/wp\/v2\/product_cat?post=31836"},{"taxonomy":"product_tag","embeddable":true,"href":"https:\/\/my-french-grocery.com\/it\/wp-json\/wp\/v2\/product_tag?post=31836"}],"curies":[{"name":"wp","href":"https:\/\/api.w.org\/{rel}","templated":true}]}}